{"id":7126,"date":"2026-04-11T07:57:41","date_gmt":"2026-04-11T07:57:41","guid":{"rendered":"https:\/\/www.ipecon.sk\/?post_type=product&#038;p=7126"},"modified":"2026-04-11T09:03:22","modified_gmt":"2026-04-11T09:03:22","slug":"ms-2504","status":"publish","type":"product","link":"https:\/\/www.ipecon.sk\/en\/product\/ms-2504\/","title":{"rendered":"Elektromechanick\u00e9 tabu\u013eov\u00e9 no\u017enice DURMA MS 2504"},"content":{"rendered":"<p>Tabu\u013eov\u00e9 no\u017enice radu\u00a0<strong>MS<\/strong> s\u00fa z\u00e1stupcami r\u00fdchlych elektromechanick\u00fdch tabu\u013eov\u00fdch no\u017en\u00edc spolo\u010dnosti Durmazlar. S\u00fa ur\u010den\u00e9 pre priamo\u010diare strihanie kovov\u00fdch a plastov\u00fdch tab\u00fa\u013e i in\u00fdch materi\u00e1lov vhodn\u00fdch na strihanie. Kvalitn\u00e9 padacie no\u017enice s mechanick\u00fdm pohonom s\u00fa ide\u00e1lnym rie\u0161en\u00edm pre strihanie plechov do maxim\u00e1lnej hr\u00fabky 4 mm a Rm=420 MPa. Priamy pohon poskytuje \u00fa\u010deln\u00fa prev\u00e1dzku pri hospod\u00e1rnej cene. Pre u\u013eah\u010denie manipul\u00e1cie s materi\u00e1lom a jeho ochranou pred po\u0161kriaban\u00edm pri pr\u00edprave ku strihaniu je st\u00f4l no\u017en\u00edc vybaven\u00fd gu\u013e\u00f4\u010dkov\u00fdmi jednotkami. Jednoduch\u00fd pru\u017einov\u00fd syst\u00e9m pridr\u017eiava\u010dov plechu s gumi\u010dkami proti po\u0161kodeniu bezpe\u010dne udr\u017e\u00ed materi\u00e1l na mieste po\u010das procesu strihania. Motorick\u00fd zadn\u00fd doraz s digit\u00e1lnym od\u010d\u00edtan\u00edm okam\u017eitej polohy umo\u017e\u0148uje r\u00fdchlo a jednoducho nastavi\u0165 polohu zadn\u00e9ho dorazu. Pre kvalitn\u00e9 strihanie r\u00f4znych hr\u00fabok materi\u00e1lu umo\u017e\u0148uj\u00fa no\u017enice MS 2504 jednoduch\u00e9 a r\u00fdchle prestavenie medzery medzi no\u017emi (r\u00fdchle manu\u00e1lne prestavenie na dvoch miestach z prednej strany no\u017en\u00edc)<\/p>\n<ul>\n<li><span data-teams=\"true\">Maxim\u00e1lna d\u013a\u017eka strihu: <strong>2.550 mm<\/strong><\/span><\/li>\n<li><span data-teams=\"true\">maxim\u00e1lna hr\u00fabka strihan\u00e9ho plechu (do <strong>R<\/strong><i><strong>m<\/strong><\/i><strong> = 420 MPa<\/strong>): <strong>4 mm<\/strong><\/span><\/li>\n<li><span data-teams=\"true\">D\u013a\u017eka \/ \u0161\u00edrka \/ v\u00fd\u0161ka: <strong>3200 \/ 2300 \/ 1350 mm<\/strong><\/span><\/li>\n<li><span data-teams=\"true\">Hmotnos\u0165: <strong>3.230 kg<\/strong><\/span><\/li>\n<\/ul>","protected":false},"excerpt":{"rendered":"<ul>\n<li><span style=\"color: #ff0000;\"><strong>Predv\u00e1dzac\u00ed stroj<\/strong><\/span><\/li>\n<li>cena je bez DPH<\/li>\n<li><span style=\"color: #ff0000;\"><strong>v cene je nakl\u00e1dka, in\u0161tal\u00e1cia, \u0161kolenie<\/strong><\/span><\/li>\n<li>z\u00e1ruka 6 mesiacov<\/li>\n<li><strong>skladom 1 ks<\/strong><\/li>\n<\/ul>","protected":false},"featured_media":7128,"comment_status":"closed","ping_status":"closed","template":"","meta":{"_acf_changed":false,"_et_pb_use_builder":"","_et_pb_old_content":"","_et_gb_content_width":""},"product_brand":[],"product_cat":[59],"product_tag":[],"class_list":{"0":"post-7126","1":"product","2":"type-product","3":"status-publish","4":"has-post-thumbnail","6":"product_cat-skladom","8":"first","9":"instock","10":"sale","11":"shipping-taxable","12":"purchasable","13":"product-type-simple"},"acf":[],"yoast_head":"<!-- This site is optimized with the Yoast SEO plugin v27.4 - https:\/\/yoast.com\/product\/yoast-seo-wordpress\/ -->\n<title>Elektromechanick\u00e9 tabu\u013eov\u00e9 no\u017enice DURMA MS 2504 - IPECON<\/title>\n<meta name=\"robots\" content=\"index, follow, max-snippet:-1, max-image-preview:large, max-video-preview:-1\" \/>\n<link rel=\"canonical\" href=\"https:\/\/www.ipecon.sk\/en\/product\/ms-2504\/\" \/>\n<meta property=\"og:locale\" content=\"en_GB\" \/>\n<meta property=\"og:type\" content=\"article\" \/>\n<meta property=\"og:title\" content=\"Elektromechanick\u00e9 tabu\u013eov\u00e9 no\u017enice DURMA MS 2504 - IPECON\" \/>\n<meta property=\"og:description\" content=\"Predv\u00e1dzac\u00ed stroj  cena je bez DPH  v cene je nakl\u00e1dka, in\u0161tal\u00e1cia, \u0161kolenie  z\u00e1ruka 6 mesiacov  skladom 1 ks\" \/>\n<meta property=\"og:url\" content=\"https:\/\/www.ipecon.sk\/en\/product\/ms-2504\/\" \/>\n<meta property=\"og:site_name\" content=\"IPECON\" \/>\n<meta property=\"article:modified_time\" content=\"2026-04-11T09:03:22+00:00\" \/>\n<meta property=\"og:image\" content=\"https:\/\/www.ipecon.sk\/wp-content\/uploads\/2026\/04\/Elektromechanicke-nozniceMS-2504.jpeg\" \/>\n\t<meta property=\"og:image:width\" content=\"2048\" \/>\n\t<meta property=\"og:image:height\" content=\"1536\" \/>\n\t<meta property=\"og:image:type\" content=\"image\/jpeg\" \/>\n<meta name=\"twitter:card\" content=\"summary_large_image\" \/>\n<meta name=\"twitter:label1\" content=\"Estimated reading time\" \/>\n\t<meta name=\"twitter:data1\" content=\"2 minutes\" \/>\n<script type=\"application\/ld+json\" class=\"yoast-schema-graph\">{\"@context\":\"https:\\\/\\\/schema.org\",\"@graph\":[{\"@type\":\"WebPage\",\"@id\":\"https:\\\/\\\/www.ipecon.sk\\\/product\\\/ms-2504\\\/\",\"url\":\"https:\\\/\\\/www.ipecon.sk\\\/product\\\/ms-2504\\\/\",\"name\":\"Elektromechanick\u00e9 tabu\u013eov\u00e9 no\u017enice DURMA MS 2504 - IPECON\",\"isPartOf\":{\"@id\":\"https:\\\/\\\/www.ipecon.sk\\\/#website\"},\"primaryImageOfPage\":{\"@id\":\"https:\\\/\\\/www.ipecon.sk\\\/product\\\/ms-2504\\\/#primaryimage\"},\"image\":{\"@id\":\"https:\\\/\\\/www.ipecon.sk\\\/product\\\/ms-2504\\\/#primaryimage\"},\"thumbnailUrl\":\"https:\\\/\\\/www.ipecon.sk\\\/wp-content\\\/uploads\\\/2026\\\/04\\\/Elektromechanicke-nozniceMS-2504.jpeg\",\"datePublished\":\"2026-04-11T07:57:41+00:00\",\"dateModified\":\"2026-04-11T09:03:22+00:00\",\"breadcrumb\":{\"@id\":\"https:\\\/\\\/www.ipecon.sk\\\/product\\\/ms-2504\\\/#breadcrumb\"},\"inLanguage\":\"en-GB\",\"potentialAction\":[{\"@type\":\"ReadAction\",\"target\":[\"https:\\\/\\\/www.ipecon.sk\\\/product\\\/ms-2504\\\/\"]}]},{\"@type\":\"ImageObject\",\"inLanguage\":\"en-GB\",\"@id\":\"https:\\\/\\\/www.ipecon.sk\\\/product\\\/ms-2504\\\/#primaryimage\",\"url\":\"https:\\\/\\\/www.ipecon.sk\\\/wp-content\\\/uploads\\\/2026\\\/04\\\/Elektromechanicke-nozniceMS-2504.jpeg\",\"contentUrl\":\"https:\\\/\\\/www.ipecon.sk\\\/wp-content\\\/uploads\\\/2026\\\/04\\\/Elektromechanicke-nozniceMS-2504.jpeg\",\"width\":2048,\"height\":1536},{\"@type\":\"BreadcrumbList\",\"@id\":\"https:\\\/\\\/www.ipecon.sk\\\/product\\\/ms-2504\\\/#breadcrumb\",\"itemListElement\":[{\"@type\":\"ListItem\",\"position\":1,\"name\":\"Home\",\"item\":\"https:\\\/\\\/www.ipecon.sk\\\/\"},{\"@type\":\"ListItem\",\"position\":2,\"name\":\"Shop\",\"item\":\"https:\\\/\\\/www.ipecon.sk\\\/shop\\\/\"},{\"@type\":\"ListItem\",\"position\":3,\"name\":\"Elektromechanick\u00e9 tabu\u013eov\u00e9 no\u017enice DURMA MS 2504\"}]},{\"@type\":\"WebSite\",\"@id\":\"https:\\\/\\\/www.ipecon.sk\\\/#website\",\"url\":\"https:\\\/\\\/www.ipecon.sk\\\/\",\"name\":\"IPECON\",\"description\":\"\",\"potentialAction\":[{\"@type\":\"SearchAction\",\"target\":{\"@type\":\"EntryPoint\",\"urlTemplate\":\"https:\\\/\\\/www.ipecon.sk\\\/?s={search_term_string}\"},\"query-input\":{\"@type\":\"PropertyValueSpecification\",\"valueRequired\":true,\"valueName\":\"search_term_string\"}}],\"inLanguage\":\"en-GB\"}]}<\/script>\n<!-- \/ Yoast SEO plugin. -->","yoast_head_json":{"title":"Elektromechanick\u00e9 tabu\u013eov\u00e9 no\u017enice DURMA MS 2504 - IPECON","robots":{"index":"index","follow":"follow","max-snippet":"max-snippet:-1","max-image-preview":"max-image-preview:large","max-video-preview":"max-video-preview:-1"},"canonical":"https:\/\/www.ipecon.sk\/en\/product\/ms-2504\/","og_locale":"en_GB","og_type":"article","og_title":"Elektromechanick\u00e9 tabu\u013eov\u00e9 no\u017enice DURMA MS 2504 - IPECON","og_description":"Predv\u00e1dzac\u00ed stroj  cena je bez DPH  v cene je nakl\u00e1dka, in\u0161tal\u00e1cia, \u0161kolenie  z\u00e1ruka 6 mesiacov  skladom 1 ks","og_url":"https:\/\/www.ipecon.sk\/en\/product\/ms-2504\/","og_site_name":"IPECON","article_modified_time":"2026-04-11T09:03:22+00:00","og_image":[{"width":2048,"height":1536,"url":"https:\/\/www.ipecon.sk\/wp-content\/uploads\/2026\/04\/Elektromechanicke-nozniceMS-2504.jpeg","type":"image\/jpeg"}],"twitter_card":"summary_large_image","twitter_misc":{"Estimated reading time":"2 minutes"},"schema":{"@context":"https:\/\/schema.org","@graph":[{"@type":"WebPage","@id":"https:\/\/www.ipecon.sk\/product\/ms-2504\/","url":"https:\/\/www.ipecon.sk\/product\/ms-2504\/","name":"Elektromechanick\u00e9 tabu\u013eov\u00e9 no\u017enice DURMA MS 2504 - IPECON","isPartOf":{"@id":"https:\/\/www.ipecon.sk\/#website"},"primaryImageOfPage":{"@id":"https:\/\/www.ipecon.sk\/product\/ms-2504\/#primaryimage"},"image":{"@id":"https:\/\/www.ipecon.sk\/product\/ms-2504\/#primaryimage"},"thumbnailUrl":"https:\/\/www.ipecon.sk\/wp-content\/uploads\/2026\/04\/Elektromechanicke-nozniceMS-2504.jpeg","datePublished":"2026-04-11T07:57:41+00:00","dateModified":"2026-04-11T09:03:22+00:00","breadcrumb":{"@id":"https:\/\/www.ipecon.sk\/product\/ms-2504\/#breadcrumb"},"inLanguage":"en-GB","potentialAction":[{"@type":"ReadAction","target":["https:\/\/www.ipecon.sk\/product\/ms-2504\/"]}]},{"@type":"ImageObject","inLanguage":"en-GB","@id":"https:\/\/www.ipecon.sk\/product\/ms-2504\/#primaryimage","url":"https:\/\/www.ipecon.sk\/wp-content\/uploads\/2026\/04\/Elektromechanicke-nozniceMS-2504.jpeg","contentUrl":"https:\/\/www.ipecon.sk\/wp-content\/uploads\/2026\/04\/Elektromechanicke-nozniceMS-2504.jpeg","width":2048,"height":1536},{"@type":"BreadcrumbList","@id":"https:\/\/www.ipecon.sk\/product\/ms-2504\/#breadcrumb","itemListElement":[{"@type":"ListItem","position":1,"name":"Home","item":"https:\/\/www.ipecon.sk\/"},{"@type":"ListItem","position":2,"name":"Shop","item":"https:\/\/www.ipecon.sk\/shop\/"},{"@type":"ListItem","position":3,"name":"Elektromechanick\u00e9 tabu\u013eov\u00e9 no\u017enice DURMA MS 2504"}]},{"@type":"WebSite","@id":"https:\/\/www.ipecon.sk\/#website","url":"https:\/\/www.ipecon.sk\/","name":"IPECON","description":"","potentialAction":[{"@type":"SearchAction","target":{"@type":"EntryPoint","urlTemplate":"https:\/\/www.ipecon.sk\/?s={search_term_string}"},"query-input":{"@type":"PropertyValueSpecification","valueRequired":true,"valueName":"search_term_string"}}],"inLanguage":"en-GB"}]}},"_links":{"self":[{"href":"https:\/\/www.ipecon.sk\/en\/wp-json\/wp\/v2\/product\/7126","targetHints":{"allow":["GET"]}}],"collection":[{"href":"https:\/\/www.ipecon.sk\/en\/wp-json\/wp\/v2\/product"}],"about":[{"href":"https:\/\/www.ipecon.sk\/en\/wp-json\/wp\/v2\/types\/product"}],"replies":[{"embeddable":true,"href":"https:\/\/www.ipecon.sk\/en\/wp-json\/wp\/v2\/comments?post=7126"}],"wp:featuredmedia":[{"embeddable":true,"href":"https:\/\/www.ipecon.sk\/en\/wp-json\/wp\/v2\/media\/7128"}],"wp:attachment":[{"href":"https:\/\/www.ipecon.sk\/en\/wp-json\/wp\/v2\/media?parent=7126"}],"wp:term":[{"taxonomy":"product_brand","embeddable":true,"href":"https:\/\/www.ipecon.sk\/en\/wp-json\/wp\/v2\/product_brand?post=7126"},{"taxonomy":"product_cat","embeddable":true,"href":"https:\/\/www.ipecon.sk\/en\/wp-json\/wp\/v2\/product_cat?post=7126"},{"taxonomy":"product_tag","embeddable":true,"href":"https:\/\/www.ipecon.sk\/en\/wp-json\/wp\/v2\/product_tag?post=7126"}],"curies":[{"name":"wp","href":"https:\/\/api.w.org\/{rel}","templated":true}]}}