{"id":7112,"date":"2026-04-11T06:33:57","date_gmt":"2026-04-11T06:33:57","guid":{"rendered":"https:\/\/www.ipecon.sk\/?post_type=product&#038;p=7112"},"modified":"2026-04-11T08:56:25","modified_gmt":"2026-04-11T08:56:25","slug":"ad-s-30175","status":"publish","type":"product","link":"https:\/\/www.ipecon.sk\/en\/product\/ad-s-30175\/","title":{"rendered":"Hydraulick\u00fd CNC ohra\u0148ovac\u00ed lis DURMA AD-S 30175"},"content":{"rendered":"<p data-olk-copy-source=\"MessageBody\">Popis:<\/p>\n<p><b>CNC riadiaci syst\u00e9m SKY-22<\/b>\u00a0s menu v slovenskom jazyku umo\u017e\u0148uje ohra\u0148ovanie s CNC riaden\u00fdmi osami Y1, Y2 a\u00a0X, R a \u010fal\u0161\u00edmi CNC osami Z1, Z2. Programovanie tohto syst\u00e9mu je jednoduch\u00e9 a vhodn\u00e9 i pre menej sk\u00fasen\u00fa obsluhu. Po\u010das ohra\u0148ovania syst\u00e9m 2D zobrazuje aktu\u00e1lne a nasledovn\u00e9 ohyby, \u010do umo\u017e\u0148uje vizu\u00e1lnu kontrolu spr\u00e1vnosti programu. Lis je vybaven\u00fd pred\u013a\u017een\u00fdm zadn\u00fdm dorazom X= 1000 mm a CNC motorick\u00fdm priehybom stola \u2013 CNC bomb\u00edrungom.<\/p>\n<p>Ohra\u0148ovacie lisy radu AD-S s\u00fa v \u0161tandardnej v\u00fdbave dod\u00e1van\u00e9 so servomotorick\u00fdm polohovan\u00edm zadn\u00e9ho dorazu.<\/p>\n<p>Predn\u00e9 podpern\u00e9 ramen\u00e1 s\u00fa ulo\u017een\u00e9 v line\u00e1rnych vedeniach a gu\u013e\u00f4\u010dkov\u00fdch lo\u017eisk\u00e1ch, \u010do umo\u017e\u0148uje jednoduch\u00fd posuv ramien v celej pracovnej \u0161\u00edrke lisu. Areta\u010dn\u00fdmi p\u00e1\u010dkami je mo\u017en\u00e9 \u013eahko zaisti\u0165 po\u017eadovan\u00fa nastaven\u00fa polohu.<\/p>\n<p>Lis je dod\u00e1van\u00fd s kompletnou sadou horn\u00fdch a spodn\u00fdch \u0161tandardn\u00fdch delen\u00fdch ohra\u0148ovac\u00edch n\u00e1strojov\u00a0<b><i>ROLLERI<\/i><\/b>.<\/p>\n<p>Lisovacia sila: <strong>175 ton<\/strong><\/p>\n<p>Pracovn\u00e1 d\u013a\u017eka: <strong>3050 mm<\/strong><\/p>\n<p>Prechod medzi bo\u010dnicami: <strong>2600 mm<\/strong><\/p>\n<p>Rozsah CNC osi X zadn\u00e9ho dorazu: <strong>1000 mm<\/strong><\/p>\n<p>D\u013a\u017eka \/ \u0161irka \/ v\u00fd\u0161ka: <strong>4250 \/ 1700 \/ 2850 mm<\/strong><\/p>\n<p>Hmotnos\u0165: <strong>10.900 kg<\/strong><\/p>","protected":false},"excerpt":{"rendered":"<ul type=\"disc\">\n<li><span style=\"color: #ff0000;\"><b data-olk-copy-source=\"MessageBody\">Predv\u00e1dzac\u00ed stroj<\/b><\/span><\/li>\n<li>Cena je bez DPH<\/li>\n<li><span style=\"color: #ff0000;\"><b>V\u00a0cene je nakl\u00e1dka, in\u0161tal\u00e1cia, \u0161kolenie<\/b><\/span><\/li>\n<li>Z\u00e1ruka 6 mesiacov<\/li>\n<li><b>Skladom 1 ks<\/b><\/li>\n<\/ul>\n<p>&#8212;&#8212;&#8212;&#8212;&#8212;&#8212;&#8212;&#8212;&#8212;&#8212;&#8212;&#8212;&#8212;&#8212;&#8212;&#8212;&#8212;&#8212;&#8212;&#8212;<\/p>\n<ul type=\"disc\">\n<li><b>certifik\u00e1t CE<\/b><\/li>\n<li><b>2D grafick\u00fd dotykov\u00fd CNC riadiaci syst\u00e9m SKY-22<\/b><\/li>\n<li><b>CNC riaden\u00e9 osi &#8211; polohovanie barana: Y1, Y2, line\u00e1rne odmeriavanie polohy na oboch stran\u00e1ch barana<\/b><\/li>\n<li><b>CNC riaden\u00e9 osi &#8211; polohovanie zadn\u00e9ho dorazu: X, R, Z1, Z2<\/b><\/li>\n<li><b>laserov\u00e1 ochrana FIESSLER AKAS<\/b><\/li>\n<li><b>robustn\u00e1 kon\u0161trukcia<\/b><\/li>\n<li><b>st\u00f4l pre kompenz\u00e1ciu priehybu s CNC automatick\u00fdm motorick\u00fdm nastaven\u00edm<\/b><\/li>\n<li><b>klzn\u00e9 predn\u00e9 podpern\u00e9 ramen\u00e1<\/b><\/li>\n<\/ul>","protected":false},"featured_media":7092,"comment_status":"closed","ping_status":"closed","template":"","meta":{"_acf_changed":false,"_et_pb_use_builder":"","_et_pb_old_content":"","_et_gb_content_width":""},"product_brand":[],"product_cat":[59],"product_tag":[],"class_list":{"0":"post-7112","1":"product","2":"type-product","3":"status-publish","4":"has-post-thumbnail","6":"product_cat-skladom","8":"first","9":"instock","10":"sale","11":"shipping-taxable","12":"purchasable","13":"product-type-simple"},"acf":[],"yoast_head":"<!-- This site is optimized with the Yoast SEO plugin v27.4 - https:\/\/yoast.com\/product\/yoast-seo-wordpress\/ -->\n<title>Hydraulick\u00fd CNC ohra\u0148ovac\u00ed lis DURMA AD-S 30175 - IPECON<\/title>\n<meta name=\"robots\" content=\"index, follow, max-snippet:-1, max-image-preview:large, max-video-preview:-1\" \/>\n<link rel=\"canonical\" href=\"https:\/\/www.ipecon.sk\/en\/product\/ad-s-30175\/\" \/>\n<meta property=\"og:locale\" content=\"en_GB\" \/>\n<meta property=\"og:type\" content=\"article\" \/>\n<meta property=\"og:title\" content=\"Hydraulick\u00fd CNC ohra\u0148ovac\u00ed lis DURMA AD-S 30175 - IPECON\" \/>\n<meta property=\"og:description\" content=\"Predv\u00e1dzac\u00ed stroj  Cena je bez DPH  V\u00a0cene je nakl\u00e1dka, in\u0161tal\u00e1cia, \u0161kolenie  Z\u00e1ruka 6 mesiacov  Skladom 1 ks  ------------------------------------------------------------   certifik\u00e1t CE  2D grafick\u00fd dotykov\u00fd CNC riadiaci syst\u00e9m SKY-22  CNC riaden\u00e9 osi - polohovanie barana: Y1, Y2, line\u00e1rne odmeriavanie polohy na oboch stran\u00e1ch barana  CNC riaden\u00e9 osi - polohovanie zadn\u00e9ho dorazu: X, R, Z1, Z2  laserov\u00e1 ochrana FIESSLER AKAS  robustn\u00e1 kon\u0161trukcia  st\u00f4l pre kompenz\u00e1ciu priehybu s CNC automatick\u00fdm motorick\u00fdm nastaven\u00edm  klzn\u00e9 predn\u00e9 podpern\u00e9 ramen\u00e1\" \/>\n<meta property=\"og:url\" content=\"https:\/\/www.ipecon.sk\/en\/product\/ad-s-30175\/\" \/>\n<meta property=\"og:site_name\" content=\"IPECON\" \/>\n<meta property=\"article:modified_time\" content=\"2026-04-11T08:56:25+00:00\" \/>\n<meta property=\"og:image\" content=\"https:\/\/www.ipecon.sk\/wp-content\/uploads\/2026\/03\/A11-scaled.jpg\" \/>\n\t<meta property=\"og:image:width\" content=\"2557\" \/>\n\t<meta property=\"og:image:height\" content=\"2560\" \/>\n\t<meta property=\"og:image:type\" content=\"image\/jpeg\" \/>\n<meta name=\"twitter:card\" content=\"summary_large_image\" \/>\n<meta name=\"twitter:label1\" content=\"Estimated reading time\" \/>\n\t<meta name=\"twitter:data1\" content=\"2 minutes\" \/>\n<script type=\"application\/ld+json\" class=\"yoast-schema-graph\">{\"@context\":\"https:\\\/\\\/schema.org\",\"@graph\":[{\"@type\":\"WebPage\",\"@id\":\"https:\\\/\\\/www.ipecon.sk\\\/product\\\/ad-s-30175\\\/\",\"url\":\"https:\\\/\\\/www.ipecon.sk\\\/product\\\/ad-s-30175\\\/\",\"name\":\"Hydraulick\u00fd CNC ohra\u0148ovac\u00ed lis DURMA AD-S 30175 - IPECON\",\"isPartOf\":{\"@id\":\"https:\\\/\\\/www.ipecon.sk\\\/#website\"},\"primaryImageOfPage\":{\"@id\":\"https:\\\/\\\/www.ipecon.sk\\\/product\\\/ad-s-30175\\\/#primaryimage\"},\"image\":{\"@id\":\"https:\\\/\\\/www.ipecon.sk\\\/product\\\/ad-s-30175\\\/#primaryimage\"},\"thumbnailUrl\":\"https:\\\/\\\/www.ipecon.sk\\\/wp-content\\\/uploads\\\/2026\\\/03\\\/A11-scaled.jpg\",\"datePublished\":\"2026-04-11T06:33:57+00:00\",\"dateModified\":\"2026-04-11T08:56:25+00:00\",\"breadcrumb\":{\"@id\":\"https:\\\/\\\/www.ipecon.sk\\\/product\\\/ad-s-30175\\\/#breadcrumb\"},\"inLanguage\":\"en-GB\",\"potentialAction\":[{\"@type\":\"ReadAction\",\"target\":[\"https:\\\/\\\/www.ipecon.sk\\\/product\\\/ad-s-30175\\\/\"]}]},{\"@type\":\"ImageObject\",\"inLanguage\":\"en-GB\",\"@id\":\"https:\\\/\\\/www.ipecon.sk\\\/product\\\/ad-s-30175\\\/#primaryimage\",\"url\":\"https:\\\/\\\/www.ipecon.sk\\\/wp-content\\\/uploads\\\/2026\\\/03\\\/A11-scaled.jpg\",\"contentUrl\":\"https:\\\/\\\/www.ipecon.sk\\\/wp-content\\\/uploads\\\/2026\\\/03\\\/A11-scaled.jpg\",\"width\":2557,\"height\":2560},{\"@type\":\"BreadcrumbList\",\"@id\":\"https:\\\/\\\/www.ipecon.sk\\\/product\\\/ad-s-30175\\\/#breadcrumb\",\"itemListElement\":[{\"@type\":\"ListItem\",\"position\":1,\"name\":\"Home\",\"item\":\"https:\\\/\\\/www.ipecon.sk\\\/\"},{\"@type\":\"ListItem\",\"position\":2,\"name\":\"Shop\",\"item\":\"https:\\\/\\\/www.ipecon.sk\\\/shop\\\/\"},{\"@type\":\"ListItem\",\"position\":3,\"name\":\"Hydraulick\u00fd CNC ohra\u0148ovac\u00ed lis DURMA AD-S 30175\"}]},{\"@type\":\"WebSite\",\"@id\":\"https:\\\/\\\/www.ipecon.sk\\\/#website\",\"url\":\"https:\\\/\\\/www.ipecon.sk\\\/\",\"name\":\"IPECON\",\"description\":\"\",\"potentialAction\":[{\"@type\":\"SearchAction\",\"target\":{\"@type\":\"EntryPoint\",\"urlTemplate\":\"https:\\\/\\\/www.ipecon.sk\\\/?s={search_term_string}\"},\"query-input\":{\"@type\":\"PropertyValueSpecification\",\"valueRequired\":true,\"valueName\":\"search_term_string\"}}],\"inLanguage\":\"en-GB\"}]}<\/script>\n<!-- \/ Yoast SEO plugin. -->","yoast_head_json":{"title":"Hydraulick\u00fd CNC ohra\u0148ovac\u00ed lis DURMA AD-S 30175 - IPECON","robots":{"index":"index","follow":"follow","max-snippet":"max-snippet:-1","max-image-preview":"max-image-preview:large","max-video-preview":"max-video-preview:-1"},"canonical":"https:\/\/www.ipecon.sk\/en\/product\/ad-s-30175\/","og_locale":"en_GB","og_type":"article","og_title":"Hydraulick\u00fd CNC ohra\u0148ovac\u00ed lis DURMA AD-S 30175 - IPECON","og_description":"Predv\u00e1dzac\u00ed stroj  Cena je bez DPH  V\u00a0cene je nakl\u00e1dka, in\u0161tal\u00e1cia, \u0161kolenie  Z\u00e1ruka 6 mesiacov  Skladom 1 ks  ------------------------------------------------------------   certifik\u00e1t CE  2D grafick\u00fd dotykov\u00fd CNC riadiaci syst\u00e9m SKY-22  CNC riaden\u00e9 osi - polohovanie barana: Y1, Y2, line\u00e1rne odmeriavanie polohy na oboch stran\u00e1ch barana  CNC riaden\u00e9 osi - polohovanie zadn\u00e9ho dorazu: X, R, Z1, Z2  laserov\u00e1 ochrana FIESSLER AKAS  robustn\u00e1 kon\u0161trukcia  st\u00f4l pre kompenz\u00e1ciu priehybu s CNC automatick\u00fdm motorick\u00fdm nastaven\u00edm  klzn\u00e9 predn\u00e9 podpern\u00e9 ramen\u00e1","og_url":"https:\/\/www.ipecon.sk\/en\/product\/ad-s-30175\/","og_site_name":"IPECON","article_modified_time":"2026-04-11T08:56:25+00:00","og_image":[{"width":2557,"height":2560,"url":"https:\/\/www.ipecon.sk\/wp-content\/uploads\/2026\/03\/A11-scaled.jpg","type":"image\/jpeg"}],"twitter_card":"summary_large_image","twitter_misc":{"Estimated reading time":"2 minutes"},"schema":{"@context":"https:\/\/schema.org","@graph":[{"@type":"WebPage","@id":"https:\/\/www.ipecon.sk\/product\/ad-s-30175\/","url":"https:\/\/www.ipecon.sk\/product\/ad-s-30175\/","name":"Hydraulick\u00fd CNC ohra\u0148ovac\u00ed lis DURMA AD-S 30175 - IPECON","isPartOf":{"@id":"https:\/\/www.ipecon.sk\/#website"},"primaryImageOfPage":{"@id":"https:\/\/www.ipecon.sk\/product\/ad-s-30175\/#primaryimage"},"image":{"@id":"https:\/\/www.ipecon.sk\/product\/ad-s-30175\/#primaryimage"},"thumbnailUrl":"https:\/\/www.ipecon.sk\/wp-content\/uploads\/2026\/03\/A11-scaled.jpg","datePublished":"2026-04-11T06:33:57+00:00","dateModified":"2026-04-11T08:56:25+00:00","breadcrumb":{"@id":"https:\/\/www.ipecon.sk\/product\/ad-s-30175\/#breadcrumb"},"inLanguage":"en-GB","potentialAction":[{"@type":"ReadAction","target":["https:\/\/www.ipecon.sk\/product\/ad-s-30175\/"]}]},{"@type":"ImageObject","inLanguage":"en-GB","@id":"https:\/\/www.ipecon.sk\/product\/ad-s-30175\/#primaryimage","url":"https:\/\/www.ipecon.sk\/wp-content\/uploads\/2026\/03\/A11-scaled.jpg","contentUrl":"https:\/\/www.ipecon.sk\/wp-content\/uploads\/2026\/03\/A11-scaled.jpg","width":2557,"height":2560},{"@type":"BreadcrumbList","@id":"https:\/\/www.ipecon.sk\/product\/ad-s-30175\/#breadcrumb","itemListElement":[{"@type":"ListItem","position":1,"name":"Home","item":"https:\/\/www.ipecon.sk\/"},{"@type":"ListItem","position":2,"name":"Shop","item":"https:\/\/www.ipecon.sk\/shop\/"},{"@type":"ListItem","position":3,"name":"Hydraulick\u00fd CNC ohra\u0148ovac\u00ed lis DURMA AD-S 30175"}]},{"@type":"WebSite","@id":"https:\/\/www.ipecon.sk\/#website","url":"https:\/\/www.ipecon.sk\/","name":"IPECON","description":"","potentialAction":[{"@type":"SearchAction","target":{"@type":"EntryPoint","urlTemplate":"https:\/\/www.ipecon.sk\/?s={search_term_string}"},"query-input":{"@type":"PropertyValueSpecification","valueRequired":true,"valueName":"search_term_string"}}],"inLanguage":"en-GB"}]}},"_links":{"self":[{"href":"https:\/\/www.ipecon.sk\/en\/wp-json\/wp\/v2\/product\/7112","targetHints":{"allow":["GET"]}}],"collection":[{"href":"https:\/\/www.ipecon.sk\/en\/wp-json\/wp\/v2\/product"}],"about":[{"href":"https:\/\/www.ipecon.sk\/en\/wp-json\/wp\/v2\/types\/product"}],"replies":[{"embeddable":true,"href":"https:\/\/www.ipecon.sk\/en\/wp-json\/wp\/v2\/comments?post=7112"}],"wp:featuredmedia":[{"embeddable":true,"href":"https:\/\/www.ipecon.sk\/en\/wp-json\/wp\/v2\/media\/7092"}],"wp:attachment":[{"href":"https:\/\/www.ipecon.sk\/en\/wp-json\/wp\/v2\/media?parent=7112"}],"wp:term":[{"taxonomy":"product_brand","embeddable":true,"href":"https:\/\/www.ipecon.sk\/en\/wp-json\/wp\/v2\/product_brand?post=7112"},{"taxonomy":"product_cat","embeddable":true,"href":"https:\/\/www.ipecon.sk\/en\/wp-json\/wp\/v2\/product_cat?post=7112"},{"taxonomy":"product_tag","embeddable":true,"href":"https:\/\/www.ipecon.sk\/en\/wp-json\/wp\/v2\/product_tag?post=7112"}],"curies":[{"name":"wp","href":"https:\/\/api.w.org\/{rel}","templated":true}]}}