{"id":7016,"date":"2025-09-09T06:16:08","date_gmt":"2025-09-09T06:16:08","guid":{"rendered":"https:\/\/www.ipecon.sk\/?post_type=product&#038;p=7016"},"modified":"2025-09-10T07:20:17","modified_gmt":"2025-09-10T07:20:17","slug":"panel-bender-pbb","status":"publish","type":"product","link":"https:\/\/www.ipecon.sk\/en\/product\/panel-bender-pbb\/","title":{"rendered":"Panel Bender PBB"},"content":{"rendered":"<div><span data-olk-copy-source=\"MessageBody\">Kon\u0161trukcia stroja\u00a0<\/span>PBB\u00a0je tvoren\u00e1 prvkami umiestnen\u00fdmi na nosnom zvarenom r\u00e1me zbaven\u00e9ho vn\u00fatorn\u00e9ho pnutia. Na tomto tele stroja s\u00fa umiestnen\u00e9 pridr\u017eiavacie a oh\u00fdbacie n\u00e1stroje.\u00a0V prednej \u010dasti stroja je umiestnen\u00e9 polohovacie a manipula\u010dn\u00e9 zariadenie (manipul\u00e1tor), ktor\u00e9 po\u010das procesu oh\u00fdbania umiest\u0148uje oh\u00fdban\u00fd diel do spr\u00e1vnej polohy vzh\u013eadom na ka\u017ed\u00fa os ohybu.<\/div>\n<div><\/div>\n<div><u>Rozlozenie horn\u00fdch pridr\u017eiavac\u00edch n\u00e1strojov je pre &#8222;krabicov\u00e9 ohyby&#8220; potrebn\u00e9 vykona\u0165 ru\u010dne.<\/u><\/div>\n<div><\/div>\n<div>Automatick\u00fd oh\u00fdbaci cyklus za\u010d\u00edna umiestnen\u00edm materi\u00e1lu do referen\u010dnej polohy a jeho vycentrovan\u00edm pomocou fixa\u010dn\u00fdch pinov. Polohovacie a\u00a0manipula\u010dn\u00e9 zariadenie s\u00a0plechom n\u00e1sledne pohybuje a\u00a0ot\u00e1\u010da ho pod\u013ea potreby a\u00a0sledu jednotliv\u00fdch ohybov. Po\u010das jednotliv\u00fdch ohybov je plech pevne upnut\u00fd medzi horn\u00fdmi a\u00a0spodn\u00fdmi pridr\u017eiavac\u00edmi n\u00e1strojmi a\u00a0oh\u00fdbacie zariadenie vykon\u00e1va ohyby. Cel\u00fd tento proces sa deje plne automaticky.<\/div>\n<div>Stroj PBB je schopn\u00fd spracov\u00e1va\u0165 oh\u00fdban\u00edm plechy hr\u00fabok\u00a0od 0,5 do 2,0 mm\u00a0(\u010dierny materi\u00e1l). Hlin\u00edkov\u00fd plech do hr\u00fabky\u00a03 mm\u00a0a\u00a0nerezov\u00fd plech do hr\u00fabky\u00a01,5 mm. V ponuke s\u00fa dve pracovn\u00e9 d\u013a\u017eky stroja:\u00a0<b>2000 a 2500 mm.<\/b><\/div>\n<div>N\u00edzke prev\u00e1dzkov\u00e9 n\u00e1klady:<\/div>\n<div>Plne elektrick\u00fd model PBB m\u00e1 13 servo os\u00ed so spotrebou iba 2 kWh, \u010do predstavuje a\u017e 50% \u00fasporu elektrickej energie oproti tradi\u010dn\u00fdm met\u00f3dam oh\u00fdbania plechov. So \u0161tandardnou sadou n\u00e1strojov stroj dok\u00e1\u017ee vyrobi\u0165 mno\u017estvo r\u00e1diusov\u00fdch ohybov, \u0161tandardn\u00fdch ohybov a lemov vo vysokej presnosti a opakovatelnosti.<\/div>\n<div><\/div>\n<div><img decoding=\"async\" class=\"alignnone wp-image-7019\" src=\"https:\/\/www.ipecon.sk\/wp-content\/uploads\/2025\/09\/thumbnail_image-1.png\" alt=\"\" width=\"908\" height=\"414\" \/><\/div>\n<div><\/div>\n<div>\n<ol start=\"1\" data-editing-info=\"{&quot;applyListStyleFromLevel&quot;:false,&quot;orderedStyleType&quot;:2}\">\n<li>\n<div role=\"presentation\"><b data-olk-copy-source=\"MessageBody\">Horn\u00fd n\u00e1stroj<\/b>, ur\u010den\u00fd pre vykon\u00e1vanie negat\u00edvnych ohybov (smerom dolu)<\/div>\n<\/li>\n<li>\n<div role=\"presentation\"><b>Pridr\u017eiavacie n\u00e1stroje<\/b>, ur\u010den\u00e9 pre fixovanie plechu v potrebnej poz\u00edcii po\u010das procesu oh\u00fdbania. Spodn\u00fd n\u00e1stroj je pevn\u00fd a horn\u00fd sa otv\u00e1ra a zatv\u00e1ra smerom hore\/dolu. Tieto n\u00e1stroje vykon\u00e1vaj\u00fa aj zatla\u010denie pri lemovan\u00ed.<\/div>\n<\/li>\n<li>\n<div role=\"presentation\"><b>Spodn\u00fd n\u00e1stroj<\/b>, ur\u010den\u00fd pre vykon\u00e1vanie pozit\u00edvnych ohybov (smerom hore)<\/div>\n<\/li>\n<\/ol>\n<p><img decoding=\"async\" class=\"alignnone wp-image-7021\" src=\"https:\/\/www.ipecon.sk\/wp-content\/uploads\/2025\/09\/thumbnail_image-2.png\" alt=\"\" width=\"915\" height=\"184\" \/><\/p>\n<\/div>","protected":false},"excerpt":{"rendered":"<p>Kon\u0161trukcia stroja\u00a0PBB\u00a0je tvoren\u00e1 prvkami umiestnen\u00fdmi na nosnom zvarenom r\u00e1me zbaven\u00e9ho vn\u00fatorn\u00e9ho pnutia. Na tomto tele stroja s\u00fa umiestnen\u00e9 pridr\u017eiavacie a oh\u00fdbacie n\u00e1stroje.\u00a0V prednej \u010dasti stroja je umiestnen\u00e9 polohovacie a manipula\u010dn\u00e9 zariadenie (manipul\u00e1tor), ktor\u00e9 po\u010das procesu oh\u00fdbania umiest\u0148uje oh\u00fdban\u00fd diel do spr\u00e1vnej polohy vzh\u013eadom na ka\u017ed\u00fa os ohybu. Rozlozenie horn\u00fdch pridr\u017eiavac\u00edch n\u00e1strojov je pre &#8222;krabicov\u00e9 ohyby&#8220; [&hellip;]<\/p>\n","protected":false},"featured_media":7017,"comment_status":"closed","ping_status":"closed","template":"","meta":{"_acf_changed":false,"_et_pb_use_builder":"","_et_pb_old_content":"","_et_gb_content_width":""},"product_brand":[],"product_cat":[36],"product_tag":[],"class_list":{"0":"post-7016","1":"product","2":"type-product","3":"status-publish","4":"has-post-thumbnail","6":"product_cat-ohybacie-centra","8":"first","9":"instock","10":"shipping-taxable","11":"product-type-simple"},"acf":[],"yoast_head":"<!-- This site is optimized with the Yoast SEO plugin v27.4 - https:\/\/yoast.com\/product\/yoast-seo-wordpress\/ -->\n<title>Panel Bender PBB - IPECON<\/title>\n<meta name=\"robots\" content=\"index, follow, max-snippet:-1, max-image-preview:large, max-video-preview:-1\" \/>\n<link rel=\"canonical\" href=\"https:\/\/www.ipecon.sk\/en\/product\/panel-bender-pbb\/\" \/>\n<meta property=\"og:locale\" content=\"en_GB\" \/>\n<meta property=\"og:type\" content=\"article\" \/>\n<meta property=\"og:title\" content=\"Panel Bender PBB - IPECON\" \/>\n<meta property=\"og:description\" content=\"Kon\u0161trukcia stroja\u00a0PBB\u00a0je tvoren\u00e1 prvkami umiestnen\u00fdmi na nosnom zvarenom r\u00e1me zbaven\u00e9ho vn\u00fatorn\u00e9ho pnutia. Na tomto tele stroja s\u00fa umiestnen\u00e9 pridr\u017eiavacie a oh\u00fdbacie n\u00e1stroje.\u00a0V prednej \u010dasti stroja je umiestnen\u00e9 polohovacie a manipula\u010dn\u00e9 zariadenie (manipul\u00e1tor), ktor\u00e9 po\u010das procesu oh\u00fdbania umiest\u0148uje oh\u00fdban\u00fd diel do spr\u00e1vnej polohy vzh\u013eadom na ka\u017ed\u00fa os ohybu. Rozlozenie horn\u00fdch pridr\u017eiavac\u00edch n\u00e1strojov je pre &#8222;krabicov\u00e9 ohyby&#8220; [&hellip;]\" \/>\n<meta property=\"og:url\" content=\"https:\/\/www.ipecon.sk\/en\/product\/panel-bender-pbb\/\" \/>\n<meta property=\"og:site_name\" content=\"IPECON\" \/>\n<meta property=\"article:modified_time\" content=\"2025-09-10T07:20:17+00:00\" \/>\n<meta property=\"og:image\" content=\"https:\/\/www.ipecon.sk\/wp-content\/uploads\/2025\/09\/Dizajn-bez-nazvu-1.jpg\" \/>\n\t<meta property=\"og:image:width\" content=\"1044\" \/>\n\t<meta property=\"og:image:height\" content=\"1045\" \/>\n\t<meta property=\"og:image:type\" content=\"image\/jpeg\" \/>\n<meta name=\"twitter:card\" content=\"summary_large_image\" \/>\n<meta name=\"twitter:label1\" content=\"Estimated reading time\" \/>\n\t<meta name=\"twitter:data1\" content=\"2 minutes\" \/>\n<script type=\"application\/ld+json\" class=\"yoast-schema-graph\">{\"@context\":\"https:\\\/\\\/schema.org\",\"@graph\":[{\"@type\":\"WebPage\",\"@id\":\"https:\\\/\\\/www.ipecon.sk\\\/product\\\/panel-bender-pbb\\\/\",\"url\":\"https:\\\/\\\/www.ipecon.sk\\\/product\\\/panel-bender-pbb\\\/\",\"name\":\"Panel Bender PBB - IPECON\",\"isPartOf\":{\"@id\":\"https:\\\/\\\/www.ipecon.sk\\\/#website\"},\"primaryImageOfPage\":{\"@id\":\"https:\\\/\\\/www.ipecon.sk\\\/product\\\/panel-bender-pbb\\\/#primaryimage\"},\"image\":{\"@id\":\"https:\\\/\\\/www.ipecon.sk\\\/product\\\/panel-bender-pbb\\\/#primaryimage\"},\"thumbnailUrl\":\"https:\\\/\\\/www.ipecon.sk\\\/wp-content\\\/uploads\\\/2025\\\/09\\\/Dizajn-bez-nazvu-1.jpg\",\"datePublished\":\"2025-09-09T06:16:08+00:00\",\"dateModified\":\"2025-09-10T07:20:17+00:00\",\"breadcrumb\":{\"@id\":\"https:\\\/\\\/www.ipecon.sk\\\/product\\\/panel-bender-pbb\\\/#breadcrumb\"},\"inLanguage\":\"en-GB\",\"potentialAction\":[{\"@type\":\"ReadAction\",\"target\":[\"https:\\\/\\\/www.ipecon.sk\\\/product\\\/panel-bender-pbb\\\/\"]}]},{\"@type\":\"ImageObject\",\"inLanguage\":\"en-GB\",\"@id\":\"https:\\\/\\\/www.ipecon.sk\\\/product\\\/panel-bender-pbb\\\/#primaryimage\",\"url\":\"https:\\\/\\\/www.ipecon.sk\\\/wp-content\\\/uploads\\\/2025\\\/09\\\/Dizajn-bez-nazvu-1.jpg\",\"contentUrl\":\"https:\\\/\\\/www.ipecon.sk\\\/wp-content\\\/uploads\\\/2025\\\/09\\\/Dizajn-bez-nazvu-1.jpg\",\"width\":1044,\"height\":1045},{\"@type\":\"BreadcrumbList\",\"@id\":\"https:\\\/\\\/www.ipecon.sk\\\/product\\\/panel-bender-pbb\\\/#breadcrumb\",\"itemListElement\":[{\"@type\":\"ListItem\",\"position\":1,\"name\":\"Home\",\"item\":\"https:\\\/\\\/www.ipecon.sk\\\/\"},{\"@type\":\"ListItem\",\"position\":2,\"name\":\"Shop\",\"item\":\"https:\\\/\\\/www.ipecon.sk\\\/shop\\\/\"},{\"@type\":\"ListItem\",\"position\":3,\"name\":\"Panel Bender PBB\"}]},{\"@type\":\"WebSite\",\"@id\":\"https:\\\/\\\/www.ipecon.sk\\\/#website\",\"url\":\"https:\\\/\\\/www.ipecon.sk\\\/\",\"name\":\"IPECON\",\"description\":\"\",\"potentialAction\":[{\"@type\":\"SearchAction\",\"target\":{\"@type\":\"EntryPoint\",\"urlTemplate\":\"https:\\\/\\\/www.ipecon.sk\\\/?s={search_term_string}\"},\"query-input\":{\"@type\":\"PropertyValueSpecification\",\"valueRequired\":true,\"valueName\":\"search_term_string\"}}],\"inLanguage\":\"en-GB\"}]}<\/script>\n<!-- \/ Yoast SEO plugin. -->","yoast_head_json":{"title":"Panel Bender PBB - IPECON","robots":{"index":"index","follow":"follow","max-snippet":"max-snippet:-1","max-image-preview":"max-image-preview:large","max-video-preview":"max-video-preview:-1"},"canonical":"https:\/\/www.ipecon.sk\/en\/product\/panel-bender-pbb\/","og_locale":"en_GB","og_type":"article","og_title":"Panel Bender PBB - IPECON","og_description":"Kon\u0161trukcia stroja\u00a0PBB\u00a0je tvoren\u00e1 prvkami umiestnen\u00fdmi na nosnom zvarenom r\u00e1me zbaven\u00e9ho vn\u00fatorn\u00e9ho pnutia. Na tomto tele stroja s\u00fa umiestnen\u00e9 pridr\u017eiavacie a oh\u00fdbacie n\u00e1stroje.\u00a0V prednej \u010dasti stroja je umiestnen\u00e9 polohovacie a manipula\u010dn\u00e9 zariadenie (manipul\u00e1tor), ktor\u00e9 po\u010das procesu oh\u00fdbania umiest\u0148uje oh\u00fdban\u00fd diel do spr\u00e1vnej polohy vzh\u013eadom na ka\u017ed\u00fa os ohybu. Rozlozenie horn\u00fdch pridr\u017eiavac\u00edch n\u00e1strojov je pre &#8222;krabicov\u00e9 ohyby&#8220; [&hellip;]","og_url":"https:\/\/www.ipecon.sk\/en\/product\/panel-bender-pbb\/","og_site_name":"IPECON","article_modified_time":"2025-09-10T07:20:17+00:00","og_image":[{"width":1044,"height":1045,"url":"https:\/\/www.ipecon.sk\/wp-content\/uploads\/2025\/09\/Dizajn-bez-nazvu-1.jpg","type":"image\/jpeg"}],"twitter_card":"summary_large_image","twitter_misc":{"Estimated reading time":"2 minutes"},"schema":{"@context":"https:\/\/schema.org","@graph":[{"@type":"WebPage","@id":"https:\/\/www.ipecon.sk\/product\/panel-bender-pbb\/","url":"https:\/\/www.ipecon.sk\/product\/panel-bender-pbb\/","name":"Panel Bender PBB - IPECON","isPartOf":{"@id":"https:\/\/www.ipecon.sk\/#website"},"primaryImageOfPage":{"@id":"https:\/\/www.ipecon.sk\/product\/panel-bender-pbb\/#primaryimage"},"image":{"@id":"https:\/\/www.ipecon.sk\/product\/panel-bender-pbb\/#primaryimage"},"thumbnailUrl":"https:\/\/www.ipecon.sk\/wp-content\/uploads\/2025\/09\/Dizajn-bez-nazvu-1.jpg","datePublished":"2025-09-09T06:16:08+00:00","dateModified":"2025-09-10T07:20:17+00:00","breadcrumb":{"@id":"https:\/\/www.ipecon.sk\/product\/panel-bender-pbb\/#breadcrumb"},"inLanguage":"en-GB","potentialAction":[{"@type":"ReadAction","target":["https:\/\/www.ipecon.sk\/product\/panel-bender-pbb\/"]}]},{"@type":"ImageObject","inLanguage":"en-GB","@id":"https:\/\/www.ipecon.sk\/product\/panel-bender-pbb\/#primaryimage","url":"https:\/\/www.ipecon.sk\/wp-content\/uploads\/2025\/09\/Dizajn-bez-nazvu-1.jpg","contentUrl":"https:\/\/www.ipecon.sk\/wp-content\/uploads\/2025\/09\/Dizajn-bez-nazvu-1.jpg","width":1044,"height":1045},{"@type":"BreadcrumbList","@id":"https:\/\/www.ipecon.sk\/product\/panel-bender-pbb\/#breadcrumb","itemListElement":[{"@type":"ListItem","position":1,"name":"Home","item":"https:\/\/www.ipecon.sk\/"},{"@type":"ListItem","position":2,"name":"Shop","item":"https:\/\/www.ipecon.sk\/shop\/"},{"@type":"ListItem","position":3,"name":"Panel Bender PBB"}]},{"@type":"WebSite","@id":"https:\/\/www.ipecon.sk\/#website","url":"https:\/\/www.ipecon.sk\/","name":"IPECON","description":"","potentialAction":[{"@type":"SearchAction","target":{"@type":"EntryPoint","urlTemplate":"https:\/\/www.ipecon.sk\/?s={search_term_string}"},"query-input":{"@type":"PropertyValueSpecification","valueRequired":true,"valueName":"search_term_string"}}],"inLanguage":"en-GB"}]}},"_links":{"self":[{"href":"https:\/\/www.ipecon.sk\/en\/wp-json\/wp\/v2\/product\/7016","targetHints":{"allow":["GET"]}}],"collection":[{"href":"https:\/\/www.ipecon.sk\/en\/wp-json\/wp\/v2\/product"}],"about":[{"href":"https:\/\/www.ipecon.sk\/en\/wp-json\/wp\/v2\/types\/product"}],"replies":[{"embeddable":true,"href":"https:\/\/www.ipecon.sk\/en\/wp-json\/wp\/v2\/comments?post=7016"}],"wp:featuredmedia":[{"embeddable":true,"href":"https:\/\/www.ipecon.sk\/en\/wp-json\/wp\/v2\/media\/7017"}],"wp:attachment":[{"href":"https:\/\/www.ipecon.sk\/en\/wp-json\/wp\/v2\/media?parent=7016"}],"wp:term":[{"taxonomy":"product_brand","embeddable":true,"href":"https:\/\/www.ipecon.sk\/en\/wp-json\/wp\/v2\/product_brand?post=7016"},{"taxonomy":"product_cat","embeddable":true,"href":"https:\/\/www.ipecon.sk\/en\/wp-json\/wp\/v2\/product_cat?post=7016"},{"taxonomy":"product_tag","embeddable":true,"href":"https:\/\/www.ipecon.sk\/en\/wp-json\/wp\/v2\/product_tag?post=7016"}],"curies":[{"name":"wp","href":"https:\/\/api.w.org\/{rel}","templated":true}]}}