{"id":6944,"date":"2025-06-09T08:40:11","date_gmt":"2025-06-09T08:40:11","guid":{"rendered":"https:\/\/www.ipecon.sk\/?post_type=product&#038;p=6944"},"modified":"2025-06-09T13:15:15","modified_gmt":"2025-06-09T13:15:15","slug":"ufa-1212","status":"publish","type":"product","link":"https:\/\/www.ipecon.sk\/en\/product\/ufa-1212\/","title":{"rendered":"Ru\u010dn\u00e1 oh\u00fdba\u010dka plechov UFA"},"content":{"rendered":"<p class=\"cvGsUA direction-ltr align-justify para-style-body\"><span class=\"OYPEnA font-feature-liga-off font-feature-clig-off font-feature-calt-off text-decoration-none text-strikethrough-none\">Erbend UFA ru\u010dn\u00e1 oh\u00fdba\u010dka plechu.<\/span><\/p>\n<p class=\"cvGsUA direction-ltr align-justify para-style-body\"><span class=\"OYPEnA font-feature-liga-off font-feature-clig-off font-feature-calt-off text-decoration-none text-strikethrough-none\">Je zn\u00e1ma svojou robustnos\u0165ou, presnos\u0165ou a v\u0161estrannos\u0165ou. Je ide\u00e1lna pre dielne a priemyseln\u00e9 aplik\u00e1cie, kde je potrebn\u00e9 ru\u010dn\u00e9 oh\u00fdbanie plechov s r\u00f4znymi \u0161\u00edrkami a hr\u00fabkami. \u200bJej robustn\u00e1 kon\u0161trukcia, jednoduch\u00e9 ovl\u00e1danie a \u0161irok\u00fd rozsah aplik\u00e1ci\u00ed ju robia ide\u00e1lnou pre r\u00f4zne priemyseln\u00e9 odvetvia.\u200b<\/span><\/p>\n<p class=\"cvGsUA direction-ltr align-justify para-style-body\"><span class=\"OYPEnA font-feature-liga-off font-feature-clig-off font-feature-calt-off text-decoration-none text-strikethrough-none\">Technick\u00e9 \u0161pecifik\u00e1cie<\/span><\/p>\n<ul>\n<li><span class=\"OYPEnA font-feature-liga-off font-feature-clig-off font-feature-calt-off text-decoration-none text-strikethrough-none\">Maxim\u00e1lna \u0161\u00edrka plechu:<\/span>\n<ul>\n<li><span class=\"OYPEnA font-feature-liga-off font-feature-clig-off font-feature-calt-off text-decoration-none text-strikethrough-none\">UFA 1015: 1050 mm.<\/span><\/li>\n<li><span class=\"OYPEnA font-feature-liga-off font-feature-clig-off font-feature-calt-off text-decoration-none text-strikethrough-none\">UFA 1212: 1250 mm.\u200b<\/span><\/li>\n<\/ul>\n<\/li>\n<\/ul>\n<ul>\n<li><span class=\"OYPEnA font-feature-liga-off font-feature-clig-off font-feature-calt-off text-decoration-none text-strikethrough-none\">Maxim\u00e1lna hr\u00fabka plechu:<\/span>\n<ul>\n<li><span class=\"OYPEnA font-feature-liga-off font-feature-clig-off font-feature-calt-off text-decoration-none text-strikethrough-none\">UFA 1015: 1,5 mm (oce\u013e), 2 mm (hlin\u00edk).<\/span><\/li>\n<li><span class=\"OYPEnA font-feature-liga-off font-feature-clig-off font-feature-calt-off text-decoration-none text-strikethrough-none\">UFA 1212: 1,25 mm (oce\u013e), 2 mm (hlin\u00edk)<\/span><\/li>\n<\/ul>\n<\/li>\n<\/ul>\n<ul>\n<li><span class=\"OYPEnA font-feature-liga-off font-feature-clig-off font-feature-calt-off text-decoration-none text-strikethrough-none\">Maxim\u00e1lny uhol ohybu: 135\u00b0 \u2013 150\u00b0<\/span><\/li>\n<li><span class=\"OYPEnA font-feature-liga-off font-feature-clig-off font-feature-calt-off text-decoration-none text-strikethrough-none\">Rozmery:<\/span>\n<ul>\n<li><span class=\"OYPEnA font-feature-liga-off font-feature-clig-off font-feature-calt-off text-decoration-none text-strikethrough-none\">UFA 1015: 1600 mm x 900 mm x 1450 mm.<\/span><\/li>\n<li><span class=\"OYPEnA font-feature-liga-off font-feature-clig-off font-feature-calt-off text-decoration-none text-strikethrough-none\">UFA 1212: 1500 mm x 750 mm x 1715 mm.\u200b<\/span><\/li>\n<\/ul>\n<\/li>\n<\/ul>\n<ul>\n<li><span class=\"OYPEnA font-feature-liga-off font-feature-clig-off font-feature-calt-off text-decoration-none text-strikethrough-none\">Hmotnos\u0165:<\/span>\n<ul>\n<li><span class=\"OYPEnA font-feature-liga-off font-feature-clig-off font-feature-calt-off text-decoration-none text-strikethrough-none\">UFA 1015: pribli\u017ene 330 kg.<\/span><\/li>\n<li><span class=\"OYPEnA font-feature-liga-off font-feature-clig-off font-feature-calt-off text-decoration-none text-strikethrough-none\">UFA 1212: pribli\u017ene 350 kg.<\/span><\/li>\n<\/ul>\n<\/li>\n<\/ul>\n<ul>\n<li><span class=\"OYPEnA font-feature-liga-off font-feature-clig-off font-feature-calt-off text-decoration-none text-strikethrough-none\">Ovl\u00e1danie: Manu\u00e1lne s r\u00fdchloup\u00ednac\u00edm syst\u00e9mom pre horn\u00e9 n\u00e1stroje.\u200b<\/span><\/li>\n<li><span class=\"OYPEnA font-feature-liga-off font-feature-clig-off font-feature-calt-off text-decoration-none text-strikethrough-none\">\u0160peci\u00e1lne vlastnosti:<\/span><\/li>\n<\/ul>\n<ul>\n<li>\n<ul>\n<li><span class=\"OYPEnA font-feature-liga-off font-feature-clig-off font-feature-calt-off text-decoration-none text-strikethrough-none\">Rozdelen\u00e9 horn\u00e9, spodn\u00e9 a zadn\u00e9 n\u00e1stroje z kvalitnej ocele (42CrMo4, kalen\u00e9 na 60 HRC).<\/span><\/li>\n<li><span class=\"OYPEnA font-feature-liga-off font-feature-clig-off font-feature-calt-off text-decoration-none text-strikethrough-none\">Nastavite\u013en\u00e1 zadn\u00e1 dorazov\u00e1 li\u0161ta do 500 mm.<\/span><\/li>\n<li><span class=\"OYPEnA font-feature-liga-off font-feature-clig-off font-feature-calt-off text-decoration-none text-strikethrough-none\">Mo\u017enos\u0165 nastavenia uhla ohybu pomocou nastavite\u013en\u00e9ho dorazu.<\/span><\/li>\n<li><span class=\"OYPEnA font-feature-liga-off font-feature-clig-off font-feature-calt-off text-decoration-none text-strikethrough-none\">Kompaktn\u00e9 rozmery a mobilita v\u010faka kolieskam.<\/span><\/li>\n<li><span class=\"OYPEnA font-feature-liga-off font-feature-clig-off font-feature-calt-off text-decoration-none text-strikethrough-none\">Praktick\u00e1 z\u00e1suvka na n\u00e1stroje a nastavite\u013en\u00fd dorazov\u00fd uhol.\u200b<\/span><\/li>\n<\/ul>\n<\/li>\n<\/ul>\n<p><img decoding=\"async\" class=\"alignnone size-full wp-image-6943\" src=\"https:\/\/www.ipecon.sk\/wp-content\/uploads\/2025\/06\/xxxx.jpg\" alt=\"\" width=\"2082\" height=\"489\" srcset=\"https:\/\/www.ipecon.sk\/wp-content\/uploads\/2025\/06\/xxxx.jpg 2082w, https:\/\/www.ipecon.sk\/wp-content\/uploads\/2025\/06\/xxxx-1280x301.jpg 1280w, https:\/\/www.ipecon.sk\/wp-content\/uploads\/2025\/06\/xxxx-980x230.jpg 980w, https:\/\/www.ipecon.sk\/wp-content\/uploads\/2025\/06\/xxxx-480x113.jpg 480w\" sizes=\"(min-width: 0px) and (max-width: 480px) 480px, (min-width: 481px) and (max-width: 980px) 980px, (min-width: 981px) and (max-width: 1280px) 1280px, (min-width: 1281px) 2082px, 100vw\" \/><\/p>","protected":false},"excerpt":{"rendered":"<p>Erbend UFA ru\u010dn\u00e1 oh\u00fdba\u010dka plechu. Je zn\u00e1ma svojou robustnos\u0165ou, presnos\u0165ou a v\u0161estrannos\u0165ou. Je ide\u00e1lna pre dielne a priemyseln\u00e9 aplik\u00e1cie, kde je potrebn\u00e9 ru\u010dn\u00e9 oh\u00fdbanie plechov s r\u00f4znymi \u0161\u00edrkami a hr\u00fabkami. \u200bJej robustn\u00e1 kon\u0161trukcia, jednoduch\u00e9 ovl\u00e1danie a \u0161irok\u00fd rozsah aplik\u00e1ci\u00ed ju robia ide\u00e1lnou pre r\u00f4zne priemyseln\u00e9 odvetvia.\u200b Technick\u00e9 \u0161pecifik\u00e1cie Maxim\u00e1lna \u0161\u00edrka plechu: UFA 1015: 1050 mm. [&hellip;]<\/p>\n","protected":false},"featured_media":6947,"comment_status":"closed","ping_status":"closed","template":"","meta":{"_acf_changed":false,"_et_pb_use_builder":"","_et_pb_old_content":"","_et_gb_content_width":""},"product_brand":[],"product_cat":[68],"product_tag":[],"class_list":{"0":"post-6944","1":"product","2":"type-product","3":"status-publish","4":"has-post-thumbnail","6":"product_cat-ohybacky-plechov","8":"first","9":"instock","10":"shipping-taxable","11":"product-type-simple"},"acf":[],"yoast_head":"<!-- This site is optimized with the Yoast SEO plugin v27.4 - https:\/\/yoast.com\/product\/yoast-seo-wordpress\/ -->\n<title>Ru\u010dn\u00e1 oh\u00fdba\u010dka plechov UFA - IPECON<\/title>\n<meta name=\"robots\" content=\"index, follow, max-snippet:-1, max-image-preview:large, max-video-preview:-1\" \/>\n<link rel=\"canonical\" href=\"https:\/\/www.ipecon.sk\/en\/product\/ufa-1212\/\" \/>\n<meta property=\"og:locale\" content=\"en_GB\" \/>\n<meta property=\"og:type\" content=\"article\" \/>\n<meta property=\"og:title\" content=\"Ru\u010dn\u00e1 oh\u00fdba\u010dka plechov UFA - IPECON\" \/>\n<meta property=\"og:description\" content=\"Erbend UFA ru\u010dn\u00e1 oh\u00fdba\u010dka plechu. Je zn\u00e1ma svojou robustnos\u0165ou, presnos\u0165ou a v\u0161estrannos\u0165ou. Je ide\u00e1lna pre dielne a priemyseln\u00e9 aplik\u00e1cie, kde je potrebn\u00e9 ru\u010dn\u00e9 oh\u00fdbanie plechov s r\u00f4znymi \u0161\u00edrkami a hr\u00fabkami. \u200bJej robustn\u00e1 kon\u0161trukcia, jednoduch\u00e9 ovl\u00e1danie a \u0161irok\u00fd rozsah aplik\u00e1ci\u00ed ju robia ide\u00e1lnou pre r\u00f4zne priemyseln\u00e9 odvetvia.\u200b Technick\u00e9 \u0161pecifik\u00e1cie Maxim\u00e1lna \u0161\u00edrka plechu: UFA 1015: 1050 mm. [&hellip;]\" \/>\n<meta property=\"og:url\" content=\"https:\/\/www.ipecon.sk\/en\/product\/ufa-1212\/\" \/>\n<meta property=\"og:site_name\" content=\"IPECON\" \/>\n<meta property=\"article:modified_time\" content=\"2025-06-09T13:15:15+00:00\" \/>\n<meta property=\"og:image\" content=\"https:\/\/www.ipecon.sk\/wp-content\/uploads\/2025\/06\/ufaGorsel1.jpg\" \/>\n\t<meta property=\"og:image:width\" content=\"1655\" \/>\n\t<meta property=\"og:image:height\" content=\"1336\" \/>\n\t<meta property=\"og:image:type\" content=\"image\/jpeg\" \/>\n<meta name=\"twitter:card\" content=\"summary_large_image\" \/>\n<meta name=\"twitter:label1\" content=\"Estimated reading time\" \/>\n\t<meta name=\"twitter:data1\" content=\"2 minutes\" \/>\n<script type=\"application\/ld+json\" class=\"yoast-schema-graph\">{\"@context\":\"https:\\\/\\\/schema.org\",\"@graph\":[{\"@type\":\"WebPage\",\"@id\":\"https:\\\/\\\/www.ipecon.sk\\\/product\\\/ufa-1212\\\/\",\"url\":\"https:\\\/\\\/www.ipecon.sk\\\/product\\\/ufa-1212\\\/\",\"name\":\"Ru\u010dn\u00e1 oh\u00fdba\u010dka plechov UFA - IPECON\",\"isPartOf\":{\"@id\":\"https:\\\/\\\/www.ipecon.sk\\\/#website\"},\"primaryImageOfPage\":{\"@id\":\"https:\\\/\\\/www.ipecon.sk\\\/product\\\/ufa-1212\\\/#primaryimage\"},\"image\":{\"@id\":\"https:\\\/\\\/www.ipecon.sk\\\/product\\\/ufa-1212\\\/#primaryimage\"},\"thumbnailUrl\":\"https:\\\/\\\/www.ipecon.sk\\\/wp-content\\\/uploads\\\/2025\\\/06\\\/ufaGorsel1.jpg\",\"datePublished\":\"2025-06-09T08:40:11+00:00\",\"dateModified\":\"2025-06-09T13:15:15+00:00\",\"breadcrumb\":{\"@id\":\"https:\\\/\\\/www.ipecon.sk\\\/product\\\/ufa-1212\\\/#breadcrumb\"},\"inLanguage\":\"en-GB\",\"potentialAction\":[{\"@type\":\"ReadAction\",\"target\":[\"https:\\\/\\\/www.ipecon.sk\\\/product\\\/ufa-1212\\\/\"]}]},{\"@type\":\"ImageObject\",\"inLanguage\":\"en-GB\",\"@id\":\"https:\\\/\\\/www.ipecon.sk\\\/product\\\/ufa-1212\\\/#primaryimage\",\"url\":\"https:\\\/\\\/www.ipecon.sk\\\/wp-content\\\/uploads\\\/2025\\\/06\\\/ufaGorsel1.jpg\",\"contentUrl\":\"https:\\\/\\\/www.ipecon.sk\\\/wp-content\\\/uploads\\\/2025\\\/06\\\/ufaGorsel1.jpg\",\"width\":1655,\"height\":1336},{\"@type\":\"BreadcrumbList\",\"@id\":\"https:\\\/\\\/www.ipecon.sk\\\/product\\\/ufa-1212\\\/#breadcrumb\",\"itemListElement\":[{\"@type\":\"ListItem\",\"position\":1,\"name\":\"Home\",\"item\":\"https:\\\/\\\/www.ipecon.sk\\\/\"},{\"@type\":\"ListItem\",\"position\":2,\"name\":\"Shop\",\"item\":\"https:\\\/\\\/www.ipecon.sk\\\/shop\\\/\"},{\"@type\":\"ListItem\",\"position\":3,\"name\":\"Ru\u010dn\u00e1 oh\u00fdba\u010dka plechov UFA\"}]},{\"@type\":\"WebSite\",\"@id\":\"https:\\\/\\\/www.ipecon.sk\\\/#website\",\"url\":\"https:\\\/\\\/www.ipecon.sk\\\/\",\"name\":\"IPECON\",\"description\":\"\",\"potentialAction\":[{\"@type\":\"SearchAction\",\"target\":{\"@type\":\"EntryPoint\",\"urlTemplate\":\"https:\\\/\\\/www.ipecon.sk\\\/?s={search_term_string}\"},\"query-input\":{\"@type\":\"PropertyValueSpecification\",\"valueRequired\":true,\"valueName\":\"search_term_string\"}}],\"inLanguage\":\"en-GB\"}]}<\/script>\n<!-- \/ Yoast SEO plugin. -->","yoast_head_json":{"title":"Ru\u010dn\u00e1 oh\u00fdba\u010dka plechov UFA - IPECON","robots":{"index":"index","follow":"follow","max-snippet":"max-snippet:-1","max-image-preview":"max-image-preview:large","max-video-preview":"max-video-preview:-1"},"canonical":"https:\/\/www.ipecon.sk\/en\/product\/ufa-1212\/","og_locale":"en_GB","og_type":"article","og_title":"Ru\u010dn\u00e1 oh\u00fdba\u010dka plechov UFA - IPECON","og_description":"Erbend UFA ru\u010dn\u00e1 oh\u00fdba\u010dka plechu. Je zn\u00e1ma svojou robustnos\u0165ou, presnos\u0165ou a v\u0161estrannos\u0165ou. Je ide\u00e1lna pre dielne a priemyseln\u00e9 aplik\u00e1cie, kde je potrebn\u00e9 ru\u010dn\u00e9 oh\u00fdbanie plechov s r\u00f4znymi \u0161\u00edrkami a hr\u00fabkami. \u200bJej robustn\u00e1 kon\u0161trukcia, jednoduch\u00e9 ovl\u00e1danie a \u0161irok\u00fd rozsah aplik\u00e1ci\u00ed ju robia ide\u00e1lnou pre r\u00f4zne priemyseln\u00e9 odvetvia.\u200b Technick\u00e9 \u0161pecifik\u00e1cie Maxim\u00e1lna \u0161\u00edrka plechu: UFA 1015: 1050 mm. [&hellip;]","og_url":"https:\/\/www.ipecon.sk\/en\/product\/ufa-1212\/","og_site_name":"IPECON","article_modified_time":"2025-06-09T13:15:15+00:00","og_image":[{"width":1655,"height":1336,"url":"https:\/\/www.ipecon.sk\/wp-content\/uploads\/2025\/06\/ufaGorsel1.jpg","type":"image\/jpeg"}],"twitter_card":"summary_large_image","twitter_misc":{"Estimated reading time":"2 minutes"},"schema":{"@context":"https:\/\/schema.org","@graph":[{"@type":"WebPage","@id":"https:\/\/www.ipecon.sk\/product\/ufa-1212\/","url":"https:\/\/www.ipecon.sk\/product\/ufa-1212\/","name":"Ru\u010dn\u00e1 oh\u00fdba\u010dka plechov UFA - IPECON","isPartOf":{"@id":"https:\/\/www.ipecon.sk\/#website"},"primaryImageOfPage":{"@id":"https:\/\/www.ipecon.sk\/product\/ufa-1212\/#primaryimage"},"image":{"@id":"https:\/\/www.ipecon.sk\/product\/ufa-1212\/#primaryimage"},"thumbnailUrl":"https:\/\/www.ipecon.sk\/wp-content\/uploads\/2025\/06\/ufaGorsel1.jpg","datePublished":"2025-06-09T08:40:11+00:00","dateModified":"2025-06-09T13:15:15+00:00","breadcrumb":{"@id":"https:\/\/www.ipecon.sk\/product\/ufa-1212\/#breadcrumb"},"inLanguage":"en-GB","potentialAction":[{"@type":"ReadAction","target":["https:\/\/www.ipecon.sk\/product\/ufa-1212\/"]}]},{"@type":"ImageObject","inLanguage":"en-GB","@id":"https:\/\/www.ipecon.sk\/product\/ufa-1212\/#primaryimage","url":"https:\/\/www.ipecon.sk\/wp-content\/uploads\/2025\/06\/ufaGorsel1.jpg","contentUrl":"https:\/\/www.ipecon.sk\/wp-content\/uploads\/2025\/06\/ufaGorsel1.jpg","width":1655,"height":1336},{"@type":"BreadcrumbList","@id":"https:\/\/www.ipecon.sk\/product\/ufa-1212\/#breadcrumb","itemListElement":[{"@type":"ListItem","position":1,"name":"Home","item":"https:\/\/www.ipecon.sk\/"},{"@type":"ListItem","position":2,"name":"Shop","item":"https:\/\/www.ipecon.sk\/shop\/"},{"@type":"ListItem","position":3,"name":"Ru\u010dn\u00e1 oh\u00fdba\u010dka plechov UFA"}]},{"@type":"WebSite","@id":"https:\/\/www.ipecon.sk\/#website","url":"https:\/\/www.ipecon.sk\/","name":"IPECON","description":"","potentialAction":[{"@type":"SearchAction","target":{"@type":"EntryPoint","urlTemplate":"https:\/\/www.ipecon.sk\/?s={search_term_string}"},"query-input":{"@type":"PropertyValueSpecification","valueRequired":true,"valueName":"search_term_string"}}],"inLanguage":"en-GB"}]}},"_links":{"self":[{"href":"https:\/\/www.ipecon.sk\/en\/wp-json\/wp\/v2\/product\/6944","targetHints":{"allow":["GET"]}}],"collection":[{"href":"https:\/\/www.ipecon.sk\/en\/wp-json\/wp\/v2\/product"}],"about":[{"href":"https:\/\/www.ipecon.sk\/en\/wp-json\/wp\/v2\/types\/product"}],"replies":[{"embeddable":true,"href":"https:\/\/www.ipecon.sk\/en\/wp-json\/wp\/v2\/comments?post=6944"}],"wp:featuredmedia":[{"embeddable":true,"href":"https:\/\/www.ipecon.sk\/en\/wp-json\/wp\/v2\/media\/6947"}],"wp:attachment":[{"href":"https:\/\/www.ipecon.sk\/en\/wp-json\/wp\/v2\/media?parent=6944"}],"wp:term":[{"taxonomy":"product_brand","embeddable":true,"href":"https:\/\/www.ipecon.sk\/en\/wp-json\/wp\/v2\/product_brand?post=6944"},{"taxonomy":"product_cat","embeddable":true,"href":"https:\/\/www.ipecon.sk\/en\/wp-json\/wp\/v2\/product_cat?post=6944"},{"taxonomy":"product_tag","embeddable":true,"href":"https:\/\/www.ipecon.sk\/en\/wp-json\/wp\/v2\/product_tag?post=6944"}],"curies":[{"name":"wp","href":"https:\/\/api.w.org\/{rel}","templated":true}]}}