{"id":6081,"date":"2024-08-06T11:52:37","date_gmt":"2024-08-06T11:52:37","guid":{"rendered":"https:\/\/www.ipecon.sk\/?post_type=product&#038;p=6081"},"modified":"2026-04-11T09:44:00","modified_gmt":"2026-04-11T09:44:00","slug":"sbm","status":"publish","type":"product","link":"https:\/\/www.ipecon.sk\/en\/product\/sbm\/","title":{"rendered":"Hydraulick\u00e1 zakru\u017eova\u010dka plechov SBM-4L"},"content":{"rendered":"<p><span data-olk-copy-source=\"MessageBody\">Inovat\u00edvne hydraulick\u00e9\u00a0<\/span><b>zakru\u017eova\u010dky plechov radu SBM predstavuj\u00fa najvy\u0161\u0161\u00ed rad zakru\u017eova\u010diek plechov\u00a0<\/b>z v\u00fdrobn\u00e9ho programu\u00a0<b>MAC BENDING<\/b>. Boli vyvinut\u00e9 a vyroben\u00e9 vyu\u017eit\u00edm najnov\u0161\u00edch technol\u00f3gii v oblasti zakru\u017eovania. S\u00fa kon\u0161truovan\u00e9 pre zakru\u017eovanie mno\u017estva\u00a0\u0161\u00edriek a hr\u00fabok plechov.<\/p>\n<p>V \u0161tandardnom vyhotoven\u00ed s\u00fa zakru\u017eova\u010dky\u00a0<b>SBM\u00a0<\/b>vybaven\u00e9\u00a0<b>NC riadiacou jednotkou<\/b>\u00a0s digit\u00e1lnym od\u010d\u00edtavan\u00edm polohy valcov, tla\u010didlami pre polohovanie spodn\u00e9ho a bo\u010dn\u00fdch v\u00e1lcov (X, Y, Z) a rot\u00e1ciu horn\u00e9ho a spodn\u00e9ho valca (R).<\/p>\n<p>\u0160tandardom s\u00fa aj dve alebo tri r\u00fdchlosti zakru\u017eovania (pod\u013ea modelu stroja). Vytvoren\u00e9 NC programy umo\u017e\u0148uj\u00fa v\u00fdrobu opakovan\u00fdch v\u00fdrobkov v\u00a0automatickom re\u017eime (NC syst\u00e9m ovl\u00e1da vsetky pracovn\u00e9 osi stroja).<\/p>\n<p>Z volite\u013en\u00e9ho pr\u00edslu\u0161enstva je mo\u017en\u00e9 stroje vybavi\u0165 aj centr\u00e1lnou podperou, bo\u010dn\u00fdmi podperami a\u00a0plynule nastavite\u013enou r\u00fdchlos\u0165ou ot\u00e1\u010dania.<\/p>","protected":false},"excerpt":{"rendered":"<ul>\n<li><strong><span role=\"presentation\" data-olk-copy-source=\"MessageBody\">certifik\u00e1t CE<\/span><\/strong><\/li>\n<li>\n<div role=\"presentation\"><strong>4 valce, robustn\u00e1 oce\u013eov\u00e1 kon\u0161trukcia<\/strong><\/div>\n<\/li>\n<li>\n<div role=\"presentation\"><strong>grafick\u00e1 NC riadiaca jednotka\u00a0<\/strong>s digit\u00e1lnym od\u010d\u00edtavan\u00edm polohy valcov, a u\u017e v \u0161tandarde s mo\u017enos\u0165ou vytvorenia a spustenia <strong>NC<\/strong> automatick\u00fdch programov<\/div>\n<\/li>\n<li><strong><span role=\"presentation\">v\u0161etky valce induk\u010dne kalen\u00e9, le\u0161ten\u00e9 a ulo\u017een\u00e9 v lo\u017eisk\u00e1ch<\/span><\/strong><\/li>\n<li>\n<div role=\"presentation\"><strong>horn\u00fd a spodn\u00fd valec poh\u00e1\u0148an\u00fd\u00a0hydraulick\u00fdmi motormi s plan\u00e9tov\u00fdmi prevodovkami<\/strong><\/div>\n<\/li>\n<li><strong><span role=\"presentation\">hydraulicky ovl\u00e1dan\u00fd v\u00fdklopn\u00fd strme\u0148<\/span><\/strong><\/li>\n<li><strong><span role=\"presentation\">pr\u00edslu\u0161enstvo pre zakru\u017eovanie\u00a0<\/span>ku\u017ee\u013eov<\/strong><\/li>\n<li>\n<div role=\"presentation\">\u010fal\u0161ie mo\u017en\u00e9 volite\u013en\u00e9 pr\u00edslu\u0161enstvo<\/div>\n<\/li>\n<\/ul>","protected":false},"featured_media":7147,"comment_status":"open","ping_status":"closed","template":"","meta":{"_acf_changed":false,"_et_pb_use_builder":"","_et_pb_old_content":"","_et_gb_content_width":""},"product_brand":[],"product_cat":[32],"product_tag":[],"class_list":{"0":"post-6081","1":"product","2":"type-product","3":"status-publish","4":"has-post-thumbnail","6":"product_cat-zakruzovacky-plechov","8":"first","9":"instock","10":"shipping-taxable","11":"product-type-simple"},"acf":[],"yoast_head":"<!-- This site is optimized with the Yoast SEO plugin v27.4 - https:\/\/yoast.com\/product\/yoast-seo-wordpress\/ -->\n<title>Hydraulick\u00e1 zakru\u017eova\u010dka plechov SBM-4L - IPECON<\/title>\n<meta name=\"robots\" content=\"index, follow, max-snippet:-1, max-image-preview:large, max-video-preview:-1\" \/>\n<link rel=\"canonical\" href=\"https:\/\/www.ipecon.sk\/en\/product\/sbm\/\" \/>\n<meta property=\"og:locale\" content=\"en_GB\" \/>\n<meta property=\"og:type\" content=\"article\" \/>\n<meta property=\"og:title\" content=\"Hydraulick\u00e1 zakru\u017eova\u010dka plechov SBM-4L - IPECON\" \/>\n<meta property=\"og:description\" content=\"certifik\u00e1t CE   4 valce, robustn\u00e1 oce\u013eov\u00e1 kon\u0161trukcia   grafick\u00e1 NC riadiaca jednotka\u00a0s digit\u00e1lnym od\u010d\u00edtavan\u00edm polohy valcov, a u\u017e v \u0161tandarde s mo\u017enos\u0165ou vytvorenia a spustenia NC automatick\u00fdch programov  v\u0161etky valce induk\u010dne kalen\u00e9, le\u0161ten\u00e9 a ulo\u017een\u00e9 v lo\u017eisk\u00e1ch   horn\u00fd a spodn\u00fd valec poh\u00e1\u0148an\u00fd\u00a0hydraulick\u00fdmi motormi s plan\u00e9tov\u00fdmi prevodovkami  hydraulicky ovl\u00e1dan\u00fd v\u00fdklopn\u00fd strme\u0148  pr\u00edslu\u0161enstvo pre zakru\u017eovanie\u00a0ku\u017ee\u013eov   \u010fal\u0161ie mo\u017en\u00e9 volite\u013en\u00e9 pr\u00edslu\u0161enstvo\" \/>\n<meta property=\"og:url\" content=\"https:\/\/www.ipecon.sk\/en\/product\/sbm\/\" \/>\n<meta property=\"og:site_name\" content=\"IPECON\" \/>\n<meta property=\"article:modified_time\" content=\"2026-04-11T09:44:00+00:00\" \/>\n<meta property=\"og:image\" content=\"https:\/\/www.ipecon.sk\/wp-content\/uploads\/2024\/08\/SBM-model.jpg\" \/>\n\t<meta property=\"og:image:width\" content=\"1358\" \/>\n\t<meta property=\"og:image:height\" content=\"1358\" \/>\n\t<meta property=\"og:image:type\" content=\"image\/jpeg\" \/>\n<meta name=\"twitter:card\" content=\"summary_large_image\" \/>\n<meta name=\"twitter:label1\" content=\"Estimated reading time\" \/>\n\t<meta name=\"twitter:data1\" content=\"1 minute\" \/>\n<script type=\"application\/ld+json\" class=\"yoast-schema-graph\">{\"@context\":\"https:\\\/\\\/schema.org\",\"@graph\":[{\"@type\":\"WebPage\",\"@id\":\"https:\\\/\\\/www.ipecon.sk\\\/product\\\/sbm\\\/\",\"url\":\"https:\\\/\\\/www.ipecon.sk\\\/product\\\/sbm\\\/\",\"name\":\"Hydraulick\u00e1 zakru\u017eova\u010dka plechov SBM-4L - IPECON\",\"isPartOf\":{\"@id\":\"https:\\\/\\\/www.ipecon.sk\\\/#website\"},\"primaryImageOfPage\":{\"@id\":\"https:\\\/\\\/www.ipecon.sk\\\/product\\\/sbm\\\/#primaryimage\"},\"image\":{\"@id\":\"https:\\\/\\\/www.ipecon.sk\\\/product\\\/sbm\\\/#primaryimage\"},\"thumbnailUrl\":\"https:\\\/\\\/www.ipecon.sk\\\/wp-content\\\/uploads\\\/2024\\\/08\\\/SBM-model.jpg\",\"datePublished\":\"2024-08-06T11:52:37+00:00\",\"dateModified\":\"2026-04-11T09:44:00+00:00\",\"breadcrumb\":{\"@id\":\"https:\\\/\\\/www.ipecon.sk\\\/product\\\/sbm\\\/#breadcrumb\"},\"inLanguage\":\"en-GB\",\"potentialAction\":[{\"@type\":\"ReadAction\",\"target\":[\"https:\\\/\\\/www.ipecon.sk\\\/product\\\/sbm\\\/\"]}]},{\"@type\":\"ImageObject\",\"inLanguage\":\"en-GB\",\"@id\":\"https:\\\/\\\/www.ipecon.sk\\\/product\\\/sbm\\\/#primaryimage\",\"url\":\"https:\\\/\\\/www.ipecon.sk\\\/wp-content\\\/uploads\\\/2024\\\/08\\\/SBM-model.jpg\",\"contentUrl\":\"https:\\\/\\\/www.ipecon.sk\\\/wp-content\\\/uploads\\\/2024\\\/08\\\/SBM-model.jpg\",\"width\":1358,\"height\":1358},{\"@type\":\"BreadcrumbList\",\"@id\":\"https:\\\/\\\/www.ipecon.sk\\\/product\\\/sbm\\\/#breadcrumb\",\"itemListElement\":[{\"@type\":\"ListItem\",\"position\":1,\"name\":\"Home\",\"item\":\"https:\\\/\\\/www.ipecon.sk\\\/\"},{\"@type\":\"ListItem\",\"position\":2,\"name\":\"Shop\",\"item\":\"https:\\\/\\\/www.ipecon.sk\\\/shop\\\/\"},{\"@type\":\"ListItem\",\"position\":3,\"name\":\"Hydraulick\u00e1 zakru\u017eova\u010dka plechov SBM-4L\"}]},{\"@type\":\"WebSite\",\"@id\":\"https:\\\/\\\/www.ipecon.sk\\\/#website\",\"url\":\"https:\\\/\\\/www.ipecon.sk\\\/\",\"name\":\"IPECON\",\"description\":\"\",\"potentialAction\":[{\"@type\":\"SearchAction\",\"target\":{\"@type\":\"EntryPoint\",\"urlTemplate\":\"https:\\\/\\\/www.ipecon.sk\\\/?s={search_term_string}\"},\"query-input\":{\"@type\":\"PropertyValueSpecification\",\"valueRequired\":true,\"valueName\":\"search_term_string\"}}],\"inLanguage\":\"en-GB\"}]}<\/script>\n<!-- \/ Yoast SEO plugin. -->","yoast_head_json":{"title":"Hydraulick\u00e1 zakru\u017eova\u010dka plechov SBM-4L - IPECON","robots":{"index":"index","follow":"follow","max-snippet":"max-snippet:-1","max-image-preview":"max-image-preview:large","max-video-preview":"max-video-preview:-1"},"canonical":"https:\/\/www.ipecon.sk\/en\/product\/sbm\/","og_locale":"en_GB","og_type":"article","og_title":"Hydraulick\u00e1 zakru\u017eova\u010dka plechov SBM-4L - IPECON","og_description":"certifik\u00e1t CE   4 valce, robustn\u00e1 oce\u013eov\u00e1 kon\u0161trukcia   grafick\u00e1 NC riadiaca jednotka\u00a0s digit\u00e1lnym od\u010d\u00edtavan\u00edm polohy valcov, a u\u017e v \u0161tandarde s mo\u017enos\u0165ou vytvorenia a spustenia NC automatick\u00fdch programov  v\u0161etky valce induk\u010dne kalen\u00e9, le\u0161ten\u00e9 a ulo\u017een\u00e9 v lo\u017eisk\u00e1ch   horn\u00fd a spodn\u00fd valec poh\u00e1\u0148an\u00fd\u00a0hydraulick\u00fdmi motormi s plan\u00e9tov\u00fdmi prevodovkami  hydraulicky ovl\u00e1dan\u00fd v\u00fdklopn\u00fd strme\u0148  pr\u00edslu\u0161enstvo pre zakru\u017eovanie\u00a0ku\u017ee\u013eov   \u010fal\u0161ie mo\u017en\u00e9 volite\u013en\u00e9 pr\u00edslu\u0161enstvo","og_url":"https:\/\/www.ipecon.sk\/en\/product\/sbm\/","og_site_name":"IPECON","article_modified_time":"2026-04-11T09:44:00+00:00","og_image":[{"width":1358,"height":1358,"url":"https:\/\/www.ipecon.sk\/wp-content\/uploads\/2024\/08\/SBM-model.jpg","type":"image\/jpeg"}],"twitter_card":"summary_large_image","twitter_misc":{"Estimated reading time":"1 minute"},"schema":{"@context":"https:\/\/schema.org","@graph":[{"@type":"WebPage","@id":"https:\/\/www.ipecon.sk\/product\/sbm\/","url":"https:\/\/www.ipecon.sk\/product\/sbm\/","name":"Hydraulick\u00e1 zakru\u017eova\u010dka plechov SBM-4L - IPECON","isPartOf":{"@id":"https:\/\/www.ipecon.sk\/#website"},"primaryImageOfPage":{"@id":"https:\/\/www.ipecon.sk\/product\/sbm\/#primaryimage"},"image":{"@id":"https:\/\/www.ipecon.sk\/product\/sbm\/#primaryimage"},"thumbnailUrl":"https:\/\/www.ipecon.sk\/wp-content\/uploads\/2024\/08\/SBM-model.jpg","datePublished":"2024-08-06T11:52:37+00:00","dateModified":"2026-04-11T09:44:00+00:00","breadcrumb":{"@id":"https:\/\/www.ipecon.sk\/product\/sbm\/#breadcrumb"},"inLanguage":"en-GB","potentialAction":[{"@type":"ReadAction","target":["https:\/\/www.ipecon.sk\/product\/sbm\/"]}]},{"@type":"ImageObject","inLanguage":"en-GB","@id":"https:\/\/www.ipecon.sk\/product\/sbm\/#primaryimage","url":"https:\/\/www.ipecon.sk\/wp-content\/uploads\/2024\/08\/SBM-model.jpg","contentUrl":"https:\/\/www.ipecon.sk\/wp-content\/uploads\/2024\/08\/SBM-model.jpg","width":1358,"height":1358},{"@type":"BreadcrumbList","@id":"https:\/\/www.ipecon.sk\/product\/sbm\/#breadcrumb","itemListElement":[{"@type":"ListItem","position":1,"name":"Home","item":"https:\/\/www.ipecon.sk\/"},{"@type":"ListItem","position":2,"name":"Shop","item":"https:\/\/www.ipecon.sk\/shop\/"},{"@type":"ListItem","position":3,"name":"Hydraulick\u00e1 zakru\u017eova\u010dka plechov SBM-4L"}]},{"@type":"WebSite","@id":"https:\/\/www.ipecon.sk\/#website","url":"https:\/\/www.ipecon.sk\/","name":"IPECON","description":"","potentialAction":[{"@type":"SearchAction","target":{"@type":"EntryPoint","urlTemplate":"https:\/\/www.ipecon.sk\/?s={search_term_string}"},"query-input":{"@type":"PropertyValueSpecification","valueRequired":true,"valueName":"search_term_string"}}],"inLanguage":"en-GB"}]}},"_links":{"self":[{"href":"https:\/\/www.ipecon.sk\/en\/wp-json\/wp\/v2\/product\/6081","targetHints":{"allow":["GET"]}}],"collection":[{"href":"https:\/\/www.ipecon.sk\/en\/wp-json\/wp\/v2\/product"}],"about":[{"href":"https:\/\/www.ipecon.sk\/en\/wp-json\/wp\/v2\/types\/product"}],"replies":[{"embeddable":true,"href":"https:\/\/www.ipecon.sk\/en\/wp-json\/wp\/v2\/comments?post=6081"}],"wp:featuredmedia":[{"embeddable":true,"href":"https:\/\/www.ipecon.sk\/en\/wp-json\/wp\/v2\/media\/7147"}],"wp:attachment":[{"href":"https:\/\/www.ipecon.sk\/en\/wp-json\/wp\/v2\/media?parent=6081"}],"wp:term":[{"taxonomy":"product_brand","embeddable":true,"href":"https:\/\/www.ipecon.sk\/en\/wp-json\/wp\/v2\/product_brand?post=6081"},{"taxonomy":"product_cat","embeddable":true,"href":"https:\/\/www.ipecon.sk\/en\/wp-json\/wp\/v2\/product_cat?post=6081"},{"taxonomy":"product_tag","embeddable":true,"href":"https:\/\/www.ipecon.sk\/en\/wp-json\/wp\/v2\/product_tag?post=6081"}],"curies":[{"name":"wp","href":"https:\/\/api.w.org\/{rel}","templated":true}]}}