{"id":6076,"date":"2024-08-06T08:20:28","date_gmt":"2024-08-06T08:20:28","guid":{"rendered":"https:\/\/www.ipecon.sk\/?post_type=product&#038;p=6076"},"modified":"2025-06-26T12:56:56","modified_gmt":"2025-06-26T12:56:56","slug":"arm","status":"publish","type":"product","link":"https:\/\/www.ipecon.sk\/en\/product\/arm\/","title":{"rendered":"ARM"},"content":{"rendered":"<p class=\"x_MsoNormal\" data-olk-copy-source=\"MessageBody\">Profesion\u00e1lne hydraulick\u00e9\u00a0<b>zakru\u017eova\u010dky profilov radu ARM predstavuj\u00fa z\u00e1kladn\u00fd rad zakru\u017eova\u010diek profilov<\/b>\u00a0z v\u00fdrobn\u00e9ho programu\u00a0<b>MAC BENDING<\/b>. Boli vyvinut\u00e9 a vyroben\u00e9 vyu\u017eit\u00edm najnov\u0161\u00edch technol\u00f3gii v oblasti zakru\u017eovania. S\u00fa kon\u0161truovan\u00e9 pre zakru\u017eovanie \u0161irok\u00e9ho radu profilov.<\/p>\n<p class=\"x_MsoNormal\">V \u0161tandardnom vyhotoven\u00ed s\u00fa zakru\u017eova\u010dky\u00a0<b>ARM<\/b>\u00a0vybaven\u00e9\u00a0<b>pult\u00edkom s\u00a0tla\u010didlami<\/b>\u00a0pre pohon v\u0161etk\u00fdch valcov, polohovanie spodn\u00fdch valcov a s\u00a0\u010d\u00edseln\u00edkmi pre digit\u00e1lne od\u010d\u00edtavanie polohy spodn\u00fdch valcov (X, Y)<\/p>\n<p class=\"x_MsoNormal\">\u0160tandardom je jedna r\u00fdchlosti zakru\u017eovania.<\/p>\n<p class=\"x_MsoNormal\">Na stroj nie je mo\u017en\u00e9 doplni\u0165 \u017eiadne volite\u013en\u00e9 pr\u00edslu\u0161enstvo.<\/p>","protected":false},"excerpt":{"rendered":"<ul>\n<li class=\"x_MsoNormal\"><b data-olk-copy-source=\"MessageBody\">certifik\u00e1t CE<\/b><\/li>\n<li class=\"x_MsoNormal\"><b>1 set univerz\u00e1lnych \u0161tandardn\u00fdch kalen\u00fdch a br\u00fasen\u00fdch valcov zo \u0161peci\u00e1lnej ocele<\/b><\/li>\n<li class=\"x_MsoNormal\"><b>samostatn\u00fd ovl\u00e1dac\u00ed pult\u00edk (s digit\u00e1lnymi \u010d\u00edseln\u00edkmi pre zobrazovanie polohy valcov):<\/b>\n<ul type=\"disc\">\n<li class=\"x_MsoNormal\">manu\u00e1lne ovl\u00e1danie stroja tla\u010didlami z\u00a0riadiaceho panelu<\/li>\n<li class=\"x_MsoNormal\">digit\u00e1lne od\u010d\u00edtanie polohy valcov X, Y (zobrazovan\u00e9 na \u010d\u00edseln\u00edkoch)<\/li>\n<li class=\"x_MsoNormal\">mo\u017enos\u0165 ovl\u00e1da\u0165 stroj iba v\u00a0manu\u00e1lnom re\u017eime<\/li>\n<\/ul>\n<\/li>\n<li class=\"x_MsoNormal\"><b>spodn\u00e9 bo\u010dn\u00e9 valce polohovan\u00e9 hydraulicky<\/b><\/li>\n<li class=\"x_MsoNormal\"><b>v\u0161etky 3 valce rotovan\u00e9 hydromotorom<\/b><\/li>\n<li class=\"x_MsoNormal\"><b>v jednej osi manu\u00e1lne nastavite\u013en\u00e9 jednoduch\u00e9 bo\u010dn\u00e9 podpery<\/b><\/li>\n<li class=\"x_MsoNormal\"><b>zv\u00e1ran\u00fd oce\u013eov\u00fd r\u00e1m<\/b><\/li>\n<\/ul>","protected":false},"featured_media":6078,"comment_status":"open","ping_status":"closed","template":"","meta":{"_acf_changed":false,"_et_pb_use_builder":"","_et_pb_old_content":"","_et_gb_content_width":""},"product_brand":[],"product_cat":[33],"product_tag":[],"class_list":{"0":"post-6076","1":"product","2":"type-product","3":"status-publish","4":"has-post-thumbnail","6":"product_cat-zakruzovacky-profilov","8":"first","9":"instock","10":"shipping-taxable","11":"product-type-simple"},"acf":[],"yoast_head":"<!-- This site is optimized with the Yoast SEO plugin v27.4 - https:\/\/yoast.com\/product\/yoast-seo-wordpress\/ -->\n<title>ARM - IPECON<\/title>\n<meta name=\"robots\" content=\"index, follow, max-snippet:-1, max-image-preview:large, max-video-preview:-1\" \/>\n<link rel=\"canonical\" href=\"https:\/\/www.ipecon.sk\/en\/product\/arm\/\" \/>\n<meta property=\"og:locale\" content=\"en_GB\" \/>\n<meta property=\"og:type\" content=\"article\" \/>\n<meta property=\"og:title\" content=\"ARM - IPECON\" \/>\n<meta property=\"og:description\" content=\"certifik\u00e1t CE  1 set univerz\u00e1lnych \u0161tandardn\u00fdch kalen\u00fdch a br\u00fasen\u00fdch valcov zo \u0161peci\u00e1lnej ocele  samostatn\u00fd ovl\u00e1dac\u00ed pult\u00edk (s digit\u00e1lnymi \u010d\u00edseln\u00edkmi pre zobrazovanie polohy valcov):   manu\u00e1lne ovl\u00e1danie stroja tla\u010didlami z\u00a0riadiaceho panelu  digit\u00e1lne od\u010d\u00edtanie polohy valcov X, Y (zobrazovan\u00e9 na \u010d\u00edseln\u00edkoch)  mo\u017enos\u0165 ovl\u00e1da\u0165 stroj iba v\u00a0manu\u00e1lnom re\u017eime    spodn\u00e9 bo\u010dn\u00e9 valce polohovan\u00e9 hydraulicky  v\u0161etky 3 valce rotovan\u00e9 hydromotorom  v jednej osi manu\u00e1lne nastavite\u013en\u00e9 jednoduch\u00e9 bo\u010dn\u00e9 podpery  zv\u00e1ran\u00fd oce\u013eov\u00fd r\u00e1m\" \/>\n<meta property=\"og:url\" content=\"https:\/\/www.ipecon.sk\/en\/product\/arm\/\" \/>\n<meta property=\"og:site_name\" content=\"IPECON\" \/>\n<meta property=\"article:modified_time\" content=\"2025-06-26T12:56:56+00:00\" \/>\n<meta property=\"og:image\" content=\"https:\/\/www.ipecon.sk\/wp-content\/uploads\/2024\/08\/ARM2.jpg\" \/>\n\t<meta property=\"og:image:width\" content=\"735\" \/>\n\t<meta property=\"og:image:height\" content=\"681\" \/>\n\t<meta property=\"og:image:type\" content=\"image\/jpeg\" \/>\n<meta name=\"twitter:card\" content=\"summary_large_image\" \/>\n<meta name=\"twitter:label1\" content=\"Estimated reading time\" \/>\n\t<meta name=\"twitter:data1\" content=\"1 minute\" \/>\n<script type=\"application\/ld+json\" class=\"yoast-schema-graph\">{\"@context\":\"https:\\\/\\\/schema.org\",\"@graph\":[{\"@type\":\"WebPage\",\"@id\":\"https:\\\/\\\/www.ipecon.sk\\\/product\\\/arm\\\/\",\"url\":\"https:\\\/\\\/www.ipecon.sk\\\/product\\\/arm\\\/\",\"name\":\"ARM - IPECON\",\"isPartOf\":{\"@id\":\"https:\\\/\\\/www.ipecon.sk\\\/#website\"},\"primaryImageOfPage\":{\"@id\":\"https:\\\/\\\/www.ipecon.sk\\\/product\\\/arm\\\/#primaryimage\"},\"image\":{\"@id\":\"https:\\\/\\\/www.ipecon.sk\\\/product\\\/arm\\\/#primaryimage\"},\"thumbnailUrl\":\"https:\\\/\\\/www.ipecon.sk\\\/wp-content\\\/uploads\\\/2024\\\/08\\\/ARM2.jpg\",\"datePublished\":\"2024-08-06T08:20:28+00:00\",\"dateModified\":\"2025-06-26T12:56:56+00:00\",\"breadcrumb\":{\"@id\":\"https:\\\/\\\/www.ipecon.sk\\\/product\\\/arm\\\/#breadcrumb\"},\"inLanguage\":\"en-GB\",\"potentialAction\":[{\"@type\":\"ReadAction\",\"target\":[\"https:\\\/\\\/www.ipecon.sk\\\/product\\\/arm\\\/\"]}]},{\"@type\":\"ImageObject\",\"inLanguage\":\"en-GB\",\"@id\":\"https:\\\/\\\/www.ipecon.sk\\\/product\\\/arm\\\/#primaryimage\",\"url\":\"https:\\\/\\\/www.ipecon.sk\\\/wp-content\\\/uploads\\\/2024\\\/08\\\/ARM2.jpg\",\"contentUrl\":\"https:\\\/\\\/www.ipecon.sk\\\/wp-content\\\/uploads\\\/2024\\\/08\\\/ARM2.jpg\",\"width\":735,\"height\":681},{\"@type\":\"BreadcrumbList\",\"@id\":\"https:\\\/\\\/www.ipecon.sk\\\/product\\\/arm\\\/#breadcrumb\",\"itemListElement\":[{\"@type\":\"ListItem\",\"position\":1,\"name\":\"Home\",\"item\":\"https:\\\/\\\/www.ipecon.sk\\\/\"},{\"@type\":\"ListItem\",\"position\":2,\"name\":\"Shop\",\"item\":\"https:\\\/\\\/www.ipecon.sk\\\/shop\\\/\"},{\"@type\":\"ListItem\",\"position\":3,\"name\":\"ARM\"}]},{\"@type\":\"WebSite\",\"@id\":\"https:\\\/\\\/www.ipecon.sk\\\/#website\",\"url\":\"https:\\\/\\\/www.ipecon.sk\\\/\",\"name\":\"IPECON\",\"description\":\"\",\"potentialAction\":[{\"@type\":\"SearchAction\",\"target\":{\"@type\":\"EntryPoint\",\"urlTemplate\":\"https:\\\/\\\/www.ipecon.sk\\\/?s={search_term_string}\"},\"query-input\":{\"@type\":\"PropertyValueSpecification\",\"valueRequired\":true,\"valueName\":\"search_term_string\"}}],\"inLanguage\":\"en-GB\"}]}<\/script>\n<!-- \/ Yoast SEO plugin. -->","yoast_head_json":{"title":"ARM - IPECON","robots":{"index":"index","follow":"follow","max-snippet":"max-snippet:-1","max-image-preview":"max-image-preview:large","max-video-preview":"max-video-preview:-1"},"canonical":"https:\/\/www.ipecon.sk\/en\/product\/arm\/","og_locale":"en_GB","og_type":"article","og_title":"ARM - IPECON","og_description":"certifik\u00e1t CE  1 set univerz\u00e1lnych \u0161tandardn\u00fdch kalen\u00fdch a br\u00fasen\u00fdch valcov zo \u0161peci\u00e1lnej ocele  samostatn\u00fd ovl\u00e1dac\u00ed pult\u00edk (s digit\u00e1lnymi \u010d\u00edseln\u00edkmi pre zobrazovanie polohy valcov):   manu\u00e1lne ovl\u00e1danie stroja tla\u010didlami z\u00a0riadiaceho panelu  digit\u00e1lne od\u010d\u00edtanie polohy valcov X, Y (zobrazovan\u00e9 na \u010d\u00edseln\u00edkoch)  mo\u017enos\u0165 ovl\u00e1da\u0165 stroj iba v\u00a0manu\u00e1lnom re\u017eime    spodn\u00e9 bo\u010dn\u00e9 valce polohovan\u00e9 hydraulicky  v\u0161etky 3 valce rotovan\u00e9 hydromotorom  v jednej osi manu\u00e1lne nastavite\u013en\u00e9 jednoduch\u00e9 bo\u010dn\u00e9 podpery  zv\u00e1ran\u00fd oce\u013eov\u00fd r\u00e1m","og_url":"https:\/\/www.ipecon.sk\/en\/product\/arm\/","og_site_name":"IPECON","article_modified_time":"2025-06-26T12:56:56+00:00","og_image":[{"width":735,"height":681,"url":"https:\/\/www.ipecon.sk\/wp-content\/uploads\/2024\/08\/ARM2.jpg","type":"image\/jpeg"}],"twitter_card":"summary_large_image","twitter_misc":{"Estimated reading time":"1 minute"},"schema":{"@context":"https:\/\/schema.org","@graph":[{"@type":"WebPage","@id":"https:\/\/www.ipecon.sk\/product\/arm\/","url":"https:\/\/www.ipecon.sk\/product\/arm\/","name":"ARM - IPECON","isPartOf":{"@id":"https:\/\/www.ipecon.sk\/#website"},"primaryImageOfPage":{"@id":"https:\/\/www.ipecon.sk\/product\/arm\/#primaryimage"},"image":{"@id":"https:\/\/www.ipecon.sk\/product\/arm\/#primaryimage"},"thumbnailUrl":"https:\/\/www.ipecon.sk\/wp-content\/uploads\/2024\/08\/ARM2.jpg","datePublished":"2024-08-06T08:20:28+00:00","dateModified":"2025-06-26T12:56:56+00:00","breadcrumb":{"@id":"https:\/\/www.ipecon.sk\/product\/arm\/#breadcrumb"},"inLanguage":"en-GB","potentialAction":[{"@type":"ReadAction","target":["https:\/\/www.ipecon.sk\/product\/arm\/"]}]},{"@type":"ImageObject","inLanguage":"en-GB","@id":"https:\/\/www.ipecon.sk\/product\/arm\/#primaryimage","url":"https:\/\/www.ipecon.sk\/wp-content\/uploads\/2024\/08\/ARM2.jpg","contentUrl":"https:\/\/www.ipecon.sk\/wp-content\/uploads\/2024\/08\/ARM2.jpg","width":735,"height":681},{"@type":"BreadcrumbList","@id":"https:\/\/www.ipecon.sk\/product\/arm\/#breadcrumb","itemListElement":[{"@type":"ListItem","position":1,"name":"Home","item":"https:\/\/www.ipecon.sk\/"},{"@type":"ListItem","position":2,"name":"Shop","item":"https:\/\/www.ipecon.sk\/shop\/"},{"@type":"ListItem","position":3,"name":"ARM"}]},{"@type":"WebSite","@id":"https:\/\/www.ipecon.sk\/#website","url":"https:\/\/www.ipecon.sk\/","name":"IPECON","description":"","potentialAction":[{"@type":"SearchAction","target":{"@type":"EntryPoint","urlTemplate":"https:\/\/www.ipecon.sk\/?s={search_term_string}"},"query-input":{"@type":"PropertyValueSpecification","valueRequired":true,"valueName":"search_term_string"}}],"inLanguage":"en-GB"}]}},"_links":{"self":[{"href":"https:\/\/www.ipecon.sk\/en\/wp-json\/wp\/v2\/product\/6076","targetHints":{"allow":["GET"]}}],"collection":[{"href":"https:\/\/www.ipecon.sk\/en\/wp-json\/wp\/v2\/product"}],"about":[{"href":"https:\/\/www.ipecon.sk\/en\/wp-json\/wp\/v2\/types\/product"}],"replies":[{"embeddable":true,"href":"https:\/\/www.ipecon.sk\/en\/wp-json\/wp\/v2\/comments?post=6076"}],"wp:featuredmedia":[{"embeddable":true,"href":"https:\/\/www.ipecon.sk\/en\/wp-json\/wp\/v2\/media\/6078"}],"wp:attachment":[{"href":"https:\/\/www.ipecon.sk\/en\/wp-json\/wp\/v2\/media?parent=6076"}],"wp:term":[{"taxonomy":"product_brand","embeddable":true,"href":"https:\/\/www.ipecon.sk\/en\/wp-json\/wp\/v2\/product_brand?post=6076"},{"taxonomy":"product_cat","embeddable":true,"href":"https:\/\/www.ipecon.sk\/en\/wp-json\/wp\/v2\/product_cat?post=6076"},{"taxonomy":"product_tag","embeddable":true,"href":"https:\/\/www.ipecon.sk\/en\/wp-json\/wp\/v2\/product_tag?post=6076"}],"curies":[{"name":"wp","href":"https:\/\/api.w.org\/{rel}","templated":true}]}}