{"id":6072,"date":"2024-08-02T07:44:39","date_gmt":"2024-08-02T07:44:39","guid":{"rendered":"https:\/\/www.ipecon.sk\/?post_type=product&#038;p=6072"},"modified":"2024-08-15T13:13:09","modified_gmt":"2024-08-15T13:13:09","slug":"vrtacie-a-frezovacie-centrum-geka-gkdrill","status":"publish","type":"product","link":"https:\/\/www.ipecon.sk\/en\/product\/vrtacie-a-frezovacie-centrum-geka-gkdrill\/","title":{"rendered":"V\u0155tacie a fr\u00e9zovacie centrum GEKA GKDRILL"},"content":{"rendered":"<p>\u010ci u\u017e v\u0155tanie, fr\u00e9zovanie, podlhovast\u00e9 otvory, okr\u00fahle otvory, z\u00e1vitovanie&#8230; GEKADRILL je rie\u0161en\u00edm.<br \/>\nOdpove\u010f na probl\u00e9m ekonomick\u00e9ho v\u0155tania a jednoduch\u00e9ho fr\u00e9zovania dlh\u00fdch dielov narezan\u00fdch na d\u013a\u017eku.<br \/>\nSyst\u00e9m v\u0155tania na princ\u00edpe pohybliv\u00e9ho vretena &#8211; st\u00f4l sa zastav\u00ed, v\u0155tacia hlava sa pohybuje.<br \/>\nVe\u013emi jednoduch\u00e1 obsluha, nevy\u017eaduje sa znalos\u0165 CNC. Import \u00fadajov DXF.<\/p>\n<p>Robustn\u00e1 kon\u0161trukcia s osved\u010den\u00fdmi strojov\u00fdmi komponentmi a preh\u013eadn\u00e1 kon\u0161trukcia stroja zaru\u010duj\u00fa dlh\u00fa \u017eivotnos\u0165 a vysok\u00fa dostupnos\u0165.<br \/>\nPri v\u00fdvoji ovl\u00e1dania sa dbalo najm\u00e4 na \u010do najjednoduch\u0161ie ovl\u00e1danie. Preto m\u00e1 riadiaci syst\u00e9m 2 pou\u017e\u00edvate\u013esk\u00e9 rozhrania.<br \/>\nPou\u017e\u00edvate\u013esk\u00e9 rozhranie \u010d. 1 &#8222;Pou\u017e\u00edvate\u013e&#8220;<br \/>\nJednoduch\u00e9 u\u017e\u00edvate\u013esk\u00e9 rozhranie pre v\u0155tanie, podlhovast\u00fd otvor, kruh. Kvalifikovan\u00fd z\u00e1mo\u010dn\u00edk dok\u00e1\u017ee naprogramova\u0165 a spracova\u0165 diely na tomto rozhran\u00ed pribli\u017ene za 1 hodinu, nie s\u00fa potrebn\u00e9 \u017eiadne znalosti CNC.<br \/>\nPou\u017e\u00edvate\u013esk\u00e9 rozhranie \u010d. 2 &#8222;Pou\u017e\u00edvate\u013e&#8220;<br \/>\nV druhom pou\u017e\u00edvate\u013eskom rozhran\u00ed \u201ePou\u017e\u00edvate\u013e\u201c je mo\u017en\u00e9 importova\u0165 \u00fadaje DXF (volite\u013en\u00e9). GEKADRILL je kompletn\u00fd CNC stroj, s ktor\u00fdm mo\u017eno fr\u00e9zova\u0165 v\u0161etky obrysy a zna\u010dky.<\/p>","protected":false},"excerpt":{"rendered":"<p>\u010ci u\u017e v\u0155tanie, fr\u00e9zovanie, podlhovast\u00e9 otvory, okr\u00fahle otvory, z\u00e1vitovanie&#8230; GEKADRILL je rie\u0161en\u00edm. Odpove\u010f na probl\u00e9m ekonomick\u00e9ho v\u0155tania a jednoduch\u00e9ho fr\u00e9zovania dlh\u00fdch dielov narezan\u00fdch na d\u013a\u017eku. Syst\u00e9m v\u0155tania na princ\u00edpe pohybliv\u00e9ho vretena &#8211; st\u00f4l sa zastav\u00ed, v\u0155tacia hlava sa pohybuje. Ve\u013emi jednoduch\u00e1 obsluha, nevy\u017eaduje sa znalos\u0165 CNC. Import \u00fadajov DXF. Robustn\u00e1 kon\u0161trukcia s osved\u010den\u00fdmi strojov\u00fdmi komponentmi [&hellip;]<\/p>\n","protected":false},"featured_media":6073,"comment_status":"open","ping_status":"closed","template":"","meta":{"_acf_changed":false,"_et_pb_use_builder":"","_et_pb_old_content":"","_et_gb_content_width":""},"product_brand":[],"product_cat":[69],"product_tag":[],"class_list":{"0":"post-6072","1":"product","2":"type-product","3":"status-publish","4":"has-post-thumbnail","6":"product_cat-dierovacie-a-vrtacie-centra","8":"first","9":"instock","10":"shipping-taxable","11":"product-type-simple"},"acf":[],"yoast_head":"<!-- This site is optimized with the Yoast SEO plugin v27.4 - https:\/\/yoast.com\/product\/yoast-seo-wordpress\/ -->\n<title>V\u0155tacie a fr\u00e9zovacie centrum GEKA GKDRILL - IPECON<\/title>\n<meta name=\"robots\" content=\"index, follow, max-snippet:-1, max-image-preview:large, max-video-preview:-1\" \/>\n<link rel=\"canonical\" href=\"https:\/\/www.ipecon.sk\/en\/product\/vrtacie-a-frezovacie-centrum-geka-gkdrill\/\" \/>\n<meta property=\"og:locale\" content=\"en_GB\" \/>\n<meta property=\"og:type\" content=\"article\" \/>\n<meta property=\"og:title\" content=\"V\u0155tacie a fr\u00e9zovacie centrum GEKA GKDRILL - IPECON\" \/>\n<meta property=\"og:description\" content=\"\u010ci u\u017e v\u0155tanie, fr\u00e9zovanie, podlhovast\u00e9 otvory, okr\u00fahle otvory, z\u00e1vitovanie&#8230; GEKADRILL je rie\u0161en\u00edm. Odpove\u010f na probl\u00e9m ekonomick\u00e9ho v\u0155tania a jednoduch\u00e9ho fr\u00e9zovania dlh\u00fdch dielov narezan\u00fdch na d\u013a\u017eku. Syst\u00e9m v\u0155tania na princ\u00edpe pohybliv\u00e9ho vretena &#8211; st\u00f4l sa zastav\u00ed, v\u0155tacia hlava sa pohybuje. Ve\u013emi jednoduch\u00e1 obsluha, nevy\u017eaduje sa znalos\u0165 CNC. Import \u00fadajov DXF. Robustn\u00e1 kon\u0161trukcia s osved\u010den\u00fdmi strojov\u00fdmi komponentmi [&hellip;]\" \/>\n<meta property=\"og:url\" content=\"https:\/\/www.ipecon.sk\/en\/product\/vrtacie-a-frezovacie-centrum-geka-gkdrill\/\" \/>\n<meta property=\"og:site_name\" content=\"IPECON\" \/>\n<meta property=\"article:modified_time\" content=\"2024-08-15T13:13:09+00:00\" \/>\n<meta property=\"og:image\" content=\"https:\/\/www.ipecon.sk\/wp-content\/uploads\/2024\/08\/GKDRILL60-scaled.jpg\" \/>\n\t<meta property=\"og:image:width\" content=\"2560\" \/>\n\t<meta property=\"og:image:height\" content=\"2216\" \/>\n\t<meta property=\"og:image:type\" content=\"image\/jpeg\" \/>\n<meta name=\"twitter:card\" content=\"summary_large_image\" \/>\n<meta name=\"twitter:label1\" content=\"Estimated reading time\" \/>\n\t<meta name=\"twitter:data1\" content=\"1 minute\" \/>\n<script type=\"application\/ld+json\" class=\"yoast-schema-graph\">{\"@context\":\"https:\\\/\\\/schema.org\",\"@graph\":[{\"@type\":\"WebPage\",\"@id\":\"https:\\\/\\\/www.ipecon.sk\\\/product\\\/vrtacie-a-frezovacie-centrum-geka-gkdrill\\\/\",\"url\":\"https:\\\/\\\/www.ipecon.sk\\\/product\\\/vrtacie-a-frezovacie-centrum-geka-gkdrill\\\/\",\"name\":\"V\u0155tacie a fr\u00e9zovacie centrum GEKA GKDRILL - IPECON\",\"isPartOf\":{\"@id\":\"https:\\\/\\\/www.ipecon.sk\\\/#website\"},\"primaryImageOfPage\":{\"@id\":\"https:\\\/\\\/www.ipecon.sk\\\/product\\\/vrtacie-a-frezovacie-centrum-geka-gkdrill\\\/#primaryimage\"},\"image\":{\"@id\":\"https:\\\/\\\/www.ipecon.sk\\\/product\\\/vrtacie-a-frezovacie-centrum-geka-gkdrill\\\/#primaryimage\"},\"thumbnailUrl\":\"https:\\\/\\\/www.ipecon.sk\\\/wp-content\\\/uploads\\\/2024\\\/08\\\/GKDRILL60-scaled.jpg\",\"datePublished\":\"2024-08-02T07:44:39+00:00\",\"dateModified\":\"2024-08-15T13:13:09+00:00\",\"breadcrumb\":{\"@id\":\"https:\\\/\\\/www.ipecon.sk\\\/product\\\/vrtacie-a-frezovacie-centrum-geka-gkdrill\\\/#breadcrumb\"},\"inLanguage\":\"en-GB\",\"potentialAction\":[{\"@type\":\"ReadAction\",\"target\":[\"https:\\\/\\\/www.ipecon.sk\\\/product\\\/vrtacie-a-frezovacie-centrum-geka-gkdrill\\\/\"]}]},{\"@type\":\"ImageObject\",\"inLanguage\":\"en-GB\",\"@id\":\"https:\\\/\\\/www.ipecon.sk\\\/product\\\/vrtacie-a-frezovacie-centrum-geka-gkdrill\\\/#primaryimage\",\"url\":\"https:\\\/\\\/www.ipecon.sk\\\/wp-content\\\/uploads\\\/2024\\\/08\\\/GKDRILL60-scaled.jpg\",\"contentUrl\":\"https:\\\/\\\/www.ipecon.sk\\\/wp-content\\\/uploads\\\/2024\\\/08\\\/GKDRILL60-scaled.jpg\",\"width\":2560,\"height\":2216},{\"@type\":\"BreadcrumbList\",\"@id\":\"https:\\\/\\\/www.ipecon.sk\\\/product\\\/vrtacie-a-frezovacie-centrum-geka-gkdrill\\\/#breadcrumb\",\"itemListElement\":[{\"@type\":\"ListItem\",\"position\":1,\"name\":\"Home\",\"item\":\"https:\\\/\\\/www.ipecon.sk\\\/\"},{\"@type\":\"ListItem\",\"position\":2,\"name\":\"Shop\",\"item\":\"https:\\\/\\\/www.ipecon.sk\\\/shop\\\/\"},{\"@type\":\"ListItem\",\"position\":3,\"name\":\"V\u0155tacie a fr\u00e9zovacie centrum GEKA GKDRILL\"}]},{\"@type\":\"WebSite\",\"@id\":\"https:\\\/\\\/www.ipecon.sk\\\/#website\",\"url\":\"https:\\\/\\\/www.ipecon.sk\\\/\",\"name\":\"IPECON\",\"description\":\"\",\"potentialAction\":[{\"@type\":\"SearchAction\",\"target\":{\"@type\":\"EntryPoint\",\"urlTemplate\":\"https:\\\/\\\/www.ipecon.sk\\\/?s={search_term_string}\"},\"query-input\":{\"@type\":\"PropertyValueSpecification\",\"valueRequired\":true,\"valueName\":\"search_term_string\"}}],\"inLanguage\":\"en-GB\"}]}<\/script>\n<!-- \/ Yoast SEO plugin. -->","yoast_head_json":{"title":"V\u0155tacie a fr\u00e9zovacie centrum GEKA GKDRILL - IPECON","robots":{"index":"index","follow":"follow","max-snippet":"max-snippet:-1","max-image-preview":"max-image-preview:large","max-video-preview":"max-video-preview:-1"},"canonical":"https:\/\/www.ipecon.sk\/en\/product\/vrtacie-a-frezovacie-centrum-geka-gkdrill\/","og_locale":"en_GB","og_type":"article","og_title":"V\u0155tacie a fr\u00e9zovacie centrum GEKA GKDRILL - IPECON","og_description":"\u010ci u\u017e v\u0155tanie, fr\u00e9zovanie, podlhovast\u00e9 otvory, okr\u00fahle otvory, z\u00e1vitovanie&#8230; GEKADRILL je rie\u0161en\u00edm. Odpove\u010f na probl\u00e9m ekonomick\u00e9ho v\u0155tania a jednoduch\u00e9ho fr\u00e9zovania dlh\u00fdch dielov narezan\u00fdch na d\u013a\u017eku. Syst\u00e9m v\u0155tania na princ\u00edpe pohybliv\u00e9ho vretena &#8211; st\u00f4l sa zastav\u00ed, v\u0155tacia hlava sa pohybuje. Ve\u013emi jednoduch\u00e1 obsluha, nevy\u017eaduje sa znalos\u0165 CNC. Import \u00fadajov DXF. Robustn\u00e1 kon\u0161trukcia s osved\u010den\u00fdmi strojov\u00fdmi komponentmi [&hellip;]","og_url":"https:\/\/www.ipecon.sk\/en\/product\/vrtacie-a-frezovacie-centrum-geka-gkdrill\/","og_site_name":"IPECON","article_modified_time":"2024-08-15T13:13:09+00:00","og_image":[{"width":2560,"height":2216,"url":"https:\/\/www.ipecon.sk\/wp-content\/uploads\/2024\/08\/GKDRILL60-scaled.jpg","type":"image\/jpeg"}],"twitter_card":"summary_large_image","twitter_misc":{"Estimated reading time":"1 minute"},"schema":{"@context":"https:\/\/schema.org","@graph":[{"@type":"WebPage","@id":"https:\/\/www.ipecon.sk\/product\/vrtacie-a-frezovacie-centrum-geka-gkdrill\/","url":"https:\/\/www.ipecon.sk\/product\/vrtacie-a-frezovacie-centrum-geka-gkdrill\/","name":"V\u0155tacie a fr\u00e9zovacie centrum GEKA GKDRILL - IPECON","isPartOf":{"@id":"https:\/\/www.ipecon.sk\/#website"},"primaryImageOfPage":{"@id":"https:\/\/www.ipecon.sk\/product\/vrtacie-a-frezovacie-centrum-geka-gkdrill\/#primaryimage"},"image":{"@id":"https:\/\/www.ipecon.sk\/product\/vrtacie-a-frezovacie-centrum-geka-gkdrill\/#primaryimage"},"thumbnailUrl":"https:\/\/www.ipecon.sk\/wp-content\/uploads\/2024\/08\/GKDRILL60-scaled.jpg","datePublished":"2024-08-02T07:44:39+00:00","dateModified":"2024-08-15T13:13:09+00:00","breadcrumb":{"@id":"https:\/\/www.ipecon.sk\/product\/vrtacie-a-frezovacie-centrum-geka-gkdrill\/#breadcrumb"},"inLanguage":"en-GB","potentialAction":[{"@type":"ReadAction","target":["https:\/\/www.ipecon.sk\/product\/vrtacie-a-frezovacie-centrum-geka-gkdrill\/"]}]},{"@type":"ImageObject","inLanguage":"en-GB","@id":"https:\/\/www.ipecon.sk\/product\/vrtacie-a-frezovacie-centrum-geka-gkdrill\/#primaryimage","url":"https:\/\/www.ipecon.sk\/wp-content\/uploads\/2024\/08\/GKDRILL60-scaled.jpg","contentUrl":"https:\/\/www.ipecon.sk\/wp-content\/uploads\/2024\/08\/GKDRILL60-scaled.jpg","width":2560,"height":2216},{"@type":"BreadcrumbList","@id":"https:\/\/www.ipecon.sk\/product\/vrtacie-a-frezovacie-centrum-geka-gkdrill\/#breadcrumb","itemListElement":[{"@type":"ListItem","position":1,"name":"Home","item":"https:\/\/www.ipecon.sk\/"},{"@type":"ListItem","position":2,"name":"Shop","item":"https:\/\/www.ipecon.sk\/shop\/"},{"@type":"ListItem","position":3,"name":"V\u0155tacie a fr\u00e9zovacie centrum GEKA GKDRILL"}]},{"@type":"WebSite","@id":"https:\/\/www.ipecon.sk\/#website","url":"https:\/\/www.ipecon.sk\/","name":"IPECON","description":"","potentialAction":[{"@type":"SearchAction","target":{"@type":"EntryPoint","urlTemplate":"https:\/\/www.ipecon.sk\/?s={search_term_string}"},"query-input":{"@type":"PropertyValueSpecification","valueRequired":true,"valueName":"search_term_string"}}],"inLanguage":"en-GB"}]}},"_links":{"self":[{"href":"https:\/\/www.ipecon.sk\/en\/wp-json\/wp\/v2\/product\/6072","targetHints":{"allow":["GET"]}}],"collection":[{"href":"https:\/\/www.ipecon.sk\/en\/wp-json\/wp\/v2\/product"}],"about":[{"href":"https:\/\/www.ipecon.sk\/en\/wp-json\/wp\/v2\/types\/product"}],"replies":[{"embeddable":true,"href":"https:\/\/www.ipecon.sk\/en\/wp-json\/wp\/v2\/comments?post=6072"}],"wp:featuredmedia":[{"embeddable":true,"href":"https:\/\/www.ipecon.sk\/en\/wp-json\/wp\/v2\/media\/6073"}],"wp:attachment":[{"href":"https:\/\/www.ipecon.sk\/en\/wp-json\/wp\/v2\/media?parent=6072"}],"wp:term":[{"taxonomy":"product_brand","embeddable":true,"href":"https:\/\/www.ipecon.sk\/en\/wp-json\/wp\/v2\/product_brand?post=6072"},{"taxonomy":"product_cat","embeddable":true,"href":"https:\/\/www.ipecon.sk\/en\/wp-json\/wp\/v2\/product_cat?post=6072"},{"taxonomy":"product_tag","embeddable":true,"href":"https:\/\/www.ipecon.sk\/en\/wp-json\/wp\/v2\/product_tag?post=6072"}],"curies":[{"name":"wp","href":"https:\/\/api.w.org\/{rel}","templated":true}]}}