{"id":6059,"date":"2024-07-31T12:17:36","date_gmt":"2024-07-31T12:17:36","guid":{"rendered":"https:\/\/www.ipecon.sk\/?post_type=product&#038;p=6059"},"modified":"2025-07-09T08:57:24","modified_gmt":"2025-07-09T08:57:24","slug":"profilove-noznice-s-dierovanim-a-ohranovanim-geka-bendicrop","status":"publish","type":"product","link":"https:\/\/www.ipecon.sk\/en\/product\/profilove-noznice-s-dierovanim-a-ohranovanim-geka-bendicrop\/","title":{"rendered":"Profilov\u00e9 no\u017enice s dierovan\u00edm a ohra\u0148ovan\u00edm GEKA BENDICROP"},"content":{"rendered":"<p>Modely Bendicrop s\u00fa vybaven\u00e9 rovnak\u00fdmi pracovn\u00fdmi stanicami ako stroje Hydracrop. Navy\u0161e je Bendicrop vybaven\u00fd permanentn\u00fdm oh\u00fdbac\u00edm pracoviskom. To rob\u00ed z modelu Bendicrop komplexnej\u0161\u00ed stroj, ne\u017e s\u00fa konven\u010dn\u00e9 no\u017enice s dierovan\u00edm. Samotn\u00e9 oh\u00fdbanie je potom jednoduch\u00e9 a pritom bezpe\u010dn\u00e9.<\/p>","protected":false},"excerpt":{"rendered":"<p>Modely Bendicrop s\u00fa vybaven\u00e9 rovnak\u00fdmi pracovn\u00fdmi stanicami ako stroje Hydracrop. Navy\u0161e je Bendicrop vybaven\u00fd permanentn\u00fdm oh\u00fdbac\u00edm pracoviskom. To rob\u00ed z modelu Bendicrop komplexnej\u0161\u00ed stroj, ne\u017e s\u00fa konven\u010dn\u00e9 no\u017enice s dierovan\u00edm. Samotn\u00e9 oh\u00fdbanie je potom jednoduch\u00e9 a pritom bezpe\u010dn\u00e9.<\/p>","protected":false},"featured_media":6060,"comment_status":"open","ping_status":"closed","template":"","meta":{"_acf_changed":false,"_et_pb_use_builder":"","_et_pb_old_content":"","_et_gb_content_width":""},"product_brand":[],"product_cat":[70],"product_tag":[],"class_list":{"0":"post-6059","1":"product","2":"type-product","3":"status-publish","4":"has-post-thumbnail","6":"product_cat-dierovacie-stroje","8":"first","9":"instock","10":"shipping-taxable","11":"product-type-simple"},"acf":[],"yoast_head":"<!-- This site is optimized with the Yoast SEO plugin v27.4 - https:\/\/yoast.com\/product\/yoast-seo-wordpress\/ -->\n<title>Profilov\u00e9 no\u017enice s dierovan\u00edm a ohra\u0148ovan\u00edm GEKA BENDICROP - IPECON<\/title>\n<meta name=\"robots\" content=\"index, follow, max-snippet:-1, max-image-preview:large, max-video-preview:-1\" \/>\n<link rel=\"canonical\" href=\"https:\/\/www.ipecon.sk\/en\/product\/profilove-noznice-s-dierovanim-a-ohranovanim-geka-bendicrop\/\" \/>\n<meta property=\"og:locale\" content=\"en_GB\" \/>\n<meta property=\"og:type\" content=\"article\" \/>\n<meta property=\"og:title\" content=\"Profilov\u00e9 no\u017enice s dierovan\u00edm a ohra\u0148ovan\u00edm GEKA BENDICROP - IPECON\" \/>\n<meta property=\"og:description\" content=\"Modely Bendicrop s\u00fa vybaven\u00e9 rovnak\u00fdmi pracovn\u00fdmi stanicami ako stroje Hydracrop. Navy\u0161e je Bendicrop vybaven\u00fd permanentn\u00fdm oh\u00fdbac\u00edm pracoviskom. To rob\u00ed z modelu Bendicrop komplexnej\u0161\u00ed stroj, ne\u017e s\u00fa konven\u010dn\u00e9 no\u017enice s dierovan\u00edm. Samotn\u00e9 oh\u00fdbanie je potom jednoduch\u00e9 a pritom bezpe\u010dn\u00e9.\" \/>\n<meta property=\"og:url\" content=\"https:\/\/www.ipecon.sk\/en\/product\/profilove-noznice-s-dierovanim-a-ohranovanim-geka-bendicrop\/\" \/>\n<meta property=\"og:site_name\" content=\"IPECON\" \/>\n<meta property=\"article:modified_time\" content=\"2025-07-09T08:57:24+00:00\" \/>\n<meta property=\"og:image\" content=\"https:\/\/www.ipecon.sk\/wp-content\/uploads\/2024\/07\/bendicrop2_big-1.jpg\" \/>\n\t<meta property=\"og:image:width\" content=\"665\" \/>\n\t<meta property=\"og:image:height\" content=\"613\" \/>\n\t<meta property=\"og:image:type\" content=\"image\/jpeg\" \/>\n<meta name=\"twitter:card\" content=\"summary_large_image\" \/>\n<meta name=\"twitter:label1\" content=\"Estimated reading time\" \/>\n\t<meta name=\"twitter:data1\" content=\"1 minute\" \/>\n<script type=\"application\/ld+json\" class=\"yoast-schema-graph\">{\"@context\":\"https:\\\/\\\/schema.org\",\"@graph\":[{\"@type\":\"WebPage\",\"@id\":\"https:\\\/\\\/www.ipecon.sk\\\/product\\\/profilove-noznice-s-dierovanim-a-ohranovanim-geka-bendicrop\\\/\",\"url\":\"https:\\\/\\\/www.ipecon.sk\\\/product\\\/profilove-noznice-s-dierovanim-a-ohranovanim-geka-bendicrop\\\/\",\"name\":\"Profilov\u00e9 no\u017enice s dierovan\u00edm a ohra\u0148ovan\u00edm GEKA BENDICROP - IPECON\",\"isPartOf\":{\"@id\":\"https:\\\/\\\/www.ipecon.sk\\\/#website\"},\"primaryImageOfPage\":{\"@id\":\"https:\\\/\\\/www.ipecon.sk\\\/product\\\/profilove-noznice-s-dierovanim-a-ohranovanim-geka-bendicrop\\\/#primaryimage\"},\"image\":{\"@id\":\"https:\\\/\\\/www.ipecon.sk\\\/product\\\/profilove-noznice-s-dierovanim-a-ohranovanim-geka-bendicrop\\\/#primaryimage\"},\"thumbnailUrl\":\"https:\\\/\\\/www.ipecon.sk\\\/wp-content\\\/uploads\\\/2024\\\/07\\\/bendicrop2_big-1.jpg\",\"datePublished\":\"2024-07-31T12:17:36+00:00\",\"dateModified\":\"2025-07-09T08:57:24+00:00\",\"breadcrumb\":{\"@id\":\"https:\\\/\\\/www.ipecon.sk\\\/product\\\/profilove-noznice-s-dierovanim-a-ohranovanim-geka-bendicrop\\\/#breadcrumb\"},\"inLanguage\":\"en-GB\",\"potentialAction\":[{\"@type\":\"ReadAction\",\"target\":[\"https:\\\/\\\/www.ipecon.sk\\\/product\\\/profilove-noznice-s-dierovanim-a-ohranovanim-geka-bendicrop\\\/\"]}]},{\"@type\":\"ImageObject\",\"inLanguage\":\"en-GB\",\"@id\":\"https:\\\/\\\/www.ipecon.sk\\\/product\\\/profilove-noznice-s-dierovanim-a-ohranovanim-geka-bendicrop\\\/#primaryimage\",\"url\":\"https:\\\/\\\/www.ipecon.sk\\\/wp-content\\\/uploads\\\/2024\\\/07\\\/bendicrop2_big-1.jpg\",\"contentUrl\":\"https:\\\/\\\/www.ipecon.sk\\\/wp-content\\\/uploads\\\/2024\\\/07\\\/bendicrop2_big-1.jpg\",\"width\":665,\"height\":613},{\"@type\":\"BreadcrumbList\",\"@id\":\"https:\\\/\\\/www.ipecon.sk\\\/product\\\/profilove-noznice-s-dierovanim-a-ohranovanim-geka-bendicrop\\\/#breadcrumb\",\"itemListElement\":[{\"@type\":\"ListItem\",\"position\":1,\"name\":\"Home\",\"item\":\"https:\\\/\\\/www.ipecon.sk\\\/\"},{\"@type\":\"ListItem\",\"position\":2,\"name\":\"Shop\",\"item\":\"https:\\\/\\\/www.ipecon.sk\\\/shop\\\/\"},{\"@type\":\"ListItem\",\"position\":3,\"name\":\"Profilov\u00e9 no\u017enice s dierovan\u00edm a ohra\u0148ovan\u00edm GEKA BENDICROP\"}]},{\"@type\":\"WebSite\",\"@id\":\"https:\\\/\\\/www.ipecon.sk\\\/#website\",\"url\":\"https:\\\/\\\/www.ipecon.sk\\\/\",\"name\":\"IPECON\",\"description\":\"\",\"potentialAction\":[{\"@type\":\"SearchAction\",\"target\":{\"@type\":\"EntryPoint\",\"urlTemplate\":\"https:\\\/\\\/www.ipecon.sk\\\/?s={search_term_string}\"},\"query-input\":{\"@type\":\"PropertyValueSpecification\",\"valueRequired\":true,\"valueName\":\"search_term_string\"}}],\"inLanguage\":\"en-GB\"}]}<\/script>\n<!-- \/ Yoast SEO plugin. -->","yoast_head_json":{"title":"Profilov\u00e9 no\u017enice s dierovan\u00edm a ohra\u0148ovan\u00edm GEKA BENDICROP - IPECON","robots":{"index":"index","follow":"follow","max-snippet":"max-snippet:-1","max-image-preview":"max-image-preview:large","max-video-preview":"max-video-preview:-1"},"canonical":"https:\/\/www.ipecon.sk\/en\/product\/profilove-noznice-s-dierovanim-a-ohranovanim-geka-bendicrop\/","og_locale":"en_GB","og_type":"article","og_title":"Profilov\u00e9 no\u017enice s dierovan\u00edm a ohra\u0148ovan\u00edm GEKA BENDICROP - IPECON","og_description":"Modely Bendicrop s\u00fa vybaven\u00e9 rovnak\u00fdmi pracovn\u00fdmi stanicami ako stroje Hydracrop. Navy\u0161e je Bendicrop vybaven\u00fd permanentn\u00fdm oh\u00fdbac\u00edm pracoviskom. To rob\u00ed z modelu Bendicrop komplexnej\u0161\u00ed stroj, ne\u017e s\u00fa konven\u010dn\u00e9 no\u017enice s dierovan\u00edm. Samotn\u00e9 oh\u00fdbanie je potom jednoduch\u00e9 a pritom bezpe\u010dn\u00e9.","og_url":"https:\/\/www.ipecon.sk\/en\/product\/profilove-noznice-s-dierovanim-a-ohranovanim-geka-bendicrop\/","og_site_name":"IPECON","article_modified_time":"2025-07-09T08:57:24+00:00","og_image":[{"width":665,"height":613,"url":"https:\/\/www.ipecon.sk\/wp-content\/uploads\/2024\/07\/bendicrop2_big-1.jpg","type":"image\/jpeg"}],"twitter_card":"summary_large_image","twitter_misc":{"Estimated reading time":"1 minute"},"schema":{"@context":"https:\/\/schema.org","@graph":[{"@type":"WebPage","@id":"https:\/\/www.ipecon.sk\/product\/profilove-noznice-s-dierovanim-a-ohranovanim-geka-bendicrop\/","url":"https:\/\/www.ipecon.sk\/product\/profilove-noznice-s-dierovanim-a-ohranovanim-geka-bendicrop\/","name":"Profilov\u00e9 no\u017enice s dierovan\u00edm a ohra\u0148ovan\u00edm GEKA BENDICROP - IPECON","isPartOf":{"@id":"https:\/\/www.ipecon.sk\/#website"},"primaryImageOfPage":{"@id":"https:\/\/www.ipecon.sk\/product\/profilove-noznice-s-dierovanim-a-ohranovanim-geka-bendicrop\/#primaryimage"},"image":{"@id":"https:\/\/www.ipecon.sk\/product\/profilove-noznice-s-dierovanim-a-ohranovanim-geka-bendicrop\/#primaryimage"},"thumbnailUrl":"https:\/\/www.ipecon.sk\/wp-content\/uploads\/2024\/07\/bendicrop2_big-1.jpg","datePublished":"2024-07-31T12:17:36+00:00","dateModified":"2025-07-09T08:57:24+00:00","breadcrumb":{"@id":"https:\/\/www.ipecon.sk\/product\/profilove-noznice-s-dierovanim-a-ohranovanim-geka-bendicrop\/#breadcrumb"},"inLanguage":"en-GB","potentialAction":[{"@type":"ReadAction","target":["https:\/\/www.ipecon.sk\/product\/profilove-noznice-s-dierovanim-a-ohranovanim-geka-bendicrop\/"]}]},{"@type":"ImageObject","inLanguage":"en-GB","@id":"https:\/\/www.ipecon.sk\/product\/profilove-noznice-s-dierovanim-a-ohranovanim-geka-bendicrop\/#primaryimage","url":"https:\/\/www.ipecon.sk\/wp-content\/uploads\/2024\/07\/bendicrop2_big-1.jpg","contentUrl":"https:\/\/www.ipecon.sk\/wp-content\/uploads\/2024\/07\/bendicrop2_big-1.jpg","width":665,"height":613},{"@type":"BreadcrumbList","@id":"https:\/\/www.ipecon.sk\/product\/profilove-noznice-s-dierovanim-a-ohranovanim-geka-bendicrop\/#breadcrumb","itemListElement":[{"@type":"ListItem","position":1,"name":"Home","item":"https:\/\/www.ipecon.sk\/"},{"@type":"ListItem","position":2,"name":"Shop","item":"https:\/\/www.ipecon.sk\/shop\/"},{"@type":"ListItem","position":3,"name":"Profilov\u00e9 no\u017enice s dierovan\u00edm a ohra\u0148ovan\u00edm GEKA BENDICROP"}]},{"@type":"WebSite","@id":"https:\/\/www.ipecon.sk\/#website","url":"https:\/\/www.ipecon.sk\/","name":"IPECON","description":"","potentialAction":[{"@type":"SearchAction","target":{"@type":"EntryPoint","urlTemplate":"https:\/\/www.ipecon.sk\/?s={search_term_string}"},"query-input":{"@type":"PropertyValueSpecification","valueRequired":true,"valueName":"search_term_string"}}],"inLanguage":"en-GB"}]}},"_links":{"self":[{"href":"https:\/\/www.ipecon.sk\/en\/wp-json\/wp\/v2\/product\/6059","targetHints":{"allow":["GET"]}}],"collection":[{"href":"https:\/\/www.ipecon.sk\/en\/wp-json\/wp\/v2\/product"}],"about":[{"href":"https:\/\/www.ipecon.sk\/en\/wp-json\/wp\/v2\/types\/product"}],"replies":[{"embeddable":true,"href":"https:\/\/www.ipecon.sk\/en\/wp-json\/wp\/v2\/comments?post=6059"}],"wp:featuredmedia":[{"embeddable":true,"href":"https:\/\/www.ipecon.sk\/en\/wp-json\/wp\/v2\/media\/6060"}],"wp:attachment":[{"href":"https:\/\/www.ipecon.sk\/en\/wp-json\/wp\/v2\/media?parent=6059"}],"wp:term":[{"taxonomy":"product_brand","embeddable":true,"href":"https:\/\/www.ipecon.sk\/en\/wp-json\/wp\/v2\/product_brand?post=6059"},{"taxonomy":"product_cat","embeddable":true,"href":"https:\/\/www.ipecon.sk\/en\/wp-json\/wp\/v2\/product_cat?post=6059"},{"taxonomy":"product_tag","embeddable":true,"href":"https:\/\/www.ipecon.sk\/en\/wp-json\/wp\/v2\/product_tag?post=6059"}],"curies":[{"name":"wp","href":"https:\/\/api.w.org\/{rel}","templated":true}]}}