{"id":6057,"date":"2024-07-31T12:10:33","date_gmt":"2024-07-31T12:10:33","guid":{"rendered":"https:\/\/www.ipecon.sk\/?post_type=product&#038;p=6057"},"modified":"2024-08-13T12:51:50","modified_gmt":"2024-08-13T12:51:50","slug":"profilove-noznice-s-dierovanim-hydracrop","status":"publish","type":"product","link":"https:\/\/www.ipecon.sk\/en\/product\/profilove-noznice-s-dierovanim-hydracrop\/","title":{"rendered":"Profilov\u00e9 no\u017enice s dierovan\u00edm GEKA HYDRACROP"},"content":{"rendered":"<p>Dvojvalcov\u00e9 profilov\u00e9 no\u017enice s dierovan\u00edm radu HYDRACROP maj\u00fa p\u00e4\u0165 pracovn\u00fdch miest (dierovanie, delenie profilov, delenie ty\u010doviny, strihanie plechu, vystrihovanie plechu) a ich ve\u013ekou v\u00fdhodou je mo\u017enos\u0165 vyu\u017eitia dvoch pracov\u00edsk z\u00e1rove\u0148. Geka pon\u00faka p\u00e4\u0165 modelov Hydracrop s kapacitou 550 \u2013 2200 kN (pozri Technick\u00e9 parametre).<\/p>\n<p>K strojom sa dod\u00e1va ve\u013ek\u00e9 mno\u017estvo zvl\u00e1\u0161tneho pr\u00edslu\u0161enstva, ktor\u00e9 v\u00fdznamne roz\u0161iruje ich v\u00fdrobn\u00e9 mo\u017enosti. Ide napr. o vystrihovanie koncov trubiek, v\u00fdrobu vetrac\u00edch prelisov, manu\u00e1lne polohovacie stoly, \u0161peci\u00e1lne no\u017ee a n\u00e1stroje (delenie profilov I, U, H), NC polohovac\u00ed st\u00f4l a pod.<\/p>","protected":false},"excerpt":{"rendered":"<p>Dvojvalcov\u00e9 profilov\u00e9 no\u017enice s dierovan\u00edm radu HYDRACROP maj\u00fa p\u00e4\u0165 pracovn\u00fdch miest (dierovanie, delenie profilov, delenie ty\u010doviny, strihanie plechu, vystrihovanie plechu) a ich ve\u013ekou v\u00fdhodou je mo\u017enos\u0165 vyu\u017eitia dvoch pracov\u00edsk z\u00e1rove\u0148. Geka pon\u00faka p\u00e4\u0165 modelov Hydracrop s kapacitou 550 \u2013 2200 kN (pozri Technick\u00e9 parametre). K strojom sa dod\u00e1va ve\u013ek\u00e9 mno\u017estvo zvl\u00e1\u0161tneho pr\u00edslu\u0161enstva, ktor\u00e9 v\u00fdznamne roz\u0161iruje [&hellip;]<\/p>\n","protected":false},"featured_media":6058,"comment_status":"open","ping_status":"closed","template":"","meta":{"_acf_changed":false,"_et_pb_use_builder":"","_et_pb_old_content":"","_et_gb_content_width":""},"product_brand":[],"product_cat":[70],"product_tag":[],"class_list":{"0":"post-6057","1":"product","2":"type-product","3":"status-publish","4":"has-post-thumbnail","6":"product_cat-dierovacie-stroje","8":"first","9":"instock","10":"shipping-taxable","11":"product-type-simple"},"acf":[],"yoast_head":"<!-- This site is optimized with the Yoast SEO plugin v27.4 - https:\/\/yoast.com\/product\/yoast-seo-wordpress\/ -->\n<title>Profilov\u00e9 no\u017enice s dierovan\u00edm GEKA HYDRACROP - IPECON<\/title>\n<meta name=\"robots\" content=\"index, follow, max-snippet:-1, max-image-preview:large, max-video-preview:-1\" \/>\n<link rel=\"canonical\" href=\"https:\/\/www.ipecon.sk\/en\/product\/profilove-noznice-s-dierovanim-hydracrop\/\" \/>\n<meta property=\"og:locale\" content=\"en_GB\" \/>\n<meta property=\"og:type\" content=\"article\" \/>\n<meta property=\"og:title\" content=\"Profilov\u00e9 no\u017enice s dierovan\u00edm GEKA HYDRACROP - IPECON\" \/>\n<meta property=\"og:description\" content=\"Dvojvalcov\u00e9 profilov\u00e9 no\u017enice s dierovan\u00edm radu HYDRACROP maj\u00fa p\u00e4\u0165 pracovn\u00fdch miest (dierovanie, delenie profilov, delenie ty\u010doviny, strihanie plechu, vystrihovanie plechu) a ich ve\u013ekou v\u00fdhodou je mo\u017enos\u0165 vyu\u017eitia dvoch pracov\u00edsk z\u00e1rove\u0148. Geka pon\u00faka p\u00e4\u0165 modelov Hydracrop s kapacitou 550 \u2013 2200 kN (pozri Technick\u00e9 parametre). K strojom sa dod\u00e1va ve\u013ek\u00e9 mno\u017estvo zvl\u00e1\u0161tneho pr\u00edslu\u0161enstva, ktor\u00e9 v\u00fdznamne roz\u0161iruje [&hellip;]\" \/>\n<meta property=\"og:url\" content=\"https:\/\/www.ipecon.sk\/en\/product\/profilove-noznice-s-dierovanim-hydracrop\/\" \/>\n<meta property=\"og:site_name\" content=\"IPECON\" \/>\n<meta property=\"article:modified_time\" content=\"2024-08-13T12:51:50+00:00\" \/>\n<meta property=\"og:image\" content=\"https:\/\/www.ipecon.sk\/wp-content\/uploads\/2024\/07\/Geka-cizallas-punzonadoras-dos-cilindros-hydracrop-80-1.jpg\" \/>\n\t<meta property=\"og:image:width\" content=\"746\" \/>\n\t<meta property=\"og:image:height\" content=\"690\" \/>\n\t<meta property=\"og:image:type\" content=\"image\/jpeg\" \/>\n<meta name=\"twitter:card\" content=\"summary_large_image\" \/>\n<meta name=\"twitter:label1\" content=\"Estimated reading time\" \/>\n\t<meta name=\"twitter:data1\" content=\"1 minute\" \/>\n<script type=\"application\/ld+json\" class=\"yoast-schema-graph\">{\"@context\":\"https:\\\/\\\/schema.org\",\"@graph\":[{\"@type\":\"WebPage\",\"@id\":\"https:\\\/\\\/www.ipecon.sk\\\/product\\\/profilove-noznice-s-dierovanim-hydracrop\\\/\",\"url\":\"https:\\\/\\\/www.ipecon.sk\\\/product\\\/profilove-noznice-s-dierovanim-hydracrop\\\/\",\"name\":\"Profilov\u00e9 no\u017enice s dierovan\u00edm GEKA HYDRACROP - IPECON\",\"isPartOf\":{\"@id\":\"https:\\\/\\\/www.ipecon.sk\\\/#website\"},\"primaryImageOfPage\":{\"@id\":\"https:\\\/\\\/www.ipecon.sk\\\/product\\\/profilove-noznice-s-dierovanim-hydracrop\\\/#primaryimage\"},\"image\":{\"@id\":\"https:\\\/\\\/www.ipecon.sk\\\/product\\\/profilove-noznice-s-dierovanim-hydracrop\\\/#primaryimage\"},\"thumbnailUrl\":\"https:\\\/\\\/www.ipecon.sk\\\/wp-content\\\/uploads\\\/2024\\\/07\\\/Geka-cizallas-punzonadoras-dos-cilindros-hydracrop-80-1.jpg\",\"datePublished\":\"2024-07-31T12:10:33+00:00\",\"dateModified\":\"2024-08-13T12:51:50+00:00\",\"breadcrumb\":{\"@id\":\"https:\\\/\\\/www.ipecon.sk\\\/product\\\/profilove-noznice-s-dierovanim-hydracrop\\\/#breadcrumb\"},\"inLanguage\":\"en-GB\",\"potentialAction\":[{\"@type\":\"ReadAction\",\"target\":[\"https:\\\/\\\/www.ipecon.sk\\\/product\\\/profilove-noznice-s-dierovanim-hydracrop\\\/\"]}]},{\"@type\":\"ImageObject\",\"inLanguage\":\"en-GB\",\"@id\":\"https:\\\/\\\/www.ipecon.sk\\\/product\\\/profilove-noznice-s-dierovanim-hydracrop\\\/#primaryimage\",\"url\":\"https:\\\/\\\/www.ipecon.sk\\\/wp-content\\\/uploads\\\/2024\\\/07\\\/Geka-cizallas-punzonadoras-dos-cilindros-hydracrop-80-1.jpg\",\"contentUrl\":\"https:\\\/\\\/www.ipecon.sk\\\/wp-content\\\/uploads\\\/2024\\\/07\\\/Geka-cizallas-punzonadoras-dos-cilindros-hydracrop-80-1.jpg\",\"width\":746,\"height\":690},{\"@type\":\"BreadcrumbList\",\"@id\":\"https:\\\/\\\/www.ipecon.sk\\\/product\\\/profilove-noznice-s-dierovanim-hydracrop\\\/#breadcrumb\",\"itemListElement\":[{\"@type\":\"ListItem\",\"position\":1,\"name\":\"Home\",\"item\":\"https:\\\/\\\/www.ipecon.sk\\\/\"},{\"@type\":\"ListItem\",\"position\":2,\"name\":\"Shop\",\"item\":\"https:\\\/\\\/www.ipecon.sk\\\/shop\\\/\"},{\"@type\":\"ListItem\",\"position\":3,\"name\":\"Profilov\u00e9 no\u017enice s dierovan\u00edm GEKA HYDRACROP\"}]},{\"@type\":\"WebSite\",\"@id\":\"https:\\\/\\\/www.ipecon.sk\\\/#website\",\"url\":\"https:\\\/\\\/www.ipecon.sk\\\/\",\"name\":\"IPECON\",\"description\":\"\",\"potentialAction\":[{\"@type\":\"SearchAction\",\"target\":{\"@type\":\"EntryPoint\",\"urlTemplate\":\"https:\\\/\\\/www.ipecon.sk\\\/?s={search_term_string}\"},\"query-input\":{\"@type\":\"PropertyValueSpecification\",\"valueRequired\":true,\"valueName\":\"search_term_string\"}}],\"inLanguage\":\"en-GB\"}]}<\/script>\n<!-- \/ Yoast SEO plugin. -->","yoast_head_json":{"title":"Profilov\u00e9 no\u017enice s dierovan\u00edm GEKA HYDRACROP - IPECON","robots":{"index":"index","follow":"follow","max-snippet":"max-snippet:-1","max-image-preview":"max-image-preview:large","max-video-preview":"max-video-preview:-1"},"canonical":"https:\/\/www.ipecon.sk\/en\/product\/profilove-noznice-s-dierovanim-hydracrop\/","og_locale":"en_GB","og_type":"article","og_title":"Profilov\u00e9 no\u017enice s dierovan\u00edm GEKA HYDRACROP - IPECON","og_description":"Dvojvalcov\u00e9 profilov\u00e9 no\u017enice s dierovan\u00edm radu HYDRACROP maj\u00fa p\u00e4\u0165 pracovn\u00fdch miest (dierovanie, delenie profilov, delenie ty\u010doviny, strihanie plechu, vystrihovanie plechu) a ich ve\u013ekou v\u00fdhodou je mo\u017enos\u0165 vyu\u017eitia dvoch pracov\u00edsk z\u00e1rove\u0148. Geka pon\u00faka p\u00e4\u0165 modelov Hydracrop s kapacitou 550 \u2013 2200 kN (pozri Technick\u00e9 parametre). K strojom sa dod\u00e1va ve\u013ek\u00e9 mno\u017estvo zvl\u00e1\u0161tneho pr\u00edslu\u0161enstva, ktor\u00e9 v\u00fdznamne roz\u0161iruje [&hellip;]","og_url":"https:\/\/www.ipecon.sk\/en\/product\/profilove-noznice-s-dierovanim-hydracrop\/","og_site_name":"IPECON","article_modified_time":"2024-08-13T12:51:50+00:00","og_image":[{"width":746,"height":690,"url":"https:\/\/www.ipecon.sk\/wp-content\/uploads\/2024\/07\/Geka-cizallas-punzonadoras-dos-cilindros-hydracrop-80-1.jpg","type":"image\/jpeg"}],"twitter_card":"summary_large_image","twitter_misc":{"Estimated reading time":"1 minute"},"schema":{"@context":"https:\/\/schema.org","@graph":[{"@type":"WebPage","@id":"https:\/\/www.ipecon.sk\/product\/profilove-noznice-s-dierovanim-hydracrop\/","url":"https:\/\/www.ipecon.sk\/product\/profilove-noznice-s-dierovanim-hydracrop\/","name":"Profilov\u00e9 no\u017enice s dierovan\u00edm GEKA HYDRACROP - IPECON","isPartOf":{"@id":"https:\/\/www.ipecon.sk\/#website"},"primaryImageOfPage":{"@id":"https:\/\/www.ipecon.sk\/product\/profilove-noznice-s-dierovanim-hydracrop\/#primaryimage"},"image":{"@id":"https:\/\/www.ipecon.sk\/product\/profilove-noznice-s-dierovanim-hydracrop\/#primaryimage"},"thumbnailUrl":"https:\/\/www.ipecon.sk\/wp-content\/uploads\/2024\/07\/Geka-cizallas-punzonadoras-dos-cilindros-hydracrop-80-1.jpg","datePublished":"2024-07-31T12:10:33+00:00","dateModified":"2024-08-13T12:51:50+00:00","breadcrumb":{"@id":"https:\/\/www.ipecon.sk\/product\/profilove-noznice-s-dierovanim-hydracrop\/#breadcrumb"},"inLanguage":"en-GB","potentialAction":[{"@type":"ReadAction","target":["https:\/\/www.ipecon.sk\/product\/profilove-noznice-s-dierovanim-hydracrop\/"]}]},{"@type":"ImageObject","inLanguage":"en-GB","@id":"https:\/\/www.ipecon.sk\/product\/profilove-noznice-s-dierovanim-hydracrop\/#primaryimage","url":"https:\/\/www.ipecon.sk\/wp-content\/uploads\/2024\/07\/Geka-cizallas-punzonadoras-dos-cilindros-hydracrop-80-1.jpg","contentUrl":"https:\/\/www.ipecon.sk\/wp-content\/uploads\/2024\/07\/Geka-cizallas-punzonadoras-dos-cilindros-hydracrop-80-1.jpg","width":746,"height":690},{"@type":"BreadcrumbList","@id":"https:\/\/www.ipecon.sk\/product\/profilove-noznice-s-dierovanim-hydracrop\/#breadcrumb","itemListElement":[{"@type":"ListItem","position":1,"name":"Home","item":"https:\/\/www.ipecon.sk\/"},{"@type":"ListItem","position":2,"name":"Shop","item":"https:\/\/www.ipecon.sk\/shop\/"},{"@type":"ListItem","position":3,"name":"Profilov\u00e9 no\u017enice s dierovan\u00edm GEKA HYDRACROP"}]},{"@type":"WebSite","@id":"https:\/\/www.ipecon.sk\/#website","url":"https:\/\/www.ipecon.sk\/","name":"IPECON","description":"","potentialAction":[{"@type":"SearchAction","target":{"@type":"EntryPoint","urlTemplate":"https:\/\/www.ipecon.sk\/?s={search_term_string}"},"query-input":{"@type":"PropertyValueSpecification","valueRequired":true,"valueName":"search_term_string"}}],"inLanguage":"en-GB"}]}},"_links":{"self":[{"href":"https:\/\/www.ipecon.sk\/en\/wp-json\/wp\/v2\/product\/6057","targetHints":{"allow":["GET"]}}],"collection":[{"href":"https:\/\/www.ipecon.sk\/en\/wp-json\/wp\/v2\/product"}],"about":[{"href":"https:\/\/www.ipecon.sk\/en\/wp-json\/wp\/v2\/types\/product"}],"replies":[{"embeddable":true,"href":"https:\/\/www.ipecon.sk\/en\/wp-json\/wp\/v2\/comments?post=6057"}],"wp:featuredmedia":[{"embeddable":true,"href":"https:\/\/www.ipecon.sk\/en\/wp-json\/wp\/v2\/media\/6058"}],"wp:attachment":[{"href":"https:\/\/www.ipecon.sk\/en\/wp-json\/wp\/v2\/media?parent=6057"}],"wp:term":[{"taxonomy":"product_brand","embeddable":true,"href":"https:\/\/www.ipecon.sk\/en\/wp-json\/wp\/v2\/product_brand?post=6057"},{"taxonomy":"product_cat","embeddable":true,"href":"https:\/\/www.ipecon.sk\/en\/wp-json\/wp\/v2\/product_cat?post=6057"},{"taxonomy":"product_tag","embeddable":true,"href":"https:\/\/www.ipecon.sk\/en\/wp-json\/wp\/v2\/product_tag?post=6057"}],"curies":[{"name":"wp","href":"https:\/\/api.w.org\/{rel}","templated":true}]}}