{"id":6054,"date":"2024-07-31T08:26:50","date_gmt":"2024-07-31T08:26:50","guid":{"rendered":"https:\/\/www.ipecon.sk\/?post_type=product&#038;p=6054"},"modified":"2024-08-13T12:51:16","modified_gmt":"2024-08-13T12:51:16","slug":"geka-puma","status":"publish","type":"product","link":"https:\/\/www.ipecon.sk\/en\/product\/geka-puma\/","title":{"rendered":"Hydraulick\u00e9 dierovacie stroje GEKA PUMA"},"content":{"rendered":"<p>Hydraulick\u00e9 dierovacie stroje s ve\u013ek\u00fdm vylo\u017een\u00edm dierovacieho pracoviska. Kruhov\u00e9 otvory, ov\u00e1lne otvory, \u0161peci\u00e1lne tvary, zaoblovanie p\u00e1soviny, zaoblovanie rohov plechu apod.<\/p>\n<p>Vysoko kvalitn\u00e9 dielensk\u00e9 a strojn\u00e9 spracovanie, celkov\u00e1 kone\u010dn\u00e1 \u00faprava a dizajn. Pl\u00e1ty r\u00e1mu r\u00e1mu s\u00fa zoskrutkovan\u00e9 (sendvi\u010dov\u00e1 \u0161trukt\u00fara). Fixa\u010dn\u00e9 skrutky s\u00fa na miestach, kde sa objavuj\u00fa najvy\u0161\u0161ie dierovacie sily. U niektor\u00fdch in\u00fdch v\u00fdrobcov je r\u00e1m strojov \u2013 vzh\u013eadom k nepr\u00edstupnosti zvaren\u00fd len po stran\u00e1ch, v kont\u00farach strojov preto m\u00f4\u017ee d\u00f4js\u0165 k \u201eotv\u00e1raniu\u201c strojov. R\u00e1m stroja je po vyrezan\u00ed ofr\u00e9zovan\u00fd a\u017e do h\u013abky 5 mm, aby sa pozoroval pr\u00edpadn\u00e9 mikrotrhliny sp\u00f4soben\u00e9 kontaktn\u00fdm materi\u00e1lom s vysokou vysokou teplotou. Mimoriadna tuhos\u0165 strojov je \u010falej zaisten\u00e1 aj priamym veden\u00edm pracovn\u00e9ho pohybu piestu hydraulickej vojny, rovnako ako podopren\u00edm valcov\u00e9ho r\u00e1mu strojov v hornej \u010dasti. Pevn\u00fd syst\u00e9m uchytenia dr\u017eiaka spodn\u00e9ho n\u00e1stroja zabezpe\u010duje dlhodob\u00e9 vycentrovanie. U strojov sa ust\u00fapilo od uchytenia dr\u017eiaka spodn\u00e9ho n\u00e1stroja na rovn\u00e9 s T \u2013 dr\u00e1\u017ekou, preto\u017ee \u00fa\u010dinkom vibr\u00e1ci\u00ed \u010dasom vznik\u00e1 v\u00f4\u013ea a doch\u00e1dza k \u010dast\u00e9mu decentrovaniu n\u00e1strojov.<\/p>","protected":false},"excerpt":{"rendered":"<p>Hydraulick\u00e9 dierovacie stroje s ve\u013ek\u00fdm vylo\u017een\u00edm dierovacieho pracoviska. Kruhov\u00e9 otvory, ov\u00e1lne otvory, \u0161peci\u00e1lne tvary, zaoblovanie p\u00e1soviny, zaoblovanie rohov plechu apod. Vysoko kvalitn\u00e9 dielensk\u00e9 a strojn\u00e9 spracovanie, celkov\u00e1 kone\u010dn\u00e1 \u00faprava a dizajn. Pl\u00e1ty r\u00e1mu r\u00e1mu s\u00fa zoskrutkovan\u00e9 (sendvi\u010dov\u00e1 \u0161trukt\u00fara). Fixa\u010dn\u00e9 skrutky s\u00fa na miestach, kde sa objavuj\u00fa najvy\u0161\u0161ie dierovacie sily. U niektor\u00fdch in\u00fdch v\u00fdrobcov je r\u00e1m [&hellip;]<\/p>\n","protected":false},"featured_media":6056,"comment_status":"open","ping_status":"closed","template":"","meta":{"_acf_changed":false,"_et_pb_use_builder":"","_et_pb_old_content":"","_et_gb_content_width":""},"product_brand":[],"product_cat":[70],"product_tag":[],"class_list":{"0":"post-6054","1":"product","2":"type-product","3":"status-publish","4":"has-post-thumbnail","6":"product_cat-dierovacie-stroje","8":"first","9":"instock","10":"shipping-taxable","11":"product-type-simple"},"acf":[],"yoast_head":"<!-- This site is optimized with the Yoast SEO plugin v27.4 - https:\/\/yoast.com\/product\/yoast-seo-wordpress\/ -->\n<title>Hydraulick\u00e9 dierovacie stroje GEKA PUMA - IPECON<\/title>\n<meta name=\"robots\" content=\"index, follow, max-snippet:-1, max-image-preview:large, max-video-preview:-1\" \/>\n<link rel=\"canonical\" href=\"https:\/\/www.ipecon.sk\/en\/product\/geka-puma\/\" \/>\n<meta property=\"og:locale\" content=\"en_GB\" \/>\n<meta property=\"og:type\" content=\"article\" \/>\n<meta property=\"og:title\" content=\"Hydraulick\u00e9 dierovacie stroje GEKA PUMA - IPECON\" \/>\n<meta property=\"og:description\" content=\"Hydraulick\u00e9 dierovacie stroje s ve\u013ek\u00fdm vylo\u017een\u00edm dierovacieho pracoviska. Kruhov\u00e9 otvory, ov\u00e1lne otvory, \u0161peci\u00e1lne tvary, zaoblovanie p\u00e1soviny, zaoblovanie rohov plechu apod. Vysoko kvalitn\u00e9 dielensk\u00e9 a strojn\u00e9 spracovanie, celkov\u00e1 kone\u010dn\u00e1 \u00faprava a dizajn. Pl\u00e1ty r\u00e1mu r\u00e1mu s\u00fa zoskrutkovan\u00e9 (sendvi\u010dov\u00e1 \u0161trukt\u00fara). Fixa\u010dn\u00e9 skrutky s\u00fa na miestach, kde sa objavuj\u00fa najvy\u0161\u0161ie dierovacie sily. U niektor\u00fdch in\u00fdch v\u00fdrobcov je r\u00e1m [&hellip;]\" \/>\n<meta property=\"og:url\" content=\"https:\/\/www.ipecon.sk\/en\/product\/geka-puma\/\" \/>\n<meta property=\"og:site_name\" content=\"IPECON\" \/>\n<meta property=\"article:modified_time\" content=\"2024-08-13T12:51:16+00:00\" \/>\n<meta property=\"og:image\" content=\"https:\/\/www.ipecon.sk\/wp-content\/uploads\/2024\/07\/pumda_big.jpg\" \/>\n\t<meta property=\"og:image:width\" content=\"755\" \/>\n\t<meta property=\"og:image:height\" content=\"693\" \/>\n\t<meta property=\"og:image:type\" content=\"image\/jpeg\" \/>\n<meta name=\"twitter:card\" content=\"summary_large_image\" \/>\n<meta name=\"twitter:label1\" content=\"Estimated reading time\" \/>\n\t<meta name=\"twitter:data1\" content=\"1 minute\" \/>\n<script type=\"application\/ld+json\" class=\"yoast-schema-graph\">{\"@context\":\"https:\\\/\\\/schema.org\",\"@graph\":[{\"@type\":\"WebPage\",\"@id\":\"https:\\\/\\\/www.ipecon.sk\\\/product\\\/geka-puma\\\/\",\"url\":\"https:\\\/\\\/www.ipecon.sk\\\/product\\\/geka-puma\\\/\",\"name\":\"Hydraulick\u00e9 dierovacie stroje GEKA PUMA - IPECON\",\"isPartOf\":{\"@id\":\"https:\\\/\\\/www.ipecon.sk\\\/#website\"},\"primaryImageOfPage\":{\"@id\":\"https:\\\/\\\/www.ipecon.sk\\\/product\\\/geka-puma\\\/#primaryimage\"},\"image\":{\"@id\":\"https:\\\/\\\/www.ipecon.sk\\\/product\\\/geka-puma\\\/#primaryimage\"},\"thumbnailUrl\":\"https:\\\/\\\/www.ipecon.sk\\\/wp-content\\\/uploads\\\/2024\\\/07\\\/pumda_big.jpg\",\"datePublished\":\"2024-07-31T08:26:50+00:00\",\"dateModified\":\"2024-08-13T12:51:16+00:00\",\"breadcrumb\":{\"@id\":\"https:\\\/\\\/www.ipecon.sk\\\/product\\\/geka-puma\\\/#breadcrumb\"},\"inLanguage\":\"en-GB\",\"potentialAction\":[{\"@type\":\"ReadAction\",\"target\":[\"https:\\\/\\\/www.ipecon.sk\\\/product\\\/geka-puma\\\/\"]}]},{\"@type\":\"ImageObject\",\"inLanguage\":\"en-GB\",\"@id\":\"https:\\\/\\\/www.ipecon.sk\\\/product\\\/geka-puma\\\/#primaryimage\",\"url\":\"https:\\\/\\\/www.ipecon.sk\\\/wp-content\\\/uploads\\\/2024\\\/07\\\/pumda_big.jpg\",\"contentUrl\":\"https:\\\/\\\/www.ipecon.sk\\\/wp-content\\\/uploads\\\/2024\\\/07\\\/pumda_big.jpg\",\"width\":755,\"height\":693},{\"@type\":\"BreadcrumbList\",\"@id\":\"https:\\\/\\\/www.ipecon.sk\\\/product\\\/geka-puma\\\/#breadcrumb\",\"itemListElement\":[{\"@type\":\"ListItem\",\"position\":1,\"name\":\"Home\",\"item\":\"https:\\\/\\\/www.ipecon.sk\\\/\"},{\"@type\":\"ListItem\",\"position\":2,\"name\":\"Shop\",\"item\":\"https:\\\/\\\/www.ipecon.sk\\\/shop\\\/\"},{\"@type\":\"ListItem\",\"position\":3,\"name\":\"Hydraulick\u00e9 dierovacie stroje GEKA PUMA\"}]},{\"@type\":\"WebSite\",\"@id\":\"https:\\\/\\\/www.ipecon.sk\\\/#website\",\"url\":\"https:\\\/\\\/www.ipecon.sk\\\/\",\"name\":\"IPECON\",\"description\":\"\",\"potentialAction\":[{\"@type\":\"SearchAction\",\"target\":{\"@type\":\"EntryPoint\",\"urlTemplate\":\"https:\\\/\\\/www.ipecon.sk\\\/?s={search_term_string}\"},\"query-input\":{\"@type\":\"PropertyValueSpecification\",\"valueRequired\":true,\"valueName\":\"search_term_string\"}}],\"inLanguage\":\"en-GB\"}]}<\/script>\n<!-- \/ Yoast SEO plugin. -->","yoast_head_json":{"title":"Hydraulick\u00e9 dierovacie stroje GEKA PUMA - IPECON","robots":{"index":"index","follow":"follow","max-snippet":"max-snippet:-1","max-image-preview":"max-image-preview:large","max-video-preview":"max-video-preview:-1"},"canonical":"https:\/\/www.ipecon.sk\/en\/product\/geka-puma\/","og_locale":"en_GB","og_type":"article","og_title":"Hydraulick\u00e9 dierovacie stroje GEKA PUMA - IPECON","og_description":"Hydraulick\u00e9 dierovacie stroje s ve\u013ek\u00fdm vylo\u017een\u00edm dierovacieho pracoviska. Kruhov\u00e9 otvory, ov\u00e1lne otvory, \u0161peci\u00e1lne tvary, zaoblovanie p\u00e1soviny, zaoblovanie rohov plechu apod. Vysoko kvalitn\u00e9 dielensk\u00e9 a strojn\u00e9 spracovanie, celkov\u00e1 kone\u010dn\u00e1 \u00faprava a dizajn. Pl\u00e1ty r\u00e1mu r\u00e1mu s\u00fa zoskrutkovan\u00e9 (sendvi\u010dov\u00e1 \u0161trukt\u00fara). Fixa\u010dn\u00e9 skrutky s\u00fa na miestach, kde sa objavuj\u00fa najvy\u0161\u0161ie dierovacie sily. U niektor\u00fdch in\u00fdch v\u00fdrobcov je r\u00e1m [&hellip;]","og_url":"https:\/\/www.ipecon.sk\/en\/product\/geka-puma\/","og_site_name":"IPECON","article_modified_time":"2024-08-13T12:51:16+00:00","og_image":[{"width":755,"height":693,"url":"https:\/\/www.ipecon.sk\/wp-content\/uploads\/2024\/07\/pumda_big.jpg","type":"image\/jpeg"}],"twitter_card":"summary_large_image","twitter_misc":{"Estimated reading time":"1 minute"},"schema":{"@context":"https:\/\/schema.org","@graph":[{"@type":"WebPage","@id":"https:\/\/www.ipecon.sk\/product\/geka-puma\/","url":"https:\/\/www.ipecon.sk\/product\/geka-puma\/","name":"Hydraulick\u00e9 dierovacie stroje GEKA PUMA - IPECON","isPartOf":{"@id":"https:\/\/www.ipecon.sk\/#website"},"primaryImageOfPage":{"@id":"https:\/\/www.ipecon.sk\/product\/geka-puma\/#primaryimage"},"image":{"@id":"https:\/\/www.ipecon.sk\/product\/geka-puma\/#primaryimage"},"thumbnailUrl":"https:\/\/www.ipecon.sk\/wp-content\/uploads\/2024\/07\/pumda_big.jpg","datePublished":"2024-07-31T08:26:50+00:00","dateModified":"2024-08-13T12:51:16+00:00","breadcrumb":{"@id":"https:\/\/www.ipecon.sk\/product\/geka-puma\/#breadcrumb"},"inLanguage":"en-GB","potentialAction":[{"@type":"ReadAction","target":["https:\/\/www.ipecon.sk\/product\/geka-puma\/"]}]},{"@type":"ImageObject","inLanguage":"en-GB","@id":"https:\/\/www.ipecon.sk\/product\/geka-puma\/#primaryimage","url":"https:\/\/www.ipecon.sk\/wp-content\/uploads\/2024\/07\/pumda_big.jpg","contentUrl":"https:\/\/www.ipecon.sk\/wp-content\/uploads\/2024\/07\/pumda_big.jpg","width":755,"height":693},{"@type":"BreadcrumbList","@id":"https:\/\/www.ipecon.sk\/product\/geka-puma\/#breadcrumb","itemListElement":[{"@type":"ListItem","position":1,"name":"Home","item":"https:\/\/www.ipecon.sk\/"},{"@type":"ListItem","position":2,"name":"Shop","item":"https:\/\/www.ipecon.sk\/shop\/"},{"@type":"ListItem","position":3,"name":"Hydraulick\u00e9 dierovacie stroje GEKA PUMA"}]},{"@type":"WebSite","@id":"https:\/\/www.ipecon.sk\/#website","url":"https:\/\/www.ipecon.sk\/","name":"IPECON","description":"","potentialAction":[{"@type":"SearchAction","target":{"@type":"EntryPoint","urlTemplate":"https:\/\/www.ipecon.sk\/?s={search_term_string}"},"query-input":{"@type":"PropertyValueSpecification","valueRequired":true,"valueName":"search_term_string"}}],"inLanguage":"en-GB"}]}},"_links":{"self":[{"href":"https:\/\/www.ipecon.sk\/en\/wp-json\/wp\/v2\/product\/6054","targetHints":{"allow":["GET"]}}],"collection":[{"href":"https:\/\/www.ipecon.sk\/en\/wp-json\/wp\/v2\/product"}],"about":[{"href":"https:\/\/www.ipecon.sk\/en\/wp-json\/wp\/v2\/types\/product"}],"replies":[{"embeddable":true,"href":"https:\/\/www.ipecon.sk\/en\/wp-json\/wp\/v2\/comments?post=6054"}],"wp:featuredmedia":[{"embeddable":true,"href":"https:\/\/www.ipecon.sk\/en\/wp-json\/wp\/v2\/media\/6056"}],"wp:attachment":[{"href":"https:\/\/www.ipecon.sk\/en\/wp-json\/wp\/v2\/media?parent=6054"}],"wp:term":[{"taxonomy":"product_brand","embeddable":true,"href":"https:\/\/www.ipecon.sk\/en\/wp-json\/wp\/v2\/product_brand?post=6054"},{"taxonomy":"product_cat","embeddable":true,"href":"https:\/\/www.ipecon.sk\/en\/wp-json\/wp\/v2\/product_cat?post=6054"},{"taxonomy":"product_tag","embeddable":true,"href":"https:\/\/www.ipecon.sk\/en\/wp-json\/wp\/v2\/product_tag?post=6054"}],"curies":[{"name":"wp","href":"https:\/\/api.w.org\/{rel}","templated":true}]}}