{"id":5962,"date":"2024-05-31T10:12:16","date_gmt":"2024-05-31T10:12:16","guid":{"rendered":"https:\/\/www.ipecon.sk\/?post_type=product&#038;p=5962"},"modified":"2024-05-31T12:41:20","modified_gmt":"2024-05-31T12:41:20","slug":"dual-mfa-cnc-servo-ohybacka-plechov-s-otocnym-baranom-a-obojsmernym-ohybanim","status":"publish","type":"product","link":"https:\/\/www.ipecon.sk\/en\/product\/dual-mfa-cnc-servo-ohybacka-plechov-s-otocnym-baranom-a-obojsmernym-ohybanim\/","title":{"rendered":"Dual MFA CNC Servo oh\u00fdba\u010dka plechov s oto\u010dn\u00fdm baranom a obojsmern\u00fdm oh\u00fdban\u00edm"},"content":{"rendered":"<p>Servoelektrick\u00e1 CNC oh\u00fdba\u010dka plechov DUAL MFA od firmy Erbend s obojsmern\u00fdm oh\u00fdban\u00edm. Oh\u00fdba\u010dka m\u00e1 oto\u010dn\u00fd horn\u00fd baran pre flexibiln\u00fa pr\u00e1cu s r\u00f4znymi n\u00e1strojmi. Naviac disponuje \u0161peci\u00e1lnym predn\u00fdm baranom schopn\u00fdm oh\u00fdba\u0165 vlo\u017een\u00fd plech taktie\u017e smerom nadol.<\/p>\n<h2 class=\"wp-block-heading\">Vlastnosti<\/h2>\n<p>Schopnos\u0165 oh\u00fdba\u0165 hore aj dolu.<br \/>\nRychl\u00e1, efekt\u00edvna, presn\u00e1 a bezpe\u010dn\u00e1 v\u00fdroba.<br \/>\nOh\u00fdbac\u00ed \u0159e\u0161en\u00ed s r\u016fzn\u00fdmi vlastnostmi od nejjednodu\u0161\u0161\u00edch a\u017e po nejslo\u017eit\u011bj\u0161\u00ed d\u00edly.<br \/>\nVy\u0161\u0161\u00ed v\u00fdroba za krat\u0161\u00ed dobu.<\/p>\n<p><strong>Vyvinuto pomoc\u00ed technologie Erbend.<\/strong><\/p>\n<p><iframe title=\"DUAL MFA 3230 CNC Servo Up-Down Sheet Metal Folding Machine\" width=\"1080\" height=\"608\" src=\"https:\/\/www.youtube.com\/embed\/Xo8vGshy8l4?start=182&#038;feature=oembed\"  allow=\"accelerometer; autoplay; clipboard-write; encrypted-media; gyroscope; picture-in-picture; web-share\" referrerpolicy=\"strict-origin-when-cross-origin\" allowfullscreen><\/iframe><\/p>","protected":false},"excerpt":{"rendered":"<p>Servoelektrick\u00e1 CNC oh\u00fdba\u010dka plechov DUAL MFA od firmy Erbend s obojsmern\u00fdm oh\u00fdban\u00edm. Oh\u00fdba\u010dka m\u00e1 oto\u010dn\u00fd horn\u00fd baran pre flexibiln\u00fa pr\u00e1cu s r\u00f4znymi n\u00e1strojmi. Naviac disponuje \u0161peci\u00e1lnym predn\u00fdm baranom schopn\u00fdm oh\u00fdba\u0165 vlo\u017een\u00fd plech taktie\u017e smerom nadol. Vlastnosti Schopnos\u0165 oh\u00fdba\u0165 hore aj dolu. Rychl\u00e1, efekt\u00edvna, presn\u00e1 a bezpe\u010dn\u00e1 v\u00fdroba. Oh\u00fdbac\u00ed \u0159e\u0161en\u00ed s r\u016fzn\u00fdmi vlastnostmi od nejjednodu\u0161\u0161\u00edch a\u017e [&hellip;]<\/p>\n","protected":false},"featured_media":5971,"comment_status":"open","ping_status":"closed","template":"","meta":{"_acf_changed":false,"_et_pb_use_builder":"","_et_pb_old_content":"","_et_gb_content_width":""},"product_brand":[],"product_cat":[68],"product_tag":[],"class_list":{"0":"post-5962","1":"product","2":"type-product","3":"status-publish","4":"has-post-thumbnail","6":"product_cat-ohybacky-plechov","8":"first","9":"instock","10":"shipping-taxable","11":"product-type-simple"},"acf":[],"yoast_head":"<!-- This site is optimized with the Yoast SEO plugin v27.4 - https:\/\/yoast.com\/product\/yoast-seo-wordpress\/ -->\n<title>Dual MFA CNC Servo oh\u00fdba\u010dka plechov s oto\u010dn\u00fdm baranom a obojsmern\u00fdm oh\u00fdban\u00edm - IPECON<\/title>\n<meta name=\"robots\" content=\"index, follow, max-snippet:-1, max-image-preview:large, max-video-preview:-1\" \/>\n<link rel=\"canonical\" href=\"https:\/\/www.ipecon.sk\/en\/product\/dual-mfa-cnc-servo-ohybacka-plechov-s-otocnym-baranom-a-obojsmernym-ohybanim\/\" \/>\n<meta property=\"og:locale\" content=\"en_GB\" \/>\n<meta property=\"og:type\" content=\"article\" \/>\n<meta property=\"og:title\" content=\"Dual MFA CNC Servo oh\u00fdba\u010dka plechov s oto\u010dn\u00fdm baranom a obojsmern\u00fdm oh\u00fdban\u00edm - IPECON\" \/>\n<meta property=\"og:description\" content=\"Servoelektrick\u00e1 CNC oh\u00fdba\u010dka plechov DUAL MFA od firmy Erbend s obojsmern\u00fdm oh\u00fdban\u00edm. Oh\u00fdba\u010dka m\u00e1 oto\u010dn\u00fd horn\u00fd baran pre flexibiln\u00fa pr\u00e1cu s r\u00f4znymi n\u00e1strojmi. Naviac disponuje \u0161peci\u00e1lnym predn\u00fdm baranom schopn\u00fdm oh\u00fdba\u0165 vlo\u017een\u00fd plech taktie\u017e smerom nadol. Vlastnosti Schopnos\u0165 oh\u00fdba\u0165 hore aj dolu. Rychl\u00e1, efekt\u00edvna, presn\u00e1 a bezpe\u010dn\u00e1 v\u00fdroba. Oh\u00fdbac\u00ed \u0159e\u0161en\u00ed s r\u016fzn\u00fdmi vlastnostmi od nejjednodu\u0161\u0161\u00edch a\u017e [&hellip;]\" \/>\n<meta property=\"og:url\" content=\"https:\/\/www.ipecon.sk\/en\/product\/dual-mfa-cnc-servo-ohybacka-plechov-s-otocnym-baranom-a-obojsmernym-ohybanim\/\" \/>\n<meta property=\"og:site_name\" content=\"IPECON\" \/>\n<meta property=\"article:modified_time\" content=\"2024-05-31T12:41:20+00:00\" \/>\n<meta property=\"og:image\" content=\"https:\/\/www.ipecon.sk\/wp-content\/uploads\/2024\/05\/ohybaci-stroj-na-plechy-MFA-3230.jpg\" \/>\n\t<meta property=\"og:image:width\" content=\"1665\" \/>\n\t<meta property=\"og:image:height\" content=\"1351\" \/>\n\t<meta property=\"og:image:type\" content=\"image\/jpeg\" \/>\n<meta name=\"twitter:card\" content=\"summary_large_image\" \/>\n<meta name=\"twitter:label1\" content=\"Estimated reading time\" \/>\n\t<meta name=\"twitter:data1\" content=\"1 minute\" \/>\n<script type=\"application\/ld+json\" class=\"yoast-schema-graph\">{\"@context\":\"https:\\\/\\\/schema.org\",\"@graph\":[{\"@type\":\"WebPage\",\"@id\":\"https:\\\/\\\/www.ipecon.sk\\\/product\\\/dual-mfa-cnc-servo-ohybacka-plechov-s-otocnym-baranom-a-obojsmernym-ohybanim\\\/\",\"url\":\"https:\\\/\\\/www.ipecon.sk\\\/product\\\/dual-mfa-cnc-servo-ohybacka-plechov-s-otocnym-baranom-a-obojsmernym-ohybanim\\\/\",\"name\":\"Dual MFA CNC Servo oh\u00fdba\u010dka plechov s oto\u010dn\u00fdm baranom a obojsmern\u00fdm oh\u00fdban\u00edm - IPECON\",\"isPartOf\":{\"@id\":\"https:\\\/\\\/www.ipecon.sk\\\/#website\"},\"primaryImageOfPage\":{\"@id\":\"https:\\\/\\\/www.ipecon.sk\\\/product\\\/dual-mfa-cnc-servo-ohybacka-plechov-s-otocnym-baranom-a-obojsmernym-ohybanim\\\/#primaryimage\"},\"image\":{\"@id\":\"https:\\\/\\\/www.ipecon.sk\\\/product\\\/dual-mfa-cnc-servo-ohybacka-plechov-s-otocnym-baranom-a-obojsmernym-ohybanim\\\/#primaryimage\"},\"thumbnailUrl\":\"https:\\\/\\\/www.ipecon.sk\\\/wp-content\\\/uploads\\\/2024\\\/05\\\/ohybaci-stroj-na-plechy-MFA-3230.jpg\",\"datePublished\":\"2024-05-31T10:12:16+00:00\",\"dateModified\":\"2024-05-31T12:41:20+00:00\",\"breadcrumb\":{\"@id\":\"https:\\\/\\\/www.ipecon.sk\\\/product\\\/dual-mfa-cnc-servo-ohybacka-plechov-s-otocnym-baranom-a-obojsmernym-ohybanim\\\/#breadcrumb\"},\"inLanguage\":\"en-GB\",\"potentialAction\":[{\"@type\":\"ReadAction\",\"target\":[\"https:\\\/\\\/www.ipecon.sk\\\/product\\\/dual-mfa-cnc-servo-ohybacka-plechov-s-otocnym-baranom-a-obojsmernym-ohybanim\\\/\"]}]},{\"@type\":\"ImageObject\",\"inLanguage\":\"en-GB\",\"@id\":\"https:\\\/\\\/www.ipecon.sk\\\/product\\\/dual-mfa-cnc-servo-ohybacka-plechov-s-otocnym-baranom-a-obojsmernym-ohybanim\\\/#primaryimage\",\"url\":\"https:\\\/\\\/www.ipecon.sk\\\/wp-content\\\/uploads\\\/2024\\\/05\\\/ohybaci-stroj-na-plechy-MFA-3230.jpg\",\"contentUrl\":\"https:\\\/\\\/www.ipecon.sk\\\/wp-content\\\/uploads\\\/2024\\\/05\\\/ohybaci-stroj-na-plechy-MFA-3230.jpg\",\"width\":1665,\"height\":1351},{\"@type\":\"BreadcrumbList\",\"@id\":\"https:\\\/\\\/www.ipecon.sk\\\/product\\\/dual-mfa-cnc-servo-ohybacka-plechov-s-otocnym-baranom-a-obojsmernym-ohybanim\\\/#breadcrumb\",\"itemListElement\":[{\"@type\":\"ListItem\",\"position\":1,\"name\":\"Home\",\"item\":\"https:\\\/\\\/www.ipecon.sk\\\/\"},{\"@type\":\"ListItem\",\"position\":2,\"name\":\"Shop\",\"item\":\"https:\\\/\\\/www.ipecon.sk\\\/shop\\\/\"},{\"@type\":\"ListItem\",\"position\":3,\"name\":\"Dual MFA CNC Servo oh\u00fdba\u010dka plechov s oto\u010dn\u00fdm baranom a obojsmern\u00fdm oh\u00fdban\u00edm\"}]},{\"@type\":\"WebSite\",\"@id\":\"https:\\\/\\\/www.ipecon.sk\\\/#website\",\"url\":\"https:\\\/\\\/www.ipecon.sk\\\/\",\"name\":\"IPECON\",\"description\":\"\",\"potentialAction\":[{\"@type\":\"SearchAction\",\"target\":{\"@type\":\"EntryPoint\",\"urlTemplate\":\"https:\\\/\\\/www.ipecon.sk\\\/?s={search_term_string}\"},\"query-input\":{\"@type\":\"PropertyValueSpecification\",\"valueRequired\":true,\"valueName\":\"search_term_string\"}}],\"inLanguage\":\"en-GB\"}]}<\/script>\n<!-- \/ Yoast SEO plugin. -->","yoast_head_json":{"title":"Dual MFA CNC Servo oh\u00fdba\u010dka plechov s oto\u010dn\u00fdm baranom a obojsmern\u00fdm oh\u00fdban\u00edm - IPECON","robots":{"index":"index","follow":"follow","max-snippet":"max-snippet:-1","max-image-preview":"max-image-preview:large","max-video-preview":"max-video-preview:-1"},"canonical":"https:\/\/www.ipecon.sk\/en\/product\/dual-mfa-cnc-servo-ohybacka-plechov-s-otocnym-baranom-a-obojsmernym-ohybanim\/","og_locale":"en_GB","og_type":"article","og_title":"Dual MFA CNC Servo oh\u00fdba\u010dka plechov s oto\u010dn\u00fdm baranom a obojsmern\u00fdm oh\u00fdban\u00edm - IPECON","og_description":"Servoelektrick\u00e1 CNC oh\u00fdba\u010dka plechov DUAL MFA od firmy Erbend s obojsmern\u00fdm oh\u00fdban\u00edm. Oh\u00fdba\u010dka m\u00e1 oto\u010dn\u00fd horn\u00fd baran pre flexibiln\u00fa pr\u00e1cu s r\u00f4znymi n\u00e1strojmi. Naviac disponuje \u0161peci\u00e1lnym predn\u00fdm baranom schopn\u00fdm oh\u00fdba\u0165 vlo\u017een\u00fd plech taktie\u017e smerom nadol. Vlastnosti Schopnos\u0165 oh\u00fdba\u0165 hore aj dolu. Rychl\u00e1, efekt\u00edvna, presn\u00e1 a bezpe\u010dn\u00e1 v\u00fdroba. Oh\u00fdbac\u00ed \u0159e\u0161en\u00ed s r\u016fzn\u00fdmi vlastnostmi od nejjednodu\u0161\u0161\u00edch a\u017e [&hellip;]","og_url":"https:\/\/www.ipecon.sk\/en\/product\/dual-mfa-cnc-servo-ohybacka-plechov-s-otocnym-baranom-a-obojsmernym-ohybanim\/","og_site_name":"IPECON","article_modified_time":"2024-05-31T12:41:20+00:00","og_image":[{"width":1665,"height":1351,"url":"https:\/\/www.ipecon.sk\/wp-content\/uploads\/2024\/05\/ohybaci-stroj-na-plechy-MFA-3230.jpg","type":"image\/jpeg"}],"twitter_card":"summary_large_image","twitter_misc":{"Estimated reading time":"1 minute"},"schema":{"@context":"https:\/\/schema.org","@graph":[{"@type":"WebPage","@id":"https:\/\/www.ipecon.sk\/product\/dual-mfa-cnc-servo-ohybacka-plechov-s-otocnym-baranom-a-obojsmernym-ohybanim\/","url":"https:\/\/www.ipecon.sk\/product\/dual-mfa-cnc-servo-ohybacka-plechov-s-otocnym-baranom-a-obojsmernym-ohybanim\/","name":"Dual MFA CNC Servo oh\u00fdba\u010dka plechov s oto\u010dn\u00fdm baranom a obojsmern\u00fdm oh\u00fdban\u00edm - IPECON","isPartOf":{"@id":"https:\/\/www.ipecon.sk\/#website"},"primaryImageOfPage":{"@id":"https:\/\/www.ipecon.sk\/product\/dual-mfa-cnc-servo-ohybacka-plechov-s-otocnym-baranom-a-obojsmernym-ohybanim\/#primaryimage"},"image":{"@id":"https:\/\/www.ipecon.sk\/product\/dual-mfa-cnc-servo-ohybacka-plechov-s-otocnym-baranom-a-obojsmernym-ohybanim\/#primaryimage"},"thumbnailUrl":"https:\/\/www.ipecon.sk\/wp-content\/uploads\/2024\/05\/ohybaci-stroj-na-plechy-MFA-3230.jpg","datePublished":"2024-05-31T10:12:16+00:00","dateModified":"2024-05-31T12:41:20+00:00","breadcrumb":{"@id":"https:\/\/www.ipecon.sk\/product\/dual-mfa-cnc-servo-ohybacka-plechov-s-otocnym-baranom-a-obojsmernym-ohybanim\/#breadcrumb"},"inLanguage":"en-GB","potentialAction":[{"@type":"ReadAction","target":["https:\/\/www.ipecon.sk\/product\/dual-mfa-cnc-servo-ohybacka-plechov-s-otocnym-baranom-a-obojsmernym-ohybanim\/"]}]},{"@type":"ImageObject","inLanguage":"en-GB","@id":"https:\/\/www.ipecon.sk\/product\/dual-mfa-cnc-servo-ohybacka-plechov-s-otocnym-baranom-a-obojsmernym-ohybanim\/#primaryimage","url":"https:\/\/www.ipecon.sk\/wp-content\/uploads\/2024\/05\/ohybaci-stroj-na-plechy-MFA-3230.jpg","contentUrl":"https:\/\/www.ipecon.sk\/wp-content\/uploads\/2024\/05\/ohybaci-stroj-na-plechy-MFA-3230.jpg","width":1665,"height":1351},{"@type":"BreadcrumbList","@id":"https:\/\/www.ipecon.sk\/product\/dual-mfa-cnc-servo-ohybacka-plechov-s-otocnym-baranom-a-obojsmernym-ohybanim\/#breadcrumb","itemListElement":[{"@type":"ListItem","position":1,"name":"Home","item":"https:\/\/www.ipecon.sk\/"},{"@type":"ListItem","position":2,"name":"Shop","item":"https:\/\/www.ipecon.sk\/shop\/"},{"@type":"ListItem","position":3,"name":"Dual MFA CNC Servo oh\u00fdba\u010dka plechov s oto\u010dn\u00fdm baranom a obojsmern\u00fdm oh\u00fdban\u00edm"}]},{"@type":"WebSite","@id":"https:\/\/www.ipecon.sk\/#website","url":"https:\/\/www.ipecon.sk\/","name":"IPECON","description":"","potentialAction":[{"@type":"SearchAction","target":{"@type":"EntryPoint","urlTemplate":"https:\/\/www.ipecon.sk\/?s={search_term_string}"},"query-input":{"@type":"PropertyValueSpecification","valueRequired":true,"valueName":"search_term_string"}}],"inLanguage":"en-GB"}]}},"_links":{"self":[{"href":"https:\/\/www.ipecon.sk\/en\/wp-json\/wp\/v2\/product\/5962","targetHints":{"allow":["GET"]}}],"collection":[{"href":"https:\/\/www.ipecon.sk\/en\/wp-json\/wp\/v2\/product"}],"about":[{"href":"https:\/\/www.ipecon.sk\/en\/wp-json\/wp\/v2\/types\/product"}],"replies":[{"embeddable":true,"href":"https:\/\/www.ipecon.sk\/en\/wp-json\/wp\/v2\/comments?post=5962"}],"wp:featuredmedia":[{"embeddable":true,"href":"https:\/\/www.ipecon.sk\/en\/wp-json\/wp\/v2\/media\/5971"}],"wp:attachment":[{"href":"https:\/\/www.ipecon.sk\/en\/wp-json\/wp\/v2\/media?parent=5962"}],"wp:term":[{"taxonomy":"product_brand","embeddable":true,"href":"https:\/\/www.ipecon.sk\/en\/wp-json\/wp\/v2\/product_brand?post=5962"},{"taxonomy":"product_cat","embeddable":true,"href":"https:\/\/www.ipecon.sk\/en\/wp-json\/wp\/v2\/product_cat?post=5962"},{"taxonomy":"product_tag","embeddable":true,"href":"https:\/\/www.ipecon.sk\/en\/wp-json\/wp\/v2\/product_tag?post=5962"}],"curies":[{"name":"wp","href":"https:\/\/api.w.org\/{rel}","templated":true}]}}