{"id":5953,"date":"2024-05-31T06:56:29","date_gmt":"2024-05-31T06:56:29","guid":{"rendered":"https:\/\/www.ipecon.sk\/?post_type=product&#038;p=5953"},"modified":"2024-05-31T08:34:55","modified_gmt":"2024-05-31T08:34:55","slug":"mfd-cnc-ohybacka-plechov-s-otocnym-baranom","status":"publish","type":"product","link":"https:\/\/www.ipecon.sk\/en\/product\/mfd-cnc-ohybacka-plechov-s-otocnym-baranom\/","title":{"rendered":"MFD CNC oh\u00fdba\u010dka plechov s oto\u010dn\u00fdm baranom"},"content":{"rendered":"<h2 class=\"wp-block-heading\">\u0160tandardn\u00e9 pr\u00edslu\u0161enstvo<\/h2>\n<ul>\n<li>V\u00fd\u0161ka otvorenia 200 mm na up\u00ednacom barane oto\u010dnom o 180\u00b0 s 2 n\u00e1strojov\u00fdmi stanicami pre 100 mm vysok\u00fd vyhnut\u00fd segmentov\u00fd n\u00e1stroj a 20\u00b0 jednodielny n\u00e1stroj s ostr\u00fdm nosom.<\/li>\n<li>Excentrick\u00fd syst\u00e9m prenosu sily horn\u00e9ho barana pre r\u00fdchle zovretie\/uvo\u013enenie.<\/li>\n<li>Ru\u010dn\u00e9 nastavenie oh\u00fdbacieho barana.<\/li>\n<li>1000 mm servo syst\u00e9m zadn\u00e9ho dorazu s dr\u00e1\u017ekami pre palce.<\/li>\n<li>2 sady oh\u00fdbac\u00edch n\u00e1strojov \u0161\u00edrky 10 a 25 mm.<\/li>\n<li>Riadiaci software ERFOLD BASIC CNC LBL CNC na ovl\u00e1dac\u00edm panelu s dotykovou obrazovkou 15,6\u2033 s oto\u010dn\u00fdm ramenom.<\/li>\n<li>Spodn\u00ed n\u00e1strojov\u00fd baran bez dr\u00e1\u017eiek.<\/li>\n<li>Predn\u00e9 sveteln\u00e9 z\u00e1vory.<\/li>\n<\/ul>\n<p>&nbsp;<\/p>\n<h2 class=\"wp-block-heading\">Doplnkov\u00e9 pr\u00edslu\u0161enstvo<\/h2>\n<ul>\n<li>Zadn\u00fd doraz so servopohonom o d\u013a\u017eke 1500 mm s obd\u013a\u017en\u00edkov\u00fdm stolom pre podporu plechov.<\/li>\n<li>Zadn\u00ed doraz so servopohonom 2500 \/ 3200 \/ 4200 mm s podporn\u00fdm stolom v tvare L \/ T \/ U.<\/li>\n<li>ERFOLD POKRO\u010cIL\u00dd 2D\/3D CNC grafick\u00fd riadiaci software.<\/li>\n<li>Servo nastavenie v\u00fd\u0161ky oh\u00fdbacieho barana.<\/li>\n<li>Omega geometrie na spodnom a oh\u00fdbacom barane.<\/li>\n<li>Manu\u00e1lny k\u00f3nick\u00fd palec zadn\u00e9ho dorazu.<\/li>\n<li>Motorizovan\u00fd k\u00f3nick\u00fd syst\u00e9m zadn\u00e9ho dorazu.<\/li>\n<li>Pneumatick\u00fd r\u00fdchloup\u00ednac\u00ed syst\u00e9m vysok\u00e9ho vyhnut\u00e9ho n\u00e1stroja.<\/li>\n<li>Ru\u010dn\u00fd bomb\u00edrovac\u00ed syst\u00e9m.<\/li>\n<\/ul>\n<p>&nbsp;<\/p>\n<p><img decoding=\"async\" class=\"alignnone wp-image-5954 size-full\" src=\"https:\/\/www.ipecon.sk\/wp-content\/uploads\/2024\/05\/MFD.jpg\" alt=\"\" width=\"2475\" height=\"326\" srcset=\"https:\/\/www.ipecon.sk\/wp-content\/uploads\/2024\/05\/MFD.jpg 2475w, https:\/\/www.ipecon.sk\/wp-content\/uploads\/2024\/05\/MFD-1280x169.jpg 1280w, https:\/\/www.ipecon.sk\/wp-content\/uploads\/2024\/05\/MFD-980x129.jpg 980w, https:\/\/www.ipecon.sk\/wp-content\/uploads\/2024\/05\/MFD-480x63.jpg 480w\" sizes=\"(min-width: 0px) and (max-width: 480px) 480px, (min-width: 481px) and (max-width: 980px) 980px, (min-width: 981px) and (max-width: 1280px) 1280px, (min-width: 1281px) 2475px, 100vw\" \/><\/p>\n<p><img decoding=\"async\" class=\"aligncenter wp-image-5955 size-full\" src=\"https:\/\/www.ipecon.sk\/wp-content\/uploads\/2024\/05\/GNB.jpg\" alt=\"\" width=\"2117\" height=\"684\" srcset=\"https:\/\/www.ipecon.sk\/wp-content\/uploads\/2024\/05\/GNB.jpg 2117w, https:\/\/www.ipecon.sk\/wp-content\/uploads\/2024\/05\/GNB-1280x414.jpg 1280w, https:\/\/www.ipecon.sk\/wp-content\/uploads\/2024\/05\/GNB-980x317.jpg 980w, https:\/\/www.ipecon.sk\/wp-content\/uploads\/2024\/05\/GNB-480x155.jpg 480w\" sizes=\"(min-width: 0px) and (max-width: 480px) 480px, (min-width: 481px) and (max-width: 980px) 980px, (min-width: 981px) and (max-width: 1280px) 1280px, (min-width: 1281px) 2117px, 100vw\" \/><\/p>\n<p><iframe title=\"MFB MFD COMBI SERIES CNC MOTORIZED FOLDER\" width=\"1080\" height=\"608\" src=\"https:\/\/www.youtube.com\/embed\/NX9vhrysDCI?feature=oembed\"  allow=\"accelerometer; autoplay; clipboard-write; encrypted-media; gyroscope; picture-in-picture; web-share\" referrerpolicy=\"strict-origin-when-cross-origin\" allowfullscreen><\/iframe><\/p>","protected":false},"excerpt":{"rendered":"<p>CNC motorick\u00e1 oh\u00fdba\u010dka plechov MFD od firmy Erbend s oto\u010dn\u00fdm horn\u00fdm baranom pre flexibiln\u00fa pr\u00e1cu s r\u00f4znymi n\u00e1strojmi.<\/p>","protected":false},"featured_media":5956,"comment_status":"open","ping_status":"closed","template":"","meta":{"_acf_changed":false,"_et_pb_use_builder":"","_et_pb_old_content":"","_et_gb_content_width":""},"product_brand":[],"product_cat":[68],"product_tag":[],"class_list":{"0":"post-5953","1":"product","2":"type-product","3":"status-publish","4":"has-post-thumbnail","6":"product_cat-ohybacky-plechov","8":"first","9":"instock","10":"shipping-taxable","11":"product-type-simple"},"acf":[],"yoast_head":"<!-- This site is optimized with the Yoast SEO plugin v27.4 - https:\/\/yoast.com\/product\/yoast-seo-wordpress\/ -->\n<title>MFD CNC oh\u00fdba\u010dka plechov s oto\u010dn\u00fdm baranom - IPECON<\/title>\n<meta name=\"robots\" content=\"index, follow, max-snippet:-1, max-image-preview:large, max-video-preview:-1\" \/>\n<link rel=\"canonical\" href=\"https:\/\/www.ipecon.sk\/en\/product\/mfd-cnc-ohybacka-plechov-s-otocnym-baranom\/\" \/>\n<meta property=\"og:locale\" content=\"en_GB\" \/>\n<meta property=\"og:type\" content=\"article\" \/>\n<meta property=\"og:title\" content=\"MFD CNC oh\u00fdba\u010dka plechov s oto\u010dn\u00fdm baranom - IPECON\" \/>\n<meta property=\"og:description\" content=\"CNC motorick\u00e1 oh\u00fdba\u010dka plechov MFD od firmy Erbend s oto\u010dn\u00fdm horn\u00fdm baranom pre flexibiln\u00fa pr\u00e1cu s r\u00f4znymi n\u00e1strojmi.\" \/>\n<meta property=\"og:url\" content=\"https:\/\/www.ipecon.sk\/en\/product\/mfd-cnc-ohybacka-plechov-s-otocnym-baranom\/\" \/>\n<meta property=\"og:site_name\" content=\"IPECON\" \/>\n<meta property=\"article:modified_time\" content=\"2024-05-31T08:34:55+00:00\" \/>\n<meta property=\"og:image\" content=\"https:\/\/www.ipecon.sk\/wp-content\/uploads\/2024\/05\/MFD-Intro.jpg\" \/>\n\t<meta property=\"og:image:width\" content=\"1381\" \/>\n\t<meta property=\"og:image:height\" content=\"1153\" \/>\n\t<meta property=\"og:image:type\" content=\"image\/jpeg\" \/>\n<meta name=\"twitter:card\" content=\"summary_large_image\" \/>\n<meta name=\"twitter:label1\" content=\"Estimated reading time\" \/>\n\t<meta name=\"twitter:data1\" content=\"2 minutes\" \/>\n<script type=\"application\/ld+json\" class=\"yoast-schema-graph\">{\"@context\":\"https:\\\/\\\/schema.org\",\"@graph\":[{\"@type\":\"WebPage\",\"@id\":\"https:\\\/\\\/www.ipecon.sk\\\/product\\\/mfd-cnc-ohybacka-plechov-s-otocnym-baranom\\\/\",\"url\":\"https:\\\/\\\/www.ipecon.sk\\\/product\\\/mfd-cnc-ohybacka-plechov-s-otocnym-baranom\\\/\",\"name\":\"MFD CNC oh\u00fdba\u010dka plechov s oto\u010dn\u00fdm baranom - IPECON\",\"isPartOf\":{\"@id\":\"https:\\\/\\\/www.ipecon.sk\\\/#website\"},\"primaryImageOfPage\":{\"@id\":\"https:\\\/\\\/www.ipecon.sk\\\/product\\\/mfd-cnc-ohybacka-plechov-s-otocnym-baranom\\\/#primaryimage\"},\"image\":{\"@id\":\"https:\\\/\\\/www.ipecon.sk\\\/product\\\/mfd-cnc-ohybacka-plechov-s-otocnym-baranom\\\/#primaryimage\"},\"thumbnailUrl\":\"https:\\\/\\\/www.ipecon.sk\\\/wp-content\\\/uploads\\\/2024\\\/05\\\/MFD-Intro.jpg\",\"datePublished\":\"2024-05-31T06:56:29+00:00\",\"dateModified\":\"2024-05-31T08:34:55+00:00\",\"breadcrumb\":{\"@id\":\"https:\\\/\\\/www.ipecon.sk\\\/product\\\/mfd-cnc-ohybacka-plechov-s-otocnym-baranom\\\/#breadcrumb\"},\"inLanguage\":\"en-GB\",\"potentialAction\":[{\"@type\":\"ReadAction\",\"target\":[\"https:\\\/\\\/www.ipecon.sk\\\/product\\\/mfd-cnc-ohybacka-plechov-s-otocnym-baranom\\\/\"]}]},{\"@type\":\"ImageObject\",\"inLanguage\":\"en-GB\",\"@id\":\"https:\\\/\\\/www.ipecon.sk\\\/product\\\/mfd-cnc-ohybacka-plechov-s-otocnym-baranom\\\/#primaryimage\",\"url\":\"https:\\\/\\\/www.ipecon.sk\\\/wp-content\\\/uploads\\\/2024\\\/05\\\/MFD-Intro.jpg\",\"contentUrl\":\"https:\\\/\\\/www.ipecon.sk\\\/wp-content\\\/uploads\\\/2024\\\/05\\\/MFD-Intro.jpg\",\"width\":1381,\"height\":1153},{\"@type\":\"BreadcrumbList\",\"@id\":\"https:\\\/\\\/www.ipecon.sk\\\/product\\\/mfd-cnc-ohybacka-plechov-s-otocnym-baranom\\\/#breadcrumb\",\"itemListElement\":[{\"@type\":\"ListItem\",\"position\":1,\"name\":\"Home\",\"item\":\"https:\\\/\\\/www.ipecon.sk\\\/\"},{\"@type\":\"ListItem\",\"position\":2,\"name\":\"Shop\",\"item\":\"https:\\\/\\\/www.ipecon.sk\\\/shop\\\/\"},{\"@type\":\"ListItem\",\"position\":3,\"name\":\"MFD CNC oh\u00fdba\u010dka plechov s oto\u010dn\u00fdm baranom\"}]},{\"@type\":\"WebSite\",\"@id\":\"https:\\\/\\\/www.ipecon.sk\\\/#website\",\"url\":\"https:\\\/\\\/www.ipecon.sk\\\/\",\"name\":\"IPECON\",\"description\":\"\",\"potentialAction\":[{\"@type\":\"SearchAction\",\"target\":{\"@type\":\"EntryPoint\",\"urlTemplate\":\"https:\\\/\\\/www.ipecon.sk\\\/?s={search_term_string}\"},\"query-input\":{\"@type\":\"PropertyValueSpecification\",\"valueRequired\":true,\"valueName\":\"search_term_string\"}}],\"inLanguage\":\"en-GB\"}]}<\/script>\n<!-- \/ Yoast SEO plugin. -->","yoast_head_json":{"title":"MFD CNC oh\u00fdba\u010dka plechov s oto\u010dn\u00fdm baranom - IPECON","robots":{"index":"index","follow":"follow","max-snippet":"max-snippet:-1","max-image-preview":"max-image-preview:large","max-video-preview":"max-video-preview:-1"},"canonical":"https:\/\/www.ipecon.sk\/en\/product\/mfd-cnc-ohybacka-plechov-s-otocnym-baranom\/","og_locale":"en_GB","og_type":"article","og_title":"MFD CNC oh\u00fdba\u010dka plechov s oto\u010dn\u00fdm baranom - IPECON","og_description":"CNC motorick\u00e1 oh\u00fdba\u010dka plechov MFD od firmy Erbend s oto\u010dn\u00fdm horn\u00fdm baranom pre flexibiln\u00fa pr\u00e1cu s r\u00f4znymi n\u00e1strojmi.","og_url":"https:\/\/www.ipecon.sk\/en\/product\/mfd-cnc-ohybacka-plechov-s-otocnym-baranom\/","og_site_name":"IPECON","article_modified_time":"2024-05-31T08:34:55+00:00","og_image":[{"width":1381,"height":1153,"url":"https:\/\/www.ipecon.sk\/wp-content\/uploads\/2024\/05\/MFD-Intro.jpg","type":"image\/jpeg"}],"twitter_card":"summary_large_image","twitter_misc":{"Estimated reading time":"2 minutes"},"schema":{"@context":"https:\/\/schema.org","@graph":[{"@type":"WebPage","@id":"https:\/\/www.ipecon.sk\/product\/mfd-cnc-ohybacka-plechov-s-otocnym-baranom\/","url":"https:\/\/www.ipecon.sk\/product\/mfd-cnc-ohybacka-plechov-s-otocnym-baranom\/","name":"MFD CNC oh\u00fdba\u010dka plechov s oto\u010dn\u00fdm baranom - IPECON","isPartOf":{"@id":"https:\/\/www.ipecon.sk\/#website"},"primaryImageOfPage":{"@id":"https:\/\/www.ipecon.sk\/product\/mfd-cnc-ohybacka-plechov-s-otocnym-baranom\/#primaryimage"},"image":{"@id":"https:\/\/www.ipecon.sk\/product\/mfd-cnc-ohybacka-plechov-s-otocnym-baranom\/#primaryimage"},"thumbnailUrl":"https:\/\/www.ipecon.sk\/wp-content\/uploads\/2024\/05\/MFD-Intro.jpg","datePublished":"2024-05-31T06:56:29+00:00","dateModified":"2024-05-31T08:34:55+00:00","breadcrumb":{"@id":"https:\/\/www.ipecon.sk\/product\/mfd-cnc-ohybacka-plechov-s-otocnym-baranom\/#breadcrumb"},"inLanguage":"en-GB","potentialAction":[{"@type":"ReadAction","target":["https:\/\/www.ipecon.sk\/product\/mfd-cnc-ohybacka-plechov-s-otocnym-baranom\/"]}]},{"@type":"ImageObject","inLanguage":"en-GB","@id":"https:\/\/www.ipecon.sk\/product\/mfd-cnc-ohybacka-plechov-s-otocnym-baranom\/#primaryimage","url":"https:\/\/www.ipecon.sk\/wp-content\/uploads\/2024\/05\/MFD-Intro.jpg","contentUrl":"https:\/\/www.ipecon.sk\/wp-content\/uploads\/2024\/05\/MFD-Intro.jpg","width":1381,"height":1153},{"@type":"BreadcrumbList","@id":"https:\/\/www.ipecon.sk\/product\/mfd-cnc-ohybacka-plechov-s-otocnym-baranom\/#breadcrumb","itemListElement":[{"@type":"ListItem","position":1,"name":"Home","item":"https:\/\/www.ipecon.sk\/"},{"@type":"ListItem","position":2,"name":"Shop","item":"https:\/\/www.ipecon.sk\/shop\/"},{"@type":"ListItem","position":3,"name":"MFD CNC oh\u00fdba\u010dka plechov s oto\u010dn\u00fdm baranom"}]},{"@type":"WebSite","@id":"https:\/\/www.ipecon.sk\/#website","url":"https:\/\/www.ipecon.sk\/","name":"IPECON","description":"","potentialAction":[{"@type":"SearchAction","target":{"@type":"EntryPoint","urlTemplate":"https:\/\/www.ipecon.sk\/?s={search_term_string}"},"query-input":{"@type":"PropertyValueSpecification","valueRequired":true,"valueName":"search_term_string"}}],"inLanguage":"en-GB"}]}},"_links":{"self":[{"href":"https:\/\/www.ipecon.sk\/en\/wp-json\/wp\/v2\/product\/5953","targetHints":{"allow":["GET"]}}],"collection":[{"href":"https:\/\/www.ipecon.sk\/en\/wp-json\/wp\/v2\/product"}],"about":[{"href":"https:\/\/www.ipecon.sk\/en\/wp-json\/wp\/v2\/types\/product"}],"replies":[{"embeddable":true,"href":"https:\/\/www.ipecon.sk\/en\/wp-json\/wp\/v2\/comments?post=5953"}],"wp:featuredmedia":[{"embeddable":true,"href":"https:\/\/www.ipecon.sk\/en\/wp-json\/wp\/v2\/media\/5956"}],"wp:attachment":[{"href":"https:\/\/www.ipecon.sk\/en\/wp-json\/wp\/v2\/media?parent=5953"}],"wp:term":[{"taxonomy":"product_brand","embeddable":true,"href":"https:\/\/www.ipecon.sk\/en\/wp-json\/wp\/v2\/product_brand?post=5953"},{"taxonomy":"product_cat","embeddable":true,"href":"https:\/\/www.ipecon.sk\/en\/wp-json\/wp\/v2\/product_cat?post=5953"},{"taxonomy":"product_tag","embeddable":true,"href":"https:\/\/www.ipecon.sk\/en\/wp-json\/wp\/v2\/product_tag?post=5953"}],"curies":[{"name":"wp","href":"https:\/\/api.w.org\/{rel}","templated":true}]}}