{"id":5944,"date":"2024-05-30T10:36:53","date_gmt":"2024-05-30T10:36:53","guid":{"rendered":"https:\/\/www.ipecon.sk\/?post_type=product&#038;p=5944"},"modified":"2024-05-30T11:40:39","modified_gmt":"2024-05-30T11:40:39","slug":"mfc-cnc-motoricka-ohybacka-plechov","status":"publish","type":"product","link":"https:\/\/www.ipecon.sk\/en\/product\/mfc-cnc-motoricka-ohybacka-plechov\/","title":{"rendered":"MFC CNC motorick\u00e1 oh\u00fdba\u010dka plechov"},"content":{"rendered":"<h2 class=\"wp-block-heading\">\u0160tandardn\u00e9 p\u0159\u00edslu\u0161enstvo<\/h2>\n<ul>\n<li>V\u00fd\u0161ka otvorenia horn\u00e9ho barana 180 mm.<\/li>\n<li>Excentrick\u00fd syst\u00e9m prenosu sily horn\u00e9ho barana pre r\u00fdchle upnutie \/uvo\u013enenie.<\/li>\n<li>Jednodielne oh\u00fdbac\u00ed n\u00e1stroje o \u0161\u00edrke 10 a 25 mm vo 2 sad\u00e1ch.<\/li>\n<li>ERFOLD BASIC CNC LBL Riadiac\u00ed software CNC na 15,6\u2033 dotykovom ovl\u00e1da\u010di s oto\u010dn\u00fdm ramenom.<\/li>\n<li>750 mm servo syst\u00e9m zadn\u00e9ho dorazu s dr\u00e1\u017ekami pre p\u00e9rov\u00e9 palce.<\/li>\n<li>Uhol ohybu 0-150\u00b0.<\/li>\n<li>Ru\u010dn\u00e9 nastaven\u00ede oh\u00fdbacieho baranu.<\/li>\n<li>Predn\u00ed sveteln\u00e9 z\u00e1vory.<\/li>\n<li>Spodn\u00fd baran bez dr\u00e1\u017eiek.<\/li>\n<\/ul>\n<h2 class=\"wp-block-heading\">Doplnkov\u00e9 pr\u00edslu\u0161enstvo<\/h2>\n<ul>\n<li>Zadn\u00fd doraz so servopohonom 1000 nebo 1500 mm s obd\u013a\u017enikov\u00fdm nosn\u00fdm stolom.<\/li>\n<li>Sada vyhnut\u00fdch n\u00e1strojov o v\u00fd\u0161ke 60 alebo 90 mm.<\/li>\n<li>Ru\u010dn\u00fd bomb\u00edrovac\u00ed syst\u00e9m.<\/li>\n<li>Nastavenie servo oh\u00fdbacieho barana.<\/li>\n<li>ERFOLD ADVANCED 2D\/3D CNC grafick\u00fd riadiaci software.<\/li>\n<li>Vylep\u0161en\u00e1 geometrie geometrie Omega na spodnom a oh\u00fdbaciom barane.<\/li>\n<li>Ru\u010dn\u00ed k\u00f3nick\u00fd palec zadn\u00e9ho dorazu.<\/li>\n<li>Motorizovan\u00fd k\u00f3nick\u00fd syst\u00e9m zadn\u00e9ho dorazu.<\/li>\n<li>Pneumatick\u00fd r\u00fdchloup\u00ednac\u00ed syst\u00e9m vyhnut\u00e9ho n\u00e1stroje.<\/li>\n<\/ul>\n<p><img decoding=\"async\" class=\"alignnone wp-image-5947 size-full\" src=\"https:\/\/www.ipecon.sk\/wp-content\/uploads\/2024\/05\/MFC-kapacitna.jpg\" alt=\"\" width=\"2121\" height=\"281\" srcset=\"https:\/\/www.ipecon.sk\/wp-content\/uploads\/2024\/05\/MFC-kapacitna.jpg 2121w, https:\/\/www.ipecon.sk\/wp-content\/uploads\/2024\/05\/MFC-kapacitna-1280x170.jpg 1280w, https:\/\/www.ipecon.sk\/wp-content\/uploads\/2024\/05\/MFC-kapacitna-980x130.jpg 980w, https:\/\/www.ipecon.sk\/wp-content\/uploads\/2024\/05\/MFC-kapacitna-480x64.jpg 480w\" sizes=\"(min-width: 0px) and (max-width: 480px) 480px, (min-width: 481px) and (max-width: 980px) 980px, (min-width: 981px) and (max-width: 1280px) 1280px, (min-width: 1281px) 2121px, 100vw\" \/><\/p>\n<p><iframe title=\"MFC CNC Motorized Sheet Metal Folding Machine \/ CNC Motorlu Caka B\u00fckme Makinesi\" width=\"1080\" height=\"608\" src=\"https:\/\/www.youtube.com\/embed\/4tBvtHfLxl0?feature=oembed\"  allow=\"accelerometer; autoplay; clipboard-write; encrypted-media; gyroscope; picture-in-picture; web-share\" referrerpolicy=\"strict-origin-when-cross-origin\" allowfullscreen><\/iframe><\/p>","protected":false},"excerpt":{"rendered":"<p>CNC oh\u00fdba\u010dky plechu s ve\u013ek\u00fdm otvoren\u00edm a mo\u017enos\u0165ou pou\u017eitia vysok\u00e9ho n\u00e1stroja. Hr\u00fabka plechu 0,3 \u2013 2,5 mm \/ d\u013a\u017eka 2050-3200 mm.<\/p>","protected":false},"featured_media":5945,"comment_status":"open","ping_status":"closed","template":"","meta":{"_acf_changed":false,"_et_pb_use_builder":"","_et_pb_old_content":"","_et_gb_content_width":""},"product_brand":[],"product_cat":[68],"product_tag":[],"class_list":{"0":"post-5944","1":"product","2":"type-product","3":"status-publish","4":"has-post-thumbnail","6":"product_cat-ohybacky-plechov","8":"first","9":"instock","10":"shipping-taxable","11":"product-type-simple"},"acf":[],"yoast_head":"<!-- This site is optimized with the Yoast SEO plugin v27.4 - https:\/\/yoast.com\/product\/yoast-seo-wordpress\/ -->\n<title>MFC CNC motorick\u00e1 oh\u00fdba\u010dka plechov - IPECON<\/title>\n<meta name=\"robots\" content=\"index, follow, max-snippet:-1, max-image-preview:large, max-video-preview:-1\" \/>\n<link rel=\"canonical\" href=\"https:\/\/www.ipecon.sk\/en\/product\/mfc-cnc-motoricka-ohybacka-plechov\/\" \/>\n<meta property=\"og:locale\" content=\"en_GB\" \/>\n<meta property=\"og:type\" content=\"article\" \/>\n<meta property=\"og:title\" content=\"MFC CNC motorick\u00e1 oh\u00fdba\u010dka plechov - IPECON\" \/>\n<meta property=\"og:description\" content=\"CNC oh\u00fdba\u010dky plechu s ve\u013ek\u00fdm otvoren\u00edm a mo\u017enos\u0165ou pou\u017eitia vysok\u00e9ho n\u00e1stroja. Hr\u00fabka plechu 0,3 \u2013 2,5 mm \/ d\u013a\u017eka 2050-3200 mm.\" \/>\n<meta property=\"og:url\" content=\"https:\/\/www.ipecon.sk\/en\/product\/mfc-cnc-motoricka-ohybacka-plechov\/\" \/>\n<meta property=\"og:site_name\" content=\"IPECON\" \/>\n<meta property=\"article:modified_time\" content=\"2024-05-30T11:40:39+00:00\" \/>\n<meta property=\"og:image\" content=\"https:\/\/www.ipecon.sk\/wp-content\/uploads\/2024\/05\/Erbend-MFC-CNC-Metal-Folder-1.jpg\" \/>\n\t<meta property=\"og:image:width\" content=\"1673\" \/>\n\t<meta property=\"og:image:height\" content=\"1305\" \/>\n\t<meta property=\"og:image:type\" content=\"image\/jpeg\" \/>\n<meta name=\"twitter:card\" content=\"summary_large_image\" \/>\n<meta name=\"twitter:label1\" content=\"Estimated reading time\" \/>\n\t<meta name=\"twitter:data1\" content=\"1 minute\" \/>\n<script type=\"application\/ld+json\" class=\"yoast-schema-graph\">{\"@context\":\"https:\\\/\\\/schema.org\",\"@graph\":[{\"@type\":\"WebPage\",\"@id\":\"https:\\\/\\\/www.ipecon.sk\\\/product\\\/mfc-cnc-motoricka-ohybacka-plechov\\\/\",\"url\":\"https:\\\/\\\/www.ipecon.sk\\\/product\\\/mfc-cnc-motoricka-ohybacka-plechov\\\/\",\"name\":\"MFC CNC motorick\u00e1 oh\u00fdba\u010dka plechov - IPECON\",\"isPartOf\":{\"@id\":\"https:\\\/\\\/www.ipecon.sk\\\/#website\"},\"primaryImageOfPage\":{\"@id\":\"https:\\\/\\\/www.ipecon.sk\\\/product\\\/mfc-cnc-motoricka-ohybacka-plechov\\\/#primaryimage\"},\"image\":{\"@id\":\"https:\\\/\\\/www.ipecon.sk\\\/product\\\/mfc-cnc-motoricka-ohybacka-plechov\\\/#primaryimage\"},\"thumbnailUrl\":\"https:\\\/\\\/www.ipecon.sk\\\/wp-content\\\/uploads\\\/2024\\\/05\\\/Erbend-MFC-CNC-Metal-Folder-1.jpg\",\"datePublished\":\"2024-05-30T10:36:53+00:00\",\"dateModified\":\"2024-05-30T11:40:39+00:00\",\"breadcrumb\":{\"@id\":\"https:\\\/\\\/www.ipecon.sk\\\/product\\\/mfc-cnc-motoricka-ohybacka-plechov\\\/#breadcrumb\"},\"inLanguage\":\"en-GB\",\"potentialAction\":[{\"@type\":\"ReadAction\",\"target\":[\"https:\\\/\\\/www.ipecon.sk\\\/product\\\/mfc-cnc-motoricka-ohybacka-plechov\\\/\"]}]},{\"@type\":\"ImageObject\",\"inLanguage\":\"en-GB\",\"@id\":\"https:\\\/\\\/www.ipecon.sk\\\/product\\\/mfc-cnc-motoricka-ohybacka-plechov\\\/#primaryimage\",\"url\":\"https:\\\/\\\/www.ipecon.sk\\\/wp-content\\\/uploads\\\/2024\\\/05\\\/Erbend-MFC-CNC-Metal-Folder-1.jpg\",\"contentUrl\":\"https:\\\/\\\/www.ipecon.sk\\\/wp-content\\\/uploads\\\/2024\\\/05\\\/Erbend-MFC-CNC-Metal-Folder-1.jpg\",\"width\":1673,\"height\":1305},{\"@type\":\"BreadcrumbList\",\"@id\":\"https:\\\/\\\/www.ipecon.sk\\\/product\\\/mfc-cnc-motoricka-ohybacka-plechov\\\/#breadcrumb\",\"itemListElement\":[{\"@type\":\"ListItem\",\"position\":1,\"name\":\"Home\",\"item\":\"https:\\\/\\\/www.ipecon.sk\\\/\"},{\"@type\":\"ListItem\",\"position\":2,\"name\":\"Shop\",\"item\":\"https:\\\/\\\/www.ipecon.sk\\\/shop\\\/\"},{\"@type\":\"ListItem\",\"position\":3,\"name\":\"MFC CNC motorick\u00e1 oh\u00fdba\u010dka plechov\"}]},{\"@type\":\"WebSite\",\"@id\":\"https:\\\/\\\/www.ipecon.sk\\\/#website\",\"url\":\"https:\\\/\\\/www.ipecon.sk\\\/\",\"name\":\"IPECON\",\"description\":\"\",\"potentialAction\":[{\"@type\":\"SearchAction\",\"target\":{\"@type\":\"EntryPoint\",\"urlTemplate\":\"https:\\\/\\\/www.ipecon.sk\\\/?s={search_term_string}\"},\"query-input\":{\"@type\":\"PropertyValueSpecification\",\"valueRequired\":true,\"valueName\":\"search_term_string\"}}],\"inLanguage\":\"en-GB\"}]}<\/script>\n<!-- \/ Yoast SEO plugin. -->","yoast_head_json":{"title":"MFC CNC motorick\u00e1 oh\u00fdba\u010dka plechov - IPECON","robots":{"index":"index","follow":"follow","max-snippet":"max-snippet:-1","max-image-preview":"max-image-preview:large","max-video-preview":"max-video-preview:-1"},"canonical":"https:\/\/www.ipecon.sk\/en\/product\/mfc-cnc-motoricka-ohybacka-plechov\/","og_locale":"en_GB","og_type":"article","og_title":"MFC CNC motorick\u00e1 oh\u00fdba\u010dka plechov - IPECON","og_description":"CNC oh\u00fdba\u010dky plechu s ve\u013ek\u00fdm otvoren\u00edm a mo\u017enos\u0165ou pou\u017eitia vysok\u00e9ho n\u00e1stroja. Hr\u00fabka plechu 0,3 \u2013 2,5 mm \/ d\u013a\u017eka 2050-3200 mm.","og_url":"https:\/\/www.ipecon.sk\/en\/product\/mfc-cnc-motoricka-ohybacka-plechov\/","og_site_name":"IPECON","article_modified_time":"2024-05-30T11:40:39+00:00","og_image":[{"width":1673,"height":1305,"url":"https:\/\/www.ipecon.sk\/wp-content\/uploads\/2024\/05\/Erbend-MFC-CNC-Metal-Folder-1.jpg","type":"image\/jpeg"}],"twitter_card":"summary_large_image","twitter_misc":{"Estimated reading time":"1 minute"},"schema":{"@context":"https:\/\/schema.org","@graph":[{"@type":"WebPage","@id":"https:\/\/www.ipecon.sk\/product\/mfc-cnc-motoricka-ohybacka-plechov\/","url":"https:\/\/www.ipecon.sk\/product\/mfc-cnc-motoricka-ohybacka-plechov\/","name":"MFC CNC motorick\u00e1 oh\u00fdba\u010dka plechov - IPECON","isPartOf":{"@id":"https:\/\/www.ipecon.sk\/#website"},"primaryImageOfPage":{"@id":"https:\/\/www.ipecon.sk\/product\/mfc-cnc-motoricka-ohybacka-plechov\/#primaryimage"},"image":{"@id":"https:\/\/www.ipecon.sk\/product\/mfc-cnc-motoricka-ohybacka-plechov\/#primaryimage"},"thumbnailUrl":"https:\/\/www.ipecon.sk\/wp-content\/uploads\/2024\/05\/Erbend-MFC-CNC-Metal-Folder-1.jpg","datePublished":"2024-05-30T10:36:53+00:00","dateModified":"2024-05-30T11:40:39+00:00","breadcrumb":{"@id":"https:\/\/www.ipecon.sk\/product\/mfc-cnc-motoricka-ohybacka-plechov\/#breadcrumb"},"inLanguage":"en-GB","potentialAction":[{"@type":"ReadAction","target":["https:\/\/www.ipecon.sk\/product\/mfc-cnc-motoricka-ohybacka-plechov\/"]}]},{"@type":"ImageObject","inLanguage":"en-GB","@id":"https:\/\/www.ipecon.sk\/product\/mfc-cnc-motoricka-ohybacka-plechov\/#primaryimage","url":"https:\/\/www.ipecon.sk\/wp-content\/uploads\/2024\/05\/Erbend-MFC-CNC-Metal-Folder-1.jpg","contentUrl":"https:\/\/www.ipecon.sk\/wp-content\/uploads\/2024\/05\/Erbend-MFC-CNC-Metal-Folder-1.jpg","width":1673,"height":1305},{"@type":"BreadcrumbList","@id":"https:\/\/www.ipecon.sk\/product\/mfc-cnc-motoricka-ohybacka-plechov\/#breadcrumb","itemListElement":[{"@type":"ListItem","position":1,"name":"Home","item":"https:\/\/www.ipecon.sk\/"},{"@type":"ListItem","position":2,"name":"Shop","item":"https:\/\/www.ipecon.sk\/shop\/"},{"@type":"ListItem","position":3,"name":"MFC CNC motorick\u00e1 oh\u00fdba\u010dka plechov"}]},{"@type":"WebSite","@id":"https:\/\/www.ipecon.sk\/#website","url":"https:\/\/www.ipecon.sk\/","name":"IPECON","description":"","potentialAction":[{"@type":"SearchAction","target":{"@type":"EntryPoint","urlTemplate":"https:\/\/www.ipecon.sk\/?s={search_term_string}"},"query-input":{"@type":"PropertyValueSpecification","valueRequired":true,"valueName":"search_term_string"}}],"inLanguage":"en-GB"}]}},"_links":{"self":[{"href":"https:\/\/www.ipecon.sk\/en\/wp-json\/wp\/v2\/product\/5944","targetHints":{"allow":["GET"]}}],"collection":[{"href":"https:\/\/www.ipecon.sk\/en\/wp-json\/wp\/v2\/product"}],"about":[{"href":"https:\/\/www.ipecon.sk\/en\/wp-json\/wp\/v2\/types\/product"}],"replies":[{"embeddable":true,"href":"https:\/\/www.ipecon.sk\/en\/wp-json\/wp\/v2\/comments?post=5944"}],"wp:featuredmedia":[{"embeddable":true,"href":"https:\/\/www.ipecon.sk\/en\/wp-json\/wp\/v2\/media\/5945"}],"wp:attachment":[{"href":"https:\/\/www.ipecon.sk\/en\/wp-json\/wp\/v2\/media?parent=5944"}],"wp:term":[{"taxonomy":"product_brand","embeddable":true,"href":"https:\/\/www.ipecon.sk\/en\/wp-json\/wp\/v2\/product_brand?post=5944"},{"taxonomy":"product_cat","embeddable":true,"href":"https:\/\/www.ipecon.sk\/en\/wp-json\/wp\/v2\/product_cat?post=5944"},{"taxonomy":"product_tag","embeddable":true,"href":"https:\/\/www.ipecon.sk\/en\/wp-json\/wp\/v2\/product_tag?post=5944"}],"curies":[{"name":"wp","href":"https:\/\/api.w.org\/{rel}","templated":true}]}}