{"id":5913,"date":"2024-05-30T08:57:55","date_gmt":"2024-05-30T08:57:55","guid":{"rendered":"https:\/\/www.ipecon.sk\/?post_type=product&#038;p=5913"},"modified":"2024-08-01T07:13:34","modified_gmt":"2024-08-01T07:13:34","slug":"mfb-cnc-motoricka-ohybacka-plechov","status":"publish","type":"product","link":"https:\/\/www.ipecon.sk\/en\/product\/mfb-cnc-motoricka-ohybacka-plechov\/","title":{"rendered":"MFB CNC motorick\u00e1 oh\u00fdba\u010dka plechov"},"content":{"rendered":"<h2 class=\"wp-block-heading\">\u0160tandardn\u00e9 pr\u00edslu\u0161enstvo<\/h2>\n<ul>\n<li>V\u00fd\u0161ka otvorenia horn\u00e9ho barana 220 mm.<\/li>\n<li>Excentrick\u00fd syst\u00e9m prenosu sily horn\u00e9ho barana pre r\u00fdchle upnutie\/odopnutie.<\/li>\n<li>1000 mm servo syst\u00e9m zadn\u00e9ho dorazu s dr\u00e1\u017ekami pre palce.<\/li>\n<li>Ru\u010dn\u00e9 nastavenie oh\u00fdbacieho barana.<\/li>\n<li>Jednodielne oh\u00fdbacie n\u00e1stroje o \u0161\u00edrke 10 a 25 mm v 2 sad\u00e1ch.<\/li>\n<li>Mas\u00edvny spodn\u00fd baran bez dr\u00e1\u017eiek.<\/li>\n<li>ERFOLD BASIC CNC LBL Riadiaci software CNC na 15,6\u2033 dotykovom ovl\u00e1da\u010di s oto\u010dn\u00fdm ramenom.<\/li>\n<li>Predn\u00e9 sveteln\u00e9 z\u00e1vory.<\/li>\n<\/ul>\n<h2 class=\"wp-block-heading\">Doplnkov\u00e9 pr\u00edslu\u0161enstvo<\/h2>\n<ul>\n<li>1500 mm servo zadn\u00ed doraz s obd\u013a\u017enikov\u00fdm nosn\u00fdm stolom.<\/li>\n<li>Zadn\u00ed doraz so servopohonom 2500 \/ 3200 \/ 4200 mm s mo\u017enos\u0165ou nosn\u00e9ho stolu v tvare L \/ T \/ U.<\/li>\n<li>ERFOLD POKRO\u010cIL\u00dd 2D\/3D CNC grafick\u00fd riadiac\u00ed software.<\/li>\n<li>Servo nastavenie oh\u00fdbac\u00edeho barana.<\/li>\n<li>Ru\u010dn\u00fd bomb\u00edrovac\u00ed syst\u00e9m.<\/li>\n<li>Sada segmentov\u00fdch vyhnut\u00fdch n\u00e1srojov o v\u00fd\u0161ke 90 nebo 110 mm.<\/li>\n<li>Vylep\u0161en\u00e1 geometrie Omega na spodnom a oh\u00fdbacom barane.<\/li>\n<li>Ru\u010dn\u00fd k\u00f3nick\u00fd palec zadn\u00e9ho dorazu.<\/li>\n<li>Motorizovan\u00fd k\u00f3nick\u00fd syst\u00e9m zadn\u00e9ho dorazu.<\/li>\n<li>Pneumatick\u00fd rychloup\u00ednac\u00ed syst\u00e9m vyhnut\u00e9ho n\u00e1stroja.<\/li>\n<\/ul>\n<p><img decoding=\"async\" class=\"alignnone wp-image-5927 size-full\" src=\"https:\/\/www.ipecon.sk\/wp-content\/uploads\/2024\/05\/KAP-TAB1.jpg\" alt=\"\" width=\"2128\" height=\"346\" srcset=\"https:\/\/www.ipecon.sk\/wp-content\/uploads\/2024\/05\/KAP-TAB1.jpg 2128w, https:\/\/www.ipecon.sk\/wp-content\/uploads\/2024\/05\/KAP-TAB1-1280x208.jpg 1280w, https:\/\/www.ipecon.sk\/wp-content\/uploads\/2024\/05\/KAP-TAB1-980x159.jpg 980w, https:\/\/www.ipecon.sk\/wp-content\/uploads\/2024\/05\/KAP-TAB1-480x78.jpg 480w\" sizes=\"(min-width: 0px) and (max-width: 480px) 480px, (min-width: 481px) and (max-width: 980px) 980px, (min-width: 981px) and (max-width: 1280px) 1280px, (min-width: 1281px) 2128px, 100vw\" \/><\/p>\n<p>&nbsp;<\/p>\n<p><iframe title=\"MFB CNC Motorized Sheet Metal Folding Machine\" width=\"1080\" height=\"608\" src=\"https:\/\/www.youtube.com\/embed\/yPPoZLphnM8?feature=oembed\"  allow=\"accelerometer; autoplay; clipboard-write; encrypted-media; gyroscope; picture-in-picture; web-share\" referrerpolicy=\"strict-origin-when-cross-origin\" allowfullscreen><\/iframe><\/p>","protected":false},"excerpt":{"rendered":"<p>CNC oh\u00fdba\u010dky plechu s velk\u00fdm otev\u0159en\u00edm a mo\u017enost\u00ed pou\u017eit\u00ed vysok\u00e9ho n\u00e1stroje. Tlou\u0161\u0165ka plechu 0,3 \u2013 3 mm \/ d\u00e9lka 2050-4200 mm.<\/p>","protected":false},"featured_media":5916,"comment_status":"open","ping_status":"closed","template":"","meta":{"_acf_changed":false,"_et_pb_use_builder":"","_et_pb_old_content":"","_et_gb_content_width":""},"product_brand":[],"product_cat":[68],"product_tag":[],"class_list":{"0":"post-5913","1":"product","2":"type-product","3":"status-publish","4":"has-post-thumbnail","6":"product_cat-ohybacky-plechov","8":"first","9":"instock","10":"shipping-taxable","11":"product-type-simple"},"acf":[],"yoast_head":"<!-- This site is optimized with the Yoast SEO plugin v27.4 - https:\/\/yoast.com\/product\/yoast-seo-wordpress\/ -->\n<title>MFB CNC motorick\u00e1 oh\u00fdba\u010dka plechov - IPECON<\/title>\n<meta name=\"robots\" content=\"index, follow, max-snippet:-1, max-image-preview:large, max-video-preview:-1\" \/>\n<link rel=\"canonical\" href=\"https:\/\/www.ipecon.sk\/en\/product\/mfb-cnc-motoricka-ohybacka-plechov\/\" \/>\n<meta property=\"og:locale\" content=\"en_GB\" \/>\n<meta property=\"og:type\" content=\"article\" \/>\n<meta property=\"og:title\" content=\"MFB CNC motorick\u00e1 oh\u00fdba\u010dka plechov - IPECON\" \/>\n<meta property=\"og:description\" content=\"CNC oh\u00fdba\u010dky plechu s velk\u00fdm otev\u0159en\u00edm a mo\u017enost\u00ed pou\u017eit\u00ed vysok\u00e9ho n\u00e1stroje. Tlou\u0161\u0165ka plechu 0,3 \u2013 3 mm \/ d\u00e9lka 2050-4200 mm.\" \/>\n<meta property=\"og:url\" content=\"https:\/\/www.ipecon.sk\/en\/product\/mfb-cnc-motoricka-ohybacka-plechov\/\" \/>\n<meta property=\"og:site_name\" content=\"IPECON\" \/>\n<meta property=\"article:modified_time\" content=\"2024-08-01T07:13:34+00:00\" \/>\n<meta property=\"og:image\" content=\"https:\/\/www.ipecon.sk\/wp-content\/uploads\/2024\/05\/Erbend-MFB-CNC-Metal-Folder-1.jpg\" \/>\n\t<meta property=\"og:image:width\" content=\"1654\" \/>\n\t<meta property=\"og:image:height\" content=\"1355\" \/>\n\t<meta property=\"og:image:type\" content=\"image\/jpeg\" \/>\n<meta name=\"twitter:card\" content=\"summary_large_image\" \/>\n<meta name=\"twitter:label1\" content=\"Estimated reading time\" \/>\n\t<meta name=\"twitter:data1\" content=\"1 minute\" \/>\n<script type=\"application\/ld+json\" class=\"yoast-schema-graph\">{\"@context\":\"https:\\\/\\\/schema.org\",\"@graph\":[{\"@type\":\"WebPage\",\"@id\":\"https:\\\/\\\/www.ipecon.sk\\\/product\\\/mfb-cnc-motoricka-ohybacka-plechov\\\/\",\"url\":\"https:\\\/\\\/www.ipecon.sk\\\/product\\\/mfb-cnc-motoricka-ohybacka-plechov\\\/\",\"name\":\"MFB CNC motorick\u00e1 oh\u00fdba\u010dka plechov - IPECON\",\"isPartOf\":{\"@id\":\"https:\\\/\\\/www.ipecon.sk\\\/#website\"},\"primaryImageOfPage\":{\"@id\":\"https:\\\/\\\/www.ipecon.sk\\\/product\\\/mfb-cnc-motoricka-ohybacka-plechov\\\/#primaryimage\"},\"image\":{\"@id\":\"https:\\\/\\\/www.ipecon.sk\\\/product\\\/mfb-cnc-motoricka-ohybacka-plechov\\\/#primaryimage\"},\"thumbnailUrl\":\"https:\\\/\\\/www.ipecon.sk\\\/wp-content\\\/uploads\\\/2024\\\/05\\\/Erbend-MFB-CNC-Metal-Folder-1.jpg\",\"datePublished\":\"2024-05-30T08:57:55+00:00\",\"dateModified\":\"2024-08-01T07:13:34+00:00\",\"breadcrumb\":{\"@id\":\"https:\\\/\\\/www.ipecon.sk\\\/product\\\/mfb-cnc-motoricka-ohybacka-plechov\\\/#breadcrumb\"},\"inLanguage\":\"en-GB\",\"potentialAction\":[{\"@type\":\"ReadAction\",\"target\":[\"https:\\\/\\\/www.ipecon.sk\\\/product\\\/mfb-cnc-motoricka-ohybacka-plechov\\\/\"]}]},{\"@type\":\"ImageObject\",\"inLanguage\":\"en-GB\",\"@id\":\"https:\\\/\\\/www.ipecon.sk\\\/product\\\/mfb-cnc-motoricka-ohybacka-plechov\\\/#primaryimage\",\"url\":\"https:\\\/\\\/www.ipecon.sk\\\/wp-content\\\/uploads\\\/2024\\\/05\\\/Erbend-MFB-CNC-Metal-Folder-1.jpg\",\"contentUrl\":\"https:\\\/\\\/www.ipecon.sk\\\/wp-content\\\/uploads\\\/2024\\\/05\\\/Erbend-MFB-CNC-Metal-Folder-1.jpg\",\"width\":1654,\"height\":1355},{\"@type\":\"BreadcrumbList\",\"@id\":\"https:\\\/\\\/www.ipecon.sk\\\/product\\\/mfb-cnc-motoricka-ohybacka-plechov\\\/#breadcrumb\",\"itemListElement\":[{\"@type\":\"ListItem\",\"position\":1,\"name\":\"Home\",\"item\":\"https:\\\/\\\/www.ipecon.sk\\\/\"},{\"@type\":\"ListItem\",\"position\":2,\"name\":\"Shop\",\"item\":\"https:\\\/\\\/www.ipecon.sk\\\/shop\\\/\"},{\"@type\":\"ListItem\",\"position\":3,\"name\":\"MFB CNC motorick\u00e1 oh\u00fdba\u010dka plechov\"}]},{\"@type\":\"WebSite\",\"@id\":\"https:\\\/\\\/www.ipecon.sk\\\/#website\",\"url\":\"https:\\\/\\\/www.ipecon.sk\\\/\",\"name\":\"IPECON\",\"description\":\"\",\"potentialAction\":[{\"@type\":\"SearchAction\",\"target\":{\"@type\":\"EntryPoint\",\"urlTemplate\":\"https:\\\/\\\/www.ipecon.sk\\\/?s={search_term_string}\"},\"query-input\":{\"@type\":\"PropertyValueSpecification\",\"valueRequired\":true,\"valueName\":\"search_term_string\"}}],\"inLanguage\":\"en-GB\"}]}<\/script>\n<!-- \/ Yoast SEO plugin. -->","yoast_head_json":{"title":"MFB CNC motorick\u00e1 oh\u00fdba\u010dka plechov - IPECON","robots":{"index":"index","follow":"follow","max-snippet":"max-snippet:-1","max-image-preview":"max-image-preview:large","max-video-preview":"max-video-preview:-1"},"canonical":"https:\/\/www.ipecon.sk\/en\/product\/mfb-cnc-motoricka-ohybacka-plechov\/","og_locale":"en_GB","og_type":"article","og_title":"MFB CNC motorick\u00e1 oh\u00fdba\u010dka plechov - IPECON","og_description":"CNC oh\u00fdba\u010dky plechu s velk\u00fdm otev\u0159en\u00edm a mo\u017enost\u00ed pou\u017eit\u00ed vysok\u00e9ho n\u00e1stroje. Tlou\u0161\u0165ka plechu 0,3 \u2013 3 mm \/ d\u00e9lka 2050-4200 mm.","og_url":"https:\/\/www.ipecon.sk\/en\/product\/mfb-cnc-motoricka-ohybacka-plechov\/","og_site_name":"IPECON","article_modified_time":"2024-08-01T07:13:34+00:00","og_image":[{"width":1654,"height":1355,"url":"https:\/\/www.ipecon.sk\/wp-content\/uploads\/2024\/05\/Erbend-MFB-CNC-Metal-Folder-1.jpg","type":"image\/jpeg"}],"twitter_card":"summary_large_image","twitter_misc":{"Estimated reading time":"1 minute"},"schema":{"@context":"https:\/\/schema.org","@graph":[{"@type":"WebPage","@id":"https:\/\/www.ipecon.sk\/product\/mfb-cnc-motoricka-ohybacka-plechov\/","url":"https:\/\/www.ipecon.sk\/product\/mfb-cnc-motoricka-ohybacka-plechov\/","name":"MFB CNC motorick\u00e1 oh\u00fdba\u010dka plechov - IPECON","isPartOf":{"@id":"https:\/\/www.ipecon.sk\/#website"},"primaryImageOfPage":{"@id":"https:\/\/www.ipecon.sk\/product\/mfb-cnc-motoricka-ohybacka-plechov\/#primaryimage"},"image":{"@id":"https:\/\/www.ipecon.sk\/product\/mfb-cnc-motoricka-ohybacka-plechov\/#primaryimage"},"thumbnailUrl":"https:\/\/www.ipecon.sk\/wp-content\/uploads\/2024\/05\/Erbend-MFB-CNC-Metal-Folder-1.jpg","datePublished":"2024-05-30T08:57:55+00:00","dateModified":"2024-08-01T07:13:34+00:00","breadcrumb":{"@id":"https:\/\/www.ipecon.sk\/product\/mfb-cnc-motoricka-ohybacka-plechov\/#breadcrumb"},"inLanguage":"en-GB","potentialAction":[{"@type":"ReadAction","target":["https:\/\/www.ipecon.sk\/product\/mfb-cnc-motoricka-ohybacka-plechov\/"]}]},{"@type":"ImageObject","inLanguage":"en-GB","@id":"https:\/\/www.ipecon.sk\/product\/mfb-cnc-motoricka-ohybacka-plechov\/#primaryimage","url":"https:\/\/www.ipecon.sk\/wp-content\/uploads\/2024\/05\/Erbend-MFB-CNC-Metal-Folder-1.jpg","contentUrl":"https:\/\/www.ipecon.sk\/wp-content\/uploads\/2024\/05\/Erbend-MFB-CNC-Metal-Folder-1.jpg","width":1654,"height":1355},{"@type":"BreadcrumbList","@id":"https:\/\/www.ipecon.sk\/product\/mfb-cnc-motoricka-ohybacka-plechov\/#breadcrumb","itemListElement":[{"@type":"ListItem","position":1,"name":"Home","item":"https:\/\/www.ipecon.sk\/"},{"@type":"ListItem","position":2,"name":"Shop","item":"https:\/\/www.ipecon.sk\/shop\/"},{"@type":"ListItem","position":3,"name":"MFB CNC motorick\u00e1 oh\u00fdba\u010dka plechov"}]},{"@type":"WebSite","@id":"https:\/\/www.ipecon.sk\/#website","url":"https:\/\/www.ipecon.sk\/","name":"IPECON","description":"","potentialAction":[{"@type":"SearchAction","target":{"@type":"EntryPoint","urlTemplate":"https:\/\/www.ipecon.sk\/?s={search_term_string}"},"query-input":{"@type":"PropertyValueSpecification","valueRequired":true,"valueName":"search_term_string"}}],"inLanguage":"en-GB"}]}},"_links":{"self":[{"href":"https:\/\/www.ipecon.sk\/en\/wp-json\/wp\/v2\/product\/5913","targetHints":{"allow":["GET"]}}],"collection":[{"href":"https:\/\/www.ipecon.sk\/en\/wp-json\/wp\/v2\/product"}],"about":[{"href":"https:\/\/www.ipecon.sk\/en\/wp-json\/wp\/v2\/types\/product"}],"replies":[{"embeddable":true,"href":"https:\/\/www.ipecon.sk\/en\/wp-json\/wp\/v2\/comments?post=5913"}],"wp:featuredmedia":[{"embeddable":true,"href":"https:\/\/www.ipecon.sk\/en\/wp-json\/wp\/v2\/media\/5916"}],"wp:attachment":[{"href":"https:\/\/www.ipecon.sk\/en\/wp-json\/wp\/v2\/media?parent=5913"}],"wp:term":[{"taxonomy":"product_brand","embeddable":true,"href":"https:\/\/www.ipecon.sk\/en\/wp-json\/wp\/v2\/product_brand?post=5913"},{"taxonomy":"product_cat","embeddable":true,"href":"https:\/\/www.ipecon.sk\/en\/wp-json\/wp\/v2\/product_cat?post=5913"},{"taxonomy":"product_tag","embeddable":true,"href":"https:\/\/www.ipecon.sk\/en\/wp-json\/wp\/v2\/product_tag?post=5913"}],"curies":[{"name":"wp","href":"https:\/\/api.w.org\/{rel}","templated":true}]}}