{"id":5844,"date":"2024-05-28T10:49:51","date_gmt":"2024-05-28T10:49:51","guid":{"rendered":"https:\/\/www.ipecon.sk\/?post_type=product&#038;p=5844"},"modified":"2024-05-30T10:08:40","modified_gmt":"2024-05-30T10:08:40","slug":"mfe-cnc-ohybacka-plechov","status":"publish","type":"product","link":"https:\/\/www.ipecon.sk\/en\/product\/mfe-cnc-ohybacka-plechov\/","title":{"rendered":"MFE CNC oh\u00fdba\u010dka plechov"},"content":{"rendered":"<h2 class=\"wp-block-heading\">\u0160tandardn\u00e9 pr\u00edslu\u0161enstvo<\/h2>\n<ul>\n<li>Up\u00ednac\u00ed baran s v\u00fd\u0161kou otvorenia 180 mm a dvojit\u00fdm servopohonom s guli\u010dkovou skrutkou.<\/li>\n<li>30\u00b0 jednodielny n\u00e1stroj s ostr\u00fdm nosom.<\/li>\n<li>2 sady jednodielnych oh\u00fdbac\u00edch n\u00e1strojov o \u0161\u00edrke 15 a 40 mm.<\/li>\n<li>Mas\u00edvny spodn\u00fd baran s dr\u00e1\u017ekami<\/li>\n<li>Ru\u010dn\u00e9 nastavenie oh\u00fdbacieho barana.<\/li>\n<li>CNC riadiaci software ERFOLD BASIC na 15,6\u2033 dotykovom ovl\u00e1da\u010di s oto\u010dn\u00fdm ramenom.<\/li>\n<li>1000 mm servo zadn\u00fd doraz s obd\u013a\u017enikov\u00fdm nosn\u00fdm stolom a tuh\u00fdmi palcami.<\/li>\n<li>Predn\u00e9 sveteln\u00e9 z\u00e1vory.<\/li>\n<\/ul>\n<h2 class=\"wp-block-heading\">Doplnkov\u00e9 pr\u00edslu\u0161enstvo<\/h2>\n<ul>\n<li>Servo zadn\u00fd doraz 2500 \/ 3200 \/ 4200 mm s mo\u017enos\u0165ou nosn\u00e9ho stolu v tvare L \/ T \/ U<\/li>\n<li>ERFOLD POKRO\u010cIL\u00dd 2D\/3D CNC grafick\u00fd riadiaci software.<\/li>\n<li>Servo nastavenie oh\u00fdbacieho barana.<\/li>\n<li>Ru\u010dn\u00fd bomb\u00edrovac\u00ed syst\u00e9m.<\/li>\n<li>R\u00fdchle pneumatick\u00e9 up\u00ednanie vyhnut\u00e9ho n\u00e1stroja.<\/li>\n<li>Segmentov\u00e9 spodn\u00ed nebo oh\u00fdbac\u00ed n\u00e1stroje.<\/li>\n<li>Vyhnut\u00e9 segmentov\u00e9 n\u00e1stroje o v\u00fd\u0161ke 100 mm.<\/li>\n<\/ul>\n<p><img decoding=\"async\" class=\"alignnone wp-image-5942 size-full\" src=\"https:\/\/www.ipecon.sk\/wp-content\/uploads\/2024\/05\/MFE-1.jpg\" alt=\"\" width=\"2130\" height=\"353\" srcset=\"https:\/\/www.ipecon.sk\/wp-content\/uploads\/2024\/05\/MFE-1.jpg 2130w, https:\/\/www.ipecon.sk\/wp-content\/uploads\/2024\/05\/MFE-1-1280x212.jpg 1280w, https:\/\/www.ipecon.sk\/wp-content\/uploads\/2024\/05\/MFE-1-980x162.jpg 980w, https:\/\/www.ipecon.sk\/wp-content\/uploads\/2024\/05\/MFE-1-480x80.jpg 480w\" sizes=\"(min-width: 0px) and (max-width: 480px) 480px, (min-width: 481px) and (max-width: 980px) 980px, (min-width: 981px) and (max-width: 1280px) 1280px, (min-width: 1281px) 2130px, 100vw\" \/><\/p>\n<p><iframe title=\"MFE CNC Servo Sheet Metal Folding Machine \/ CNC Servo Caka B\u00fckme Makinesi\" width=\"1080\" height=\"608\" src=\"https:\/\/www.youtube.com\/embed\/nPAp2TqGKg0?start=182&#038;feature=oembed\"  allow=\"accelerometer; autoplay; clipboard-write; encrypted-media; gyroscope; picture-in-picture; web-share\" referrerpolicy=\"strict-origin-when-cross-origin\" allowfullscreen><\/iframe><\/p>\n<p>&nbsp;<\/p>","protected":false},"excerpt":{"rendered":"<p>Motorick\u00e9 CNC oh\u00fdba\u010dky siln\u00fdch plechov v rozmedz\u00ed 0,3 \u2013 5 mm \/ d\u013a\u017eka 2050-4200 mm.<\/p>","protected":false},"featured_media":5898,"comment_status":"open","ping_status":"closed","template":"","meta":{"_acf_changed":false,"_et_pb_use_builder":"","_et_pb_old_content":"","_et_gb_content_width":""},"product_brand":[],"product_cat":[68],"product_tag":[],"class_list":{"0":"post-5844","1":"product","2":"type-product","3":"status-publish","4":"has-post-thumbnail","6":"product_cat-ohybacky-plechov","8":"first","9":"instock","10":"shipping-taxable","11":"product-type-simple"},"acf":[],"yoast_head":"<!-- This site is optimized with the Yoast SEO plugin v27.4 - https:\/\/yoast.com\/product\/yoast-seo-wordpress\/ -->\n<title>MFE CNC oh\u00fdba\u010dka plechov - IPECON<\/title>\n<meta name=\"robots\" content=\"index, follow, max-snippet:-1, max-image-preview:large, max-video-preview:-1\" \/>\n<link rel=\"canonical\" href=\"https:\/\/www.ipecon.sk\/en\/product\/mfe-cnc-ohybacka-plechov\/\" \/>\n<meta property=\"og:locale\" content=\"en_GB\" \/>\n<meta property=\"og:type\" content=\"article\" \/>\n<meta property=\"og:title\" content=\"MFE CNC oh\u00fdba\u010dka plechov - IPECON\" \/>\n<meta property=\"og:description\" content=\"Motorick\u00e9 CNC oh\u00fdba\u010dky siln\u00fdch plechov v rozmedz\u00ed 0,3 \u2013 5 mm \/ d\u013a\u017eka 2050-4200 mm.\" \/>\n<meta property=\"og:url\" content=\"https:\/\/www.ipecon.sk\/en\/product\/mfe-cnc-ohybacka-plechov\/\" \/>\n<meta property=\"og:site_name\" content=\"IPECON\" \/>\n<meta property=\"article:modified_time\" content=\"2024-05-30T10:08:40+00:00\" \/>\n<meta property=\"og:image\" content=\"https:\/\/www.ipecon.sk\/wp-content\/uploads\/2024\/05\/MFE-CNC-Sheet-Metyal-Folder-1.jpg\" \/>\n\t<meta property=\"og:image:width\" content=\"1625\" \/>\n\t<meta property=\"og:image:height\" content=\"1258\" \/>\n\t<meta property=\"og:image:type\" content=\"image\/jpeg\" \/>\n<meta name=\"twitter:card\" content=\"summary_large_image\" \/>\n<meta name=\"twitter:label1\" content=\"Estimated reading time\" \/>\n\t<meta name=\"twitter:data1\" content=\"1 minute\" \/>\n<script type=\"application\/ld+json\" class=\"yoast-schema-graph\">{\"@context\":\"https:\\\/\\\/schema.org\",\"@graph\":[{\"@type\":\"WebPage\",\"@id\":\"https:\\\/\\\/www.ipecon.sk\\\/product\\\/mfe-cnc-ohybacka-plechov\\\/\",\"url\":\"https:\\\/\\\/www.ipecon.sk\\\/product\\\/mfe-cnc-ohybacka-plechov\\\/\",\"name\":\"MFE CNC oh\u00fdba\u010dka plechov - IPECON\",\"isPartOf\":{\"@id\":\"https:\\\/\\\/www.ipecon.sk\\\/#website\"},\"primaryImageOfPage\":{\"@id\":\"https:\\\/\\\/www.ipecon.sk\\\/product\\\/mfe-cnc-ohybacka-plechov\\\/#primaryimage\"},\"image\":{\"@id\":\"https:\\\/\\\/www.ipecon.sk\\\/product\\\/mfe-cnc-ohybacka-plechov\\\/#primaryimage\"},\"thumbnailUrl\":\"https:\\\/\\\/www.ipecon.sk\\\/wp-content\\\/uploads\\\/2024\\\/05\\\/MFE-CNC-Sheet-Metyal-Folder-1.jpg\",\"datePublished\":\"2024-05-28T10:49:51+00:00\",\"dateModified\":\"2024-05-30T10:08:40+00:00\",\"breadcrumb\":{\"@id\":\"https:\\\/\\\/www.ipecon.sk\\\/product\\\/mfe-cnc-ohybacka-plechov\\\/#breadcrumb\"},\"inLanguage\":\"en-GB\",\"potentialAction\":[{\"@type\":\"ReadAction\",\"target\":[\"https:\\\/\\\/www.ipecon.sk\\\/product\\\/mfe-cnc-ohybacka-plechov\\\/\"]}]},{\"@type\":\"ImageObject\",\"inLanguage\":\"en-GB\",\"@id\":\"https:\\\/\\\/www.ipecon.sk\\\/product\\\/mfe-cnc-ohybacka-plechov\\\/#primaryimage\",\"url\":\"https:\\\/\\\/www.ipecon.sk\\\/wp-content\\\/uploads\\\/2024\\\/05\\\/MFE-CNC-Sheet-Metyal-Folder-1.jpg\",\"contentUrl\":\"https:\\\/\\\/www.ipecon.sk\\\/wp-content\\\/uploads\\\/2024\\\/05\\\/MFE-CNC-Sheet-Metyal-Folder-1.jpg\",\"width\":1625,\"height\":1258},{\"@type\":\"BreadcrumbList\",\"@id\":\"https:\\\/\\\/www.ipecon.sk\\\/product\\\/mfe-cnc-ohybacka-plechov\\\/#breadcrumb\",\"itemListElement\":[{\"@type\":\"ListItem\",\"position\":1,\"name\":\"Home\",\"item\":\"https:\\\/\\\/www.ipecon.sk\\\/\"},{\"@type\":\"ListItem\",\"position\":2,\"name\":\"Shop\",\"item\":\"https:\\\/\\\/www.ipecon.sk\\\/shop\\\/\"},{\"@type\":\"ListItem\",\"position\":3,\"name\":\"MFE CNC oh\u00fdba\u010dka plechov\"}]},{\"@type\":\"WebSite\",\"@id\":\"https:\\\/\\\/www.ipecon.sk\\\/#website\",\"url\":\"https:\\\/\\\/www.ipecon.sk\\\/\",\"name\":\"IPECON\",\"description\":\"\",\"potentialAction\":[{\"@type\":\"SearchAction\",\"target\":{\"@type\":\"EntryPoint\",\"urlTemplate\":\"https:\\\/\\\/www.ipecon.sk\\\/?s={search_term_string}\"},\"query-input\":{\"@type\":\"PropertyValueSpecification\",\"valueRequired\":true,\"valueName\":\"search_term_string\"}}],\"inLanguage\":\"en-GB\"}]}<\/script>\n<!-- \/ Yoast SEO plugin. -->","yoast_head_json":{"title":"MFE CNC oh\u00fdba\u010dka plechov - IPECON","robots":{"index":"index","follow":"follow","max-snippet":"max-snippet:-1","max-image-preview":"max-image-preview:large","max-video-preview":"max-video-preview:-1"},"canonical":"https:\/\/www.ipecon.sk\/en\/product\/mfe-cnc-ohybacka-plechov\/","og_locale":"en_GB","og_type":"article","og_title":"MFE CNC oh\u00fdba\u010dka plechov - IPECON","og_description":"Motorick\u00e9 CNC oh\u00fdba\u010dky siln\u00fdch plechov v rozmedz\u00ed 0,3 \u2013 5 mm \/ d\u013a\u017eka 2050-4200 mm.","og_url":"https:\/\/www.ipecon.sk\/en\/product\/mfe-cnc-ohybacka-plechov\/","og_site_name":"IPECON","article_modified_time":"2024-05-30T10:08:40+00:00","og_image":[{"width":1625,"height":1258,"url":"https:\/\/www.ipecon.sk\/wp-content\/uploads\/2024\/05\/MFE-CNC-Sheet-Metyal-Folder-1.jpg","type":"image\/jpeg"}],"twitter_card":"summary_large_image","twitter_misc":{"Estimated reading time":"1 minute"},"schema":{"@context":"https:\/\/schema.org","@graph":[{"@type":"WebPage","@id":"https:\/\/www.ipecon.sk\/product\/mfe-cnc-ohybacka-plechov\/","url":"https:\/\/www.ipecon.sk\/product\/mfe-cnc-ohybacka-plechov\/","name":"MFE CNC oh\u00fdba\u010dka plechov - IPECON","isPartOf":{"@id":"https:\/\/www.ipecon.sk\/#website"},"primaryImageOfPage":{"@id":"https:\/\/www.ipecon.sk\/product\/mfe-cnc-ohybacka-plechov\/#primaryimage"},"image":{"@id":"https:\/\/www.ipecon.sk\/product\/mfe-cnc-ohybacka-plechov\/#primaryimage"},"thumbnailUrl":"https:\/\/www.ipecon.sk\/wp-content\/uploads\/2024\/05\/MFE-CNC-Sheet-Metyal-Folder-1.jpg","datePublished":"2024-05-28T10:49:51+00:00","dateModified":"2024-05-30T10:08:40+00:00","breadcrumb":{"@id":"https:\/\/www.ipecon.sk\/product\/mfe-cnc-ohybacka-plechov\/#breadcrumb"},"inLanguage":"en-GB","potentialAction":[{"@type":"ReadAction","target":["https:\/\/www.ipecon.sk\/product\/mfe-cnc-ohybacka-plechov\/"]}]},{"@type":"ImageObject","inLanguage":"en-GB","@id":"https:\/\/www.ipecon.sk\/product\/mfe-cnc-ohybacka-plechov\/#primaryimage","url":"https:\/\/www.ipecon.sk\/wp-content\/uploads\/2024\/05\/MFE-CNC-Sheet-Metyal-Folder-1.jpg","contentUrl":"https:\/\/www.ipecon.sk\/wp-content\/uploads\/2024\/05\/MFE-CNC-Sheet-Metyal-Folder-1.jpg","width":1625,"height":1258},{"@type":"BreadcrumbList","@id":"https:\/\/www.ipecon.sk\/product\/mfe-cnc-ohybacka-plechov\/#breadcrumb","itemListElement":[{"@type":"ListItem","position":1,"name":"Home","item":"https:\/\/www.ipecon.sk\/"},{"@type":"ListItem","position":2,"name":"Shop","item":"https:\/\/www.ipecon.sk\/shop\/"},{"@type":"ListItem","position":3,"name":"MFE CNC oh\u00fdba\u010dka plechov"}]},{"@type":"WebSite","@id":"https:\/\/www.ipecon.sk\/#website","url":"https:\/\/www.ipecon.sk\/","name":"IPECON","description":"","potentialAction":[{"@type":"SearchAction","target":{"@type":"EntryPoint","urlTemplate":"https:\/\/www.ipecon.sk\/?s={search_term_string}"},"query-input":{"@type":"PropertyValueSpecification","valueRequired":true,"valueName":"search_term_string"}}],"inLanguage":"en-GB"}]}},"_links":{"self":[{"href":"https:\/\/www.ipecon.sk\/en\/wp-json\/wp\/v2\/product\/5844","targetHints":{"allow":["GET"]}}],"collection":[{"href":"https:\/\/www.ipecon.sk\/en\/wp-json\/wp\/v2\/product"}],"about":[{"href":"https:\/\/www.ipecon.sk\/en\/wp-json\/wp\/v2\/types\/product"}],"replies":[{"embeddable":true,"href":"https:\/\/www.ipecon.sk\/en\/wp-json\/wp\/v2\/comments?post=5844"}],"wp:featuredmedia":[{"embeddable":true,"href":"https:\/\/www.ipecon.sk\/en\/wp-json\/wp\/v2\/media\/5898"}],"wp:attachment":[{"href":"https:\/\/www.ipecon.sk\/en\/wp-json\/wp\/v2\/media?parent=5844"}],"wp:term":[{"taxonomy":"product_brand","embeddable":true,"href":"https:\/\/www.ipecon.sk\/en\/wp-json\/wp\/v2\/product_brand?post=5844"},{"taxonomy":"product_cat","embeddable":true,"href":"https:\/\/www.ipecon.sk\/en\/wp-json\/wp\/v2\/product_cat?post=5844"},{"taxonomy":"product_tag","embeddable":true,"href":"https:\/\/www.ipecon.sk\/en\/wp-json\/wp\/v2\/product_tag?post=5844"}],"curies":[{"name":"wp","href":"https:\/\/api.w.org\/{rel}","templated":true}]}}