{"id":5766,"date":"2024-03-04T14:40:57","date_gmt":"2024-03-04T14:40:57","guid":{"rendered":"https:\/\/www.ipecon.sk\/?post_type=product&#038;p=5766"},"modified":"2026-04-11T09:10:22","modified_gmt":"2026-04-11T09:10:22","slug":"mrb-1504","status":"publish","type":"product","link":"https:\/\/www.ipecon.sk\/en\/product\/mrb-1504\/","title":{"rendered":"Motorick\u00e1 zakru\u017eova\u010dka plechov MRB 1504"},"content":{"rendered":"<p>Motorick\u00e9 zakru\u017eova\u010dky plechov radu\u00a0<strong>MRB-S<\/strong>\u00a0a\u00a0<strong>MRB<\/strong>\u00a0predstavuj\u00fa najvy\u0161\u0161iu a stredn\u00fa radu motorick\u00fdch zakru\u017eova\u010diek plechov z v\u00fdrobn\u00e9ho programu\u00a0<strong>Durmazlar<\/strong>.<\/p>\n<p>Boli vyvinut\u00e9 a vyroben\u00e9 vyu\u017eit\u00edm najnov\u0161\u00edch technol\u00f3gii v oblasti zakru\u017eovania. S\u00fa kon\u0161truovan\u00e9 pre zakru\u017eovanie \u0161irok\u00e9ho radu priemerov a d\u013a\u017eok. Asymetrick\u00e9 ulo\u017eenie valcov umo\u017e\u0148uje dosiahnu\u0165 kvalitn\u00fd predohyb jedn\u00e9ho konca, a po oto\u010den\u00ed plechu obsluhou aj druh\u00e9ho konca plechu. V \u0161tandardnom vyhotoven\u00ed s\u00fa zakru\u017eova\u010dky vybaven\u00e9 samostatne stojacim mobiln\u00fdm riadiacim panelom s ovl\u00e1dac\u00edmi tla\u010didlami a s digit\u00e1lnym od\u010d\u00edtan\u00edm polohy valcov, s motoricky poh\u00e1\u0148an\u00fdm horn\u00fdm a spodn\u00fdm valcom a s motorick\u00fdm nastavite\u013enou polohou spodn\u00e9ho a zadn\u00e9ho valca.<\/p>\n<p>Valce zakru\u017eova\u010dky s\u00fa induk\u010dne kalen\u00e9 a br\u00fasen\u00e9 (le\u0161ten\u00e9).<\/p>\n<p>Zakru\u017eovan\u00e1 d\u013a\u017eka:<strong> 1530 mm<\/strong><br \/>\nKapacita zakru\u017eovania: <strong>4 mm<\/strong><br \/>\nPriemer horn\u00e9ho v\u00e1lca: <strong>130 mm<\/strong><br \/>\nKalen\u00e9 a le\u0161ten\u00e9 valce<br \/>\nDx\u0160xV: <strong>2400 x 940 x 1120 mm<\/strong><br \/>\nHmotnos\u0165: <strong>1425 kg<\/strong><\/p>\n<p>Cena bez DPH<\/p>","protected":false},"excerpt":{"rendered":"<ul>\n<li><span style=\"color: #ff0000;\"><strong>NOV\u00dd STROJ<\/strong><\/span><\/li>\n<li>cena je bez DPH<\/li>\n<li><span style=\"color: #ff0000;\"><strong>v cene je in\u0161tal\u00e1cia, \u0161kolenie na mieste in\u0161tal\u00e1cie<\/strong><\/span><\/li>\n<li>z\u00e1ruka 24 mesiacov<\/li>\n<li><strong>skladom 1ks<\/strong><\/li>\n<\/ul>","protected":false},"featured_media":5763,"comment_status":"open","ping_status":"closed","template":"","meta":{"_acf_changed":false,"_et_pb_use_builder":"","_et_pb_old_content":"","_et_gb_content_width":""},"product_brand":[],"product_cat":[59],"product_tag":[],"class_list":{"0":"post-5766","1":"product","2":"type-product","3":"status-publish","4":"has-post-thumbnail","6":"product_cat-skladom","8":"first","9":"instock","10":"sale","11":"shipping-taxable","12":"purchasable","13":"product-type-simple"},"acf":[],"yoast_head":"<!-- This site is optimized with the Yoast SEO plugin v27.4 - https:\/\/yoast.com\/product\/yoast-seo-wordpress\/ -->\n<title>Motorick\u00e1 zakru\u017eova\u010dka plechov MRB 1504 - IPECON<\/title>\n<meta name=\"robots\" content=\"index, follow, max-snippet:-1, max-image-preview:large, max-video-preview:-1\" \/>\n<link rel=\"canonical\" href=\"https:\/\/www.ipecon.sk\/en\/product\/mrb-1504\/\" \/>\n<meta property=\"og:locale\" content=\"en_GB\" \/>\n<meta property=\"og:type\" content=\"article\" \/>\n<meta property=\"og:title\" content=\"Motorick\u00e1 zakru\u017eova\u010dka plechov MRB 1504 - IPECON\" \/>\n<meta property=\"og:description\" content=\"NOV\u00dd STROJ  cena je bez DPH  v cene je in\u0161tal\u00e1cia, \u0161kolenie na mieste in\u0161tal\u00e1cie  z\u00e1ruka 24 mesiacov  skladom 1ks\" \/>\n<meta property=\"og:url\" content=\"https:\/\/www.ipecon.sk\/en\/product\/mrb-1504\/\" \/>\n<meta property=\"og:site_name\" content=\"IPECON\" \/>\n<meta property=\"article:modified_time\" content=\"2026-04-11T09:10:22+00:00\" \/>\n<meta property=\"og:image\" content=\"https:\/\/www.ipecon.sk\/wp-content\/uploads\/2024\/03\/MRB_1504_3.jpg\" \/>\n\t<meta property=\"og:image:width\" content=\"2304\" \/>\n\t<meta property=\"og:image:height\" content=\"2303\" \/>\n\t<meta property=\"og:image:type\" content=\"image\/jpeg\" \/>\n<meta name=\"twitter:card\" content=\"summary_large_image\" \/>\n<meta name=\"twitter:label1\" content=\"Estimated reading time\" \/>\n\t<meta name=\"twitter:data1\" content=\"1 minute\" \/>\n<script type=\"application\/ld+json\" class=\"yoast-schema-graph\">{\"@context\":\"https:\\\/\\\/schema.org\",\"@graph\":[{\"@type\":\"WebPage\",\"@id\":\"https:\\\/\\\/www.ipecon.sk\\\/product\\\/mrb-1504\\\/\",\"url\":\"https:\\\/\\\/www.ipecon.sk\\\/product\\\/mrb-1504\\\/\",\"name\":\"Motorick\u00e1 zakru\u017eova\u010dka plechov MRB 1504 - IPECON\",\"isPartOf\":{\"@id\":\"https:\\\/\\\/www.ipecon.sk\\\/#website\"},\"primaryImageOfPage\":{\"@id\":\"https:\\\/\\\/www.ipecon.sk\\\/product\\\/mrb-1504\\\/#primaryimage\"},\"image\":{\"@id\":\"https:\\\/\\\/www.ipecon.sk\\\/product\\\/mrb-1504\\\/#primaryimage\"},\"thumbnailUrl\":\"https:\\\/\\\/www.ipecon.sk\\\/wp-content\\\/uploads\\\/2024\\\/03\\\/MRB_1504_3.jpg\",\"datePublished\":\"2024-03-04T14:40:57+00:00\",\"dateModified\":\"2026-04-11T09:10:22+00:00\",\"breadcrumb\":{\"@id\":\"https:\\\/\\\/www.ipecon.sk\\\/product\\\/mrb-1504\\\/#breadcrumb\"},\"inLanguage\":\"en-GB\",\"potentialAction\":[{\"@type\":\"ReadAction\",\"target\":[\"https:\\\/\\\/www.ipecon.sk\\\/product\\\/mrb-1504\\\/\"]}]},{\"@type\":\"ImageObject\",\"inLanguage\":\"en-GB\",\"@id\":\"https:\\\/\\\/www.ipecon.sk\\\/product\\\/mrb-1504\\\/#primaryimage\",\"url\":\"https:\\\/\\\/www.ipecon.sk\\\/wp-content\\\/uploads\\\/2024\\\/03\\\/MRB_1504_3.jpg\",\"contentUrl\":\"https:\\\/\\\/www.ipecon.sk\\\/wp-content\\\/uploads\\\/2024\\\/03\\\/MRB_1504_3.jpg\",\"width\":2304,\"height\":2303},{\"@type\":\"BreadcrumbList\",\"@id\":\"https:\\\/\\\/www.ipecon.sk\\\/product\\\/mrb-1504\\\/#breadcrumb\",\"itemListElement\":[{\"@type\":\"ListItem\",\"position\":1,\"name\":\"Home\",\"item\":\"https:\\\/\\\/www.ipecon.sk\\\/\"},{\"@type\":\"ListItem\",\"position\":2,\"name\":\"Shop\",\"item\":\"https:\\\/\\\/www.ipecon.sk\\\/shop\\\/\"},{\"@type\":\"ListItem\",\"position\":3,\"name\":\"Motorick\u00e1 zakru\u017eova\u010dka plechov MRB 1504\"}]},{\"@type\":\"WebSite\",\"@id\":\"https:\\\/\\\/www.ipecon.sk\\\/#website\",\"url\":\"https:\\\/\\\/www.ipecon.sk\\\/\",\"name\":\"IPECON\",\"description\":\"\",\"potentialAction\":[{\"@type\":\"SearchAction\",\"target\":{\"@type\":\"EntryPoint\",\"urlTemplate\":\"https:\\\/\\\/www.ipecon.sk\\\/?s={search_term_string}\"},\"query-input\":{\"@type\":\"PropertyValueSpecification\",\"valueRequired\":true,\"valueName\":\"search_term_string\"}}],\"inLanguage\":\"en-GB\"}]}<\/script>\n<!-- \/ Yoast SEO plugin. -->","yoast_head_json":{"title":"Motorick\u00e1 zakru\u017eova\u010dka plechov MRB 1504 - IPECON","robots":{"index":"index","follow":"follow","max-snippet":"max-snippet:-1","max-image-preview":"max-image-preview:large","max-video-preview":"max-video-preview:-1"},"canonical":"https:\/\/www.ipecon.sk\/en\/product\/mrb-1504\/","og_locale":"en_GB","og_type":"article","og_title":"Motorick\u00e1 zakru\u017eova\u010dka plechov MRB 1504 - IPECON","og_description":"NOV\u00dd STROJ  cena je bez DPH  v cene je in\u0161tal\u00e1cia, \u0161kolenie na mieste in\u0161tal\u00e1cie  z\u00e1ruka 24 mesiacov  skladom 1ks","og_url":"https:\/\/www.ipecon.sk\/en\/product\/mrb-1504\/","og_site_name":"IPECON","article_modified_time":"2026-04-11T09:10:22+00:00","og_image":[{"width":2304,"height":2303,"url":"https:\/\/www.ipecon.sk\/wp-content\/uploads\/2024\/03\/MRB_1504_3.jpg","type":"image\/jpeg"}],"twitter_card":"summary_large_image","twitter_misc":{"Estimated reading time":"1 minute"},"schema":{"@context":"https:\/\/schema.org","@graph":[{"@type":"WebPage","@id":"https:\/\/www.ipecon.sk\/product\/mrb-1504\/","url":"https:\/\/www.ipecon.sk\/product\/mrb-1504\/","name":"Motorick\u00e1 zakru\u017eova\u010dka plechov MRB 1504 - IPECON","isPartOf":{"@id":"https:\/\/www.ipecon.sk\/#website"},"primaryImageOfPage":{"@id":"https:\/\/www.ipecon.sk\/product\/mrb-1504\/#primaryimage"},"image":{"@id":"https:\/\/www.ipecon.sk\/product\/mrb-1504\/#primaryimage"},"thumbnailUrl":"https:\/\/www.ipecon.sk\/wp-content\/uploads\/2024\/03\/MRB_1504_3.jpg","datePublished":"2024-03-04T14:40:57+00:00","dateModified":"2026-04-11T09:10:22+00:00","breadcrumb":{"@id":"https:\/\/www.ipecon.sk\/product\/mrb-1504\/#breadcrumb"},"inLanguage":"en-GB","potentialAction":[{"@type":"ReadAction","target":["https:\/\/www.ipecon.sk\/product\/mrb-1504\/"]}]},{"@type":"ImageObject","inLanguage":"en-GB","@id":"https:\/\/www.ipecon.sk\/product\/mrb-1504\/#primaryimage","url":"https:\/\/www.ipecon.sk\/wp-content\/uploads\/2024\/03\/MRB_1504_3.jpg","contentUrl":"https:\/\/www.ipecon.sk\/wp-content\/uploads\/2024\/03\/MRB_1504_3.jpg","width":2304,"height":2303},{"@type":"BreadcrumbList","@id":"https:\/\/www.ipecon.sk\/product\/mrb-1504\/#breadcrumb","itemListElement":[{"@type":"ListItem","position":1,"name":"Home","item":"https:\/\/www.ipecon.sk\/"},{"@type":"ListItem","position":2,"name":"Shop","item":"https:\/\/www.ipecon.sk\/shop\/"},{"@type":"ListItem","position":3,"name":"Motorick\u00e1 zakru\u017eova\u010dka plechov MRB 1504"}]},{"@type":"WebSite","@id":"https:\/\/www.ipecon.sk\/#website","url":"https:\/\/www.ipecon.sk\/","name":"IPECON","description":"","potentialAction":[{"@type":"SearchAction","target":{"@type":"EntryPoint","urlTemplate":"https:\/\/www.ipecon.sk\/?s={search_term_string}"},"query-input":{"@type":"PropertyValueSpecification","valueRequired":true,"valueName":"search_term_string"}}],"inLanguage":"en-GB"}]}},"_links":{"self":[{"href":"https:\/\/www.ipecon.sk\/en\/wp-json\/wp\/v2\/product\/5766","targetHints":{"allow":["GET"]}}],"collection":[{"href":"https:\/\/www.ipecon.sk\/en\/wp-json\/wp\/v2\/product"}],"about":[{"href":"https:\/\/www.ipecon.sk\/en\/wp-json\/wp\/v2\/types\/product"}],"replies":[{"embeddable":true,"href":"https:\/\/www.ipecon.sk\/en\/wp-json\/wp\/v2\/comments?post=5766"}],"wp:featuredmedia":[{"embeddable":true,"href":"https:\/\/www.ipecon.sk\/en\/wp-json\/wp\/v2\/media\/5763"}],"wp:attachment":[{"href":"https:\/\/www.ipecon.sk\/en\/wp-json\/wp\/v2\/media?parent=5766"}],"wp:term":[{"taxonomy":"product_brand","embeddable":true,"href":"https:\/\/www.ipecon.sk\/en\/wp-json\/wp\/v2\/product_brand?post=5766"},{"taxonomy":"product_cat","embeddable":true,"href":"https:\/\/www.ipecon.sk\/en\/wp-json\/wp\/v2\/product_cat?post=5766"},{"taxonomy":"product_tag","embeddable":true,"href":"https:\/\/www.ipecon.sk\/en\/wp-json\/wp\/v2\/product_tag?post=5766"}],"curies":[{"name":"wp","href":"https:\/\/api.w.org\/{rel}","templated":true}]}}