{"id":5513,"date":"2023-10-11T11:58:27","date_gmt":"2023-10-11T11:58:27","guid":{"rendered":"https:\/\/www.ipecon.sk\/?post_type=product&#038;p=5513"},"modified":"2024-08-01T07:15:05","modified_gmt":"2024-08-01T07:15:05","slug":"rolleri-rol200-s-intermediatorom-int-150","status":"publish","type":"product","link":"https:\/\/www.ipecon.sk\/en\/product\/rolleri-rol200-s-intermediatorom-int-150\/","title":{"rendered":"Rolleri ROL200 s intermedi\u00e1torom INT 150"},"content":{"rendered":"<p>Tento inovat\u00edvny up\u00ednac\u00ed syst\u00e9m dok\u00e1\u017ee splni\u0165 v\u0161etky po\u017eiadavky, pokia\u013e ide o kone\u010dn\u00e9 pou\u017eitie: je vhodn\u00fd na pou\u017eitie k nov\u00fdm aj star\u0161\u00edm ohra\u0148ovac\u00edm lisom.<\/p>\n<p>Sada obsahuje 15ks up\u00edniek pre mont\u00e1\u017e na ohra\u0148ovacom lise d\u013a\u017eky 3m. Mo\u017eno ju pou\u017ei\u0165 na osadenie do nov\u00fdch ohra\u0148ovac\u00edch lisov, ale aj ako moderniz\u00e1ciu u\u017e funguj\u00facich ohra\u0148ovac\u00edch lisov.<br \/>\nTento up\u00ednac\u00ed syst\u00e9m umo\u017e\u0148uje r\u00fdchle vertik\u00e1lne vkladanie n\u00e1stroja do \u00fapinky ( nacvaknutie zospodu, \u017eiadne nas\u00favanie z boku ). Zaistenie n\u00e1stroja sa vykon\u00e1va ru\u010dne pomocou centr\u00e1lnej imbusovej skrutky na ka\u017edej \u00fapinke. Syst\u00e9m zaru\u010duje r\u00fdchlu a komfortn\u00fa v\u00fdmenu n\u00e1strojov.<\/p>\n<p id=\"tw-target-text\" class=\"tw-data-text tw-text-large tw-ta\" dir=\"ltr\" data-placeholder=\"Preklad\" data-ved=\"2ahUKEwidiuiSgO6BAxUYh_0HHXzGD5YQ3ewLegQICBAQ\"><span class=\"Y2IQFc\" lang=\"sk\">Tento inovat\u00edvny up\u00ednac\u00ed syst\u00e9m dok\u00e1\u017ee uspokoji\u0165 ka\u017ed\u00fa potrebu z h\u013eadiska fin\u00e1lnej aplik\u00e1cie: je vhodn\u00fd na prv\u00e9 vybavenie nov\u00fdch ohra\u0148ovac\u00edch lisov a tie\u017e na obnovu vybavenia star\u0161\u00edch strojov7<\/span><\/p>\n<p dir=\"ltr\" data-placeholder=\"Preklad\" data-ved=\"2ahUKEwidiuiSgO6BAxUYh_0HHXzGD5YQ3ewLegQICBAQ\"><img decoding=\"async\" class=\"aligncenter wp-image-5516 size-full\" src=\"https:\/\/www.ipecon.sk\/wp-content\/uploads\/2023\/10\/ROL20001.jpg\" alt=\"\" width=\"1632\" height=\"500\" srcset=\"https:\/\/www.ipecon.sk\/wp-content\/uploads\/2023\/10\/ROL20001.jpg 1632w, https:\/\/www.ipecon.sk\/wp-content\/uploads\/2023\/10\/ROL20001-1280x392.jpg 1280w, https:\/\/www.ipecon.sk\/wp-content\/uploads\/2023\/10\/ROL20001-980x300.jpg 980w, https:\/\/www.ipecon.sk\/wp-content\/uploads\/2023\/10\/ROL20001-480x147.jpg 480w\" sizes=\"(min-width: 0px) and (max-width: 480px) 480px, (min-width: 481px) and (max-width: 980px) 980px, (min-width: 981px) and (max-width: 1280px) 1280px, (min-width: 1281px) 1632px, 100vw\" \/><\/p>","protected":false},"excerpt":{"rendered":"<p>Tento inovat\u00edvny up\u00ednac\u00ed syst\u00e9m dok\u00e1\u017ee splni\u0165 v\u0161etky po\u017eiadavky, pokia\u013e ide o kone\u010dn\u00e9 pou\u017eitie: je vhodn\u00fd na pou\u017eitie k nov\u00fdm aj star\u0161\u00edm ohra\u0148ovac\u00edm lisom. Sada obsahuje 15ks up\u00edniek pre mont\u00e1\u017e na ohra\u0148ovacom lise d\u013a\u017eky 3m. Mo\u017eno ju pou\u017ei\u0165 na osadenie do nov\u00fdch ohra\u0148ovac\u00edch lisov, ale aj ako moderniz\u00e1ciu u\u017e funguj\u00facich ohra\u0148ovac\u00edch lisov. Tento up\u00ednac\u00ed syst\u00e9m umo\u017e\u0148uje [&hellip;]<\/p>\n","protected":false},"featured_media":5505,"comment_status":"open","ping_status":"closed","template":"","meta":{"_acf_changed":false,"_et_pb_use_builder":"","_et_pb_old_content":"","_et_gb_content_width":""},"product_brand":[],"product_cat":[59],"product_tag":[],"class_list":{"0":"post-5513","1":"product","2":"type-product","3":"status-publish","4":"has-post-thumbnail","6":"product_cat-skladom","8":"first","9":"instock","10":"sale","11":"shipping-taxable","12":"purchasable","13":"product-type-simple"},"acf":[],"yoast_head":"<!-- This site is optimized with the Yoast SEO plugin v27.4 - https:\/\/yoast.com\/product\/yoast-seo-wordpress\/ -->\n<title>Rolleri ROL200 s intermedi\u00e1torom INT 150 - IPECON<\/title>\n<meta name=\"robots\" content=\"index, follow, max-snippet:-1, max-image-preview:large, max-video-preview:-1\" \/>\n<link rel=\"canonical\" href=\"https:\/\/www.ipecon.sk\/en\/product\/rolleri-rol200-s-intermediatorom-int-150\/\" \/>\n<meta property=\"og:locale\" content=\"en_GB\" \/>\n<meta property=\"og:type\" content=\"article\" \/>\n<meta property=\"og:title\" content=\"Rolleri ROL200 s intermedi\u00e1torom INT 150 - IPECON\" \/>\n<meta property=\"og:description\" content=\"Tento inovat\u00edvny up\u00ednac\u00ed syst\u00e9m dok\u00e1\u017ee splni\u0165 v\u0161etky po\u017eiadavky, pokia\u013e ide o kone\u010dn\u00e9 pou\u017eitie: je vhodn\u00fd na pou\u017eitie k nov\u00fdm aj star\u0161\u00edm ohra\u0148ovac\u00edm lisom. Sada obsahuje 15ks up\u00edniek pre mont\u00e1\u017e na ohra\u0148ovacom lise d\u013a\u017eky 3m. Mo\u017eno ju pou\u017ei\u0165 na osadenie do nov\u00fdch ohra\u0148ovac\u00edch lisov, ale aj ako moderniz\u00e1ciu u\u017e funguj\u00facich ohra\u0148ovac\u00edch lisov. Tento up\u00ednac\u00ed syst\u00e9m umo\u017e\u0148uje [&hellip;]\" \/>\n<meta property=\"og:url\" content=\"https:\/\/www.ipecon.sk\/en\/product\/rolleri-rol200-s-intermediatorom-int-150\/\" \/>\n<meta property=\"og:site_name\" content=\"IPECON\" \/>\n<meta property=\"article:modified_time\" content=\"2024-08-01T07:15:05+00:00\" \/>\n<meta property=\"og:image\" content=\"https:\/\/www.ipecon.sk\/wp-content\/uploads\/2023\/10\/155792256.jpg\" \/>\n\t<meta property=\"og:image:width\" content=\"1024\" \/>\n\t<meta property=\"og:image:height\" content=\"1024\" \/>\n\t<meta property=\"og:image:type\" content=\"image\/jpeg\" \/>\n<meta name=\"twitter:card\" content=\"summary_large_image\" \/>\n<meta name=\"twitter:label1\" content=\"Estimated reading time\" \/>\n\t<meta name=\"twitter:data1\" content=\"1 minute\" \/>\n<script type=\"application\/ld+json\" class=\"yoast-schema-graph\">{\"@context\":\"https:\\\/\\\/schema.org\",\"@graph\":[{\"@type\":\"WebPage\",\"@id\":\"https:\\\/\\\/www.ipecon.sk\\\/product\\\/rolleri-rol200-s-intermediatorom-int-150\\\/\",\"url\":\"https:\\\/\\\/www.ipecon.sk\\\/product\\\/rolleri-rol200-s-intermediatorom-int-150\\\/\",\"name\":\"Rolleri ROL200 s intermedi\u00e1torom INT 150 - IPECON\",\"isPartOf\":{\"@id\":\"https:\\\/\\\/www.ipecon.sk\\\/#website\"},\"primaryImageOfPage\":{\"@id\":\"https:\\\/\\\/www.ipecon.sk\\\/product\\\/rolleri-rol200-s-intermediatorom-int-150\\\/#primaryimage\"},\"image\":{\"@id\":\"https:\\\/\\\/www.ipecon.sk\\\/product\\\/rolleri-rol200-s-intermediatorom-int-150\\\/#primaryimage\"},\"thumbnailUrl\":\"https:\\\/\\\/www.ipecon.sk\\\/wp-content\\\/uploads\\\/2023\\\/10\\\/155792256.jpg\",\"datePublished\":\"2023-10-11T11:58:27+00:00\",\"dateModified\":\"2024-08-01T07:15:05+00:00\",\"breadcrumb\":{\"@id\":\"https:\\\/\\\/www.ipecon.sk\\\/product\\\/rolleri-rol200-s-intermediatorom-int-150\\\/#breadcrumb\"},\"inLanguage\":\"en-GB\",\"potentialAction\":[{\"@type\":\"ReadAction\",\"target\":[\"https:\\\/\\\/www.ipecon.sk\\\/product\\\/rolleri-rol200-s-intermediatorom-int-150\\\/\"]}]},{\"@type\":\"ImageObject\",\"inLanguage\":\"en-GB\",\"@id\":\"https:\\\/\\\/www.ipecon.sk\\\/product\\\/rolleri-rol200-s-intermediatorom-int-150\\\/#primaryimage\",\"url\":\"https:\\\/\\\/www.ipecon.sk\\\/wp-content\\\/uploads\\\/2023\\\/10\\\/155792256.jpg\",\"contentUrl\":\"https:\\\/\\\/www.ipecon.sk\\\/wp-content\\\/uploads\\\/2023\\\/10\\\/155792256.jpg\",\"width\":1024,\"height\":1024},{\"@type\":\"BreadcrumbList\",\"@id\":\"https:\\\/\\\/www.ipecon.sk\\\/product\\\/rolleri-rol200-s-intermediatorom-int-150\\\/#breadcrumb\",\"itemListElement\":[{\"@type\":\"ListItem\",\"position\":1,\"name\":\"Home\",\"item\":\"https:\\\/\\\/www.ipecon.sk\\\/\"},{\"@type\":\"ListItem\",\"position\":2,\"name\":\"Shop\",\"item\":\"https:\\\/\\\/www.ipecon.sk\\\/shop\\\/\"},{\"@type\":\"ListItem\",\"position\":3,\"name\":\"Rolleri ROL200 s intermedi\u00e1torom INT 150\"}]},{\"@type\":\"WebSite\",\"@id\":\"https:\\\/\\\/www.ipecon.sk\\\/#website\",\"url\":\"https:\\\/\\\/www.ipecon.sk\\\/\",\"name\":\"IPECON\",\"description\":\"\",\"potentialAction\":[{\"@type\":\"SearchAction\",\"target\":{\"@type\":\"EntryPoint\",\"urlTemplate\":\"https:\\\/\\\/www.ipecon.sk\\\/?s={search_term_string}\"},\"query-input\":{\"@type\":\"PropertyValueSpecification\",\"valueRequired\":true,\"valueName\":\"search_term_string\"}}],\"inLanguage\":\"en-GB\"}]}<\/script>\n<!-- \/ Yoast SEO plugin. -->","yoast_head_json":{"title":"Rolleri ROL200 s intermedi\u00e1torom INT 150 - IPECON","robots":{"index":"index","follow":"follow","max-snippet":"max-snippet:-1","max-image-preview":"max-image-preview:large","max-video-preview":"max-video-preview:-1"},"canonical":"https:\/\/www.ipecon.sk\/en\/product\/rolleri-rol200-s-intermediatorom-int-150\/","og_locale":"en_GB","og_type":"article","og_title":"Rolleri ROL200 s intermedi\u00e1torom INT 150 - IPECON","og_description":"Tento inovat\u00edvny up\u00ednac\u00ed syst\u00e9m dok\u00e1\u017ee splni\u0165 v\u0161etky po\u017eiadavky, pokia\u013e ide o kone\u010dn\u00e9 pou\u017eitie: je vhodn\u00fd na pou\u017eitie k nov\u00fdm aj star\u0161\u00edm ohra\u0148ovac\u00edm lisom. Sada obsahuje 15ks up\u00edniek pre mont\u00e1\u017e na ohra\u0148ovacom lise d\u013a\u017eky 3m. Mo\u017eno ju pou\u017ei\u0165 na osadenie do nov\u00fdch ohra\u0148ovac\u00edch lisov, ale aj ako moderniz\u00e1ciu u\u017e funguj\u00facich ohra\u0148ovac\u00edch lisov. Tento up\u00ednac\u00ed syst\u00e9m umo\u017e\u0148uje [&hellip;]","og_url":"https:\/\/www.ipecon.sk\/en\/product\/rolleri-rol200-s-intermediatorom-int-150\/","og_site_name":"IPECON","article_modified_time":"2024-08-01T07:15:05+00:00","og_image":[{"width":1024,"height":1024,"url":"https:\/\/www.ipecon.sk\/wp-content\/uploads\/2023\/10\/155792256.jpg","type":"image\/jpeg"}],"twitter_card":"summary_large_image","twitter_misc":{"Estimated reading time":"1 minute"},"schema":{"@context":"https:\/\/schema.org","@graph":[{"@type":"WebPage","@id":"https:\/\/www.ipecon.sk\/product\/rolleri-rol200-s-intermediatorom-int-150\/","url":"https:\/\/www.ipecon.sk\/product\/rolleri-rol200-s-intermediatorom-int-150\/","name":"Rolleri ROL200 s intermedi\u00e1torom INT 150 - IPECON","isPartOf":{"@id":"https:\/\/www.ipecon.sk\/#website"},"primaryImageOfPage":{"@id":"https:\/\/www.ipecon.sk\/product\/rolleri-rol200-s-intermediatorom-int-150\/#primaryimage"},"image":{"@id":"https:\/\/www.ipecon.sk\/product\/rolleri-rol200-s-intermediatorom-int-150\/#primaryimage"},"thumbnailUrl":"https:\/\/www.ipecon.sk\/wp-content\/uploads\/2023\/10\/155792256.jpg","datePublished":"2023-10-11T11:58:27+00:00","dateModified":"2024-08-01T07:15:05+00:00","breadcrumb":{"@id":"https:\/\/www.ipecon.sk\/product\/rolleri-rol200-s-intermediatorom-int-150\/#breadcrumb"},"inLanguage":"en-GB","potentialAction":[{"@type":"ReadAction","target":["https:\/\/www.ipecon.sk\/product\/rolleri-rol200-s-intermediatorom-int-150\/"]}]},{"@type":"ImageObject","inLanguage":"en-GB","@id":"https:\/\/www.ipecon.sk\/product\/rolleri-rol200-s-intermediatorom-int-150\/#primaryimage","url":"https:\/\/www.ipecon.sk\/wp-content\/uploads\/2023\/10\/155792256.jpg","contentUrl":"https:\/\/www.ipecon.sk\/wp-content\/uploads\/2023\/10\/155792256.jpg","width":1024,"height":1024},{"@type":"BreadcrumbList","@id":"https:\/\/www.ipecon.sk\/product\/rolleri-rol200-s-intermediatorom-int-150\/#breadcrumb","itemListElement":[{"@type":"ListItem","position":1,"name":"Home","item":"https:\/\/www.ipecon.sk\/"},{"@type":"ListItem","position":2,"name":"Shop","item":"https:\/\/www.ipecon.sk\/shop\/"},{"@type":"ListItem","position":3,"name":"Rolleri ROL200 s intermedi\u00e1torom INT 150"}]},{"@type":"WebSite","@id":"https:\/\/www.ipecon.sk\/#website","url":"https:\/\/www.ipecon.sk\/","name":"IPECON","description":"","potentialAction":[{"@type":"SearchAction","target":{"@type":"EntryPoint","urlTemplate":"https:\/\/www.ipecon.sk\/?s={search_term_string}"},"query-input":{"@type":"PropertyValueSpecification","valueRequired":true,"valueName":"search_term_string"}}],"inLanguage":"en-GB"}]}},"_links":{"self":[{"href":"https:\/\/www.ipecon.sk\/en\/wp-json\/wp\/v2\/product\/5513","targetHints":{"allow":["GET"]}}],"collection":[{"href":"https:\/\/www.ipecon.sk\/en\/wp-json\/wp\/v2\/product"}],"about":[{"href":"https:\/\/www.ipecon.sk\/en\/wp-json\/wp\/v2\/types\/product"}],"replies":[{"embeddable":true,"href":"https:\/\/www.ipecon.sk\/en\/wp-json\/wp\/v2\/comments?post=5513"}],"wp:featuredmedia":[{"embeddable":true,"href":"https:\/\/www.ipecon.sk\/en\/wp-json\/wp\/v2\/media\/5505"}],"wp:attachment":[{"href":"https:\/\/www.ipecon.sk\/en\/wp-json\/wp\/v2\/media?parent=5513"}],"wp:term":[{"taxonomy":"product_brand","embeddable":true,"href":"https:\/\/www.ipecon.sk\/en\/wp-json\/wp\/v2\/product_brand?post=5513"},{"taxonomy":"product_cat","embeddable":true,"href":"https:\/\/www.ipecon.sk\/en\/wp-json\/wp\/v2\/product_cat?post=5513"},{"taxonomy":"product_tag","embeddable":true,"href":"https:\/\/www.ipecon.sk\/en\/wp-json\/wp\/v2\/product_tag?post=5513"}],"curies":[{"name":"wp","href":"https:\/\/api.w.org\/{rel}","templated":true}]}}