{"id":5435,"date":"2023-09-11T07:57:51","date_gmt":"2023-09-11T07:57:51","guid":{"rendered":"https:\/\/www.ipecon.sk\/?post_type=product&#038;p=5435"},"modified":"2025-05-07T11:28:25","modified_gmt":"2025-05-07T11:28:25","slug":"mrb-e_1003","status":"publish","type":"product","link":"https:\/\/www.ipecon.sk\/en\/product\/mrb-e_1003\/","title":{"rendered":"DURMA Zakru\u017eova\u010dka plechov MRB-E 1003"},"content":{"rendered":"","protected":false},"excerpt":{"rendered":"<ul>\n<li><span style=\"color: #ff0000;\"><strong>NOV\u00dd STROJ<\/strong><\/span><\/li>\n<li>cena je bez DPH<\/li>\n<li><span style=\"color: #ff0000;\"><strong>v cene je doprava, in\u0161tal\u00e1cie, \u0161kolenie na mieste in\u0161tal\u00e1cie<\/strong><\/span><\/li>\n<li>z\u00e1ruka 24 mesiacov<\/li>\n<li><strong>skladom 1ks<\/strong><\/li>\n<li>nepou\u017e\u00edvan\u00e9<br \/>\n<hr \/>\n<\/li>\n<li>dvojit\u00fd no\u017en\u00fd ped\u00e1l: ovl\u00e1danie rot\u00e1cie valcov dopredu \/ dozadu &#8211; bez digit\u00e1lneh<\/li>\n<li>od\u010d\u00edtania polohy valcov a tla\u010didlom Centr\u00e1l STOP<\/li>\n<li>manu\u00e1lne nastavite\u013en\u00e1 poloha spodn\u00e9ho valca \u2013 bez digit\u00e1lneho od\u010d\u00edtania polohy<\/li>\n<li>manu\u00e1lne nastavite\u013en\u00e1 poloha zadn\u00e9ho valca \u2013 bez digit\u00e1lneho od\u010d\u00edtania polohy<\/li>\n<li>3 asymetrick\u00fd ulo\u017een\u00e9 valce (horn\u00fd, spodn\u00fd a zadn\u00fd) z vysokokvalitnej ocele<\/li>\n<li>horn\u00fd a spodn\u00fd valec poh\u00e1\u0148an\u00fd elektromotorom cez prevodovku<\/li>\n<li>valce z materi\u00e1lu SAE 1050, induk\u010dne kalen\u00e9, br\u00fasen\u00e9<\/li>\n<li>pr\u00edslu\u0161enstvo pre zakru\u017eovanie ku\u017ee\u013eov<\/li>\n<li>r\u00e1m zbaven\u00fd vn\u00fatorn\u00e9ho pnutia<\/li>\n<li>prevedenie zodpoved\u00e1 po\u017eiadavk\u00e1m \u201eCE\u201c<\/li>\n<li>n\u00e1vod na pou\u017e\u00edvanie v slovenskom jazyku<\/li>\n<\/ul>\n<p>&nbsp;<\/p>\n<p>&nbsp;<\/p>","protected":false},"featured_media":5433,"comment_status":"open","ping_status":"closed","template":"","meta":{"_acf_changed":false,"_et_pb_use_builder":"","_et_pb_old_content":"","_et_gb_content_width":""},"product_brand":[],"product_cat":[59],"product_tag":[],"class_list":{"0":"post-5435","1":"product","2":"type-product","3":"status-publish","4":"has-post-thumbnail","6":"product_cat-skladom","8":"first","9":"instock","10":"sale","11":"shipping-taxable","12":"purchasable","13":"product-type-simple"},"acf":[],"yoast_head":"<!-- This site is optimized with the Yoast SEO plugin v27.4 - https:\/\/yoast.com\/product\/yoast-seo-wordpress\/ -->\n<title>DURMA Zakru\u017eova\u010dka plechov MRB-E 1003 - IPECON<\/title>\n<meta name=\"robots\" content=\"index, follow, max-snippet:-1, max-image-preview:large, max-video-preview:-1\" \/>\n<link rel=\"canonical\" href=\"https:\/\/www.ipecon.sk\/en\/product\/mrb-e_1003\/\" \/>\n<meta property=\"og:locale\" content=\"en_GB\" \/>\n<meta property=\"og:type\" content=\"article\" \/>\n<meta property=\"og:title\" content=\"DURMA Zakru\u017eova\u010dka plechov MRB-E 1003 - IPECON\" \/>\n<meta property=\"og:description\" content=\"NOV\u00dd STROJ  cena je bez DPH  v cene je doprava, in\u0161tal\u00e1cie, \u0161kolenie na mieste in\u0161tal\u00e1cie  z\u00e1ruka 24 mesiacov  skladom 1ks  nepou\u017e\u00edvan\u00e9      dvojit\u00fd no\u017en\u00fd ped\u00e1l: ovl\u00e1danie rot\u00e1cie valcov dopredu \/ dozadu - bez digit\u00e1lneh  od\u010d\u00edtania polohy valcov a tla\u010didlom Centr\u00e1l STOP  manu\u00e1lne nastavite\u013en\u00e1 poloha spodn\u00e9ho valca \u2013 bez digit\u00e1lneho od\u010d\u00edtania polohy  manu\u00e1lne nastavite\u013en\u00e1 poloha zadn\u00e9ho valca \u2013 bez digit\u00e1lneho od\u010d\u00edtania polohy  3 asymetrick\u00fd ulo\u017een\u00e9 valce (horn\u00fd, spodn\u00fd a zadn\u00fd) z vysokokvalitnej ocele  horn\u00fd a spodn\u00fd valec poh\u00e1\u0148an\u00fd elektromotorom cez prevodovku  valce z materi\u00e1lu SAE 1050, induk\u010dne kalen\u00e9, br\u00fasen\u00e9  pr\u00edslu\u0161enstvo pre zakru\u017eovanie ku\u017ee\u013eov  r\u00e1m zbaven\u00fd vn\u00fatorn\u00e9ho pnutia  prevedenie zodpoved\u00e1 po\u017eiadavk\u00e1m \u201eCE\u201c  n\u00e1vod na pou\u017e\u00edvanie v slovenskom jazyku  &nbsp;  &nbsp;\" \/>\n<meta property=\"og:url\" content=\"https:\/\/www.ipecon.sk\/en\/product\/mrb-e_1003\/\" \/>\n<meta property=\"og:site_name\" content=\"IPECON\" \/>\n<meta property=\"article:modified_time\" content=\"2025-05-07T11:28:25+00:00\" \/>\n<meta property=\"og:image\" content=\"https:\/\/www.ipecon.sk\/wp-content\/uploads\/2023\/09\/20230911_092655x.jpg\" \/>\n\t<meta property=\"og:image:width\" content=\"2251\" \/>\n\t<meta property=\"og:image:height\" content=\"2250\" \/>\n\t<meta property=\"og:image:type\" content=\"image\/jpeg\" \/>\n<meta name=\"twitter:card\" content=\"summary_large_image\" \/>\n<meta name=\"twitter:label1\" content=\"Estimated reading time\" \/>\n\t<meta name=\"twitter:data1\" content=\"1 minute\" \/>\n<script type=\"application\/ld+json\" class=\"yoast-schema-graph\">{\"@context\":\"https:\\\/\\\/schema.org\",\"@graph\":[{\"@type\":\"WebPage\",\"@id\":\"https:\\\/\\\/www.ipecon.sk\\\/product\\\/mrb-e_1003\\\/\",\"url\":\"https:\\\/\\\/www.ipecon.sk\\\/product\\\/mrb-e_1003\\\/\",\"name\":\"DURMA Zakru\u017eova\u010dka plechov MRB-E 1003 - IPECON\",\"isPartOf\":{\"@id\":\"https:\\\/\\\/www.ipecon.sk\\\/#website\"},\"primaryImageOfPage\":{\"@id\":\"https:\\\/\\\/www.ipecon.sk\\\/product\\\/mrb-e_1003\\\/#primaryimage\"},\"image\":{\"@id\":\"https:\\\/\\\/www.ipecon.sk\\\/product\\\/mrb-e_1003\\\/#primaryimage\"},\"thumbnailUrl\":\"https:\\\/\\\/www.ipecon.sk\\\/wp-content\\\/uploads\\\/2023\\\/09\\\/20230911_092655x.jpg\",\"datePublished\":\"2023-09-11T07:57:51+00:00\",\"dateModified\":\"2025-05-07T11:28:25+00:00\",\"breadcrumb\":{\"@id\":\"https:\\\/\\\/www.ipecon.sk\\\/product\\\/mrb-e_1003\\\/#breadcrumb\"},\"inLanguage\":\"en-GB\",\"potentialAction\":[{\"@type\":\"ReadAction\",\"target\":[\"https:\\\/\\\/www.ipecon.sk\\\/product\\\/mrb-e_1003\\\/\"]}]},{\"@type\":\"ImageObject\",\"inLanguage\":\"en-GB\",\"@id\":\"https:\\\/\\\/www.ipecon.sk\\\/product\\\/mrb-e_1003\\\/#primaryimage\",\"url\":\"https:\\\/\\\/www.ipecon.sk\\\/wp-content\\\/uploads\\\/2023\\\/09\\\/20230911_092655x.jpg\",\"contentUrl\":\"https:\\\/\\\/www.ipecon.sk\\\/wp-content\\\/uploads\\\/2023\\\/09\\\/20230911_092655x.jpg\",\"width\":2251,\"height\":2250},{\"@type\":\"BreadcrumbList\",\"@id\":\"https:\\\/\\\/www.ipecon.sk\\\/product\\\/mrb-e_1003\\\/#breadcrumb\",\"itemListElement\":[{\"@type\":\"ListItem\",\"position\":1,\"name\":\"Home\",\"item\":\"https:\\\/\\\/www.ipecon.sk\\\/\"},{\"@type\":\"ListItem\",\"position\":2,\"name\":\"Shop\",\"item\":\"https:\\\/\\\/www.ipecon.sk\\\/shop\\\/\"},{\"@type\":\"ListItem\",\"position\":3,\"name\":\"DURMA Zakru\u017eova\u010dka plechov MRB-E 1003\"}]},{\"@type\":\"WebSite\",\"@id\":\"https:\\\/\\\/www.ipecon.sk\\\/#website\",\"url\":\"https:\\\/\\\/www.ipecon.sk\\\/\",\"name\":\"IPECON\",\"description\":\"\",\"potentialAction\":[{\"@type\":\"SearchAction\",\"target\":{\"@type\":\"EntryPoint\",\"urlTemplate\":\"https:\\\/\\\/www.ipecon.sk\\\/?s={search_term_string}\"},\"query-input\":{\"@type\":\"PropertyValueSpecification\",\"valueRequired\":true,\"valueName\":\"search_term_string\"}}],\"inLanguage\":\"en-GB\"}]}<\/script>\n<!-- \/ Yoast SEO plugin. -->","yoast_head_json":{"title":"DURMA Zakru\u017eova\u010dka plechov MRB-E 1003 - IPECON","robots":{"index":"index","follow":"follow","max-snippet":"max-snippet:-1","max-image-preview":"max-image-preview:large","max-video-preview":"max-video-preview:-1"},"canonical":"https:\/\/www.ipecon.sk\/en\/product\/mrb-e_1003\/","og_locale":"en_GB","og_type":"article","og_title":"DURMA Zakru\u017eova\u010dka plechov MRB-E 1003 - IPECON","og_description":"NOV\u00dd STROJ  cena je bez DPH  v cene je doprava, in\u0161tal\u00e1cie, \u0161kolenie na mieste in\u0161tal\u00e1cie  z\u00e1ruka 24 mesiacov  skladom 1ks  nepou\u017e\u00edvan\u00e9      dvojit\u00fd no\u017en\u00fd ped\u00e1l: ovl\u00e1danie rot\u00e1cie valcov dopredu \/ dozadu - bez digit\u00e1lneh  od\u010d\u00edtania polohy valcov a tla\u010didlom Centr\u00e1l STOP  manu\u00e1lne nastavite\u013en\u00e1 poloha spodn\u00e9ho valca \u2013 bez digit\u00e1lneho od\u010d\u00edtania polohy  manu\u00e1lne nastavite\u013en\u00e1 poloha zadn\u00e9ho valca \u2013 bez digit\u00e1lneho od\u010d\u00edtania polohy  3 asymetrick\u00fd ulo\u017een\u00e9 valce (horn\u00fd, spodn\u00fd a zadn\u00fd) z vysokokvalitnej ocele  horn\u00fd a spodn\u00fd valec poh\u00e1\u0148an\u00fd elektromotorom cez prevodovku  valce z materi\u00e1lu SAE 1050, induk\u010dne kalen\u00e9, br\u00fasen\u00e9  pr\u00edslu\u0161enstvo pre zakru\u017eovanie ku\u017ee\u013eov  r\u00e1m zbaven\u00fd vn\u00fatorn\u00e9ho pnutia  prevedenie zodpoved\u00e1 po\u017eiadavk\u00e1m \u201eCE\u201c  n\u00e1vod na pou\u017e\u00edvanie v slovenskom jazyku  &nbsp;  &nbsp;","og_url":"https:\/\/www.ipecon.sk\/en\/product\/mrb-e_1003\/","og_site_name":"IPECON","article_modified_time":"2025-05-07T11:28:25+00:00","og_image":[{"width":2251,"height":2250,"url":"https:\/\/www.ipecon.sk\/wp-content\/uploads\/2023\/09\/20230911_092655x.jpg","type":"image\/jpeg"}],"twitter_card":"summary_large_image","twitter_misc":{"Estimated reading time":"1 minute"},"schema":{"@context":"https:\/\/schema.org","@graph":[{"@type":"WebPage","@id":"https:\/\/www.ipecon.sk\/product\/mrb-e_1003\/","url":"https:\/\/www.ipecon.sk\/product\/mrb-e_1003\/","name":"DURMA Zakru\u017eova\u010dka plechov MRB-E 1003 - IPECON","isPartOf":{"@id":"https:\/\/www.ipecon.sk\/#website"},"primaryImageOfPage":{"@id":"https:\/\/www.ipecon.sk\/product\/mrb-e_1003\/#primaryimage"},"image":{"@id":"https:\/\/www.ipecon.sk\/product\/mrb-e_1003\/#primaryimage"},"thumbnailUrl":"https:\/\/www.ipecon.sk\/wp-content\/uploads\/2023\/09\/20230911_092655x.jpg","datePublished":"2023-09-11T07:57:51+00:00","dateModified":"2025-05-07T11:28:25+00:00","breadcrumb":{"@id":"https:\/\/www.ipecon.sk\/product\/mrb-e_1003\/#breadcrumb"},"inLanguage":"en-GB","potentialAction":[{"@type":"ReadAction","target":["https:\/\/www.ipecon.sk\/product\/mrb-e_1003\/"]}]},{"@type":"ImageObject","inLanguage":"en-GB","@id":"https:\/\/www.ipecon.sk\/product\/mrb-e_1003\/#primaryimage","url":"https:\/\/www.ipecon.sk\/wp-content\/uploads\/2023\/09\/20230911_092655x.jpg","contentUrl":"https:\/\/www.ipecon.sk\/wp-content\/uploads\/2023\/09\/20230911_092655x.jpg","width":2251,"height":2250},{"@type":"BreadcrumbList","@id":"https:\/\/www.ipecon.sk\/product\/mrb-e_1003\/#breadcrumb","itemListElement":[{"@type":"ListItem","position":1,"name":"Home","item":"https:\/\/www.ipecon.sk\/"},{"@type":"ListItem","position":2,"name":"Shop","item":"https:\/\/www.ipecon.sk\/shop\/"},{"@type":"ListItem","position":3,"name":"DURMA Zakru\u017eova\u010dka plechov MRB-E 1003"}]},{"@type":"WebSite","@id":"https:\/\/www.ipecon.sk\/#website","url":"https:\/\/www.ipecon.sk\/","name":"IPECON","description":"","potentialAction":[{"@type":"SearchAction","target":{"@type":"EntryPoint","urlTemplate":"https:\/\/www.ipecon.sk\/?s={search_term_string}"},"query-input":{"@type":"PropertyValueSpecification","valueRequired":true,"valueName":"search_term_string"}}],"inLanguage":"en-GB"}]}},"_links":{"self":[{"href":"https:\/\/www.ipecon.sk\/en\/wp-json\/wp\/v2\/product\/5435","targetHints":{"allow":["GET"]}}],"collection":[{"href":"https:\/\/www.ipecon.sk\/en\/wp-json\/wp\/v2\/product"}],"about":[{"href":"https:\/\/www.ipecon.sk\/en\/wp-json\/wp\/v2\/types\/product"}],"replies":[{"embeddable":true,"href":"https:\/\/www.ipecon.sk\/en\/wp-json\/wp\/v2\/comments?post=5435"}],"wp:featuredmedia":[{"embeddable":true,"href":"https:\/\/www.ipecon.sk\/en\/wp-json\/wp\/v2\/media\/5433"}],"wp:attachment":[{"href":"https:\/\/www.ipecon.sk\/en\/wp-json\/wp\/v2\/media?parent=5435"}],"wp:term":[{"taxonomy":"product_brand","embeddable":true,"href":"https:\/\/www.ipecon.sk\/en\/wp-json\/wp\/v2\/product_brand?post=5435"},{"taxonomy":"product_cat","embeddable":true,"href":"https:\/\/www.ipecon.sk\/en\/wp-json\/wp\/v2\/product_cat?post=5435"},{"taxonomy":"product_tag","embeddable":true,"href":"https:\/\/www.ipecon.sk\/en\/wp-json\/wp\/v2\/product_tag?post=5435"}],"curies":[{"name":"wp","href":"https:\/\/api.w.org\/{rel}","templated":true}]}}