{"id":4462,"date":"2023-08-03T05:41:29","date_gmt":"2023-08-03T05:41:29","guid":{"rendered":"https:\/\/www.ipecon.sk\/?post_type=product&#038;p=4462"},"modified":"2023-08-08T12:32:10","modified_gmt":"2023-08-08T12:32:10","slug":"spotrebny-laser-material","status":"publish","type":"product","link":"https:\/\/www.ipecon.sk\/en\/product\/spotrebny-laser-material\/","title":{"rendered":"Spotrebn\u00fd laser materi\u00e1l"},"content":{"rendered":"<p>Spotrebn\u00fd materi\u00e1l pre FIBER LASERY DURMA s rezac\u00edmi hlavami Precitec Procutter a DURMA.<\/p>","protected":false},"excerpt":{"rendered":"<ul>\n<li style=\"list-style-type: none;\">\n<ul>\n<li><strong>spotrebn\u00fd materi\u00e1l pre FIBER LASERY DURMA<\/strong><\/li>\n<li><strong>trysky, keramiky, ochrann\u00e9 skl\u00ed\u010dka<\/strong><\/li>\n<li><strong>cenn\u00edk na vy\u017eiadanie<\/strong><\/li>\n<li><strong>niektor\u00e9 typy skladom v IPECON \u017dilina<\/strong><\/li>\n<\/ul>\n<h3><\/h3>\n<\/li>\n<\/ul>","protected":false},"featured_media":4500,"comment_status":"open","ping_status":"closed","template":"","meta":{"_acf_changed":false,"_et_pb_use_builder":"off","_et_pb_old_content":"Motorick\u00e1 zakru\u017eova\u010dka profilov radu PBM50 predstavuje z\u00e1kladn\u00fd rad zakru\u017eova\u010diek profilov z v\u00fdrobn\u00e9ho programu Durmazlar. Je kon\u0161truovan\u00e1 pre zakru\u017eovanie \u0161irok\u00e9ho radu profilov.\r\n\r\nZakru\u017eova\u010dka je vybaven\u00e1 mobiln\u00fdm dvojit\u00fdm no\u017en\u00fdm ped\u00e1lom pre motorick\u00fa rot\u00e1ciu spodn\u00fdch valcov v oboch smeroch s tla\u010didlom centr\u00e1l stop. Poloha horn\u00e9ho valca smerom hore\/dolu sa nastavuje manu\u00e1lne skrutkovicou.\r\n\r\nJe mo\u017en\u00e9 horizont\u00e1lne aj vertik\u00e1lne ulo\u017eenie stroja.\r\n\r\n<img class=\"alignnone wp-image-3633 size-full\" src=\"https:\/\/www.ipecon.sk\/wp-content\/uploads\/2023\/07\/TabulkaPBM50.jpg\" alt=\"\" width=\"1210\" height=\"1526\" \/>","_et_gb_content_width":""},"product_brand":[],"product_cat":[61],"product_tag":[],"class_list":{"0":"post-4462","1":"product","2":"type-product","3":"status-publish","4":"has-post-thumbnail","6":"product_cat-nastroje","8":"first","9":"instock","10":"shipping-taxable","11":"product-type-simple"},"acf":[],"yoast_head":"<!-- This site is optimized with the Yoast SEO plugin v27.4 - https:\/\/yoast.com\/product\/yoast-seo-wordpress\/ -->\n<title>Spotrebn\u00fd laser materi\u00e1l - IPECON<\/title>\n<meta name=\"robots\" content=\"index, follow, max-snippet:-1, max-image-preview:large, max-video-preview:-1\" \/>\n<link rel=\"canonical\" href=\"https:\/\/www.ipecon.sk\/en\/product\/spotrebny-laser-material\/\" \/>\n<meta property=\"og:locale\" content=\"en_GB\" \/>\n<meta property=\"og:type\" content=\"article\" \/>\n<meta property=\"og:title\" content=\"Spotrebn\u00fd laser materi\u00e1l - IPECON\" \/>\n<meta property=\"og:description\" content=\"spotrebn\u00fd materi\u00e1l pre FIBER LASERY DURMA  trysky, keramiky, ochrann\u00e9 skl\u00ed\u010dka  cenn\u00edk na vy\u017eiadanie  niektor\u00e9 typy skladom v IPECON \u017dilina\" \/>\n<meta property=\"og:url\" content=\"https:\/\/www.ipecon.sk\/en\/product\/spotrebny-laser-material\/\" \/>\n<meta property=\"og:site_name\" content=\"IPECON\" \/>\n<meta property=\"article:modified_time\" content=\"2023-08-08T12:32:10+00:00\" \/>\n<meta property=\"og:image\" content=\"https:\/\/www.ipecon.sk\/wp-content\/uploads\/2023\/08\/laser-material.jpg\" \/>\n\t<meta property=\"og:image:width\" content=\"400\" \/>\n\t<meta property=\"og:image:height\" content=\"400\" \/>\n\t<meta property=\"og:image:type\" content=\"image\/jpeg\" \/>\n<meta name=\"twitter:card\" content=\"summary_large_image\" \/>\n<meta name=\"twitter:label1\" content=\"Estimated reading time\" \/>\n\t<meta name=\"twitter:data1\" content=\"1 minute\" \/>\n<script type=\"application\/ld+json\" class=\"yoast-schema-graph\">{\"@context\":\"https:\\\/\\\/schema.org\",\"@graph\":[{\"@type\":\"WebPage\",\"@id\":\"https:\\\/\\\/www.ipecon.sk\\\/product\\\/spotrebny-laser-material\\\/\",\"url\":\"https:\\\/\\\/www.ipecon.sk\\\/product\\\/spotrebny-laser-material\\\/\",\"name\":\"Spotrebn\u00fd laser materi\u00e1l - IPECON\",\"isPartOf\":{\"@id\":\"https:\\\/\\\/www.ipecon.sk\\\/#website\"},\"primaryImageOfPage\":{\"@id\":\"https:\\\/\\\/www.ipecon.sk\\\/product\\\/spotrebny-laser-material\\\/#primaryimage\"},\"image\":{\"@id\":\"https:\\\/\\\/www.ipecon.sk\\\/product\\\/spotrebny-laser-material\\\/#primaryimage\"},\"thumbnailUrl\":\"https:\\\/\\\/www.ipecon.sk\\\/wp-content\\\/uploads\\\/2023\\\/08\\\/laser-material.jpg\",\"datePublished\":\"2023-08-03T05:41:29+00:00\",\"dateModified\":\"2023-08-08T12:32:10+00:00\",\"breadcrumb\":{\"@id\":\"https:\\\/\\\/www.ipecon.sk\\\/product\\\/spotrebny-laser-material\\\/#breadcrumb\"},\"inLanguage\":\"en-GB\",\"potentialAction\":[{\"@type\":\"ReadAction\",\"target\":[\"https:\\\/\\\/www.ipecon.sk\\\/product\\\/spotrebny-laser-material\\\/\"]}]},{\"@type\":\"ImageObject\",\"inLanguage\":\"en-GB\",\"@id\":\"https:\\\/\\\/www.ipecon.sk\\\/product\\\/spotrebny-laser-material\\\/#primaryimage\",\"url\":\"https:\\\/\\\/www.ipecon.sk\\\/wp-content\\\/uploads\\\/2023\\\/08\\\/laser-material.jpg\",\"contentUrl\":\"https:\\\/\\\/www.ipecon.sk\\\/wp-content\\\/uploads\\\/2023\\\/08\\\/laser-material.jpg\",\"width\":400,\"height\":400},{\"@type\":\"BreadcrumbList\",\"@id\":\"https:\\\/\\\/www.ipecon.sk\\\/product\\\/spotrebny-laser-material\\\/#breadcrumb\",\"itemListElement\":[{\"@type\":\"ListItem\",\"position\":1,\"name\":\"Home\",\"item\":\"https:\\\/\\\/www.ipecon.sk\\\/\"},{\"@type\":\"ListItem\",\"position\":2,\"name\":\"Shop\",\"item\":\"https:\\\/\\\/www.ipecon.sk\\\/shop\\\/\"},{\"@type\":\"ListItem\",\"position\":3,\"name\":\"Spotrebn\u00fd laser materi\u00e1l\"}]},{\"@type\":\"WebSite\",\"@id\":\"https:\\\/\\\/www.ipecon.sk\\\/#website\",\"url\":\"https:\\\/\\\/www.ipecon.sk\\\/\",\"name\":\"IPECON\",\"description\":\"\",\"potentialAction\":[{\"@type\":\"SearchAction\",\"target\":{\"@type\":\"EntryPoint\",\"urlTemplate\":\"https:\\\/\\\/www.ipecon.sk\\\/?s={search_term_string}\"},\"query-input\":{\"@type\":\"PropertyValueSpecification\",\"valueRequired\":true,\"valueName\":\"search_term_string\"}}],\"inLanguage\":\"en-GB\"}]}<\/script>\n<!-- \/ Yoast SEO plugin. -->","yoast_head_json":{"title":"Spotrebn\u00fd laser materi\u00e1l - IPECON","robots":{"index":"index","follow":"follow","max-snippet":"max-snippet:-1","max-image-preview":"max-image-preview:large","max-video-preview":"max-video-preview:-1"},"canonical":"https:\/\/www.ipecon.sk\/en\/product\/spotrebny-laser-material\/","og_locale":"en_GB","og_type":"article","og_title":"Spotrebn\u00fd laser materi\u00e1l - IPECON","og_description":"spotrebn\u00fd materi\u00e1l pre FIBER LASERY DURMA  trysky, keramiky, ochrann\u00e9 skl\u00ed\u010dka  cenn\u00edk na vy\u017eiadanie  niektor\u00e9 typy skladom v IPECON \u017dilina","og_url":"https:\/\/www.ipecon.sk\/en\/product\/spotrebny-laser-material\/","og_site_name":"IPECON","article_modified_time":"2023-08-08T12:32:10+00:00","og_image":[{"width":400,"height":400,"url":"https:\/\/www.ipecon.sk\/wp-content\/uploads\/2023\/08\/laser-material.jpg","type":"image\/jpeg"}],"twitter_card":"summary_large_image","twitter_misc":{"Estimated reading time":"1 minute"},"schema":{"@context":"https:\/\/schema.org","@graph":[{"@type":"WebPage","@id":"https:\/\/www.ipecon.sk\/product\/spotrebny-laser-material\/","url":"https:\/\/www.ipecon.sk\/product\/spotrebny-laser-material\/","name":"Spotrebn\u00fd laser materi\u00e1l - IPECON","isPartOf":{"@id":"https:\/\/www.ipecon.sk\/#website"},"primaryImageOfPage":{"@id":"https:\/\/www.ipecon.sk\/product\/spotrebny-laser-material\/#primaryimage"},"image":{"@id":"https:\/\/www.ipecon.sk\/product\/spotrebny-laser-material\/#primaryimage"},"thumbnailUrl":"https:\/\/www.ipecon.sk\/wp-content\/uploads\/2023\/08\/laser-material.jpg","datePublished":"2023-08-03T05:41:29+00:00","dateModified":"2023-08-08T12:32:10+00:00","breadcrumb":{"@id":"https:\/\/www.ipecon.sk\/product\/spotrebny-laser-material\/#breadcrumb"},"inLanguage":"en-GB","potentialAction":[{"@type":"ReadAction","target":["https:\/\/www.ipecon.sk\/product\/spotrebny-laser-material\/"]}]},{"@type":"ImageObject","inLanguage":"en-GB","@id":"https:\/\/www.ipecon.sk\/product\/spotrebny-laser-material\/#primaryimage","url":"https:\/\/www.ipecon.sk\/wp-content\/uploads\/2023\/08\/laser-material.jpg","contentUrl":"https:\/\/www.ipecon.sk\/wp-content\/uploads\/2023\/08\/laser-material.jpg","width":400,"height":400},{"@type":"BreadcrumbList","@id":"https:\/\/www.ipecon.sk\/product\/spotrebny-laser-material\/#breadcrumb","itemListElement":[{"@type":"ListItem","position":1,"name":"Home","item":"https:\/\/www.ipecon.sk\/"},{"@type":"ListItem","position":2,"name":"Shop","item":"https:\/\/www.ipecon.sk\/shop\/"},{"@type":"ListItem","position":3,"name":"Spotrebn\u00fd laser materi\u00e1l"}]},{"@type":"WebSite","@id":"https:\/\/www.ipecon.sk\/#website","url":"https:\/\/www.ipecon.sk\/","name":"IPECON","description":"","potentialAction":[{"@type":"SearchAction","target":{"@type":"EntryPoint","urlTemplate":"https:\/\/www.ipecon.sk\/?s={search_term_string}"},"query-input":{"@type":"PropertyValueSpecification","valueRequired":true,"valueName":"search_term_string"}}],"inLanguage":"en-GB"}]}},"_links":{"self":[{"href":"https:\/\/www.ipecon.sk\/en\/wp-json\/wp\/v2\/product\/4462","targetHints":{"allow":["GET"]}}],"collection":[{"href":"https:\/\/www.ipecon.sk\/en\/wp-json\/wp\/v2\/product"}],"about":[{"href":"https:\/\/www.ipecon.sk\/en\/wp-json\/wp\/v2\/types\/product"}],"replies":[{"embeddable":true,"href":"https:\/\/www.ipecon.sk\/en\/wp-json\/wp\/v2\/comments?post=4462"}],"wp:featuredmedia":[{"embeddable":true,"href":"https:\/\/www.ipecon.sk\/en\/wp-json\/wp\/v2\/media\/4500"}],"wp:attachment":[{"href":"https:\/\/www.ipecon.sk\/en\/wp-json\/wp\/v2\/media?parent=4462"}],"wp:term":[{"taxonomy":"product_brand","embeddable":true,"href":"https:\/\/www.ipecon.sk\/en\/wp-json\/wp\/v2\/product_brand?post=4462"},{"taxonomy":"product_cat","embeddable":true,"href":"https:\/\/www.ipecon.sk\/en\/wp-json\/wp\/v2\/product_cat?post=4462"},{"taxonomy":"product_tag","embeddable":true,"href":"https:\/\/www.ipecon.sk\/en\/wp-json\/wp\/v2\/product_tag?post=4462"}],"curies":[{"name":"wp","href":"https:\/\/api.w.org\/{rel}","templated":true}]}}