{"id":4461,"date":"2023-08-03T05:39:18","date_gmt":"2023-08-03T05:39:18","guid":{"rendered":"https:\/\/www.ipecon.sk\/?post_type=product&#038;p=4461"},"modified":"2024-08-01T07:13:49","modified_gmt":"2024-08-01T07:13:49","slug":"dierovacie-nastroje","status":"publish","type":"product","link":"https:\/\/www.ipecon.sk\/en\/product\/dierovacie-nastroje\/","title":{"rendered":"Dierovacie n\u00e1stroje"},"content":{"rendered":"<p>Ve\u013ek\u00e9 mno\u017estvo kvalitn\u00fdch n\u00e1strojov r\u00f4znych typov. V\u00fdroba a dod\u00e1vka n\u00e1strojov konkr\u00e9tneho tvaru, rozmerov, stri\u017enej v\u00f4le \u2013 pod\u013ea po\u017eiadavky. N\u00e1vrh a v\u00fdroba \u0161peci\u00e1lnych n\u00e1strojov pod\u013ea po\u017eiadavky.<\/p>","protected":false},"excerpt":{"rendered":"<ul>\n<li><strong>n\u00e1stroje typu\u00a0<\/strong><strong>GEKA<\/strong><\/li>\n<li><strong>n\u00e1stroje vhodne pre stroje s dierovac\u00edm pracoviskom (IW a P)<\/strong><\/li>\n<li><strong>dod\u00e1vame ak\u00e9ko\u013evek rozmery a tvary<\/strong><\/li>\n<li><strong>mo\u017enos\u0165 doda\u0165 tv\u00e1rniace a zdru\u017een\u00e9 n\u00e1stroje<\/strong><\/li>\n<li><strong>ceny na vy\u017eiadanie<\/strong><\/li>\n<li><strong>doprava a baln\u00e9 pod\u013ea skuto\u010dn\u00fdch n\u00e1kladov<\/strong><\/li>\n<li><strong>PDF katal\u00f3g na stiahnutie<\/strong><\/li>\n<\/ul>\n<p><a href=\"https:\/\/www.ipecon.sk\/wp-content\/uploads\/2023\/08\/IW_nastroje_katalog_IPECON.pdf\" target=\"_blank\" rel=\"noopener\"><img decoding=\"async\" class=\"alignnone wp-image-4671\" src=\"https:\/\/www.ipecon.sk\/wp-content\/uploads\/2023\/08\/Ikona-Matrix-katalog-IRONWORKERS-212x300.jpg\" alt=\"\" width=\"124\" height=\"176\" \/><\/a><\/p>\n<p>&nbsp;<\/p>\n<p><strong>\u00a0 \u00a0 \u00a0 \u00a0<\/strong><\/p>","protected":false},"featured_media":4501,"comment_status":"open","ping_status":"closed","template":"","meta":{"_acf_changed":false,"_et_pb_use_builder":"off","_et_pb_old_content":"Motorick\u00e1 zakru\u017eova\u010dka profilov radu PBM50 predstavuje z\u00e1kladn\u00fd rad zakru\u017eova\u010diek profilov z v\u00fdrobn\u00e9ho programu Durmazlar. Je kon\u0161truovan\u00e1 pre zakru\u017eovanie \u0161irok\u00e9ho radu profilov.\r\n\r\nZakru\u017eova\u010dka je vybaven\u00e1 mobiln\u00fdm dvojit\u00fdm no\u017en\u00fdm ped\u00e1lom pre motorick\u00fa rot\u00e1ciu spodn\u00fdch valcov v oboch smeroch s tla\u010didlom centr\u00e1l stop. Poloha horn\u00e9ho valca smerom hore\/dolu sa nastavuje manu\u00e1lne skrutkovicou.\r\n\r\nJe mo\u017en\u00e9 horizont\u00e1lne aj vertik\u00e1lne ulo\u017eenie stroja.\r\n\r\n<img class=\"alignnone wp-image-3633 size-full\" src=\"https:\/\/www.ipecon.sk\/wp-content\/uploads\/2023\/07\/TabulkaPBM50.jpg\" alt=\"\" width=\"1210\" height=\"1526\" \/>","_et_gb_content_width":""},"product_brand":[],"product_cat":[61],"product_tag":[],"class_list":{"0":"post-4461","1":"product","2":"type-product","3":"status-publish","4":"has-post-thumbnail","6":"product_cat-nastroje","8":"first","9":"instock","10":"shipping-taxable","11":"product-type-simple"},"acf":[],"yoast_head":"<!-- This site is optimized with the Yoast SEO plugin v27.4 - https:\/\/yoast.com\/product\/yoast-seo-wordpress\/ -->\n<title>Dierovacie n\u00e1stroje - IPECON<\/title>\n<meta name=\"robots\" content=\"index, follow, max-snippet:-1, max-image-preview:large, max-video-preview:-1\" \/>\n<link rel=\"canonical\" href=\"https:\/\/www.ipecon.sk\/en\/product\/dierovacie-nastroje\/\" \/>\n<meta property=\"og:locale\" content=\"en_GB\" \/>\n<meta property=\"og:type\" content=\"article\" \/>\n<meta property=\"og:title\" content=\"Dierovacie n\u00e1stroje - IPECON\" \/>\n<meta property=\"og:description\" content=\"n\u00e1stroje typu\u00a0GEKA  n\u00e1stroje vhodne pre stroje s dierovac\u00edm pracoviskom (IW a P)  dod\u00e1vame ak\u00e9ko\u013evek rozmery a tvary  mo\u017enos\u0165 doda\u0165 tv\u00e1rniace a zdru\u017een\u00e9 n\u00e1stroje  ceny na vy\u017eiadanie  doprava a baln\u00e9 pod\u013ea skuto\u010dn\u00fdch n\u00e1kladov  PDF katal\u00f3g na stiahnutie    &nbsp;  \u00a0 \u00a0 \u00a0 \u00a0\" \/>\n<meta property=\"og:url\" content=\"https:\/\/www.ipecon.sk\/en\/product\/dierovacie-nastroje\/\" \/>\n<meta property=\"og:site_name\" content=\"IPECON\" \/>\n<meta property=\"article:modified_time\" content=\"2024-08-01T07:13:49+00:00\" \/>\n<meta property=\"og:image\" content=\"https:\/\/www.ipecon.sk\/wp-content\/uploads\/2023\/08\/ironworker.jpg\" \/>\n\t<meta property=\"og:image:width\" content=\"400\" \/>\n\t<meta property=\"og:image:height\" content=\"400\" \/>\n\t<meta property=\"og:image:type\" content=\"image\/jpeg\" \/>\n<meta name=\"twitter:card\" content=\"summary_large_image\" \/>\n<meta name=\"twitter:label1\" content=\"Estimated reading time\" \/>\n\t<meta name=\"twitter:data1\" content=\"1 minute\" \/>\n<script type=\"application\/ld+json\" class=\"yoast-schema-graph\">{\"@context\":\"https:\\\/\\\/schema.org\",\"@graph\":[{\"@type\":\"WebPage\",\"@id\":\"https:\\\/\\\/www.ipecon.sk\\\/product\\\/dierovacie-nastroje\\\/\",\"url\":\"https:\\\/\\\/www.ipecon.sk\\\/product\\\/dierovacie-nastroje\\\/\",\"name\":\"Dierovacie n\u00e1stroje - IPECON\",\"isPartOf\":{\"@id\":\"https:\\\/\\\/www.ipecon.sk\\\/#website\"},\"primaryImageOfPage\":{\"@id\":\"https:\\\/\\\/www.ipecon.sk\\\/product\\\/dierovacie-nastroje\\\/#primaryimage\"},\"image\":{\"@id\":\"https:\\\/\\\/www.ipecon.sk\\\/product\\\/dierovacie-nastroje\\\/#primaryimage\"},\"thumbnailUrl\":\"https:\\\/\\\/www.ipecon.sk\\\/wp-content\\\/uploads\\\/2023\\\/08\\\/ironworker.jpg\",\"datePublished\":\"2023-08-03T05:39:18+00:00\",\"dateModified\":\"2024-08-01T07:13:49+00:00\",\"breadcrumb\":{\"@id\":\"https:\\\/\\\/www.ipecon.sk\\\/product\\\/dierovacie-nastroje\\\/#breadcrumb\"},\"inLanguage\":\"en-GB\",\"potentialAction\":[{\"@type\":\"ReadAction\",\"target\":[\"https:\\\/\\\/www.ipecon.sk\\\/product\\\/dierovacie-nastroje\\\/\"]}]},{\"@type\":\"ImageObject\",\"inLanguage\":\"en-GB\",\"@id\":\"https:\\\/\\\/www.ipecon.sk\\\/product\\\/dierovacie-nastroje\\\/#primaryimage\",\"url\":\"https:\\\/\\\/www.ipecon.sk\\\/wp-content\\\/uploads\\\/2023\\\/08\\\/ironworker.jpg\",\"contentUrl\":\"https:\\\/\\\/www.ipecon.sk\\\/wp-content\\\/uploads\\\/2023\\\/08\\\/ironworker.jpg\",\"width\":400,\"height\":400},{\"@type\":\"BreadcrumbList\",\"@id\":\"https:\\\/\\\/www.ipecon.sk\\\/product\\\/dierovacie-nastroje\\\/#breadcrumb\",\"itemListElement\":[{\"@type\":\"ListItem\",\"position\":1,\"name\":\"Home\",\"item\":\"https:\\\/\\\/www.ipecon.sk\\\/\"},{\"@type\":\"ListItem\",\"position\":2,\"name\":\"Shop\",\"item\":\"https:\\\/\\\/www.ipecon.sk\\\/shop\\\/\"},{\"@type\":\"ListItem\",\"position\":3,\"name\":\"Dierovacie n\u00e1stroje\"}]},{\"@type\":\"WebSite\",\"@id\":\"https:\\\/\\\/www.ipecon.sk\\\/#website\",\"url\":\"https:\\\/\\\/www.ipecon.sk\\\/\",\"name\":\"IPECON\",\"description\":\"\",\"potentialAction\":[{\"@type\":\"SearchAction\",\"target\":{\"@type\":\"EntryPoint\",\"urlTemplate\":\"https:\\\/\\\/www.ipecon.sk\\\/?s={search_term_string}\"},\"query-input\":{\"@type\":\"PropertyValueSpecification\",\"valueRequired\":true,\"valueName\":\"search_term_string\"}}],\"inLanguage\":\"en-GB\"}]}<\/script>\n<!-- \/ Yoast SEO plugin. -->","yoast_head_json":{"title":"Dierovacie n\u00e1stroje - IPECON","robots":{"index":"index","follow":"follow","max-snippet":"max-snippet:-1","max-image-preview":"max-image-preview:large","max-video-preview":"max-video-preview:-1"},"canonical":"https:\/\/www.ipecon.sk\/en\/product\/dierovacie-nastroje\/","og_locale":"en_GB","og_type":"article","og_title":"Dierovacie n\u00e1stroje - IPECON","og_description":"n\u00e1stroje typu\u00a0GEKA  n\u00e1stroje vhodne pre stroje s dierovac\u00edm pracoviskom (IW a P)  dod\u00e1vame ak\u00e9ko\u013evek rozmery a tvary  mo\u017enos\u0165 doda\u0165 tv\u00e1rniace a zdru\u017een\u00e9 n\u00e1stroje  ceny na vy\u017eiadanie  doprava a baln\u00e9 pod\u013ea skuto\u010dn\u00fdch n\u00e1kladov  PDF katal\u00f3g na stiahnutie    &nbsp;  \u00a0 \u00a0 \u00a0 \u00a0","og_url":"https:\/\/www.ipecon.sk\/en\/product\/dierovacie-nastroje\/","og_site_name":"IPECON","article_modified_time":"2024-08-01T07:13:49+00:00","og_image":[{"width":400,"height":400,"url":"https:\/\/www.ipecon.sk\/wp-content\/uploads\/2023\/08\/ironworker.jpg","type":"image\/jpeg"}],"twitter_card":"summary_large_image","twitter_misc":{"Estimated reading time":"1 minute"},"schema":{"@context":"https:\/\/schema.org","@graph":[{"@type":"WebPage","@id":"https:\/\/www.ipecon.sk\/product\/dierovacie-nastroje\/","url":"https:\/\/www.ipecon.sk\/product\/dierovacie-nastroje\/","name":"Dierovacie n\u00e1stroje - IPECON","isPartOf":{"@id":"https:\/\/www.ipecon.sk\/#website"},"primaryImageOfPage":{"@id":"https:\/\/www.ipecon.sk\/product\/dierovacie-nastroje\/#primaryimage"},"image":{"@id":"https:\/\/www.ipecon.sk\/product\/dierovacie-nastroje\/#primaryimage"},"thumbnailUrl":"https:\/\/www.ipecon.sk\/wp-content\/uploads\/2023\/08\/ironworker.jpg","datePublished":"2023-08-03T05:39:18+00:00","dateModified":"2024-08-01T07:13:49+00:00","breadcrumb":{"@id":"https:\/\/www.ipecon.sk\/product\/dierovacie-nastroje\/#breadcrumb"},"inLanguage":"en-GB","potentialAction":[{"@type":"ReadAction","target":["https:\/\/www.ipecon.sk\/product\/dierovacie-nastroje\/"]}]},{"@type":"ImageObject","inLanguage":"en-GB","@id":"https:\/\/www.ipecon.sk\/product\/dierovacie-nastroje\/#primaryimage","url":"https:\/\/www.ipecon.sk\/wp-content\/uploads\/2023\/08\/ironworker.jpg","contentUrl":"https:\/\/www.ipecon.sk\/wp-content\/uploads\/2023\/08\/ironworker.jpg","width":400,"height":400},{"@type":"BreadcrumbList","@id":"https:\/\/www.ipecon.sk\/product\/dierovacie-nastroje\/#breadcrumb","itemListElement":[{"@type":"ListItem","position":1,"name":"Home","item":"https:\/\/www.ipecon.sk\/"},{"@type":"ListItem","position":2,"name":"Shop","item":"https:\/\/www.ipecon.sk\/shop\/"},{"@type":"ListItem","position":3,"name":"Dierovacie n\u00e1stroje"}]},{"@type":"WebSite","@id":"https:\/\/www.ipecon.sk\/#website","url":"https:\/\/www.ipecon.sk\/","name":"IPECON","description":"","potentialAction":[{"@type":"SearchAction","target":{"@type":"EntryPoint","urlTemplate":"https:\/\/www.ipecon.sk\/?s={search_term_string}"},"query-input":{"@type":"PropertyValueSpecification","valueRequired":true,"valueName":"search_term_string"}}],"inLanguage":"en-GB"}]}},"_links":{"self":[{"href":"https:\/\/www.ipecon.sk\/en\/wp-json\/wp\/v2\/product\/4461","targetHints":{"allow":["GET"]}}],"collection":[{"href":"https:\/\/www.ipecon.sk\/en\/wp-json\/wp\/v2\/product"}],"about":[{"href":"https:\/\/www.ipecon.sk\/en\/wp-json\/wp\/v2\/types\/product"}],"replies":[{"embeddable":true,"href":"https:\/\/www.ipecon.sk\/en\/wp-json\/wp\/v2\/comments?post=4461"}],"wp:featuredmedia":[{"embeddable":true,"href":"https:\/\/www.ipecon.sk\/en\/wp-json\/wp\/v2\/media\/4501"}],"wp:attachment":[{"href":"https:\/\/www.ipecon.sk\/en\/wp-json\/wp\/v2\/media?parent=4461"}],"wp:term":[{"taxonomy":"product_brand","embeddable":true,"href":"https:\/\/www.ipecon.sk\/en\/wp-json\/wp\/v2\/product_brand?post=4461"},{"taxonomy":"product_cat","embeddable":true,"href":"https:\/\/www.ipecon.sk\/en\/wp-json\/wp\/v2\/product_cat?post=4461"},{"taxonomy":"product_tag","embeddable":true,"href":"https:\/\/www.ipecon.sk\/en\/wp-json\/wp\/v2\/product_tag?post=4461"}],"curies":[{"name":"wp","href":"https:\/\/api.w.org\/{rel}","templated":true}]}}