{"id":3842,"date":"2023-07-25T10:28:48","date_gmt":"2023-07-25T10:28:48","guid":{"rendered":"https:\/\/www.ipecon.sk\/?post_type=product&#038;p=3842"},"modified":"2024-08-01T07:16:12","modified_gmt":"2024-08-01T07:16:12","slug":"motoricka-zakruzovacka-plechov-mrb-e","status":"publish","type":"product","link":"https:\/\/www.ipecon.sk\/en\/product\/motoricka-zakruzovacka-plechov-mrb-e\/","title":{"rendered":"Motorick\u00e1 zakru\u017eova\u010dka plechov MRB-E"},"content":{"rendered":"<p>Motorick\u00e9 zakru\u017eova\u010dky plechov radu <strong>MRB-<\/strong>E predstavuj\u00fa z\u00e1kladn\u00fa \u201eekonomick\u00fa\u201c radu motorick\u00fdch zakru\u017eova\u010diek plechov z v\u00fdrobn\u00e9ho programu\u00a0<strong>Durmazlar<\/strong>.<\/p>\n<p>S\u00fa kon\u0161truovan\u00e9 pre z\u00e1kladn\u00e9 jednoduch\u00e9 zakru\u017eovanie \u0161irok\u00e9ho radu priemerov a d\u013a\u017eok tenk\u00fdch plechov. Asymetrick\u00e9 ulo\u017eenie valcov umo\u017e\u0148uje dosiahnu\u0165 predohyb jedn\u00e9ho konca, a\u00a0po oto\u010den\u00ed plechu obsluhou aj druh\u00e9ho konca plechu. Zakru\u017eova\u010dky s\u00fa vybaven\u00e9 mobiln\u00fdm no\u017en\u00fdm dvojit\u00fdm ped\u00e1lom pre motorick\u00fd pohon horn\u00e9ho a spodn\u00e9ho valca, tla\u010didlom centr\u00e1l stop a manu\u00e1lne nastavite\u013enou polohou spodn\u00e9ho a zadn\u00e9ho valca. Bezpe\u010dnostn\u00e1 vzdialenos\u0165 os\u00f4b od stroja a\u00a0\u00fapln\u00e9 uzavretie z\u00e1mku horn\u00e9ho v\u00fdklopn\u00e9ho valca s\u00fa monitorovan\u00e9 elektrick\u00fdmi sp\u00edna\u010dmi. Ak sp\u00edna\u010d zaregistruje nedovolen\u00fd stav, stroj je automaticky zastaven\u00fd a\u00a0nie je mo\u017en\u00e9 ho znovu spusti\u0165 a\u017e do vykonania n\u00e1pravy a resetovania tohto stavu tla\u010didlom na rozv\u00e1dza\u010di.<\/p>\n<p>Valce zakru\u017eova\u010dky s\u00fa induk\u010dne kalen\u00e9 a\u00a0br\u00fasen\u00e9 (le\u0161ten\u00e9).<\/p>","protected":false},"excerpt":{"rendered":"<ul>\n<li><strong>certifik\u00e1t CE<\/strong><\/li>\n<li><strong>3 valce z\u00a0vysokokvalitnej ocele<\/strong><\/li>\n<li><strong>liatinov\u00fd r\u00e1m<\/strong><\/li>\n<li><strong>samostatn\u00fd dvojit\u00fd no\u017en\u00fd ped\u00e1l<br \/>\n<\/strong>(bez digit\u00e1lneho od\u010d\u00edtavania polohy valcov)<\/li>\n<li><strong>manu\u00e1lne nastavite\u013en\u00e9 polohy spodn\u00e9ho a\u00a0zadn\u00e9ho valca<\/strong><\/li>\n<li><strong>do strany manu\u00e1lne v\u00fdklopn\u00fd horn\u00fd valec<\/strong><\/li>\n<li><strong>pr\u00edslu\u0161enstvo pre zakru\u017eovanie ku\u017ee\u013eov<\/strong><\/li>\n<li><strong>valce induk\u010dne kalen\u00e9, br\u00fasen\u00e9<\/strong><\/li>\n<\/ul>","protected":false},"featured_media":3845,"comment_status":"open","ping_status":"closed","template":"","meta":{"_acf_changed":false,"_et_pb_use_builder":"","_et_pb_old_content":"","_et_gb_content_width":""},"product_brand":[],"product_cat":[32],"product_tag":[],"class_list":{"0":"post-3842","1":"product","2":"type-product","3":"status-publish","4":"has-post-thumbnail","6":"product_cat-zakruzovacky-plechov","8":"first","9":"instock","10":"shipping-taxable","11":"product-type-simple"},"acf":[],"yoast_head":"<!-- This site is optimized with the Yoast SEO plugin v27.4 - https:\/\/yoast.com\/product\/yoast-seo-wordpress\/ -->\n<title>Motorick\u00e1 zakru\u017eova\u010dka plechov MRB-E - IPECON<\/title>\n<meta name=\"robots\" content=\"index, follow, max-snippet:-1, max-image-preview:large, max-video-preview:-1\" \/>\n<link rel=\"canonical\" href=\"https:\/\/www.ipecon.sk\/en\/product\/motoricka-zakruzovacka-plechov-mrb-e\/\" \/>\n<meta property=\"og:locale\" content=\"en_GB\" \/>\n<meta property=\"og:type\" content=\"article\" \/>\n<meta property=\"og:title\" content=\"Motorick\u00e1 zakru\u017eova\u010dka plechov MRB-E - IPECON\" \/>\n<meta property=\"og:description\" content=\"certifik\u00e1t CE  3 valce z\u00a0vysokokvalitnej ocele  liatinov\u00fd r\u00e1m  samostatn\u00fd dvojit\u00fd no\u017en\u00fd ped\u00e1l (bez digit\u00e1lneho od\u010d\u00edtavania polohy valcov)  manu\u00e1lne nastavite\u013en\u00e9 polohy spodn\u00e9ho a\u00a0zadn\u00e9ho valca  do strany manu\u00e1lne v\u00fdklopn\u00fd horn\u00fd valec  pr\u00edslu\u0161enstvo pre zakru\u017eovanie ku\u017ee\u013eov  valce induk\u010dne kalen\u00e9, br\u00fasen\u00e9\" \/>\n<meta property=\"og:url\" content=\"https:\/\/www.ipecon.sk\/en\/product\/motoricka-zakruzovacka-plechov-mrb-e\/\" \/>\n<meta property=\"og:site_name\" content=\"IPECON\" \/>\n<meta property=\"article:modified_time\" content=\"2024-08-01T07:16:12+00:00\" \/>\n<meta property=\"og:image\" content=\"https:\/\/www.ipecon.sk\/wp-content\/uploads\/2023\/07\/MRBE_zakruzovacka.jpg\" \/>\n\t<meta property=\"og:image:width\" content=\"1280\" \/>\n\t<meta property=\"og:image:height\" content=\"960\" \/>\n\t<meta property=\"og:image:type\" content=\"image\/jpeg\" \/>\n<meta name=\"twitter:card\" content=\"summary_large_image\" \/>\n<meta name=\"twitter:label1\" content=\"Estimated reading time\" \/>\n\t<meta name=\"twitter:data1\" content=\"1 minute\" \/>\n<script type=\"application\/ld+json\" class=\"yoast-schema-graph\">{\"@context\":\"https:\\\/\\\/schema.org\",\"@graph\":[{\"@type\":\"WebPage\",\"@id\":\"https:\\\/\\\/www.ipecon.sk\\\/product\\\/motoricka-zakruzovacka-plechov-mrb-e\\\/\",\"url\":\"https:\\\/\\\/www.ipecon.sk\\\/product\\\/motoricka-zakruzovacka-plechov-mrb-e\\\/\",\"name\":\"Motorick\u00e1 zakru\u017eova\u010dka plechov MRB-E - IPECON\",\"isPartOf\":{\"@id\":\"https:\\\/\\\/www.ipecon.sk\\\/#website\"},\"primaryImageOfPage\":{\"@id\":\"https:\\\/\\\/www.ipecon.sk\\\/product\\\/motoricka-zakruzovacka-plechov-mrb-e\\\/#primaryimage\"},\"image\":{\"@id\":\"https:\\\/\\\/www.ipecon.sk\\\/product\\\/motoricka-zakruzovacka-plechov-mrb-e\\\/#primaryimage\"},\"thumbnailUrl\":\"https:\\\/\\\/www.ipecon.sk\\\/wp-content\\\/uploads\\\/2023\\\/07\\\/MRBE_zakruzovacka.jpg\",\"datePublished\":\"2023-07-25T10:28:48+00:00\",\"dateModified\":\"2024-08-01T07:16:12+00:00\",\"breadcrumb\":{\"@id\":\"https:\\\/\\\/www.ipecon.sk\\\/product\\\/motoricka-zakruzovacka-plechov-mrb-e\\\/#breadcrumb\"},\"inLanguage\":\"en-GB\",\"potentialAction\":[{\"@type\":\"ReadAction\",\"target\":[\"https:\\\/\\\/www.ipecon.sk\\\/product\\\/motoricka-zakruzovacka-plechov-mrb-e\\\/\"]}]},{\"@type\":\"ImageObject\",\"inLanguage\":\"en-GB\",\"@id\":\"https:\\\/\\\/www.ipecon.sk\\\/product\\\/motoricka-zakruzovacka-plechov-mrb-e\\\/#primaryimage\",\"url\":\"https:\\\/\\\/www.ipecon.sk\\\/wp-content\\\/uploads\\\/2023\\\/07\\\/MRBE_zakruzovacka.jpg\",\"contentUrl\":\"https:\\\/\\\/www.ipecon.sk\\\/wp-content\\\/uploads\\\/2023\\\/07\\\/MRBE_zakruzovacka.jpg\",\"width\":1280,\"height\":960},{\"@type\":\"BreadcrumbList\",\"@id\":\"https:\\\/\\\/www.ipecon.sk\\\/product\\\/motoricka-zakruzovacka-plechov-mrb-e\\\/#breadcrumb\",\"itemListElement\":[{\"@type\":\"ListItem\",\"position\":1,\"name\":\"Home\",\"item\":\"https:\\\/\\\/www.ipecon.sk\\\/\"},{\"@type\":\"ListItem\",\"position\":2,\"name\":\"Shop\",\"item\":\"https:\\\/\\\/www.ipecon.sk\\\/shop\\\/\"},{\"@type\":\"ListItem\",\"position\":3,\"name\":\"Motorick\u00e1 zakru\u017eova\u010dka plechov MRB-E\"}]},{\"@type\":\"WebSite\",\"@id\":\"https:\\\/\\\/www.ipecon.sk\\\/#website\",\"url\":\"https:\\\/\\\/www.ipecon.sk\\\/\",\"name\":\"IPECON\",\"description\":\"\",\"potentialAction\":[{\"@type\":\"SearchAction\",\"target\":{\"@type\":\"EntryPoint\",\"urlTemplate\":\"https:\\\/\\\/www.ipecon.sk\\\/?s={search_term_string}\"},\"query-input\":{\"@type\":\"PropertyValueSpecification\",\"valueRequired\":true,\"valueName\":\"search_term_string\"}}],\"inLanguage\":\"en-GB\"}]}<\/script>\n<!-- \/ Yoast SEO plugin. -->","yoast_head_json":{"title":"Motorick\u00e1 zakru\u017eova\u010dka plechov MRB-E - IPECON","robots":{"index":"index","follow":"follow","max-snippet":"max-snippet:-1","max-image-preview":"max-image-preview:large","max-video-preview":"max-video-preview:-1"},"canonical":"https:\/\/www.ipecon.sk\/en\/product\/motoricka-zakruzovacka-plechov-mrb-e\/","og_locale":"en_GB","og_type":"article","og_title":"Motorick\u00e1 zakru\u017eova\u010dka plechov MRB-E - IPECON","og_description":"certifik\u00e1t CE  3 valce z\u00a0vysokokvalitnej ocele  liatinov\u00fd r\u00e1m  samostatn\u00fd dvojit\u00fd no\u017en\u00fd ped\u00e1l (bez digit\u00e1lneho od\u010d\u00edtavania polohy valcov)  manu\u00e1lne nastavite\u013en\u00e9 polohy spodn\u00e9ho a\u00a0zadn\u00e9ho valca  do strany manu\u00e1lne v\u00fdklopn\u00fd horn\u00fd valec  pr\u00edslu\u0161enstvo pre zakru\u017eovanie ku\u017ee\u013eov  valce induk\u010dne kalen\u00e9, br\u00fasen\u00e9","og_url":"https:\/\/www.ipecon.sk\/en\/product\/motoricka-zakruzovacka-plechov-mrb-e\/","og_site_name":"IPECON","article_modified_time":"2024-08-01T07:16:12+00:00","og_image":[{"width":1280,"height":960,"url":"https:\/\/www.ipecon.sk\/wp-content\/uploads\/2023\/07\/MRBE_zakruzovacka.jpg","type":"image\/jpeg"}],"twitter_card":"summary_large_image","twitter_misc":{"Estimated reading time":"1 minute"},"schema":{"@context":"https:\/\/schema.org","@graph":[{"@type":"WebPage","@id":"https:\/\/www.ipecon.sk\/product\/motoricka-zakruzovacka-plechov-mrb-e\/","url":"https:\/\/www.ipecon.sk\/product\/motoricka-zakruzovacka-plechov-mrb-e\/","name":"Motorick\u00e1 zakru\u017eova\u010dka plechov MRB-E - IPECON","isPartOf":{"@id":"https:\/\/www.ipecon.sk\/#website"},"primaryImageOfPage":{"@id":"https:\/\/www.ipecon.sk\/product\/motoricka-zakruzovacka-plechov-mrb-e\/#primaryimage"},"image":{"@id":"https:\/\/www.ipecon.sk\/product\/motoricka-zakruzovacka-plechov-mrb-e\/#primaryimage"},"thumbnailUrl":"https:\/\/www.ipecon.sk\/wp-content\/uploads\/2023\/07\/MRBE_zakruzovacka.jpg","datePublished":"2023-07-25T10:28:48+00:00","dateModified":"2024-08-01T07:16:12+00:00","breadcrumb":{"@id":"https:\/\/www.ipecon.sk\/product\/motoricka-zakruzovacka-plechov-mrb-e\/#breadcrumb"},"inLanguage":"en-GB","potentialAction":[{"@type":"ReadAction","target":["https:\/\/www.ipecon.sk\/product\/motoricka-zakruzovacka-plechov-mrb-e\/"]}]},{"@type":"ImageObject","inLanguage":"en-GB","@id":"https:\/\/www.ipecon.sk\/product\/motoricka-zakruzovacka-plechov-mrb-e\/#primaryimage","url":"https:\/\/www.ipecon.sk\/wp-content\/uploads\/2023\/07\/MRBE_zakruzovacka.jpg","contentUrl":"https:\/\/www.ipecon.sk\/wp-content\/uploads\/2023\/07\/MRBE_zakruzovacka.jpg","width":1280,"height":960},{"@type":"BreadcrumbList","@id":"https:\/\/www.ipecon.sk\/product\/motoricka-zakruzovacka-plechov-mrb-e\/#breadcrumb","itemListElement":[{"@type":"ListItem","position":1,"name":"Home","item":"https:\/\/www.ipecon.sk\/"},{"@type":"ListItem","position":2,"name":"Shop","item":"https:\/\/www.ipecon.sk\/shop\/"},{"@type":"ListItem","position":3,"name":"Motorick\u00e1 zakru\u017eova\u010dka plechov MRB-E"}]},{"@type":"WebSite","@id":"https:\/\/www.ipecon.sk\/#website","url":"https:\/\/www.ipecon.sk\/","name":"IPECON","description":"","potentialAction":[{"@type":"SearchAction","target":{"@type":"EntryPoint","urlTemplate":"https:\/\/www.ipecon.sk\/?s={search_term_string}"},"query-input":{"@type":"PropertyValueSpecification","valueRequired":true,"valueName":"search_term_string"}}],"inLanguage":"en-GB"}]}},"_links":{"self":[{"href":"https:\/\/www.ipecon.sk\/en\/wp-json\/wp\/v2\/product\/3842","targetHints":{"allow":["GET"]}}],"collection":[{"href":"https:\/\/www.ipecon.sk\/en\/wp-json\/wp\/v2\/product"}],"about":[{"href":"https:\/\/www.ipecon.sk\/en\/wp-json\/wp\/v2\/types\/product"}],"replies":[{"embeddable":true,"href":"https:\/\/www.ipecon.sk\/en\/wp-json\/wp\/v2\/comments?post=3842"}],"wp:featuredmedia":[{"embeddable":true,"href":"https:\/\/www.ipecon.sk\/en\/wp-json\/wp\/v2\/media\/3845"}],"wp:attachment":[{"href":"https:\/\/www.ipecon.sk\/en\/wp-json\/wp\/v2\/media?parent=3842"}],"wp:term":[{"taxonomy":"product_brand","embeddable":true,"href":"https:\/\/www.ipecon.sk\/en\/wp-json\/wp\/v2\/product_brand?post=3842"},{"taxonomy":"product_cat","embeddable":true,"href":"https:\/\/www.ipecon.sk\/en\/wp-json\/wp\/v2\/product_cat?post=3842"},{"taxonomy":"product_tag","embeddable":true,"href":"https:\/\/www.ipecon.sk\/en\/wp-json\/wp\/v2\/product_tag?post=3842"}],"curies":[{"name":"wp","href":"https:\/\/api.w.org\/{rel}","templated":true}]}}