{"id":2849,"date":"2023-06-02T11:50:49","date_gmt":"2023-06-02T11:50:49","guid":{"rendered":"https:\/\/www.ipecon.sk\/?post_type=product&#038;p=2849"},"modified":"2024-08-01T07:13:49","modified_gmt":"2024-08-01T07:13:49","slug":"zakruzovacka-plechov-mrb-a-mrb-s","status":"publish","type":"product","link":"https:\/\/www.ipecon.sk\/en\/product\/zakruzovacka-plechov-mrb-a-mrb-s\/","title":{"rendered":"Motorick\u00e1 zakru\u017eova\u010dka plechov MRB a MRB-S"},"content":{"rendered":"<p>Motorick\u00e9 zakru\u017eova\u010dky plechov radu <strong>MRB-S<\/strong> a <strong>MRB<\/strong> predstavuj\u00fa najvy\u0161\u0161iu a stredn\u00fa radu motorick\u00fdch zakru\u017eova\u010diek plechov z v\u00fdrobn\u00e9ho programu\u00a0<strong>Durmazlar<\/strong>.<\/p>\n<p>Boli vyvinut\u00e9 a vyroben\u00e9 vyu\u017eit\u00edm najnov\u0161\u00edch technol\u00f3gii v\u00a0oblasti zakru\u017eovania. S\u00fa kon\u0161truovan\u00e9 pre zakru\u017eovanie \u0161irok\u00e9ho radu priemerov a\u00a0d\u013a\u017eok. Asymetrick\u00e9 ulo\u017eenie valcov umo\u017e\u0148uje dosiahnu\u0165 kvalitn\u00fd predohyb jedn\u00e9ho konca, a\u00a0po oto\u010den\u00ed plechu obsluhou aj druh\u00e9ho konca plechu. V\u00a0\u0161tandardnom vyhotovan\u00ed s\u00fa zakru\u017eova\u010dky vybaven\u00e9 samostatne stojacim mobiln\u00fdm riadiacim panelom s\u00a0ovl\u00e1dac\u00edmi tla\u010didlami a s digit\u00e1lnym od\u010d\u00edtan\u00edm polohy valcov, s\u00a0motoricky poh\u00e1\u0148an\u00fdm horn\u00fdm a spodn\u00fdm valcom a s motorick\u00fdm nastavite\u013enou polohou spodn\u00e9ho a zadn\u00e9ho valca.<\/p>\n<p>Valce zakru\u017eova\u010dky s\u00fa induk\u010dne kalen\u00e9 a br\u00fasen\u00e9 (le\u0161ten\u00e9).<\/p>","protected":false},"excerpt":{"rendered":"<ul>\n<li><strong>certifik\u00e1t CE<\/strong><\/li>\n<li><strong>3 valce z vysokokvalitnej ocele<\/strong><\/li>\n<li><strong>liatinov\u00fd r\u00e1m, alebo oce\u013eov\u00fd r\u00e1m zbaven\u00fd vn\u00fatorn\u00e9ho pnutia<\/strong><\/li>\n<li><strong>samostatne stojaci riadiaci panel <\/strong>s digit\u00e1lnym od\u010d\u00edtan\u00edm polohy valcov<\/li>\n<li><strong>motoricky nastavite\u013en\u00e1 poloha <\/strong>zadn\u00e9ho valca<\/li>\n<li><strong>motoricky nastavite\u013en\u00e1 poloha <\/strong>spodn\u00e9ho valca<\/li>\n<li><strong>do strany manu\u00e1lne v\u00fdklopn\u00fd horn\u00fd valec<\/strong><\/li>\n<li><strong>pr\u00edslu\u0161enstvo pre zakru\u017eovanie ku\u017ee\u013eov<\/strong><\/li>\n<li><strong>v\u00e1lce induk\u010dne kalen\u00e9, br\u00fasen\u00e9<\/strong><\/li>\n<\/ul>","protected":false},"featured_media":2850,"comment_status":"open","ping_status":"closed","template":"","meta":{"_acf_changed":false,"_et_pb_use_builder":"","_et_pb_old_content":"","_et_gb_content_width":""},"product_brand":[],"product_cat":[32],"product_tag":[],"class_list":{"0":"post-2849","1":"product","2":"type-product","3":"status-publish","4":"has-post-thumbnail","6":"product_cat-zakruzovacky-plechov","8":"first","9":"instock","10":"shipping-taxable","11":"product-type-simple"},"acf":[],"yoast_head":"<!-- This site is optimized with the Yoast SEO plugin v27.4 - https:\/\/yoast.com\/product\/yoast-seo-wordpress\/ -->\n<title>Motorick\u00e1 zakru\u017eova\u010dka plechov MRB a MRB-S - IPECON<\/title>\n<meta name=\"robots\" content=\"index, follow, max-snippet:-1, max-image-preview:large, max-video-preview:-1\" \/>\n<link rel=\"canonical\" href=\"https:\/\/www.ipecon.sk\/en\/product\/zakruzovacka-plechov-mrb-a-mrb-s\/\" \/>\n<meta property=\"og:locale\" content=\"en_GB\" \/>\n<meta property=\"og:type\" content=\"article\" \/>\n<meta property=\"og:title\" content=\"Motorick\u00e1 zakru\u017eova\u010dka plechov MRB a MRB-S - IPECON\" \/>\n<meta property=\"og:description\" content=\"certifik\u00e1t CE  3 valce z vysokokvalitnej ocele  liatinov\u00fd r\u00e1m, alebo oce\u013eov\u00fd r\u00e1m zbaven\u00fd vn\u00fatorn\u00e9ho pnutia  samostatne stojaci riadiaci panel s digit\u00e1lnym od\u010d\u00edtan\u00edm polohy valcov  motoricky nastavite\u013en\u00e1 poloha zadn\u00e9ho valca  motoricky nastavite\u013en\u00e1 poloha spodn\u00e9ho valca  do strany manu\u00e1lne v\u00fdklopn\u00fd horn\u00fd valec  pr\u00edslu\u0161enstvo pre zakru\u017eovanie ku\u017ee\u013eov  v\u00e1lce induk\u010dne kalen\u00e9, br\u00fasen\u00e9\" \/>\n<meta property=\"og:url\" content=\"https:\/\/www.ipecon.sk\/en\/product\/zakruzovacka-plechov-mrb-a-mrb-s\/\" \/>\n<meta property=\"og:site_name\" content=\"IPECON\" \/>\n<meta property=\"article:modified_time\" content=\"2024-08-01T07:13:49+00:00\" \/>\n<meta property=\"og:image\" content=\"https:\/\/www.ipecon.sk\/wp-content\/uploads\/2023\/06\/MRBS_zakruzovacka.jpg\" \/>\n\t<meta property=\"og:image:width\" content=\"961\" \/>\n\t<meta property=\"og:image:height\" content=\"961\" \/>\n\t<meta property=\"og:image:type\" content=\"image\/jpeg\" \/>\n<meta name=\"twitter:card\" content=\"summary_large_image\" \/>\n<meta name=\"twitter:label1\" content=\"Estimated reading time\" \/>\n\t<meta name=\"twitter:data1\" content=\"1 minute\" \/>\n<script type=\"application\/ld+json\" class=\"yoast-schema-graph\">{\"@context\":\"https:\\\/\\\/schema.org\",\"@graph\":[{\"@type\":\"WebPage\",\"@id\":\"https:\\\/\\\/www.ipecon.sk\\\/product\\\/zakruzovacka-plechov-mrb-a-mrb-s\\\/\",\"url\":\"https:\\\/\\\/www.ipecon.sk\\\/product\\\/zakruzovacka-plechov-mrb-a-mrb-s\\\/\",\"name\":\"Motorick\u00e1 zakru\u017eova\u010dka plechov MRB a MRB-S - IPECON\",\"isPartOf\":{\"@id\":\"https:\\\/\\\/www.ipecon.sk\\\/#website\"},\"primaryImageOfPage\":{\"@id\":\"https:\\\/\\\/www.ipecon.sk\\\/product\\\/zakruzovacka-plechov-mrb-a-mrb-s\\\/#primaryimage\"},\"image\":{\"@id\":\"https:\\\/\\\/www.ipecon.sk\\\/product\\\/zakruzovacka-plechov-mrb-a-mrb-s\\\/#primaryimage\"},\"thumbnailUrl\":\"https:\\\/\\\/www.ipecon.sk\\\/wp-content\\\/uploads\\\/2023\\\/06\\\/MRBS_zakruzovacka.jpg\",\"datePublished\":\"2023-06-02T11:50:49+00:00\",\"dateModified\":\"2024-08-01T07:13:49+00:00\",\"breadcrumb\":{\"@id\":\"https:\\\/\\\/www.ipecon.sk\\\/product\\\/zakruzovacka-plechov-mrb-a-mrb-s\\\/#breadcrumb\"},\"inLanguage\":\"en-GB\",\"potentialAction\":[{\"@type\":\"ReadAction\",\"target\":[\"https:\\\/\\\/www.ipecon.sk\\\/product\\\/zakruzovacka-plechov-mrb-a-mrb-s\\\/\"]}]},{\"@type\":\"ImageObject\",\"inLanguage\":\"en-GB\",\"@id\":\"https:\\\/\\\/www.ipecon.sk\\\/product\\\/zakruzovacka-plechov-mrb-a-mrb-s\\\/#primaryimage\",\"url\":\"https:\\\/\\\/www.ipecon.sk\\\/wp-content\\\/uploads\\\/2023\\\/06\\\/MRBS_zakruzovacka.jpg\",\"contentUrl\":\"https:\\\/\\\/www.ipecon.sk\\\/wp-content\\\/uploads\\\/2023\\\/06\\\/MRBS_zakruzovacka.jpg\",\"width\":961,\"height\":961},{\"@type\":\"BreadcrumbList\",\"@id\":\"https:\\\/\\\/www.ipecon.sk\\\/product\\\/zakruzovacka-plechov-mrb-a-mrb-s\\\/#breadcrumb\",\"itemListElement\":[{\"@type\":\"ListItem\",\"position\":1,\"name\":\"Home\",\"item\":\"https:\\\/\\\/www.ipecon.sk\\\/\"},{\"@type\":\"ListItem\",\"position\":2,\"name\":\"Shop\",\"item\":\"https:\\\/\\\/www.ipecon.sk\\\/shop\\\/\"},{\"@type\":\"ListItem\",\"position\":3,\"name\":\"Motorick\u00e1 zakru\u017eova\u010dka plechov MRB a MRB-S\"}]},{\"@type\":\"WebSite\",\"@id\":\"https:\\\/\\\/www.ipecon.sk\\\/#website\",\"url\":\"https:\\\/\\\/www.ipecon.sk\\\/\",\"name\":\"IPECON\",\"description\":\"\",\"potentialAction\":[{\"@type\":\"SearchAction\",\"target\":{\"@type\":\"EntryPoint\",\"urlTemplate\":\"https:\\\/\\\/www.ipecon.sk\\\/?s={search_term_string}\"},\"query-input\":{\"@type\":\"PropertyValueSpecification\",\"valueRequired\":true,\"valueName\":\"search_term_string\"}}],\"inLanguage\":\"en-GB\"}]}<\/script>\n<!-- \/ Yoast SEO plugin. -->","yoast_head_json":{"title":"Motorick\u00e1 zakru\u017eova\u010dka plechov MRB a MRB-S - IPECON","robots":{"index":"index","follow":"follow","max-snippet":"max-snippet:-1","max-image-preview":"max-image-preview:large","max-video-preview":"max-video-preview:-1"},"canonical":"https:\/\/www.ipecon.sk\/en\/product\/zakruzovacka-plechov-mrb-a-mrb-s\/","og_locale":"en_GB","og_type":"article","og_title":"Motorick\u00e1 zakru\u017eova\u010dka plechov MRB a MRB-S - IPECON","og_description":"certifik\u00e1t CE  3 valce z vysokokvalitnej ocele  liatinov\u00fd r\u00e1m, alebo oce\u013eov\u00fd r\u00e1m zbaven\u00fd vn\u00fatorn\u00e9ho pnutia  samostatne stojaci riadiaci panel s digit\u00e1lnym od\u010d\u00edtan\u00edm polohy valcov  motoricky nastavite\u013en\u00e1 poloha zadn\u00e9ho valca  motoricky nastavite\u013en\u00e1 poloha spodn\u00e9ho valca  do strany manu\u00e1lne v\u00fdklopn\u00fd horn\u00fd valec  pr\u00edslu\u0161enstvo pre zakru\u017eovanie ku\u017ee\u013eov  v\u00e1lce induk\u010dne kalen\u00e9, br\u00fasen\u00e9","og_url":"https:\/\/www.ipecon.sk\/en\/product\/zakruzovacka-plechov-mrb-a-mrb-s\/","og_site_name":"IPECON","article_modified_time":"2024-08-01T07:13:49+00:00","og_image":[{"width":961,"height":961,"url":"https:\/\/www.ipecon.sk\/wp-content\/uploads\/2023\/06\/MRBS_zakruzovacka.jpg","type":"image\/jpeg"}],"twitter_card":"summary_large_image","twitter_misc":{"Estimated reading time":"1 minute"},"schema":{"@context":"https:\/\/schema.org","@graph":[{"@type":"WebPage","@id":"https:\/\/www.ipecon.sk\/product\/zakruzovacka-plechov-mrb-a-mrb-s\/","url":"https:\/\/www.ipecon.sk\/product\/zakruzovacka-plechov-mrb-a-mrb-s\/","name":"Motorick\u00e1 zakru\u017eova\u010dka plechov MRB a MRB-S - IPECON","isPartOf":{"@id":"https:\/\/www.ipecon.sk\/#website"},"primaryImageOfPage":{"@id":"https:\/\/www.ipecon.sk\/product\/zakruzovacka-plechov-mrb-a-mrb-s\/#primaryimage"},"image":{"@id":"https:\/\/www.ipecon.sk\/product\/zakruzovacka-plechov-mrb-a-mrb-s\/#primaryimage"},"thumbnailUrl":"https:\/\/www.ipecon.sk\/wp-content\/uploads\/2023\/06\/MRBS_zakruzovacka.jpg","datePublished":"2023-06-02T11:50:49+00:00","dateModified":"2024-08-01T07:13:49+00:00","breadcrumb":{"@id":"https:\/\/www.ipecon.sk\/product\/zakruzovacka-plechov-mrb-a-mrb-s\/#breadcrumb"},"inLanguage":"en-GB","potentialAction":[{"@type":"ReadAction","target":["https:\/\/www.ipecon.sk\/product\/zakruzovacka-plechov-mrb-a-mrb-s\/"]}]},{"@type":"ImageObject","inLanguage":"en-GB","@id":"https:\/\/www.ipecon.sk\/product\/zakruzovacka-plechov-mrb-a-mrb-s\/#primaryimage","url":"https:\/\/www.ipecon.sk\/wp-content\/uploads\/2023\/06\/MRBS_zakruzovacka.jpg","contentUrl":"https:\/\/www.ipecon.sk\/wp-content\/uploads\/2023\/06\/MRBS_zakruzovacka.jpg","width":961,"height":961},{"@type":"BreadcrumbList","@id":"https:\/\/www.ipecon.sk\/product\/zakruzovacka-plechov-mrb-a-mrb-s\/#breadcrumb","itemListElement":[{"@type":"ListItem","position":1,"name":"Home","item":"https:\/\/www.ipecon.sk\/"},{"@type":"ListItem","position":2,"name":"Shop","item":"https:\/\/www.ipecon.sk\/shop\/"},{"@type":"ListItem","position":3,"name":"Motorick\u00e1 zakru\u017eova\u010dka plechov MRB a MRB-S"}]},{"@type":"WebSite","@id":"https:\/\/www.ipecon.sk\/#website","url":"https:\/\/www.ipecon.sk\/","name":"IPECON","description":"","potentialAction":[{"@type":"SearchAction","target":{"@type":"EntryPoint","urlTemplate":"https:\/\/www.ipecon.sk\/?s={search_term_string}"},"query-input":{"@type":"PropertyValueSpecification","valueRequired":true,"valueName":"search_term_string"}}],"inLanguage":"en-GB"}]}},"_links":{"self":[{"href":"https:\/\/www.ipecon.sk\/en\/wp-json\/wp\/v2\/product\/2849","targetHints":{"allow":["GET"]}}],"collection":[{"href":"https:\/\/www.ipecon.sk\/en\/wp-json\/wp\/v2\/product"}],"about":[{"href":"https:\/\/www.ipecon.sk\/en\/wp-json\/wp\/v2\/types\/product"}],"replies":[{"embeddable":true,"href":"https:\/\/www.ipecon.sk\/en\/wp-json\/wp\/v2\/comments?post=2849"}],"wp:featuredmedia":[{"embeddable":true,"href":"https:\/\/www.ipecon.sk\/en\/wp-json\/wp\/v2\/media\/2850"}],"wp:attachment":[{"href":"https:\/\/www.ipecon.sk\/en\/wp-json\/wp\/v2\/media?parent=2849"}],"wp:term":[{"taxonomy":"product_brand","embeddable":true,"href":"https:\/\/www.ipecon.sk\/en\/wp-json\/wp\/v2\/product_brand?post=2849"},{"taxonomy":"product_cat","embeddable":true,"href":"https:\/\/www.ipecon.sk\/en\/wp-json\/wp\/v2\/product_cat?post=2849"},{"taxonomy":"product_tag","embeddable":true,"href":"https:\/\/www.ipecon.sk\/en\/wp-json\/wp\/v2\/product_tag?post=2849"}],"curies":[{"name":"wp","href":"https:\/\/api.w.org\/{rel}","templated":true}]}}