{"id":2786,"date":"2023-06-01T09:26:05","date_gmt":"2023-06-01T09:26:05","guid":{"rendered":"https:\/\/www.ipecon.sk\/?post_type=product&#038;p=2786"},"modified":"2025-03-30T04:47:26","modified_gmt":"2025-03-30T04:47:26","slug":"hydraulicke-tabulove-nc-noznice-radu-sbt","status":"publish","type":"product","link":"https:\/\/www.ipecon.sk\/en\/product\/hydraulicke-tabulove-nc-noznice-radu-sbt\/","title":{"rendered":"Hydraulick\u00e9 tabu\u013eov\u00e9 NC no\u017enice radu SBT"},"content":{"rendered":"<p>Hydraulick\u00e9 tabu\u013eov\u00e9 no\u017enice radu SBT s\u00fa vybaven\u00e9 NC riadiacou jednotkou DT7, ktor\u00e1 umo\u017e\u0148uje programovate\u013en\u00e9 polohovanie motorick\u00e9ho zadn\u00e9ho dorazu a nastavovanie d\u013a\u017eky strihu. Uhol strihu je pevn\u00fd, nemenn\u00fd. Medzera medzi no\u017emi sa nastavuje pod\u013ea hr\u00fabky strihan\u00e9ho plechu, manu\u00e1lne z jedn\u00e9ho miesta na bo\u010dnom r\u00e1me no\u017en\u00edc. Obslu\u017en\u00fd pracovn\u00edk m\u00f4\u017ee pre kvalitn\u00fd strih \u013eahko a r\u00fdchlo zmeni\u0165 toto nastavenie pod\u013ea aktu\u00e1lnej po\u017eiadavky. No\u017enice svojim dizajnom a kon\u0161trukciou poskytuj\u00fa spo\u013eahliv\u00e9, r\u00fdchle a presn\u00e9 strihanie. V procese strihania je plech pridr\u017eiavan\u00fd hydraulick\u00fdmi pridr\u017eiava\u010dmi. Horn\u00e1 kyvn\u00e1 stri\u017en\u00e1 traverza je ve\u013emi tuhej skri\u0148ovej kon\u0161trukcie. Stri\u017en\u00e1 traverza sa vykyvuje na dvoch ve\u013ek\u00fdch s\u00fadkov\u00fdch lo\u017eisk\u00e1ch. Tieto lo\u017eisk\u00e1 a skri\u0148ov\u00e1 kon\u0161trukcia kyvnej traverzy udr\u017euj\u00fa kon\u0161tantn\u00fa medzeru medzi no\u017emi pozd\u013a\u017e celej stri\u017enej hrany, \u010do zaru\u010duje vysok\u00fa kvalitu strihu. Sklopn\u00fd zadn\u00fd doraz umo\u017e\u0148uje strihanie aj dlh\u0161ieho materi\u00e1lu ako maxim\u00e1lna dr\u00e1ha zadn\u00e9ho dorazu. Pre u\u013eah\u010denie manipul\u00e1cie s materi\u00e1lom a jeho ochranou pred po\u0161kriaban\u00edm pri pr\u00edprave ku strihaniu je st\u00f4l no\u017en\u00edc vybaven\u00fd gu\u013e\u00f4\u010dkov\u00fdmi jednotkami. Z \u013eavej strany no\u017en\u00edc je mo\u017en\u00e9 vyklopi\u0165 dohora prv\u00fdch 1000 mm ochrann\u00e9ho krytu z d\u00f4vodu \u013eah\u0161ej vizu\u00e1lnej kontroly vkladan\u00e9ho materi\u00e1lu. Z volite\u013en\u00e9ho pr\u00edslu\u0161enstva je mo\u017en\u00e9 no\u017enice vybavi\u0165 napr\u00edklad aj automatick\u00fdm motorick\u00fdm nastaven\u00edm medzery medzi no\u017emi z NC syst\u00e9mu (zadan\u00edm strihanej hr\u00fabky materi\u00e1lu), alebo automatick\u00fdm pneumatick\u00fdm<br \/>\npodopieran\u00edm tenk\u00fdch plechov.<\/p>","protected":false},"excerpt":{"rendered":"<ul>\n<li><strong>certifik\u00e1t CE<\/strong><\/li>\n<li>presn\u00e9 a r\u00fdchle strihanie vo ve\u013ek\u00fdch objemoch<\/li>\n<li><strong>NC riadiaca jednotka DT7<\/strong><\/li>\n<li>programovate\u013en\u00e9 polohovanie motorick\u00e9ho zadn\u00e9ho dorazu<\/li>\n<li>jednoduch\u00e9 a r\u00fdchle nastavenie medzery medzi no\u017emi manu\u00e1lne z bo\u010dnej strany stroja, pevn\u00fd uhol strihu<\/li>\n<li>r\u00e1m stroja a stri\u017en\u00e1 traverza s kyvn\u00fdm\u00a0 pohybom s ve\u013emi tuhou kon\u0161trukciou<\/li>\n<\/ul>","protected":false},"featured_media":5809,"comment_status":"open","ping_status":"closed","template":"","meta":{"_acf_changed":false,"_et_pb_use_builder":"","_et_pb_old_content":"","_et_gb_content_width":""},"product_brand":[],"product_cat":[30],"product_tag":[],"class_list":{"0":"post-2786","1":"product","2":"type-product","3":"status-publish","4":"has-post-thumbnail","6":"product_cat-tabulove-noznice","8":"first","9":"instock","10":"shipping-taxable","11":"product-type-simple"},"acf":[],"yoast_head":"<!-- This site is optimized with the Yoast SEO plugin v27.4 - https:\/\/yoast.com\/product\/yoast-seo-wordpress\/ -->\n<title>Hydraulick\u00e9 tabu\u013eov\u00e9 NC no\u017enice radu SBT - IPECON<\/title>\n<meta name=\"robots\" content=\"index, follow, max-snippet:-1, max-image-preview:large, max-video-preview:-1\" \/>\n<link rel=\"canonical\" href=\"https:\/\/www.ipecon.sk\/en\/product\/hydraulicke-tabulove-nc-noznice-radu-sbt\/\" \/>\n<meta property=\"og:locale\" content=\"en_GB\" \/>\n<meta property=\"og:type\" content=\"article\" \/>\n<meta property=\"og:title\" content=\"Hydraulick\u00e9 tabu\u013eov\u00e9 NC no\u017enice radu SBT - IPECON\" \/>\n<meta property=\"og:description\" content=\"certifik\u00e1t CE  presn\u00e9 a r\u00fdchle strihanie vo ve\u013ek\u00fdch objemoch  NC riadiaca jednotka DT7  programovate\u013en\u00e9 polohovanie motorick\u00e9ho zadn\u00e9ho dorazu  jednoduch\u00e9 a r\u00fdchle nastavenie medzery medzi no\u017emi manu\u00e1lne z bo\u010dnej strany stroja, pevn\u00fd uhol strihu  r\u00e1m stroja a stri\u017en\u00e1 traverza s kyvn\u00fdm\u00a0 pohybom s ve\u013emi tuhou kon\u0161trukciou\" \/>\n<meta property=\"og:url\" content=\"https:\/\/www.ipecon.sk\/en\/product\/hydraulicke-tabulove-nc-noznice-radu-sbt\/\" \/>\n<meta property=\"og:site_name\" content=\"IPECON\" \/>\n<meta property=\"article:modified_time\" content=\"2025-03-30T04:47:26+00:00\" \/>\n<meta property=\"og:image\" content=\"https:\/\/www.ipecon.sk\/wp-content\/uploads\/2023\/06\/SBT-WIDE1.jpg\" \/>\n\t<meta property=\"og:image:width\" content=\"994\" \/>\n\t<meta property=\"og:image:height\" content=\"993\" \/>\n\t<meta property=\"og:image:type\" content=\"image\/jpeg\" \/>\n<meta name=\"twitter:card\" content=\"summary_large_image\" \/>\n<meta name=\"twitter:label1\" content=\"Estimated reading time\" \/>\n\t<meta name=\"twitter:data1\" content=\"2 minutes\" \/>\n<script type=\"application\/ld+json\" class=\"yoast-schema-graph\">{\"@context\":\"https:\\\/\\\/schema.org\",\"@graph\":[{\"@type\":\"WebPage\",\"@id\":\"https:\\\/\\\/www.ipecon.sk\\\/product\\\/hydraulicke-tabulove-nc-noznice-radu-sbt\\\/\",\"url\":\"https:\\\/\\\/www.ipecon.sk\\\/product\\\/hydraulicke-tabulove-nc-noznice-radu-sbt\\\/\",\"name\":\"Hydraulick\u00e9 tabu\u013eov\u00e9 NC no\u017enice radu SBT - IPECON\",\"isPartOf\":{\"@id\":\"https:\\\/\\\/www.ipecon.sk\\\/#website\"},\"primaryImageOfPage\":{\"@id\":\"https:\\\/\\\/www.ipecon.sk\\\/product\\\/hydraulicke-tabulove-nc-noznice-radu-sbt\\\/#primaryimage\"},\"image\":{\"@id\":\"https:\\\/\\\/www.ipecon.sk\\\/product\\\/hydraulicke-tabulove-nc-noznice-radu-sbt\\\/#primaryimage\"},\"thumbnailUrl\":\"https:\\\/\\\/www.ipecon.sk\\\/wp-content\\\/uploads\\\/2023\\\/06\\\/SBT-WIDE1.jpg\",\"datePublished\":\"2023-06-01T09:26:05+00:00\",\"dateModified\":\"2025-03-30T04:47:26+00:00\",\"breadcrumb\":{\"@id\":\"https:\\\/\\\/www.ipecon.sk\\\/product\\\/hydraulicke-tabulove-nc-noznice-radu-sbt\\\/#breadcrumb\"},\"inLanguage\":\"en-GB\",\"potentialAction\":[{\"@type\":\"ReadAction\",\"target\":[\"https:\\\/\\\/www.ipecon.sk\\\/product\\\/hydraulicke-tabulove-nc-noznice-radu-sbt\\\/\"]}]},{\"@type\":\"ImageObject\",\"inLanguage\":\"en-GB\",\"@id\":\"https:\\\/\\\/www.ipecon.sk\\\/product\\\/hydraulicke-tabulove-nc-noznice-radu-sbt\\\/#primaryimage\",\"url\":\"https:\\\/\\\/www.ipecon.sk\\\/wp-content\\\/uploads\\\/2023\\\/06\\\/SBT-WIDE1.jpg\",\"contentUrl\":\"https:\\\/\\\/www.ipecon.sk\\\/wp-content\\\/uploads\\\/2023\\\/06\\\/SBT-WIDE1.jpg\",\"width\":994,\"height\":993},{\"@type\":\"BreadcrumbList\",\"@id\":\"https:\\\/\\\/www.ipecon.sk\\\/product\\\/hydraulicke-tabulove-nc-noznice-radu-sbt\\\/#breadcrumb\",\"itemListElement\":[{\"@type\":\"ListItem\",\"position\":1,\"name\":\"Home\",\"item\":\"https:\\\/\\\/www.ipecon.sk\\\/\"},{\"@type\":\"ListItem\",\"position\":2,\"name\":\"Shop\",\"item\":\"https:\\\/\\\/www.ipecon.sk\\\/shop\\\/\"},{\"@type\":\"ListItem\",\"position\":3,\"name\":\"Hydraulick\u00e9 tabu\u013eov\u00e9 NC no\u017enice radu SBT\"}]},{\"@type\":\"WebSite\",\"@id\":\"https:\\\/\\\/www.ipecon.sk\\\/#website\",\"url\":\"https:\\\/\\\/www.ipecon.sk\\\/\",\"name\":\"IPECON\",\"description\":\"\",\"potentialAction\":[{\"@type\":\"SearchAction\",\"target\":{\"@type\":\"EntryPoint\",\"urlTemplate\":\"https:\\\/\\\/www.ipecon.sk\\\/?s={search_term_string}\"},\"query-input\":{\"@type\":\"PropertyValueSpecification\",\"valueRequired\":true,\"valueName\":\"search_term_string\"}}],\"inLanguage\":\"en-GB\"}]}<\/script>\n<!-- \/ Yoast SEO plugin. -->","yoast_head_json":{"title":"Hydraulick\u00e9 tabu\u013eov\u00e9 NC no\u017enice radu SBT - IPECON","robots":{"index":"index","follow":"follow","max-snippet":"max-snippet:-1","max-image-preview":"max-image-preview:large","max-video-preview":"max-video-preview:-1"},"canonical":"https:\/\/www.ipecon.sk\/en\/product\/hydraulicke-tabulove-nc-noznice-radu-sbt\/","og_locale":"en_GB","og_type":"article","og_title":"Hydraulick\u00e9 tabu\u013eov\u00e9 NC no\u017enice radu SBT - IPECON","og_description":"certifik\u00e1t CE  presn\u00e9 a r\u00fdchle strihanie vo ve\u013ek\u00fdch objemoch  NC riadiaca jednotka DT7  programovate\u013en\u00e9 polohovanie motorick\u00e9ho zadn\u00e9ho dorazu  jednoduch\u00e9 a r\u00fdchle nastavenie medzery medzi no\u017emi manu\u00e1lne z bo\u010dnej strany stroja, pevn\u00fd uhol strihu  r\u00e1m stroja a stri\u017en\u00e1 traverza s kyvn\u00fdm\u00a0 pohybom s ve\u013emi tuhou kon\u0161trukciou","og_url":"https:\/\/www.ipecon.sk\/en\/product\/hydraulicke-tabulove-nc-noznice-radu-sbt\/","og_site_name":"IPECON","article_modified_time":"2025-03-30T04:47:26+00:00","og_image":[{"width":994,"height":993,"url":"https:\/\/www.ipecon.sk\/wp-content\/uploads\/2023\/06\/SBT-WIDE1.jpg","type":"image\/jpeg"}],"twitter_card":"summary_large_image","twitter_misc":{"Estimated reading time":"2 minutes"},"schema":{"@context":"https:\/\/schema.org","@graph":[{"@type":"WebPage","@id":"https:\/\/www.ipecon.sk\/product\/hydraulicke-tabulove-nc-noznice-radu-sbt\/","url":"https:\/\/www.ipecon.sk\/product\/hydraulicke-tabulove-nc-noznice-radu-sbt\/","name":"Hydraulick\u00e9 tabu\u013eov\u00e9 NC no\u017enice radu SBT - IPECON","isPartOf":{"@id":"https:\/\/www.ipecon.sk\/#website"},"primaryImageOfPage":{"@id":"https:\/\/www.ipecon.sk\/product\/hydraulicke-tabulove-nc-noznice-radu-sbt\/#primaryimage"},"image":{"@id":"https:\/\/www.ipecon.sk\/product\/hydraulicke-tabulove-nc-noznice-radu-sbt\/#primaryimage"},"thumbnailUrl":"https:\/\/www.ipecon.sk\/wp-content\/uploads\/2023\/06\/SBT-WIDE1.jpg","datePublished":"2023-06-01T09:26:05+00:00","dateModified":"2025-03-30T04:47:26+00:00","breadcrumb":{"@id":"https:\/\/www.ipecon.sk\/product\/hydraulicke-tabulove-nc-noznice-radu-sbt\/#breadcrumb"},"inLanguage":"en-GB","potentialAction":[{"@type":"ReadAction","target":["https:\/\/www.ipecon.sk\/product\/hydraulicke-tabulove-nc-noznice-radu-sbt\/"]}]},{"@type":"ImageObject","inLanguage":"en-GB","@id":"https:\/\/www.ipecon.sk\/product\/hydraulicke-tabulove-nc-noznice-radu-sbt\/#primaryimage","url":"https:\/\/www.ipecon.sk\/wp-content\/uploads\/2023\/06\/SBT-WIDE1.jpg","contentUrl":"https:\/\/www.ipecon.sk\/wp-content\/uploads\/2023\/06\/SBT-WIDE1.jpg","width":994,"height":993},{"@type":"BreadcrumbList","@id":"https:\/\/www.ipecon.sk\/product\/hydraulicke-tabulove-nc-noznice-radu-sbt\/#breadcrumb","itemListElement":[{"@type":"ListItem","position":1,"name":"Home","item":"https:\/\/www.ipecon.sk\/"},{"@type":"ListItem","position":2,"name":"Shop","item":"https:\/\/www.ipecon.sk\/shop\/"},{"@type":"ListItem","position":3,"name":"Hydraulick\u00e9 tabu\u013eov\u00e9 NC no\u017enice radu SBT"}]},{"@type":"WebSite","@id":"https:\/\/www.ipecon.sk\/#website","url":"https:\/\/www.ipecon.sk\/","name":"IPECON","description":"","potentialAction":[{"@type":"SearchAction","target":{"@type":"EntryPoint","urlTemplate":"https:\/\/www.ipecon.sk\/?s={search_term_string}"},"query-input":{"@type":"PropertyValueSpecification","valueRequired":true,"valueName":"search_term_string"}}],"inLanguage":"en-GB"}]}},"_links":{"self":[{"href":"https:\/\/www.ipecon.sk\/en\/wp-json\/wp\/v2\/product\/2786","targetHints":{"allow":["GET"]}}],"collection":[{"href":"https:\/\/www.ipecon.sk\/en\/wp-json\/wp\/v2\/product"}],"about":[{"href":"https:\/\/www.ipecon.sk\/en\/wp-json\/wp\/v2\/types\/product"}],"replies":[{"embeddable":true,"href":"https:\/\/www.ipecon.sk\/en\/wp-json\/wp\/v2\/comments?post=2786"}],"wp:featuredmedia":[{"embeddable":true,"href":"https:\/\/www.ipecon.sk\/en\/wp-json\/wp\/v2\/media\/5809"}],"wp:attachment":[{"href":"https:\/\/www.ipecon.sk\/en\/wp-json\/wp\/v2\/media?parent=2786"}],"wp:term":[{"taxonomy":"product_brand","embeddable":true,"href":"https:\/\/www.ipecon.sk\/en\/wp-json\/wp\/v2\/product_brand?post=2786"},{"taxonomy":"product_cat","embeddable":true,"href":"https:\/\/www.ipecon.sk\/en\/wp-json\/wp\/v2\/product_cat?post=2786"},{"taxonomy":"product_tag","embeddable":true,"href":"https:\/\/www.ipecon.sk\/en\/wp-json\/wp\/v2\/product_tag?post=2786"}],"curies":[{"name":"wp","href":"https:\/\/api.w.org\/{rel}","templated":true}]}}