{"id":2771,"date":"2023-05-31T13:15:43","date_gmt":"2023-05-31T13:15:43","guid":{"rendered":"https:\/\/www.ipecon.sk\/?post_type=product&#038;p=2771"},"modified":"2024-11-13T08:21:44","modified_gmt":"2024-11-13T08:21:44","slug":"hydraulicke-tabulove-noznice-vs","status":"publish","type":"product","link":"https:\/\/www.ipecon.sk\/en\/product\/hydraulicke-tabulove-noznice-vs\/","title":{"rendered":"Hydraulick\u00e9 tabu\u013eov\u00e9 CNC no\u017enice VS"},"content":{"rendered":"<p>Hydraulick\u00e9 tabu\u013eov\u00e9 no\u017enice radu <strong>VS<\/strong> s\u00fa vybaven\u00e9 CNC riadiacou jednotkou <strong>DT7<\/strong>. Obsluha no\u017en\u00edc zad\u00e1 do CNC syst\u00e9mu z\u00e1kladn\u00e9 parametre materi\u00e1lu (typ materi\u00e1lu, hr\u00fabka materi\u00e1lu, strihan\u00fd rozmer a d\u013a\u017eka strihan\u00e9ho materi\u00e1lu) a potom CNC syst\u00e9m automaticky motoricky nastav\u00ed medzeru medzi no\u017emi, polohu zadn\u00e9ho dorazu a hydraulicky nastav\u00ed vhodn\u00fd uhol strihu. Toto nastavenie no\u017en\u00edc je mo\u017en\u00e9 ulo\u017ei\u0165 do riadiacej jednotky ako program pod \u010d\u00edslom a menom a nesk\u00f4r ho kedyko\u013evek vyvola\u0165. Uhol strihu je nastavovan\u00fd v\u017edy automaticky pod\u013ea typu materi\u00e1lu. Z d\u00f4vodu zn\u00ed\u017eenia deform\u00e1cie odstrihnut\u00fdch tenk\u00fdch \u00fazkych p\u00e1sov je mo\u017en\u00e9 ho zn\u00ed\u017ei\u0165 a\u017e na 0\u02da30\u2019. Motorick\u00fd zadn\u00fd doraz (d\u013a\u017eka posuvu 1000 mm) m\u00e1 presn\u00e9 vedenie vylu\u010duj\u00face ak\u00fako\u013evek v\u00f4\u013eu. Pre jeho prestavenie s\u00fa vyu\u017eit\u00e9 gu\u013e\u00f4\u010dkov\u00e9 skrutky, ktor\u00e9 zais\u0165uj\u00fa vysok\u00fa presnos\u0165 polohovania. Sklopenie zadn\u00e9ho dorazu umo\u017e\u0148uje strihanie materi\u00e1lu dlh\u0161ieho ako maxim\u00e1lna dr\u00e1ha zadn\u00e9ho dorazu. Ve\u013ek\u00e9 vylo\u017eenie v bo\u010dniciach (\u0161tandard 350 mm, za pr\u00edplatok mo\u017en\u00e9 500 mm) umo\u017e\u0148uje strihanie tab\u00fa\u013e plechu dlh\u0161\u00edch ne\u017e je d\u013a\u017eka strihu no\u017en\u00edc. Pre u\u013eah\u010denie manipul\u00e1cie s materi\u00e1lom a jeho ochranou pred po\u0161kriaban\u00edm je st\u00f4l no\u017en\u00edc vybaven\u00fd gu\u013e\u00f4\u010dkov\u00fdmi jednotkami. Z \u013eavej strany no\u017en\u00edc je mo\u017en\u00e9 vyklopi\u0165 dohora prv\u00fdch 1000 mm ochrann\u00e9ho krytu z d\u00f4vodu \u013eah\u0161ej vizu\u00e1lnej kontroly vkladan\u00e9ho materi\u00e1lu. Z volite\u013en\u00e9ho pr\u00edslu\u0161enstva je mo\u017en\u00e9 no\u017enice vybavi\u0165 napr\u00edklad CNC motorick\u00fdm predn\u00fdm pod\u00e1vac\u00edm syst\u00e9mom<br \/>\nalebo automatick\u00fdm pneumatick\u00fdm podopieran\u00edm tenk\u00fdch plechov (s r\u00f4znym re\u017eimom pr\u00e1ce aj vo vyhotoven\u00ed s vracan\u00edm odstri\u017ekov dopredu smerom k obsluhe.<\/p>","protected":false},"excerpt":{"rendered":"<ul>\n<li>certifik\u00e1t <strong>CE<\/strong><\/li>\n<li>presn\u00e9 a r\u00fdchle strihanie vo ve\u013ek\u00fdch objemoch<\/li>\n<li><strong>CNC riadiaca jednotka DT7<\/strong><\/li>\n<li>automatick\u00e9 nastavenie no\u017en\u00edc po zadan\u00ed \u00fadajov o materi\u00e1le<\/li>\n<li><strong>automatick\u00e9 nastavenie uhlu strihu<\/strong><\/li>\n<li><strong>automatick\u00e9 nastavenie medzery medzi no\u017emi a polohy zadn\u00e9ho dorazu<\/strong><\/li>\n<li>r\u00e1m stroja a stri\u017en\u00e1 traverza s gilot\u00ednov\u00fdm pohybom a ve\u013emi tuhou kon\u0161trukciou<\/li>\n<\/ul>","protected":false},"featured_media":5810,"comment_status":"open","ping_status":"closed","template":"","meta":{"_acf_changed":false,"_et_pb_use_builder":"","_et_pb_old_content":"","_et_gb_content_width":""},"product_brand":[],"product_cat":[30],"product_tag":[],"class_list":{"0":"post-2771","1":"product","2":"type-product","3":"status-publish","4":"has-post-thumbnail","6":"product_cat-tabulove-noznice","8":"first","9":"instock","10":"shipping-taxable","11":"product-type-simple"},"acf":[],"yoast_head":"<!-- This site is optimized with the Yoast SEO plugin v27.4 - https:\/\/yoast.com\/product\/yoast-seo-wordpress\/ -->\n<title>Hydraulick\u00e9 tabu\u013eov\u00e9 CNC no\u017enice VS - IPECON<\/title>\n<meta name=\"robots\" content=\"index, follow, max-snippet:-1, max-image-preview:large, max-video-preview:-1\" \/>\n<link rel=\"canonical\" href=\"https:\/\/www.ipecon.sk\/en\/product\/hydraulicke-tabulove-noznice-vs\/\" \/>\n<meta property=\"og:locale\" content=\"en_GB\" \/>\n<meta property=\"og:type\" content=\"article\" \/>\n<meta property=\"og:title\" content=\"Hydraulick\u00e9 tabu\u013eov\u00e9 CNC no\u017enice VS - IPECON\" \/>\n<meta property=\"og:description\" content=\"certifik\u00e1t CE  presn\u00e9 a r\u00fdchle strihanie vo ve\u013ek\u00fdch objemoch  CNC riadiaca jednotka DT7  automatick\u00e9 nastavenie no\u017en\u00edc po zadan\u00ed \u00fadajov o materi\u00e1le  automatick\u00e9 nastavenie uhlu strihu  automatick\u00e9 nastavenie medzery medzi no\u017emi a polohy zadn\u00e9ho dorazu  r\u00e1m stroja a stri\u017en\u00e1 traverza s gilot\u00ednov\u00fdm pohybom a ve\u013emi tuhou kon\u0161trukciou\" \/>\n<meta property=\"og:url\" content=\"https:\/\/www.ipecon.sk\/en\/product\/hydraulicke-tabulove-noznice-vs\/\" \/>\n<meta property=\"og:site_name\" content=\"IPECON\" \/>\n<meta property=\"article:modified_time\" content=\"2024-11-13T08:21:44+00:00\" \/>\n<meta property=\"og:image\" content=\"https:\/\/www.ipecon.sk\/wp-content\/uploads\/2023\/05\/VS-WIDE.jpg\" \/>\n\t<meta property=\"og:image:width\" content=\"1015\" \/>\n\t<meta property=\"og:image:height\" content=\"1017\" \/>\n\t<meta property=\"og:image:type\" content=\"image\/jpeg\" \/>\n<meta name=\"twitter:card\" content=\"summary_large_image\" \/>\n<meta name=\"twitter:label1\" content=\"Estimated reading time\" \/>\n\t<meta name=\"twitter:data1\" content=\"2 minutes\" \/>\n<script type=\"application\/ld+json\" class=\"yoast-schema-graph\">{\"@context\":\"https:\\\/\\\/schema.org\",\"@graph\":[{\"@type\":\"WebPage\",\"@id\":\"https:\\\/\\\/www.ipecon.sk\\\/product\\\/hydraulicke-tabulove-noznice-vs\\\/\",\"url\":\"https:\\\/\\\/www.ipecon.sk\\\/product\\\/hydraulicke-tabulove-noznice-vs\\\/\",\"name\":\"Hydraulick\u00e9 tabu\u013eov\u00e9 CNC no\u017enice VS - IPECON\",\"isPartOf\":{\"@id\":\"https:\\\/\\\/www.ipecon.sk\\\/#website\"},\"primaryImageOfPage\":{\"@id\":\"https:\\\/\\\/www.ipecon.sk\\\/product\\\/hydraulicke-tabulove-noznice-vs\\\/#primaryimage\"},\"image\":{\"@id\":\"https:\\\/\\\/www.ipecon.sk\\\/product\\\/hydraulicke-tabulove-noznice-vs\\\/#primaryimage\"},\"thumbnailUrl\":\"https:\\\/\\\/www.ipecon.sk\\\/wp-content\\\/uploads\\\/2023\\\/05\\\/VS-WIDE.jpg\",\"datePublished\":\"2023-05-31T13:15:43+00:00\",\"dateModified\":\"2024-11-13T08:21:44+00:00\",\"breadcrumb\":{\"@id\":\"https:\\\/\\\/www.ipecon.sk\\\/product\\\/hydraulicke-tabulove-noznice-vs\\\/#breadcrumb\"},\"inLanguage\":\"en-GB\",\"potentialAction\":[{\"@type\":\"ReadAction\",\"target\":[\"https:\\\/\\\/www.ipecon.sk\\\/product\\\/hydraulicke-tabulove-noznice-vs\\\/\"]}]},{\"@type\":\"ImageObject\",\"inLanguage\":\"en-GB\",\"@id\":\"https:\\\/\\\/www.ipecon.sk\\\/product\\\/hydraulicke-tabulove-noznice-vs\\\/#primaryimage\",\"url\":\"https:\\\/\\\/www.ipecon.sk\\\/wp-content\\\/uploads\\\/2023\\\/05\\\/VS-WIDE.jpg\",\"contentUrl\":\"https:\\\/\\\/www.ipecon.sk\\\/wp-content\\\/uploads\\\/2023\\\/05\\\/VS-WIDE.jpg\",\"width\":1015,\"height\":1017},{\"@type\":\"BreadcrumbList\",\"@id\":\"https:\\\/\\\/www.ipecon.sk\\\/product\\\/hydraulicke-tabulove-noznice-vs\\\/#breadcrumb\",\"itemListElement\":[{\"@type\":\"ListItem\",\"position\":1,\"name\":\"Home\",\"item\":\"https:\\\/\\\/www.ipecon.sk\\\/\"},{\"@type\":\"ListItem\",\"position\":2,\"name\":\"Shop\",\"item\":\"https:\\\/\\\/www.ipecon.sk\\\/shop\\\/\"},{\"@type\":\"ListItem\",\"position\":3,\"name\":\"Hydraulick\u00e9 tabu\u013eov\u00e9 CNC no\u017enice VS\"}]},{\"@type\":\"WebSite\",\"@id\":\"https:\\\/\\\/www.ipecon.sk\\\/#website\",\"url\":\"https:\\\/\\\/www.ipecon.sk\\\/\",\"name\":\"IPECON\",\"description\":\"\",\"potentialAction\":[{\"@type\":\"SearchAction\",\"target\":{\"@type\":\"EntryPoint\",\"urlTemplate\":\"https:\\\/\\\/www.ipecon.sk\\\/?s={search_term_string}\"},\"query-input\":{\"@type\":\"PropertyValueSpecification\",\"valueRequired\":true,\"valueName\":\"search_term_string\"}}],\"inLanguage\":\"en-GB\"}]}<\/script>\n<!-- \/ Yoast SEO plugin. -->","yoast_head_json":{"title":"Hydraulick\u00e9 tabu\u013eov\u00e9 CNC no\u017enice VS - IPECON","robots":{"index":"index","follow":"follow","max-snippet":"max-snippet:-1","max-image-preview":"max-image-preview:large","max-video-preview":"max-video-preview:-1"},"canonical":"https:\/\/www.ipecon.sk\/en\/product\/hydraulicke-tabulove-noznice-vs\/","og_locale":"en_GB","og_type":"article","og_title":"Hydraulick\u00e9 tabu\u013eov\u00e9 CNC no\u017enice VS - IPECON","og_description":"certifik\u00e1t CE  presn\u00e9 a r\u00fdchle strihanie vo ve\u013ek\u00fdch objemoch  CNC riadiaca jednotka DT7  automatick\u00e9 nastavenie no\u017en\u00edc po zadan\u00ed \u00fadajov o materi\u00e1le  automatick\u00e9 nastavenie uhlu strihu  automatick\u00e9 nastavenie medzery medzi no\u017emi a polohy zadn\u00e9ho dorazu  r\u00e1m stroja a stri\u017en\u00e1 traverza s gilot\u00ednov\u00fdm pohybom a ve\u013emi tuhou kon\u0161trukciou","og_url":"https:\/\/www.ipecon.sk\/en\/product\/hydraulicke-tabulove-noznice-vs\/","og_site_name":"IPECON","article_modified_time":"2024-11-13T08:21:44+00:00","og_image":[{"width":1015,"height":1017,"url":"https:\/\/www.ipecon.sk\/wp-content\/uploads\/2023\/05\/VS-WIDE.jpg","type":"image\/jpeg"}],"twitter_card":"summary_large_image","twitter_misc":{"Estimated reading time":"2 minutes"},"schema":{"@context":"https:\/\/schema.org","@graph":[{"@type":"WebPage","@id":"https:\/\/www.ipecon.sk\/product\/hydraulicke-tabulove-noznice-vs\/","url":"https:\/\/www.ipecon.sk\/product\/hydraulicke-tabulove-noznice-vs\/","name":"Hydraulick\u00e9 tabu\u013eov\u00e9 CNC no\u017enice VS - IPECON","isPartOf":{"@id":"https:\/\/www.ipecon.sk\/#website"},"primaryImageOfPage":{"@id":"https:\/\/www.ipecon.sk\/product\/hydraulicke-tabulove-noznice-vs\/#primaryimage"},"image":{"@id":"https:\/\/www.ipecon.sk\/product\/hydraulicke-tabulove-noznice-vs\/#primaryimage"},"thumbnailUrl":"https:\/\/www.ipecon.sk\/wp-content\/uploads\/2023\/05\/VS-WIDE.jpg","datePublished":"2023-05-31T13:15:43+00:00","dateModified":"2024-11-13T08:21:44+00:00","breadcrumb":{"@id":"https:\/\/www.ipecon.sk\/product\/hydraulicke-tabulove-noznice-vs\/#breadcrumb"},"inLanguage":"en-GB","potentialAction":[{"@type":"ReadAction","target":["https:\/\/www.ipecon.sk\/product\/hydraulicke-tabulove-noznice-vs\/"]}]},{"@type":"ImageObject","inLanguage":"en-GB","@id":"https:\/\/www.ipecon.sk\/product\/hydraulicke-tabulove-noznice-vs\/#primaryimage","url":"https:\/\/www.ipecon.sk\/wp-content\/uploads\/2023\/05\/VS-WIDE.jpg","contentUrl":"https:\/\/www.ipecon.sk\/wp-content\/uploads\/2023\/05\/VS-WIDE.jpg","width":1015,"height":1017},{"@type":"BreadcrumbList","@id":"https:\/\/www.ipecon.sk\/product\/hydraulicke-tabulove-noznice-vs\/#breadcrumb","itemListElement":[{"@type":"ListItem","position":1,"name":"Home","item":"https:\/\/www.ipecon.sk\/"},{"@type":"ListItem","position":2,"name":"Shop","item":"https:\/\/www.ipecon.sk\/shop\/"},{"@type":"ListItem","position":3,"name":"Hydraulick\u00e9 tabu\u013eov\u00e9 CNC no\u017enice VS"}]},{"@type":"WebSite","@id":"https:\/\/www.ipecon.sk\/#website","url":"https:\/\/www.ipecon.sk\/","name":"IPECON","description":"","potentialAction":[{"@type":"SearchAction","target":{"@type":"EntryPoint","urlTemplate":"https:\/\/www.ipecon.sk\/?s={search_term_string}"},"query-input":{"@type":"PropertyValueSpecification","valueRequired":true,"valueName":"search_term_string"}}],"inLanguage":"en-GB"}]}},"_links":{"self":[{"href":"https:\/\/www.ipecon.sk\/en\/wp-json\/wp\/v2\/product\/2771","targetHints":{"allow":["GET"]}}],"collection":[{"href":"https:\/\/www.ipecon.sk\/en\/wp-json\/wp\/v2\/product"}],"about":[{"href":"https:\/\/www.ipecon.sk\/en\/wp-json\/wp\/v2\/types\/product"}],"replies":[{"embeddable":true,"href":"https:\/\/www.ipecon.sk\/en\/wp-json\/wp\/v2\/comments?post=2771"}],"wp:featuredmedia":[{"embeddable":true,"href":"https:\/\/www.ipecon.sk\/en\/wp-json\/wp\/v2\/media\/5810"}],"wp:attachment":[{"href":"https:\/\/www.ipecon.sk\/en\/wp-json\/wp\/v2\/media?parent=2771"}],"wp:term":[{"taxonomy":"product_brand","embeddable":true,"href":"https:\/\/www.ipecon.sk\/en\/wp-json\/wp\/v2\/product_brand?post=2771"},{"taxonomy":"product_cat","embeddable":true,"href":"https:\/\/www.ipecon.sk\/en\/wp-json\/wp\/v2\/product_cat?post=2771"},{"taxonomy":"product_tag","embeddable":true,"href":"https:\/\/www.ipecon.sk\/en\/wp-json\/wp\/v2\/product_tag?post=2771"}],"curies":[{"name":"wp","href":"https:\/\/api.w.org\/{rel}","templated":true}]}}