{"id":2241,"date":"2023-05-09T14:42:48","date_gmt":"2023-05-09T14:42:48","guid":{"rendered":"https:\/\/www.ipecon.sk\/?post_type=product&#038;p=2241"},"modified":"2024-11-14T13:57:05","modified_gmt":"2024-11-14T13:57:05","slug":"hydraulicky-ohranovaci-lis-pbf","status":"publish","type":"product","link":"https:\/\/www.ipecon.sk\/en\/product\/hydraulicky-ohranovaci-lis-pbf\/","title":{"rendered":"Hydraulick\u00fd ohra\u0148ovac\u00ed lis PBF"},"content":{"rendered":"<p>Jednoduch\u00e9 ohra\u0148ovacie lisy radu <strong>PBF<\/strong> maj\u00fa iba 3 CNC riaden\u00e9 osi (Y1, Y2 \u2013 polohovanie barana, X \u2013 polohovanie zadn\u00e9ho dorazu). 2D grafick\u00fd dotykov\u00fd\u00a0CNC riadiaci syst\u00e9m DT-10 umo\u017e\u0148uje r\u00fdchle a \u013eahk\u00e9 programovanie v slovenskom jazyku a automaticky riadi 3 osy (Y1, Y2, X). Po jednoduchom nakreslen\u00ed tvaru a zadan\u00ed z\u00e1kladn\u00fdch parametrov v\u00fdrobku (typ a hr\u00fabka materi\u00e1lu, rozmery, po\u017eadovan\u00e9 uhly ) syst\u00e9m automaticky navrhne sled jednotliv\u00fdch ohybov, automaticky polohuje v\u0161etky riaden\u00e9 osy a nastavuje potrebn\u00fa lisovaciu silu. Optimaliz\u00e1cia lisovacej sily vedie k \u00faspore elektrickej energie, lisu a n\u00e1strojov. Bezpe\u010dnostn\u00e9 z\u00f3ny eliminuj\u00fa mo\u017enos\u0165 kol\u00edzie palcov zadn\u00e9ho dorazu s n\u00e1strojom alebo so stolom.<\/p>\n<p>Kni\u017enica v\u00fdrobkov umo\u017e\u0148uje ulo\u017ei\u0165 a kedyko\u013evek vyvola\u0165 naprogramovan\u00e9 v\u00fdrobky. Kni\u017enica horn\u00fdch a spodn\u00fdch n\u00e1strojov ur\u00fdch\u013euje pr\u00e1cu s lisom pri pou\u017e\u00edvan\u00ed r\u00f4znych n\u00e1strojov. USB port sl\u00fa\u017ei na prenos d\u00e1t z riadiacej jednotky do PC \u00a0v kancel\u00e1rii a opa\u010dne (pri z\u00e1lohovan\u00ed d\u00e1t, pr\u00edpadne pri prenose programov vytvoren\u00fdch na off-line softv\u00e9ri na PC v kancel\u00e1rii)<\/p>\n<p><img decoding=\"async\" class=\"alignnone size-full wp-image-6416\" src=\"https:\/\/www.ipecon.sk\/wp-content\/uploads\/2023\/05\/PBF30200_IC-wide.jpg\" alt=\"\" width=\"1934\" height=\"500\" srcset=\"https:\/\/www.ipecon.sk\/wp-content\/uploads\/2023\/05\/PBF30200_IC-wide.jpg 1934w, https:\/\/www.ipecon.sk\/wp-content\/uploads\/2023\/05\/PBF30200_IC-wide-1280x331.jpg 1280w, https:\/\/www.ipecon.sk\/wp-content\/uploads\/2023\/05\/PBF30200_IC-wide-980x253.jpg 980w, https:\/\/www.ipecon.sk\/wp-content\/uploads\/2023\/05\/PBF30200_IC-wide-480x124.jpg 480w\" sizes=\"(min-width: 0px) and (max-width: 480px) 480px, (min-width: 481px) and (max-width: 980px) 980px, (min-width: 981px) and (max-width: 1280px) 1280px, (min-width: 1281px) 1934px, 100vw\" \/><\/p>\n<p><strong>CNC riadiaci syst\u00e9m<\/strong> <strong>DT-10<\/strong> s menu v slovenskom jazyku umo\u017e\u0148uje ohra\u0148ovanie s CNC riaden\u00fdmi osami Y1, Y2 a X. Programovanie tohto syst\u00e9mu je jednoduch\u00e9 a vhodn\u00e9 i pre menej sk\u00fasen\u00fa obsluhu. Po\u010das ohra\u0148ovania syst\u00e9m zobrazuje aktu\u00e1lne a nasledovn\u00e9 ohyby, \u010do umo\u017e\u0148uje vizu\u00e1lnu kontrolu spr\u00e1vnosti programu.<\/p>\n<p>Lisy radu\u00a0PBF s\u00fa vybaven\u00e9 jednoduch\u00fdm z\u00e1kladn\u00fdm motorick\u00fdm zadn\u00fdm dorazom, ktor\u00fd je CNC riadiacim syst\u00e9mom polohovan\u00fd v osi X. Riadiaci syst\u00e9m automaticky\u00a0vypo\u010d\u00edta a nastav\u00ed\u00a0 vzdialenos\u0165 palcov zadn\u00e9ho dorazu od stola so spodn\u00fdm n\u00e1strojom. V\u00fd\u0161kov\u00fa polohu palcov zadn\u00e9ho dorazu v osiach R1 a R2 je mo\u017en\u00e9 nastavi\u0165 manu\u00e1lne pomocou ru\u010dn\u00fdch nastavovac\u00edch skrutiek. Vzdialenos\u0165 medzi palcami zadn\u00e9ho dorazu v osiach Z1 a Z2 (v z\u00e1vislosti od d\u013a\u017eky ohra\u0148ovan\u00e9ho v\u00fdrobku) je mo\u017en\u00e9 \u013eahko nastavi\u0165 manu\u00e1lne pomocou line\u00e1rneho vedenia palcov. Areta\u010dn\u00fdmi p\u00e1\u010dkami je mo\u017en\u00e9 jednoducho zaisti\u0165 po\u017eadovan\u00fa nastaven\u00fa polohu. Priehyb stola lisu je mo\u017en\u00e9 jednoducho nastavi\u0165 k\u013eukou s \u010d\u00edseln\u00edkom, hodnotu pre ka\u017ed\u00fd ohyb ur\u010duje riadiaci syst\u00e9m.<\/p>\n<p>Predn\u00e9 podpern\u00e9 ramen\u00e1 s\u00fa jednoduch\u00e9ho z\u00e1kladn\u00e9ho vyhotovenia, bez mo\u017enosti pos\u00favania.<\/p>\n<p>Ohra\u0148ovacie lisy tohto radu je mo\u017en\u00e9 z volite\u013en\u00e9ho pr\u00edslu\u0161enstva pod\u013ea po\u017eiadavky vybavi\u0165 CNC automatick\u00fdm motorick\u00fdm priehybom stola, pr\u00edpadne \u010fal\u0161\u00edm palcom zadn\u00e9ho dorazu, alebo \u010fal\u0161\u00edm jednoduch\u00fdm predn\u00fdm ramenom.<\/p>\n<p>Lis je dod\u00e1van\u00fd s\u00a0kompletnou sadou \u0161tandardn\u00fdch delen\u00fdch ohra\u0148ovac\u00edch n\u00e1strojov ROLLERI.<\/p>","protected":false},"excerpt":{"rendered":"<ul>\n<li><span style=\"color: #ff0000;\"><strong>jedine\u010dn\u00fd pomer cena\/v\u00fdkon<\/strong><\/span><\/li>\n<li><strong>trvalo zv\u00fdhodnen\u00e1 ponuka lisov,\u00a0<\/strong><span style=\"color: #ff0000;\">ceny u\u017e od\u00a0<strong>35.000,-\u20ac <\/strong>+ DPH<\/span><\/li>\n<li><strong>iba 5 konkr\u00e9tnych typov:\u00a0<\/strong>1m\/30 t,\u00a02,5 m\/60 t,\u00a0 3 m\/120 t, 3 m\/200 t a\u00a04 m\/160 t<\/li>\n<li><strong>certifik\u00e1t CE<\/strong><\/li>\n<li><strong>2D grafick\u00fd dotykov\u00fd CNC riadiaci syst\u00e9m DT-10<\/strong><\/li>\n<li><strong>3\u00a0CNC riaden\u00e9 osi (Y1, Y2 a X)<\/strong><\/li>\n<li><strong>laserov\u00e1 ochrana FIESSLER AKAS<\/strong><\/li>\n<li><strong>robustn\u00e1 kon\u0161trukcia s ni\u017e\u0161\u00edm zdvihom<\/strong><\/li>\n<li><strong>st\u00f4l pre kompenz\u00e1ciu priehybu s manu\u00e1lnym nastaven\u00edm<br \/>\n<\/strong><strong>(mo\u017en\u00e9 aj s\u00a0CNC automatick\u00fdm motorick\u00fdm nastaven\u00edm)<\/strong><\/li>\n<li><strong>line\u00e1rne odmeriavanie polohy na oboch stran\u00e1ch barana<\/strong><\/li>\n<li><strong>jednoduch\u00e9 predn\u00e9 podpern\u00e9 ramen\u00e1<\/strong><\/li>\n<\/ul>\n<p><span style=\"color: #0000ff;\">Vyhotovenie lisu a technick\u00e9 parametre s\u00fa optimalizovan\u00e9 na \u010do najlep\u0161iu v\u00fdsledn\u00fa cenu, preto s\u00fa v niektor\u00fdch parametroch tieto lisy PBF \u201cslab\u0161ie\u201d ako lisy AD-S.<\/span><\/p>","protected":false},"featured_media":6413,"comment_status":"open","ping_status":"closed","template":"","meta":{"_acf_changed":false,"_et_pb_use_builder":"","_et_pb_old_content":"","_et_gb_content_width":""},"product_brand":[],"product_cat":[28],"product_tag":[],"class_list":{"0":"post-2241","1":"product","2":"type-product","3":"status-publish","4":"has-post-thumbnail","6":"product_cat-ohranovacie-lisy","8":"first","9":"instock","10":"shipping-taxable","11":"product-type-simple"},"acf":[],"yoast_head":"<!-- This site is optimized with the Yoast SEO plugin v27.4 - https:\/\/yoast.com\/product\/yoast-seo-wordpress\/ -->\n<title>Hydraulick\u00fd ohra\u0148ovac\u00ed lis PBF - IPECON<\/title>\n<meta name=\"robots\" content=\"index, follow, max-snippet:-1, max-image-preview:large, max-video-preview:-1\" \/>\n<link rel=\"canonical\" href=\"https:\/\/www.ipecon.sk\/en\/product\/hydraulicky-ohranovaci-lis-pbf\/\" \/>\n<meta property=\"og:locale\" content=\"en_GB\" \/>\n<meta property=\"og:type\" content=\"article\" \/>\n<meta property=\"og:title\" content=\"Hydraulick\u00fd ohra\u0148ovac\u00ed lis PBF - IPECON\" \/>\n<meta property=\"og:description\" content=\"jedine\u010dn\u00fd pomer cena\/v\u00fdkon  trvalo zv\u00fdhodnen\u00e1 ponuka lisov,\u00a0ceny u\u017e od\u00a035.000,-\u20ac + DPH  iba 5 konkr\u00e9tnych typov:\u00a01m\/30 t,\u00a02,5 m\/60 t,\u00a0 3 m\/120 t, 3 m\/200 t a\u00a04 m\/160 t  certifik\u00e1t CE  2D grafick\u00fd dotykov\u00fd CNC riadiaci syst\u00e9m DT-10  3\u00a0CNC riaden\u00e9 osi (Y1, Y2 a X)  laserov\u00e1 ochrana FIESSLER AKAS  robustn\u00e1 kon\u0161trukcia s ni\u017e\u0161\u00edm zdvihom  st\u00f4l pre kompenz\u00e1ciu priehybu s manu\u00e1lnym nastaven\u00edm (mo\u017en\u00e9 aj s\u00a0CNC automatick\u00fdm motorick\u00fdm nastaven\u00edm)  line\u00e1rne odmeriavanie polohy na oboch stran\u00e1ch barana  jednoduch\u00e9 predn\u00e9 podpern\u00e9 ramen\u00e1  Vyhotovenie lisu a technick\u00e9 parametre s\u00fa optimalizovan\u00e9 na \u010do najlep\u0161iu v\u00fdsledn\u00fa cenu, preto s\u00fa v niektor\u00fdch parametroch tieto lisy PBF \u201cslab\u0161ie\u201d ako lisy AD-S.\" \/>\n<meta property=\"og:url\" content=\"https:\/\/www.ipecon.sk\/en\/product\/hydraulicky-ohranovaci-lis-pbf\/\" \/>\n<meta property=\"og:site_name\" content=\"IPECON\" \/>\n<meta property=\"article:modified_time\" content=\"2024-11-14T13:57:05+00:00\" \/>\n<meta property=\"og:image\" content=\"https:\/\/www.ipecon.sk\/wp-content\/uploads\/2023\/05\/PBF30200_IC1.jpg\" \/>\n\t<meta property=\"og:image:width\" content=\"1981\" \/>\n\t<meta property=\"og:image:height\" content=\"1704\" \/>\n\t<meta property=\"og:image:type\" content=\"image\/jpeg\" \/>\n<meta name=\"twitter:card\" content=\"summary_large_image\" \/>\n<meta name=\"twitter:label1\" content=\"Estimated reading time\" \/>\n\t<meta name=\"twitter:data1\" content=\"3 minutes\" \/>\n<script type=\"application\/ld+json\" class=\"yoast-schema-graph\">{\"@context\":\"https:\\\/\\\/schema.org\",\"@graph\":[{\"@type\":\"WebPage\",\"@id\":\"https:\\\/\\\/www.ipecon.sk\\\/product\\\/hydraulicky-ohranovaci-lis-pbf\\\/\",\"url\":\"https:\\\/\\\/www.ipecon.sk\\\/product\\\/hydraulicky-ohranovaci-lis-pbf\\\/\",\"name\":\"Hydraulick\u00fd ohra\u0148ovac\u00ed lis PBF - IPECON\",\"isPartOf\":{\"@id\":\"https:\\\/\\\/www.ipecon.sk\\\/#website\"},\"primaryImageOfPage\":{\"@id\":\"https:\\\/\\\/www.ipecon.sk\\\/product\\\/hydraulicky-ohranovaci-lis-pbf\\\/#primaryimage\"},\"image\":{\"@id\":\"https:\\\/\\\/www.ipecon.sk\\\/product\\\/hydraulicky-ohranovaci-lis-pbf\\\/#primaryimage\"},\"thumbnailUrl\":\"https:\\\/\\\/www.ipecon.sk\\\/wp-content\\\/uploads\\\/2023\\\/05\\\/PBF30200_IC1.jpg\",\"datePublished\":\"2023-05-09T14:42:48+00:00\",\"dateModified\":\"2024-11-14T13:57:05+00:00\",\"breadcrumb\":{\"@id\":\"https:\\\/\\\/www.ipecon.sk\\\/product\\\/hydraulicky-ohranovaci-lis-pbf\\\/#breadcrumb\"},\"inLanguage\":\"en-GB\",\"potentialAction\":[{\"@type\":\"ReadAction\",\"target\":[\"https:\\\/\\\/www.ipecon.sk\\\/product\\\/hydraulicky-ohranovaci-lis-pbf\\\/\"]}]},{\"@type\":\"ImageObject\",\"inLanguage\":\"en-GB\",\"@id\":\"https:\\\/\\\/www.ipecon.sk\\\/product\\\/hydraulicky-ohranovaci-lis-pbf\\\/#primaryimage\",\"url\":\"https:\\\/\\\/www.ipecon.sk\\\/wp-content\\\/uploads\\\/2023\\\/05\\\/PBF30200_IC1.jpg\",\"contentUrl\":\"https:\\\/\\\/www.ipecon.sk\\\/wp-content\\\/uploads\\\/2023\\\/05\\\/PBF30200_IC1.jpg\",\"width\":1981,\"height\":1704},{\"@type\":\"BreadcrumbList\",\"@id\":\"https:\\\/\\\/www.ipecon.sk\\\/product\\\/hydraulicky-ohranovaci-lis-pbf\\\/#breadcrumb\",\"itemListElement\":[{\"@type\":\"ListItem\",\"position\":1,\"name\":\"Home\",\"item\":\"https:\\\/\\\/www.ipecon.sk\\\/\"},{\"@type\":\"ListItem\",\"position\":2,\"name\":\"Shop\",\"item\":\"https:\\\/\\\/www.ipecon.sk\\\/shop\\\/\"},{\"@type\":\"ListItem\",\"position\":3,\"name\":\"Hydraulick\u00fd ohra\u0148ovac\u00ed lis PBF\"}]},{\"@type\":\"WebSite\",\"@id\":\"https:\\\/\\\/www.ipecon.sk\\\/#website\",\"url\":\"https:\\\/\\\/www.ipecon.sk\\\/\",\"name\":\"IPECON\",\"description\":\"\",\"potentialAction\":[{\"@type\":\"SearchAction\",\"target\":{\"@type\":\"EntryPoint\",\"urlTemplate\":\"https:\\\/\\\/www.ipecon.sk\\\/?s={search_term_string}\"},\"query-input\":{\"@type\":\"PropertyValueSpecification\",\"valueRequired\":true,\"valueName\":\"search_term_string\"}}],\"inLanguage\":\"en-GB\"}]}<\/script>\n<!-- \/ Yoast SEO plugin. -->","yoast_head_json":{"title":"Hydraulick\u00fd ohra\u0148ovac\u00ed lis PBF - IPECON","robots":{"index":"index","follow":"follow","max-snippet":"max-snippet:-1","max-image-preview":"max-image-preview:large","max-video-preview":"max-video-preview:-1"},"canonical":"https:\/\/www.ipecon.sk\/en\/product\/hydraulicky-ohranovaci-lis-pbf\/","og_locale":"en_GB","og_type":"article","og_title":"Hydraulick\u00fd ohra\u0148ovac\u00ed lis PBF - IPECON","og_description":"jedine\u010dn\u00fd pomer cena\/v\u00fdkon  trvalo zv\u00fdhodnen\u00e1 ponuka lisov,\u00a0ceny u\u017e od\u00a035.000,-\u20ac + DPH  iba 5 konkr\u00e9tnych typov:\u00a01m\/30 t,\u00a02,5 m\/60 t,\u00a0 3 m\/120 t, 3 m\/200 t a\u00a04 m\/160 t  certifik\u00e1t CE  2D grafick\u00fd dotykov\u00fd CNC riadiaci syst\u00e9m DT-10  3\u00a0CNC riaden\u00e9 osi (Y1, Y2 a X)  laserov\u00e1 ochrana FIESSLER AKAS  robustn\u00e1 kon\u0161trukcia s ni\u017e\u0161\u00edm zdvihom  st\u00f4l pre kompenz\u00e1ciu priehybu s manu\u00e1lnym nastaven\u00edm (mo\u017en\u00e9 aj s\u00a0CNC automatick\u00fdm motorick\u00fdm nastaven\u00edm)  line\u00e1rne odmeriavanie polohy na oboch stran\u00e1ch barana  jednoduch\u00e9 predn\u00e9 podpern\u00e9 ramen\u00e1  Vyhotovenie lisu a technick\u00e9 parametre s\u00fa optimalizovan\u00e9 na \u010do najlep\u0161iu v\u00fdsledn\u00fa cenu, preto s\u00fa v niektor\u00fdch parametroch tieto lisy PBF \u201cslab\u0161ie\u201d ako lisy AD-S.","og_url":"https:\/\/www.ipecon.sk\/en\/product\/hydraulicky-ohranovaci-lis-pbf\/","og_site_name":"IPECON","article_modified_time":"2024-11-14T13:57:05+00:00","og_image":[{"width":1981,"height":1704,"url":"https:\/\/www.ipecon.sk\/wp-content\/uploads\/2023\/05\/PBF30200_IC1.jpg","type":"image\/jpeg"}],"twitter_card":"summary_large_image","twitter_misc":{"Estimated reading time":"3 minutes"},"schema":{"@context":"https:\/\/schema.org","@graph":[{"@type":"WebPage","@id":"https:\/\/www.ipecon.sk\/product\/hydraulicky-ohranovaci-lis-pbf\/","url":"https:\/\/www.ipecon.sk\/product\/hydraulicky-ohranovaci-lis-pbf\/","name":"Hydraulick\u00fd ohra\u0148ovac\u00ed lis PBF - IPECON","isPartOf":{"@id":"https:\/\/www.ipecon.sk\/#website"},"primaryImageOfPage":{"@id":"https:\/\/www.ipecon.sk\/product\/hydraulicky-ohranovaci-lis-pbf\/#primaryimage"},"image":{"@id":"https:\/\/www.ipecon.sk\/product\/hydraulicky-ohranovaci-lis-pbf\/#primaryimage"},"thumbnailUrl":"https:\/\/www.ipecon.sk\/wp-content\/uploads\/2023\/05\/PBF30200_IC1.jpg","datePublished":"2023-05-09T14:42:48+00:00","dateModified":"2024-11-14T13:57:05+00:00","breadcrumb":{"@id":"https:\/\/www.ipecon.sk\/product\/hydraulicky-ohranovaci-lis-pbf\/#breadcrumb"},"inLanguage":"en-GB","potentialAction":[{"@type":"ReadAction","target":["https:\/\/www.ipecon.sk\/product\/hydraulicky-ohranovaci-lis-pbf\/"]}]},{"@type":"ImageObject","inLanguage":"en-GB","@id":"https:\/\/www.ipecon.sk\/product\/hydraulicky-ohranovaci-lis-pbf\/#primaryimage","url":"https:\/\/www.ipecon.sk\/wp-content\/uploads\/2023\/05\/PBF30200_IC1.jpg","contentUrl":"https:\/\/www.ipecon.sk\/wp-content\/uploads\/2023\/05\/PBF30200_IC1.jpg","width":1981,"height":1704},{"@type":"BreadcrumbList","@id":"https:\/\/www.ipecon.sk\/product\/hydraulicky-ohranovaci-lis-pbf\/#breadcrumb","itemListElement":[{"@type":"ListItem","position":1,"name":"Home","item":"https:\/\/www.ipecon.sk\/"},{"@type":"ListItem","position":2,"name":"Shop","item":"https:\/\/www.ipecon.sk\/shop\/"},{"@type":"ListItem","position":3,"name":"Hydraulick\u00fd ohra\u0148ovac\u00ed lis PBF"}]},{"@type":"WebSite","@id":"https:\/\/www.ipecon.sk\/#website","url":"https:\/\/www.ipecon.sk\/","name":"IPECON","description":"","potentialAction":[{"@type":"SearchAction","target":{"@type":"EntryPoint","urlTemplate":"https:\/\/www.ipecon.sk\/?s={search_term_string}"},"query-input":{"@type":"PropertyValueSpecification","valueRequired":true,"valueName":"search_term_string"}}],"inLanguage":"en-GB"}]}},"_links":{"self":[{"href":"https:\/\/www.ipecon.sk\/en\/wp-json\/wp\/v2\/product\/2241","targetHints":{"allow":["GET"]}}],"collection":[{"href":"https:\/\/www.ipecon.sk\/en\/wp-json\/wp\/v2\/product"}],"about":[{"href":"https:\/\/www.ipecon.sk\/en\/wp-json\/wp\/v2\/types\/product"}],"replies":[{"embeddable":true,"href":"https:\/\/www.ipecon.sk\/en\/wp-json\/wp\/v2\/comments?post=2241"}],"wp:featuredmedia":[{"embeddable":true,"href":"https:\/\/www.ipecon.sk\/en\/wp-json\/wp\/v2\/media\/6413"}],"wp:attachment":[{"href":"https:\/\/www.ipecon.sk\/en\/wp-json\/wp\/v2\/media?parent=2241"}],"wp:term":[{"taxonomy":"product_brand","embeddable":true,"href":"https:\/\/www.ipecon.sk\/en\/wp-json\/wp\/v2\/product_brand?post=2241"},{"taxonomy":"product_cat","embeddable":true,"href":"https:\/\/www.ipecon.sk\/en\/wp-json\/wp\/v2\/product_cat?post=2241"},{"taxonomy":"product_tag","embeddable":true,"href":"https:\/\/www.ipecon.sk\/en\/wp-json\/wp\/v2\/product_tag?post=2241"}],"curies":[{"name":"wp","href":"https:\/\/api.w.org\/{rel}","templated":true}]}}