{"id":2239,"date":"2023-05-09T14:39:33","date_gmt":"2023-05-09T14:39:33","guid":{"rendered":"https:\/\/www.ipecon.sk\/?post_type=product&#038;p=2239"},"modified":"2025-08-12T08:03:53","modified_gmt":"2025-08-12T08:03:53","slug":"hydraulicky-ohranovaci-lis-ad-s","status":"publish","type":"product","link":"https:\/\/www.ipecon.sk\/en\/product\/hydraulicky-ohranovaci-lis-ad-s\/","title":{"rendered":"Hydraulick\u00fd ohra\u0148ovac\u00ed lis AD-S"},"content":{"rendered":"<p>Ohra\u0148ovacie lisy radu <strong>AD-S<\/strong> maj\u00fa v \u0161tandardnej v\u00fdbave 3 CNC riaden\u00e9 osi (Y1, Y2 \u2013 polohovanie barana, X \u2013 polohovanie zadn\u00e9ho dorazu). 2D grafick\u00fd dotykov\u00fd CNC riadiaci syst\u00e9m DT-15 umo\u017e\u0148uje r\u00fdchle a \u013eahk\u00e9 programovanie v slovenskom jazyku a automaticky riadi 3 osi (Y1, Y2, X). Po jednoduchom nakreslen\u00ed tvaru a zadan\u00ed z\u00e1kladn\u00fdch parametrov v\u00fdrobku (typ a hr\u00fabka materi\u00e1lu, rozmery, po\u017eadovan\u00e9 uhly) syst\u00e9m automaticky navrhne sled jednotliv\u00fdch ohybov, automaticky polohuje v\u0161etky riaden\u00e9 osi a nastavuje potrebn\u00fa lisovaciu silu. Optimaliz\u00e1cia lisovacej sily vedie k \u00faspore elektrickej energie, \u0161etr\u00ed lis a n\u00e1stroje. Bezpe\u010dnostn\u00e9 z\u00f3ny eliminuj\u00fa mo\u017enos\u0165 kol\u00edzie palcov zadn\u00e9ho dorazu s n\u00e1strojom alebo so stolom. Kni\u017enica v\u00fdrobkov umo\u017e\u0148uje ulo\u017ei\u0165 a kedyko\u013evek vyvola\u0165 naprogramovan\u00e9 v\u00fdrobky. Kni\u017enica horn\u00fdch a spodn\u00fdch n\u00e1strojov ur\u00fdch\u013euje pr\u00e1cu s lisom pri pou\u017e\u00edvan\u00ed r\u00f4znych n\u00e1strojov. USB port sl\u00fa\u017ei na prenos d\u00e1t z riadiacej jednotky do PC v kancel\u00e1rii a opa\u010dne (pri z\u00e1lohovan\u00ed d\u00e1t, pr\u00edpadne pri prenose programov vytvoren\u00fdch na off-line softv\u00e9ri na PC v kancel\u00e1rii).<\/p>\n<p><img decoding=\"async\" class=\"aligncenter wp-image-6335\" src=\"https:\/\/www.ipecon.sk\/wp-content\/uploads\/2023\/05\/AD-S-Widea-1122.jpg\" alt=\"\" width=\"1200\" height=\"393\" srcset=\"https:\/\/www.ipecon.sk\/wp-content\/uploads\/2023\/05\/AD-S-Widea-1122.jpg 1200w, https:\/\/www.ipecon.sk\/wp-content\/uploads\/2023\/05\/AD-S-Widea-1122-480x157.jpg 480w\" sizes=\"(min-width: 0px) and (max-width: 480px) 480px, (min-width: 481px) 1200px, 100vw\" \/><\/p>\n<p><strong>CNC riadiaci syst\u00e9m DT-15<\/strong> s menu v slovenskom jazyku umo\u017e\u0148uje ohra\u0148ovanie s CNC riaden\u00fdmi osami Y1, Y2 a X. V pr\u00edpade, \u017ee lis je z volite\u013en\u00e9ho pr\u00edslu\u0161enstva vybaven\u00fd \u010fal\u0161ou riadenou CNC osou R (automatick\u00e9 v\u00fd\u0161kov\u00e9 nastavovanie palcov) alebo \u010fal\u0161\u00edmi CNC osami Z1, Z2, tieto s\u00fa tie\u017e riaden\u00e9 CNC syst\u00e9mom. Programovanie tohto syst\u00e9mu je jednoduch\u00e9 a vhodn\u00e9 i pre menej sk\u00fasen\u00fa obsluhu. Po\u010das ohra\u0148ovania syst\u00e9m zobrazuje aktu\u00e1lne a nasledovn\u00e9 ohyby, \u010do umo\u017e\u0148uje vizu\u00e1lnu kontrolu spr\u00e1vnosti programu.<\/p>\n<p>Ohra\u0148ovacie lisy radu AD-S s\u00fa v \u0161tandardnej v\u00fdbave dod\u00e1van\u00e9 so servomotorick\u00fdm polohovan\u00edm zadn\u00e9ho dorazu, ktor\u00fd je CNC riadiacim syst\u00e9mom polohovan\u00fd v osi X. Riadiaci syst\u00e9m automaticky vypo\u010d\u00edta a nastav\u00ed vzdialenos\u0165 palcov zadn\u00e9ho dorazu od stola so spodn\u00fdm n\u00e1strojom. V\u00fd\u0161kov\u00fa polohu palcov zadn\u00e9ho dorazu v osiach R1 a R2 je mo\u017en\u00e9 nastavi\u0165 manu\u00e1lne pomocou ru\u010dn\u00fdch nastavovac\u00edch skrutiek. Vzdialenos\u0165 medzi palcami zadn\u00e9ho dorazu v osiach Z1 a Z2 je mo\u017en\u00e9 \u013eahko nastavi\u0165 manu\u00e1lne pomocou line\u00e1rneho vedenia palcov. Areta\u010dn\u00fdmi p\u00e1\u010dkami je mo\u017en\u00e9 zaisti\u0165 po\u017eadovan\u00fa nastaven\u00fa polohu. Priehyb stola lisu je potrebn\u00e9 manu\u00e1lne nastavi\u0165 k\u013eukou s \u010d\u00edseln\u00edkom. Hodnotu pre ka\u017ed\u00fd ohyb ur\u010duje riadiaci syst\u00e9m.<\/p>\n<p>Ohra\u0148ovacie lisy tohto radu je mo\u017en\u00e9 pod\u013ea po\u017eiadavky z volite\u013en\u00e9ho pr\u00edslu\u0161enstva vybavi\u0165 \u0161tvrtou CNC riadenou osou R (v\u00fd\u0161kov\u00e9 nastavenie palcov zadn\u00e9ho dorazu), pr\u00edpade tie\u017e CNC automatick\u00fdm motorick\u00fdm priehybom stola. Obe tieto pr\u00edslu\u0161enstva doporu\u010dujeme. V ponuke je \u010fal\u0161ie \u0161irok\u00e9 volite\u013en\u00e9 pr\u00edslu\u0161enstvo.<\/p>\n<p>Ramen\u00e1 s\u00fa ulo\u017een\u00e9 v line\u00e1rnych vedeniach a gu\u013e\u00f4\u010dkov\u00fdch lo\u017eisk\u00e1ch, \u010do umo\u017e\u0148uje jednoduch\u00fd posuv ramien v celej pracovnej \u0161\u00edrke lisu. Areta\u010dn\u00fdmi p\u00e1\u010dkami je mo\u017en\u00e9 \u013eahko zaisti\u0165 po\u017eadovan\u00fa nastaven\u00fa polohu.<\/p>\n<p>Lis je dod\u00e1van\u00fd s kompletnou sadou horn\u00fdch a spodn\u00fdch \u0161tandardn\u00fdch delen\u00fdch ohra\u0148ovac\u00edch n\u00e1strojov <strong><em>ROLLERI<\/em><\/strong>.<\/p>\n<p>&nbsp;<\/p>","protected":false},"excerpt":{"rendered":"<ul>\n<li><strong>certifik\u00e1t CE<\/strong><\/li>\n<li><strong>2D grafick\u00fd dotykov\u00fd CNC riadiaci syst\u00e9m DT-15<br \/>\n<\/strong>(mo\u017en\u00e9 \u010fal\u0161ie 2D a 3D CNC syst\u00e9my SKY-22, DELEM DA-66S, DA-69S)<\/li>\n<li><strong>3 CNC riaden\u00e9 osi (\u0161tandardn\u00e1 v\u00fdbava: Y1, Y2 a X)<br \/>\n<\/strong>(mo\u017en\u00e9 aj \u010fal\u0161ie osi R, Z1, Z2, Delta X, 6-os\u00ed doraz X1,X2,R1,R2,Z1,Z2)<\/li>\n<li><strong>laserov\u00e1 ochrana FIESSLER AKAS<\/strong><\/li>\n<li><strong>robustn\u00e1 kon\u0161trukcia<\/strong><\/li>\n<li><strong>st\u00f4l pre kompenz\u00e1ciu priehybu s manu\u00e1lnym nastaven\u00edm<br \/>\n<\/strong>(mo\u017en\u00e9 aj s\u00a0CNC automatick\u00fdm motorick\u00fdm nastaven\u00edm)<\/li>\n<li><strong>line\u00e1rne odmeriavanie polohy na oboch stran\u00e1ch barana<\/strong><\/li>\n<li><strong>klzn\u00e9 predn\u00e9 podpern\u00e9 ramen\u00e1<\/strong><\/li>\n<li><strong>\u010fal\u0161ie \u0161irok\u00e9 volite\u013en\u00e9 pr\u00edslu\u0161enstvo<\/strong><\/li>\n<\/ul>","protected":false},"featured_media":6417,"comment_status":"open","ping_status":"closed","template":"","meta":{"_acf_changed":false,"_et_pb_use_builder":"","_et_pb_old_content":"","_et_gb_content_width":""},"product_brand":[],"product_cat":[28],"product_tag":[],"class_list":{"0":"post-2239","1":"product","2":"type-product","3":"status-publish","4":"has-post-thumbnail","6":"product_cat-ohranovacie-lisy","8":"first","9":"instock","10":"shipping-taxable","11":"product-type-simple"},"acf":[],"yoast_head":"<!-- This site is optimized with the Yoast SEO plugin v27.4 - https:\/\/yoast.com\/product\/yoast-seo-wordpress\/ -->\n<title>Hydraulick\u00fd ohra\u0148ovac\u00ed lis AD-S - IPECON<\/title>\n<meta name=\"robots\" content=\"index, follow, max-snippet:-1, max-image-preview:large, max-video-preview:-1\" \/>\n<link rel=\"canonical\" href=\"https:\/\/www.ipecon.sk\/en\/product\/hydraulicky-ohranovaci-lis-ad-s\/\" \/>\n<meta property=\"og:locale\" content=\"en_GB\" \/>\n<meta property=\"og:type\" content=\"article\" \/>\n<meta property=\"og:title\" content=\"Hydraulick\u00fd ohra\u0148ovac\u00ed lis AD-S - IPECON\" \/>\n<meta property=\"og:description\" content=\"certifik\u00e1t CE  2D grafick\u00fd dotykov\u00fd CNC riadiaci syst\u00e9m DT-15 (mo\u017en\u00e9 \u010fal\u0161ie 2D a 3D CNC syst\u00e9my SKY-22, DELEM DA-66S, DA-69S)  3 CNC riaden\u00e9 osi (\u0161tandardn\u00e1 v\u00fdbava: Y1, Y2 a X) (mo\u017en\u00e9 aj \u010fal\u0161ie osi R, Z1, Z2, Delta X, 6-os\u00ed doraz X1,X2,R1,R2,Z1,Z2)  laserov\u00e1 ochrana FIESSLER AKAS  robustn\u00e1 kon\u0161trukcia  st\u00f4l pre kompenz\u00e1ciu priehybu s manu\u00e1lnym nastaven\u00edm (mo\u017en\u00e9 aj s\u00a0CNC automatick\u00fdm motorick\u00fdm nastaven\u00edm)  line\u00e1rne odmeriavanie polohy na oboch stran\u00e1ch barana  klzn\u00e9 predn\u00e9 podpern\u00e9 ramen\u00e1  \u010fal\u0161ie \u0161irok\u00e9 volite\u013en\u00e9 pr\u00edslu\u0161enstvo\" \/>\n<meta property=\"og:url\" content=\"https:\/\/www.ipecon.sk\/en\/product\/hydraulicky-ohranovaci-lis-ad-s\/\" \/>\n<meta property=\"og:site_name\" content=\"IPECON\" \/>\n<meta property=\"article:modified_time\" content=\"2025-08-12T08:03:53+00:00\" \/>\n<meta property=\"og:image\" content=\"https:\/\/www.ipecon.sk\/wp-content\/uploads\/2023\/05\/ADS-WHIte.jpg\" \/>\n\t<meta property=\"og:image:width\" content=\"2560\" \/>\n\t<meta property=\"og:image:height\" content=\"1440\" \/>\n\t<meta property=\"og:image:type\" content=\"image\/jpeg\" \/>\n<meta name=\"twitter:card\" content=\"summary_large_image\" \/>\n<meta name=\"twitter:label1\" content=\"Estimated reading time\" \/>\n\t<meta name=\"twitter:data1\" content=\"3 minutes\" \/>\n<script type=\"application\/ld+json\" class=\"yoast-schema-graph\">{\"@context\":\"https:\\\/\\\/schema.org\",\"@graph\":[{\"@type\":\"WebPage\",\"@id\":\"https:\\\/\\\/www.ipecon.sk\\\/product\\\/hydraulicky-ohranovaci-lis-ad-s\\\/\",\"url\":\"https:\\\/\\\/www.ipecon.sk\\\/product\\\/hydraulicky-ohranovaci-lis-ad-s\\\/\",\"name\":\"Hydraulick\u00fd ohra\u0148ovac\u00ed lis AD-S - IPECON\",\"isPartOf\":{\"@id\":\"https:\\\/\\\/www.ipecon.sk\\\/#website\"},\"primaryImageOfPage\":{\"@id\":\"https:\\\/\\\/www.ipecon.sk\\\/product\\\/hydraulicky-ohranovaci-lis-ad-s\\\/#primaryimage\"},\"image\":{\"@id\":\"https:\\\/\\\/www.ipecon.sk\\\/product\\\/hydraulicky-ohranovaci-lis-ad-s\\\/#primaryimage\"},\"thumbnailUrl\":\"https:\\\/\\\/www.ipecon.sk\\\/wp-content\\\/uploads\\\/2023\\\/05\\\/ADS-WHIte.jpg\",\"datePublished\":\"2023-05-09T14:39:33+00:00\",\"dateModified\":\"2025-08-12T08:03:53+00:00\",\"breadcrumb\":{\"@id\":\"https:\\\/\\\/www.ipecon.sk\\\/product\\\/hydraulicky-ohranovaci-lis-ad-s\\\/#breadcrumb\"},\"inLanguage\":\"en-GB\",\"potentialAction\":[{\"@type\":\"ReadAction\",\"target\":[\"https:\\\/\\\/www.ipecon.sk\\\/product\\\/hydraulicky-ohranovaci-lis-ad-s\\\/\"]}]},{\"@type\":\"ImageObject\",\"inLanguage\":\"en-GB\",\"@id\":\"https:\\\/\\\/www.ipecon.sk\\\/product\\\/hydraulicky-ohranovaci-lis-ad-s\\\/#primaryimage\",\"url\":\"https:\\\/\\\/www.ipecon.sk\\\/wp-content\\\/uploads\\\/2023\\\/05\\\/ADS-WHIte.jpg\",\"contentUrl\":\"https:\\\/\\\/www.ipecon.sk\\\/wp-content\\\/uploads\\\/2023\\\/05\\\/ADS-WHIte.jpg\",\"width\":2560,\"height\":1440},{\"@type\":\"BreadcrumbList\",\"@id\":\"https:\\\/\\\/www.ipecon.sk\\\/product\\\/hydraulicky-ohranovaci-lis-ad-s\\\/#breadcrumb\",\"itemListElement\":[{\"@type\":\"ListItem\",\"position\":1,\"name\":\"Home\",\"item\":\"https:\\\/\\\/www.ipecon.sk\\\/\"},{\"@type\":\"ListItem\",\"position\":2,\"name\":\"Shop\",\"item\":\"https:\\\/\\\/www.ipecon.sk\\\/shop\\\/\"},{\"@type\":\"ListItem\",\"position\":3,\"name\":\"Hydraulick\u00fd ohra\u0148ovac\u00ed lis AD-S\"}]},{\"@type\":\"WebSite\",\"@id\":\"https:\\\/\\\/www.ipecon.sk\\\/#website\",\"url\":\"https:\\\/\\\/www.ipecon.sk\\\/\",\"name\":\"IPECON\",\"description\":\"\",\"potentialAction\":[{\"@type\":\"SearchAction\",\"target\":{\"@type\":\"EntryPoint\",\"urlTemplate\":\"https:\\\/\\\/www.ipecon.sk\\\/?s={search_term_string}\"},\"query-input\":{\"@type\":\"PropertyValueSpecification\",\"valueRequired\":true,\"valueName\":\"search_term_string\"}}],\"inLanguage\":\"en-GB\"}]}<\/script>\n<!-- \/ Yoast SEO plugin. -->","yoast_head_json":{"title":"Hydraulick\u00fd ohra\u0148ovac\u00ed lis AD-S - IPECON","robots":{"index":"index","follow":"follow","max-snippet":"max-snippet:-1","max-image-preview":"max-image-preview:large","max-video-preview":"max-video-preview:-1"},"canonical":"https:\/\/www.ipecon.sk\/en\/product\/hydraulicky-ohranovaci-lis-ad-s\/","og_locale":"en_GB","og_type":"article","og_title":"Hydraulick\u00fd ohra\u0148ovac\u00ed lis AD-S - IPECON","og_description":"certifik\u00e1t CE  2D grafick\u00fd dotykov\u00fd CNC riadiaci syst\u00e9m DT-15 (mo\u017en\u00e9 \u010fal\u0161ie 2D a 3D CNC syst\u00e9my SKY-22, DELEM DA-66S, DA-69S)  3 CNC riaden\u00e9 osi (\u0161tandardn\u00e1 v\u00fdbava: Y1, Y2 a X) (mo\u017en\u00e9 aj \u010fal\u0161ie osi R, Z1, Z2, Delta X, 6-os\u00ed doraz X1,X2,R1,R2,Z1,Z2)  laserov\u00e1 ochrana FIESSLER AKAS  robustn\u00e1 kon\u0161trukcia  st\u00f4l pre kompenz\u00e1ciu priehybu s manu\u00e1lnym nastaven\u00edm (mo\u017en\u00e9 aj s\u00a0CNC automatick\u00fdm motorick\u00fdm nastaven\u00edm)  line\u00e1rne odmeriavanie polohy na oboch stran\u00e1ch barana  klzn\u00e9 predn\u00e9 podpern\u00e9 ramen\u00e1  \u010fal\u0161ie \u0161irok\u00e9 volite\u013en\u00e9 pr\u00edslu\u0161enstvo","og_url":"https:\/\/www.ipecon.sk\/en\/product\/hydraulicky-ohranovaci-lis-ad-s\/","og_site_name":"IPECON","article_modified_time":"2025-08-12T08:03:53+00:00","og_image":[{"width":2560,"height":1440,"url":"https:\/\/www.ipecon.sk\/wp-content\/uploads\/2023\/05\/ADS-WHIte.jpg","type":"image\/jpeg"}],"twitter_card":"summary_large_image","twitter_misc":{"Estimated reading time":"3 minutes"},"schema":{"@context":"https:\/\/schema.org","@graph":[{"@type":"WebPage","@id":"https:\/\/www.ipecon.sk\/product\/hydraulicky-ohranovaci-lis-ad-s\/","url":"https:\/\/www.ipecon.sk\/product\/hydraulicky-ohranovaci-lis-ad-s\/","name":"Hydraulick\u00fd ohra\u0148ovac\u00ed lis AD-S - IPECON","isPartOf":{"@id":"https:\/\/www.ipecon.sk\/#website"},"primaryImageOfPage":{"@id":"https:\/\/www.ipecon.sk\/product\/hydraulicky-ohranovaci-lis-ad-s\/#primaryimage"},"image":{"@id":"https:\/\/www.ipecon.sk\/product\/hydraulicky-ohranovaci-lis-ad-s\/#primaryimage"},"thumbnailUrl":"https:\/\/www.ipecon.sk\/wp-content\/uploads\/2023\/05\/ADS-WHIte.jpg","datePublished":"2023-05-09T14:39:33+00:00","dateModified":"2025-08-12T08:03:53+00:00","breadcrumb":{"@id":"https:\/\/www.ipecon.sk\/product\/hydraulicky-ohranovaci-lis-ad-s\/#breadcrumb"},"inLanguage":"en-GB","potentialAction":[{"@type":"ReadAction","target":["https:\/\/www.ipecon.sk\/product\/hydraulicky-ohranovaci-lis-ad-s\/"]}]},{"@type":"ImageObject","inLanguage":"en-GB","@id":"https:\/\/www.ipecon.sk\/product\/hydraulicky-ohranovaci-lis-ad-s\/#primaryimage","url":"https:\/\/www.ipecon.sk\/wp-content\/uploads\/2023\/05\/ADS-WHIte.jpg","contentUrl":"https:\/\/www.ipecon.sk\/wp-content\/uploads\/2023\/05\/ADS-WHIte.jpg","width":2560,"height":1440},{"@type":"BreadcrumbList","@id":"https:\/\/www.ipecon.sk\/product\/hydraulicky-ohranovaci-lis-ad-s\/#breadcrumb","itemListElement":[{"@type":"ListItem","position":1,"name":"Home","item":"https:\/\/www.ipecon.sk\/"},{"@type":"ListItem","position":2,"name":"Shop","item":"https:\/\/www.ipecon.sk\/shop\/"},{"@type":"ListItem","position":3,"name":"Hydraulick\u00fd ohra\u0148ovac\u00ed lis AD-S"}]},{"@type":"WebSite","@id":"https:\/\/www.ipecon.sk\/#website","url":"https:\/\/www.ipecon.sk\/","name":"IPECON","description":"","potentialAction":[{"@type":"SearchAction","target":{"@type":"EntryPoint","urlTemplate":"https:\/\/www.ipecon.sk\/?s={search_term_string}"},"query-input":{"@type":"PropertyValueSpecification","valueRequired":true,"valueName":"search_term_string"}}],"inLanguage":"en-GB"}]}},"_links":{"self":[{"href":"https:\/\/www.ipecon.sk\/en\/wp-json\/wp\/v2\/product\/2239","targetHints":{"allow":["GET"]}}],"collection":[{"href":"https:\/\/www.ipecon.sk\/en\/wp-json\/wp\/v2\/product"}],"about":[{"href":"https:\/\/www.ipecon.sk\/en\/wp-json\/wp\/v2\/types\/product"}],"replies":[{"embeddable":true,"href":"https:\/\/www.ipecon.sk\/en\/wp-json\/wp\/v2\/comments?post=2239"}],"wp:featuredmedia":[{"embeddable":true,"href":"https:\/\/www.ipecon.sk\/en\/wp-json\/wp\/v2\/media\/6417"}],"wp:attachment":[{"href":"https:\/\/www.ipecon.sk\/en\/wp-json\/wp\/v2\/media?parent=2239"}],"wp:term":[{"taxonomy":"product_brand","embeddable":true,"href":"https:\/\/www.ipecon.sk\/en\/wp-json\/wp\/v2\/product_brand?post=2239"},{"taxonomy":"product_cat","embeddable":true,"href":"https:\/\/www.ipecon.sk\/en\/wp-json\/wp\/v2\/product_cat?post=2239"},{"taxonomy":"product_tag","embeddable":true,"href":"https:\/\/www.ipecon.sk\/en\/wp-json\/wp\/v2\/product_tag?post=2239"}],"curies":[{"name":"wp","href":"https:\/\/api.w.org\/{rel}","templated":true}]}}