{"id":1989,"date":"2023-04-28T05:17:44","date_gmt":"2023-04-28T05:17:44","guid":{"rendered":"https:\/\/www.ipecon.sk\/?post_type=product&#038;p=1989"},"modified":"2024-11-14T13:47:49","modified_gmt":"2024-11-14T13:47:49","slug":"servo-hydraulicky-ohranovaci-lis-ad-servo","status":"publish","type":"product","link":"https:\/\/www.ipecon.sk\/en\/product\/servo-hydraulicky-ohranovaci-lis-ad-servo\/","title":{"rendered":"Servo-hydraulick\u00fd ohra\u0148ovac\u00ed lis AD-SERVO"},"content":{"rendered":"<p>Ohra\u0148ovacie lisy radu <strong>AD-SERVO<\/strong> maj\u00fa v \u0161tandardnej v\u00fdbave 4 CNC riaden\u00e9 osi (Y1, Y2 \u2013 polohovanie barana, X \u2013 polohovanie zadn\u00e9ho dorazu, R \u2013 v\u00fd\u0161kov\u00e9 nastavenie palcov zadn\u00e9ho dorazu). Lisy vyu\u017e\u00edvaj\u00fa kombin\u00e1ciu servomotorov a hydrauliky. Ka\u017ed\u00fd valec je polohovan\u00fd samostatn\u00fdm hydraulick\u00fdm okruhom so servomotorom. Servomotory s\u00fa sp\u00fa\u0161\u0165an\u00e9 iba po\u010das pohybu barana. Syst\u00e9m tak obsahuje menej hydraulick\u00e9ho oleja a lisy sa oproti klasick\u00fdm hydraulick\u00fdm lisom vyzna\u010duj\u00fa vy\u0161\u0161ou r\u00fdchlos\u0165ou pohybu barana, ni\u017e\u0161ou spotrebou elektrickej energie a ni\u017e\u0161ou hlu\u010dnos\u0165ou. V\u010faka jednoduchosti programovania v slovenskom jazyku je doba od zadania parametrov v\u00fdrobku do riadiacej jednotky a\u017e po jeho v\u00fdrobu minim\u00e1lna. Po jednoduchom nakreslen\u00ed tvaru a zadan\u00ed z\u00e1kladn\u00fdch parametrov v\u00fdrobku (typ a hr\u00fabka materi\u00e1lu, rozmery a po\u017eadovan\u00e9 uhly) syst\u00e9m automaticky navrhne sled jednotliv\u00fdch ohybov, automaticky polohuje v\u0161etky riaden\u00e9 osi a nastav\u00ed potrebn\u00fa lisovaciu silu. Optimaliz\u00e1cia lisovacej sily vedie k \u00faspore elektrickej energie, lisu a n\u00e1strojov. Po vykonan\u00ed ohybu sa na obrazovke zobraz\u00ed nasleduj\u00faci ohyb, \u010do spreh\u013ead\u0148uje pr\u00e1cu obsluhe pri manipul\u00e1cii s plechom. Riadiaca jednotka umo\u017e\u0148uje zobrazi\u0165 pr\u00edpadn\u00e9 kol\u00edzie v\u00fdrobku s n\u00e1strojmi, \u010do napom\u00e1ha v\u00fdberu spr\u00e1vnych tvarov n\u00e1strojov.<\/p>\n<p><img decoding=\"async\" class=\"alignnone size-full wp-image-6414\" src=\"https:\/\/www.ipecon.sk\/wp-content\/uploads\/2023\/04\/SERVO-IC1-wide.jpg\" alt=\"\" width=\"2062\" height=\"617\" srcset=\"https:\/\/www.ipecon.sk\/wp-content\/uploads\/2023\/04\/SERVO-IC1-wide.jpg 2062w, https:\/\/www.ipecon.sk\/wp-content\/uploads\/2023\/04\/SERVO-IC1-wide-1280x383.jpg 1280w, https:\/\/www.ipecon.sk\/wp-content\/uploads\/2023\/04\/SERVO-IC1-wide-980x293.jpg 980w, https:\/\/www.ipecon.sk\/wp-content\/uploads\/2023\/04\/SERVO-IC1-wide-480x144.jpg 480w\" sizes=\"(min-width: 0px) and (max-width: 480px) 480px, (min-width: 481px) and (max-width: 980px) 980px, (min-width: 981px) and (max-width: 1280px) 1280px, (min-width: 1281px) 2062px, 100vw\" \/><\/p>\n<p><strong>Riadiaca jednotka SKY 22<\/strong> s menu v slovenskom jazyku umo\u017e\u0148uje jednoducho a intuit\u00edvne vytv\u00e1ra\u0165 programy pre ohra\u0148ovanie aj zlo\u017eit\u00fdch v\u00fdrobkov v 2D prostred\u00ed. Jednoduch\u00fdm dotykom sa nakresl\u00ed po\u017eadovan\u00fd tvar profilu, rozkliknut\u00edm str\u00e1n a uhlov sa upravia na po\u017eadovan\u00e9 hodnoty v\u00fdsledn\u00e9ho v\u00fdrobku, d\u00e1 sa spo\u010d\u00edta\u0165 postup a program je vytvoren\u00fd. Preh\u013eadn\u00e1 grafick\u00e1 kni\u017enica horn\u00fdch a spodn\u00fdch n\u00e1strojov, naprogramovan\u00fdch v\u00fdrobkov, mo\u017enos\u0165 korekci\u00ed &#8230;<\/p>\n<p>Lisy radu AD-SERVO s\u00fa v \u0161tandardnej v\u00fdbave dod\u00e1van\u00e9 so zadn\u00fdm dorazom, ktor\u00fd je riadiacim CNC syst\u00e9mom a\u00a0 servomotormi r\u00fdchlo a\u00a0presne polohovan\u00fd v osiach X a R. Riadiaci syst\u00e9m automaticky po ka\u017edom prevedenom ohybe nastav\u00ed vzdialenos\u0165 palcov zadn\u00e9ho dorazu od stola so spodn\u00fdm n\u00e1strojom a\u00a0ich v\u00fd\u0161kov\u00e9 nastavenie \u00a0pre nasleduj\u00faci ohyb.<\/p>\n<p>Ramen\u00e1 s\u00fa ulo\u017een\u00e9 v line\u00e1rnych vedeniach a gu\u013e\u00f4\u010dkov\u00fdch lo\u017eisk\u00e1ch, \u010do umo\u017e\u0148uje jednoduch\u00fd posuv ramien v celej pracovnej \u0161\u00edrke lisu. Areta\u010dn\u00fdmi p\u00e1\u010dkami je mo\u017en\u00e9 \u013eahko zaisti\u0165 po\u017eadovan\u00fa nastaven\u00fa polohu.<\/p>\n<p>Ohra\u0148ovacie lisy radu AD-SERVO s\u00fa v \u0161tandardnej v\u00fdbave osaden\u00e9 stolom pre kompenz\u00e1ciu priehybu s CNC automatick\u00fdm motorick\u00fdm nastaven\u00edm. Po naprogramovan\u00ed v\u00fdrobku riadiaci syst\u00e9m automaticky vypo\u010d\u00edta a motoricky nastav\u00ed potrebn\u00fd priehyb stola pri ka\u017edom ohybe.<\/p>\n<p>Lis je dod\u00e1van\u00fd s kompletnou sadou horn\u00fdch a spodn\u00fdch \u0161tandardn\u00fdch delen\u00fdch ohra\u0148ovac\u00edch n\u00e1strojov <strong><em>ROLLERI<\/em><\/strong>.<\/p>","protected":false},"excerpt":{"rendered":"<ul>\n<li><strong>certifik\u00e1t CE<\/strong><\/li>\n<li><strong>2D grafick\u00fd dotykov\u00fd riadiaci syst\u00e9m SKY 22<br \/>\n<\/strong>(mo\u017en\u00e9 \u010fal\u0161ie 2D a 3D CNC syst\u00e9my DELEM\u00a0 DA-66S, DA-69S)<\/li>\n<li><strong>4 CNC riaden\u00e9 osi (\u0161tandardn\u00e1 v\u00fdbava Y1, Y2, X a R)<br \/>\n<\/strong>(mo\u017en\u00e9 aj \u010fal\u0161ie osi Z1, Z2, Delta X, 6-os\u00ed doraz X1,X2,R1,R2,Z1,Z2)<strong><br \/>\n<\/strong><\/li>\n<li><strong>laserov\u00e1 ochrana FIESSLER AKAS<\/strong><\/li>\n<li><strong>robustn\u00e1 kon\u0161trukcia<\/strong><\/li>\n<li><strong>st\u00f4l pre kompenz\u00e1ciu priehybu s\u00a0CNC automatick\u00fdm motorick\u00fdm nastaven\u00edm<\/strong><\/li>\n<li><strong>line\u00e1rne odmeriavanie polohy na oboch stran\u00e1ch barana<\/strong><\/li>\n<li><strong>klzn\u00e9 predn\u00e9 podpern\u00e9 ramen\u00e1<\/strong><\/li>\n<li><strong>\u010fal\u0161ie ve\u013ek\u00e9 volite\u013en\u00e9 pr\u00edslu\u0161enstvo<\/strong><\/li>\n<\/ul>","protected":false},"featured_media":6411,"comment_status":"open","ping_status":"closed","template":"","meta":{"_acf_changed":false,"_et_pb_use_builder":"","_et_pb_old_content":"","_et_gb_content_width":""},"product_brand":[],"product_cat":[28],"product_tag":[],"class_list":{"0":"post-1989","1":"product","2":"type-product","3":"status-publish","4":"has-post-thumbnail","6":"product_cat-ohranovacie-lisy","8":"first","9":"instock","10":"shipping-taxable","11":"product-type-simple"},"acf":[],"yoast_head":"<!-- This site is optimized with the Yoast SEO plugin v27.4 - https:\/\/yoast.com\/product\/yoast-seo-wordpress\/ -->\n<title>Servo-hydraulick\u00fd ohra\u0148ovac\u00ed lis AD-SERVO - IPECON<\/title>\n<meta name=\"robots\" content=\"index, follow, max-snippet:-1, max-image-preview:large, max-video-preview:-1\" \/>\n<link rel=\"canonical\" href=\"https:\/\/www.ipecon.sk\/en\/product\/servo-hydraulicky-ohranovaci-lis-ad-servo\/\" \/>\n<meta property=\"og:locale\" content=\"en_GB\" \/>\n<meta property=\"og:type\" content=\"article\" \/>\n<meta property=\"og:title\" content=\"Servo-hydraulick\u00fd ohra\u0148ovac\u00ed lis AD-SERVO - IPECON\" \/>\n<meta property=\"og:description\" content=\"certifik\u00e1t CE  2D grafick\u00fd dotykov\u00fd riadiaci syst\u00e9m SKY 22 (mo\u017en\u00e9 \u010fal\u0161ie 2D a 3D CNC syst\u00e9my DELEM\u00a0 DA-66S, DA-69S)  4 CNC riaden\u00e9 osi (\u0161tandardn\u00e1 v\u00fdbava Y1, Y2, X a R) (mo\u017en\u00e9 aj \u010fal\u0161ie osi Z1, Z2, Delta X, 6-os\u00ed doraz X1,X2,R1,R2,Z1,Z2)   laserov\u00e1 ochrana FIESSLER AKAS  robustn\u00e1 kon\u0161trukcia  st\u00f4l pre kompenz\u00e1ciu priehybu s\u00a0CNC automatick\u00fdm motorick\u00fdm nastaven\u00edm  line\u00e1rne odmeriavanie polohy na oboch stran\u00e1ch barana  klzn\u00e9 predn\u00e9 podpern\u00e9 ramen\u00e1  \u010fal\u0161ie ve\u013ek\u00e9 volite\u013en\u00e9 pr\u00edslu\u0161enstvo\" \/>\n<meta property=\"og:url\" content=\"https:\/\/www.ipecon.sk\/en\/product\/servo-hydraulicky-ohranovaci-lis-ad-servo\/\" \/>\n<meta property=\"og:site_name\" content=\"IPECON\" \/>\n<meta property=\"article:modified_time\" content=\"2024-11-14T13:47:49+00:00\" \/>\n<meta property=\"og:image\" content=\"https:\/\/www.ipecon.sk\/wp-content\/uploads\/2023\/04\/SERVO-IC1.jpg\" \/>\n\t<meta property=\"og:image:width\" content=\"2064\" \/>\n\t<meta property=\"og:image:height\" content=\"1475\" \/>\n\t<meta property=\"og:image:type\" content=\"image\/jpeg\" \/>\n<meta name=\"twitter:card\" content=\"summary_large_image\" \/>\n<meta name=\"twitter:label1\" content=\"Estimated reading time\" \/>\n\t<meta name=\"twitter:data1\" content=\"3 minutes\" \/>\n<script type=\"application\/ld+json\" class=\"yoast-schema-graph\">{\"@context\":\"https:\\\/\\\/schema.org\",\"@graph\":[{\"@type\":\"WebPage\",\"@id\":\"https:\\\/\\\/www.ipecon.sk\\\/product\\\/servo-hydraulicky-ohranovaci-lis-ad-servo\\\/\",\"url\":\"https:\\\/\\\/www.ipecon.sk\\\/product\\\/servo-hydraulicky-ohranovaci-lis-ad-servo\\\/\",\"name\":\"Servo-hydraulick\u00fd ohra\u0148ovac\u00ed lis AD-SERVO - IPECON\",\"isPartOf\":{\"@id\":\"https:\\\/\\\/www.ipecon.sk\\\/#website\"},\"primaryImageOfPage\":{\"@id\":\"https:\\\/\\\/www.ipecon.sk\\\/product\\\/servo-hydraulicky-ohranovaci-lis-ad-servo\\\/#primaryimage\"},\"image\":{\"@id\":\"https:\\\/\\\/www.ipecon.sk\\\/product\\\/servo-hydraulicky-ohranovaci-lis-ad-servo\\\/#primaryimage\"},\"thumbnailUrl\":\"https:\\\/\\\/www.ipecon.sk\\\/wp-content\\\/uploads\\\/2023\\\/04\\\/SERVO-IC1.jpg\",\"datePublished\":\"2023-04-28T05:17:44+00:00\",\"dateModified\":\"2024-11-14T13:47:49+00:00\",\"breadcrumb\":{\"@id\":\"https:\\\/\\\/www.ipecon.sk\\\/product\\\/servo-hydraulicky-ohranovaci-lis-ad-servo\\\/#breadcrumb\"},\"inLanguage\":\"en-GB\",\"potentialAction\":[{\"@type\":\"ReadAction\",\"target\":[\"https:\\\/\\\/www.ipecon.sk\\\/product\\\/servo-hydraulicky-ohranovaci-lis-ad-servo\\\/\"]}]},{\"@type\":\"ImageObject\",\"inLanguage\":\"en-GB\",\"@id\":\"https:\\\/\\\/www.ipecon.sk\\\/product\\\/servo-hydraulicky-ohranovaci-lis-ad-servo\\\/#primaryimage\",\"url\":\"https:\\\/\\\/www.ipecon.sk\\\/wp-content\\\/uploads\\\/2023\\\/04\\\/SERVO-IC1.jpg\",\"contentUrl\":\"https:\\\/\\\/www.ipecon.sk\\\/wp-content\\\/uploads\\\/2023\\\/04\\\/SERVO-IC1.jpg\",\"width\":2064,\"height\":1475},{\"@type\":\"BreadcrumbList\",\"@id\":\"https:\\\/\\\/www.ipecon.sk\\\/product\\\/servo-hydraulicky-ohranovaci-lis-ad-servo\\\/#breadcrumb\",\"itemListElement\":[{\"@type\":\"ListItem\",\"position\":1,\"name\":\"Home\",\"item\":\"https:\\\/\\\/www.ipecon.sk\\\/\"},{\"@type\":\"ListItem\",\"position\":2,\"name\":\"Shop\",\"item\":\"https:\\\/\\\/www.ipecon.sk\\\/shop\\\/\"},{\"@type\":\"ListItem\",\"position\":3,\"name\":\"Servo-hydraulick\u00fd ohra\u0148ovac\u00ed lis AD-SERVO\"}]},{\"@type\":\"WebSite\",\"@id\":\"https:\\\/\\\/www.ipecon.sk\\\/#website\",\"url\":\"https:\\\/\\\/www.ipecon.sk\\\/\",\"name\":\"IPECON\",\"description\":\"\",\"potentialAction\":[{\"@type\":\"SearchAction\",\"target\":{\"@type\":\"EntryPoint\",\"urlTemplate\":\"https:\\\/\\\/www.ipecon.sk\\\/?s={search_term_string}\"},\"query-input\":{\"@type\":\"PropertyValueSpecification\",\"valueRequired\":true,\"valueName\":\"search_term_string\"}}],\"inLanguage\":\"en-GB\"}]}<\/script>\n<!-- \/ Yoast SEO plugin. -->","yoast_head_json":{"title":"Servo-hydraulick\u00fd ohra\u0148ovac\u00ed lis AD-SERVO - IPECON","robots":{"index":"index","follow":"follow","max-snippet":"max-snippet:-1","max-image-preview":"max-image-preview:large","max-video-preview":"max-video-preview:-1"},"canonical":"https:\/\/www.ipecon.sk\/en\/product\/servo-hydraulicky-ohranovaci-lis-ad-servo\/","og_locale":"en_GB","og_type":"article","og_title":"Servo-hydraulick\u00fd ohra\u0148ovac\u00ed lis AD-SERVO - IPECON","og_description":"certifik\u00e1t CE  2D grafick\u00fd dotykov\u00fd riadiaci syst\u00e9m SKY 22 (mo\u017en\u00e9 \u010fal\u0161ie 2D a 3D CNC syst\u00e9my DELEM\u00a0 DA-66S, DA-69S)  4 CNC riaden\u00e9 osi (\u0161tandardn\u00e1 v\u00fdbava Y1, Y2, X a R) (mo\u017en\u00e9 aj \u010fal\u0161ie osi Z1, Z2, Delta X, 6-os\u00ed doraz X1,X2,R1,R2,Z1,Z2)   laserov\u00e1 ochrana FIESSLER AKAS  robustn\u00e1 kon\u0161trukcia  st\u00f4l pre kompenz\u00e1ciu priehybu s\u00a0CNC automatick\u00fdm motorick\u00fdm nastaven\u00edm  line\u00e1rne odmeriavanie polohy na oboch stran\u00e1ch barana  klzn\u00e9 predn\u00e9 podpern\u00e9 ramen\u00e1  \u010fal\u0161ie ve\u013ek\u00e9 volite\u013en\u00e9 pr\u00edslu\u0161enstvo","og_url":"https:\/\/www.ipecon.sk\/en\/product\/servo-hydraulicky-ohranovaci-lis-ad-servo\/","og_site_name":"IPECON","article_modified_time":"2024-11-14T13:47:49+00:00","og_image":[{"width":2064,"height":1475,"url":"https:\/\/www.ipecon.sk\/wp-content\/uploads\/2023\/04\/SERVO-IC1.jpg","type":"image\/jpeg"}],"twitter_card":"summary_large_image","twitter_misc":{"Estimated reading time":"3 minutes"},"schema":{"@context":"https:\/\/schema.org","@graph":[{"@type":"WebPage","@id":"https:\/\/www.ipecon.sk\/product\/servo-hydraulicky-ohranovaci-lis-ad-servo\/","url":"https:\/\/www.ipecon.sk\/product\/servo-hydraulicky-ohranovaci-lis-ad-servo\/","name":"Servo-hydraulick\u00fd ohra\u0148ovac\u00ed lis AD-SERVO - IPECON","isPartOf":{"@id":"https:\/\/www.ipecon.sk\/#website"},"primaryImageOfPage":{"@id":"https:\/\/www.ipecon.sk\/product\/servo-hydraulicky-ohranovaci-lis-ad-servo\/#primaryimage"},"image":{"@id":"https:\/\/www.ipecon.sk\/product\/servo-hydraulicky-ohranovaci-lis-ad-servo\/#primaryimage"},"thumbnailUrl":"https:\/\/www.ipecon.sk\/wp-content\/uploads\/2023\/04\/SERVO-IC1.jpg","datePublished":"2023-04-28T05:17:44+00:00","dateModified":"2024-11-14T13:47:49+00:00","breadcrumb":{"@id":"https:\/\/www.ipecon.sk\/product\/servo-hydraulicky-ohranovaci-lis-ad-servo\/#breadcrumb"},"inLanguage":"en-GB","potentialAction":[{"@type":"ReadAction","target":["https:\/\/www.ipecon.sk\/product\/servo-hydraulicky-ohranovaci-lis-ad-servo\/"]}]},{"@type":"ImageObject","inLanguage":"en-GB","@id":"https:\/\/www.ipecon.sk\/product\/servo-hydraulicky-ohranovaci-lis-ad-servo\/#primaryimage","url":"https:\/\/www.ipecon.sk\/wp-content\/uploads\/2023\/04\/SERVO-IC1.jpg","contentUrl":"https:\/\/www.ipecon.sk\/wp-content\/uploads\/2023\/04\/SERVO-IC1.jpg","width":2064,"height":1475},{"@type":"BreadcrumbList","@id":"https:\/\/www.ipecon.sk\/product\/servo-hydraulicky-ohranovaci-lis-ad-servo\/#breadcrumb","itemListElement":[{"@type":"ListItem","position":1,"name":"Home","item":"https:\/\/www.ipecon.sk\/"},{"@type":"ListItem","position":2,"name":"Shop","item":"https:\/\/www.ipecon.sk\/shop\/"},{"@type":"ListItem","position":3,"name":"Servo-hydraulick\u00fd ohra\u0148ovac\u00ed lis AD-SERVO"}]},{"@type":"WebSite","@id":"https:\/\/www.ipecon.sk\/#website","url":"https:\/\/www.ipecon.sk\/","name":"IPECON","description":"","potentialAction":[{"@type":"SearchAction","target":{"@type":"EntryPoint","urlTemplate":"https:\/\/www.ipecon.sk\/?s={search_term_string}"},"query-input":{"@type":"PropertyValueSpecification","valueRequired":true,"valueName":"search_term_string"}}],"inLanguage":"en-GB"}]}},"_links":{"self":[{"href":"https:\/\/www.ipecon.sk\/en\/wp-json\/wp\/v2\/product\/1989","targetHints":{"allow":["GET"]}}],"collection":[{"href":"https:\/\/www.ipecon.sk\/en\/wp-json\/wp\/v2\/product"}],"about":[{"href":"https:\/\/www.ipecon.sk\/en\/wp-json\/wp\/v2\/types\/product"}],"replies":[{"embeddable":true,"href":"https:\/\/www.ipecon.sk\/en\/wp-json\/wp\/v2\/comments?post=1989"}],"wp:featuredmedia":[{"embeddable":true,"href":"https:\/\/www.ipecon.sk\/en\/wp-json\/wp\/v2\/media\/6411"}],"wp:attachment":[{"href":"https:\/\/www.ipecon.sk\/en\/wp-json\/wp\/v2\/media?parent=1989"}],"wp:term":[{"taxonomy":"product_brand","embeddable":true,"href":"https:\/\/www.ipecon.sk\/en\/wp-json\/wp\/v2\/product_brand?post=1989"},{"taxonomy":"product_cat","embeddable":true,"href":"https:\/\/www.ipecon.sk\/en\/wp-json\/wp\/v2\/product_cat?post=1989"},{"taxonomy":"product_tag","embeddable":true,"href":"https:\/\/www.ipecon.sk\/en\/wp-json\/wp\/v2\/product_tag?post=1989"}],"curies":[{"name":"wp","href":"https:\/\/api.w.org\/{rel}","templated":true}]}}