{"id":1983,"date":"2023-04-28T05:06:04","date_gmt":"2023-04-28T05:06:04","guid":{"rendered":"https:\/\/www.ipecon.sk\/?post_type=product&#038;p=1983"},"modified":"2024-11-18T14:40:25","modified_gmt":"2024-11-18T14:40:25","slug":"durma-plazma-pl-a-pl-c","status":"publish","type":"product","link":"https:\/\/www.ipecon.sk\/en\/product\/durma-plazma-pl-a-pl-c\/","title":{"rendered":"Durma Plazma PL a PL-C"},"content":{"rendered":"<p>V\u00fdkonn\u00e9 kompaktn\u00e9 plazmy radu PL a PL-C s\u00fa navrhovan\u00e9 na rezanie \u0161irok\u00e9ho spektra ocele, nerezovej ocele a hlin\u00edka. Pou\u017eit\u00e9 vybavenie je od popredn\u00fdch svetov\u00fdch v\u00fdrobcov v oblasti delenia materi\u00e1lu plazmou. Plazmy radu PL a PL-C s\u00fa vyr\u00e1ban\u00e9 v rozmeroch stola od 1500 x 3000 mm po 4000 x 12000 mm. Presn\u00e9 polohovanie hor\u00e1ka je zabezpe\u010den\u00e9 pomocou prec\u00edznych line\u00e1rnych veden\u00ed s pohonov\u00fdm syst\u00e9mom servomotormi. Polohovanie je realizovan\u00e9 s presnos\u0165ou +\/- 0,1 mm s maxim\u00e1lnou polohovacou r\u00fdchlos\u0165ou 35 m\/min. Delenie materi\u00e1lu je realizovan\u00e9 maxim\u00e1lnou r\u00fdchlos\u0165ou 12 m\/min.<\/p>\n<p>V ponuke s\u00fa tri typy zdrojov Hypertherm: Hypertherm Max Pro 200 (200 A) so syst\u00e9mom poloautomatick\u00e9ho mie\u0161ania plynov, Hypertherm XPR 170 XD (170 A), alebo Hypertherm XPR 300 XD (300 A). Zdroje XPR 170 a 300 XD je mo\u017en\u00e9 doda\u0165 s tromi r\u00f4znymi typmi syst\u00e9mov automatick\u00e9ho zmie\u0161avania plynov. S\u00fa to Core\u2122 console, Vented Water Injection\u2122 (VWI) console, alebo OptiMix\u2122 console \u2013 pod\u013ea po\u017eiadaviek na kapacitu a kvalitu rezu \u010dierneho materi\u00e1lu, nereze a hlin\u00edka.<\/p>\n<p>Riadiaca jednokta DURMA so softv\u00e9rom AURORA zabezpe\u010duje v\u0161etky potreby oper\u00e1tora pre proces p\u00e1lenia. U\u017e\u00edvate\u013e nastav\u00ed v\u0161etky rezacie parametre ve\u013emi jednoducho. Pre rezanie z\u00e1kladn\u00fdch tvarov je mo\u017en\u00e9 pou\u017ei\u0165 aj kni\u017enicu preddefinovan\u00fdch tvarov. Rezac\u00ed proces je priebe\u017ene zobrazovan\u00fd na displeji. Pomocou softv\u00e9ru Lantek ur\u010den\u00e9ho pre in\u0161tal\u00e1ciu na PC je mo\u017en\u00e9 jednoducho a komfortne vytv\u00e1ra\u0165 p\u00e1liace programy importovan\u00edm DXF a DWG s\u00faborov z r\u00f4znych CAD programov. Modul \u201eauto nesting\u201c pre automatick\u00e9 rozlo\u017eenie v\u00fdrobkov na plech pom\u00e1ha optimalizova\u0165 vyu\u017eitie materi\u00e1lu bez zbyto\u010dn\u00e9ho odpadu. Syst\u00e9m dok\u00e1\u017ee automaticky n\u00e1js\u0165 plech, nulov\u00fd po\u010diato\u010dn\u00fd bod a automaticky vypo\u010d\u00edta\u0165 uhol polo\u017een\u00e9ho plechu na stole.<\/p>\n<p>\u0160irok\u00e9 volite\u013en\u00e9 pr\u00edslu\u0161enstvo umo\u017e\u0148uje vybavi\u0165 stroj \u010fal\u0161\u00edm kysl\u00edkovo-palivov\u00fdm hor\u00e1kom, manu\u00e1lnym alebo CNC nakl\u00e1\u0148an\u00edm rezacej hlavy, v\u0155tacou hlavou s 1, 4 alebo 6 stanicami, rezan\u00edm r\u00far a profilov, \u2026<\/p>","protected":false},"excerpt":{"rendered":"<ul>\n<li>certifik\u00e1t CE<\/li>\n<li>samostatn\u00fd (PL), alebo kompaktn\u00fd integrovan\u00fd (PL-C) pracovn\u00fd st\u00f4l<\/li>\n<li>rozmery stolov od 1500 x 3000 mm po\u00a04000 x 12000 mm<\/li>\n<li>CNC riadiaci syst\u00e9m DURMA<\/li>\n<li>softv\u00e9r Lantek so syst\u00e9mom \u201eauto nesting\u201d<\/li>\n<li>pohon os\u00ed X a Y servomotormi<\/li>\n<li>zdroj plazmy a hor\u00e1k syst\u00e9m Hypertherm MAXPRO 200, XPR 170 XD a XPR 300 XD<\/li>\n<li>v\u00fdkonn\u00fd filter spal\u00edn<\/li>\n<li>syst\u00e9m \u201eozna\u010dovania\u201c materi\u00e1lu<\/li>\n<li>syst\u00e9m ochrany hor\u00e1ka pred po\u0161koden\u00edm pri kol\u00edzii s v\u00fdpalkom<\/li>\n<\/ul>","protected":false},"featured_media":5815,"comment_status":"open","ping_status":"closed","template":"","meta":{"_acf_changed":false,"_et_pb_use_builder":"","_et_pb_old_content":"","_et_gb_content_width":""},"product_brand":[],"product_cat":[35],"product_tag":[],"class_list":{"0":"post-1983","1":"product","2":"type-product","3":"status-publish","4":"has-post-thumbnail","6":"product_cat-plazmy","8":"first","9":"instock","10":"shipping-taxable","11":"product-type-simple"},"acf":[],"yoast_head":"<!-- This site is optimized with the Yoast SEO plugin v27.4 - https:\/\/yoast.com\/product\/yoast-seo-wordpress\/ -->\n<title>Durma Plazma PL a PL-C - IPECON<\/title>\n<meta name=\"robots\" content=\"index, follow, max-snippet:-1, max-image-preview:large, max-video-preview:-1\" \/>\n<link rel=\"canonical\" href=\"https:\/\/www.ipecon.sk\/en\/product\/durma-plazma-pl-a-pl-c\/\" \/>\n<meta property=\"og:locale\" content=\"en_GB\" \/>\n<meta property=\"og:type\" content=\"article\" \/>\n<meta property=\"og:title\" content=\"Durma Plazma PL a PL-C - IPECON\" \/>\n<meta property=\"og:description\" content=\"certifik\u00e1t CE  samostatn\u00fd (PL), alebo kompaktn\u00fd integrovan\u00fd (PL-C) pracovn\u00fd st\u00f4l  rozmery stolov od 1500 x 3000 mm po\u00a04000 x 12000 mm  CNC riadiaci syst\u00e9m DURMA  softv\u00e9r Lantek so syst\u00e9mom \u201eauto nesting\u201d  pohon os\u00ed X a Y servomotormi  zdroj plazmy a hor\u00e1k syst\u00e9m Hypertherm MAXPRO 200, XPR 170 XD a XPR 300 XD  v\u00fdkonn\u00fd filter spal\u00edn  syst\u00e9m \u201eozna\u010dovania\u201c materi\u00e1lu  syst\u00e9m ochrany hor\u00e1ka pred po\u0161koden\u00edm pri kol\u00edzii s v\u00fdpalkom\" \/>\n<meta property=\"og:url\" content=\"https:\/\/www.ipecon.sk\/en\/product\/durma-plazma-pl-a-pl-c\/\" \/>\n<meta property=\"og:site_name\" content=\"IPECON\" \/>\n<meta property=\"article:modified_time\" content=\"2024-11-18T14:40:25+00:00\" \/>\n<meta property=\"og:image\" content=\"https:\/\/www.ipecon.sk\/wp-content\/uploads\/2023\/04\/PLC-2.jpg\" \/>\n\t<meta property=\"og:image:width\" content=\"1297\" \/>\n\t<meta property=\"og:image:height\" content=\"1297\" \/>\n\t<meta property=\"og:image:type\" content=\"image\/jpeg\" \/>\n<meta name=\"twitter:card\" content=\"summary_large_image\" \/>\n<meta name=\"twitter:label1\" content=\"Estimated reading time\" \/>\n\t<meta name=\"twitter:data1\" content=\"2 minutes\" \/>\n<script type=\"application\/ld+json\" class=\"yoast-schema-graph\">{\"@context\":\"https:\\\/\\\/schema.org\",\"@graph\":[{\"@type\":\"WebPage\",\"@id\":\"https:\\\/\\\/www.ipecon.sk\\\/product\\\/durma-plazma-pl-a-pl-c\\\/\",\"url\":\"https:\\\/\\\/www.ipecon.sk\\\/product\\\/durma-plazma-pl-a-pl-c\\\/\",\"name\":\"Durma Plazma PL a PL-C - IPECON\",\"isPartOf\":{\"@id\":\"https:\\\/\\\/www.ipecon.sk\\\/#website\"},\"primaryImageOfPage\":{\"@id\":\"https:\\\/\\\/www.ipecon.sk\\\/product\\\/durma-plazma-pl-a-pl-c\\\/#primaryimage\"},\"image\":{\"@id\":\"https:\\\/\\\/www.ipecon.sk\\\/product\\\/durma-plazma-pl-a-pl-c\\\/#primaryimage\"},\"thumbnailUrl\":\"https:\\\/\\\/www.ipecon.sk\\\/wp-content\\\/uploads\\\/2023\\\/04\\\/PLC-2.jpg\",\"datePublished\":\"2023-04-28T05:06:04+00:00\",\"dateModified\":\"2024-11-18T14:40:25+00:00\",\"breadcrumb\":{\"@id\":\"https:\\\/\\\/www.ipecon.sk\\\/product\\\/durma-plazma-pl-a-pl-c\\\/#breadcrumb\"},\"inLanguage\":\"en-GB\",\"potentialAction\":[{\"@type\":\"ReadAction\",\"target\":[\"https:\\\/\\\/www.ipecon.sk\\\/product\\\/durma-plazma-pl-a-pl-c\\\/\"]}]},{\"@type\":\"ImageObject\",\"inLanguage\":\"en-GB\",\"@id\":\"https:\\\/\\\/www.ipecon.sk\\\/product\\\/durma-plazma-pl-a-pl-c\\\/#primaryimage\",\"url\":\"https:\\\/\\\/www.ipecon.sk\\\/wp-content\\\/uploads\\\/2023\\\/04\\\/PLC-2.jpg\",\"contentUrl\":\"https:\\\/\\\/www.ipecon.sk\\\/wp-content\\\/uploads\\\/2023\\\/04\\\/PLC-2.jpg\",\"width\":1297,\"height\":1297},{\"@type\":\"BreadcrumbList\",\"@id\":\"https:\\\/\\\/www.ipecon.sk\\\/product\\\/durma-plazma-pl-a-pl-c\\\/#breadcrumb\",\"itemListElement\":[{\"@type\":\"ListItem\",\"position\":1,\"name\":\"Home\",\"item\":\"https:\\\/\\\/www.ipecon.sk\\\/\"},{\"@type\":\"ListItem\",\"position\":2,\"name\":\"Shop\",\"item\":\"https:\\\/\\\/www.ipecon.sk\\\/shop\\\/\"},{\"@type\":\"ListItem\",\"position\":3,\"name\":\"Durma Plazma PL a PL-C\"}]},{\"@type\":\"WebSite\",\"@id\":\"https:\\\/\\\/www.ipecon.sk\\\/#website\",\"url\":\"https:\\\/\\\/www.ipecon.sk\\\/\",\"name\":\"IPECON\",\"description\":\"\",\"potentialAction\":[{\"@type\":\"SearchAction\",\"target\":{\"@type\":\"EntryPoint\",\"urlTemplate\":\"https:\\\/\\\/www.ipecon.sk\\\/?s={search_term_string}\"},\"query-input\":{\"@type\":\"PropertyValueSpecification\",\"valueRequired\":true,\"valueName\":\"search_term_string\"}}],\"inLanguage\":\"en-GB\"}]}<\/script>\n<!-- \/ Yoast SEO plugin. -->","yoast_head_json":{"title":"Durma Plazma PL a PL-C - IPECON","robots":{"index":"index","follow":"follow","max-snippet":"max-snippet:-1","max-image-preview":"max-image-preview:large","max-video-preview":"max-video-preview:-1"},"canonical":"https:\/\/www.ipecon.sk\/en\/product\/durma-plazma-pl-a-pl-c\/","og_locale":"en_GB","og_type":"article","og_title":"Durma Plazma PL a PL-C - IPECON","og_description":"certifik\u00e1t CE  samostatn\u00fd (PL), alebo kompaktn\u00fd integrovan\u00fd (PL-C) pracovn\u00fd st\u00f4l  rozmery stolov od 1500 x 3000 mm po\u00a04000 x 12000 mm  CNC riadiaci syst\u00e9m DURMA  softv\u00e9r Lantek so syst\u00e9mom \u201eauto nesting\u201d  pohon os\u00ed X a Y servomotormi  zdroj plazmy a hor\u00e1k syst\u00e9m Hypertherm MAXPRO 200, XPR 170 XD a XPR 300 XD  v\u00fdkonn\u00fd filter spal\u00edn  syst\u00e9m \u201eozna\u010dovania\u201c materi\u00e1lu  syst\u00e9m ochrany hor\u00e1ka pred po\u0161koden\u00edm pri kol\u00edzii s v\u00fdpalkom","og_url":"https:\/\/www.ipecon.sk\/en\/product\/durma-plazma-pl-a-pl-c\/","og_site_name":"IPECON","article_modified_time":"2024-11-18T14:40:25+00:00","og_image":[{"width":1297,"height":1297,"url":"https:\/\/www.ipecon.sk\/wp-content\/uploads\/2023\/04\/PLC-2.jpg","type":"image\/jpeg"}],"twitter_card":"summary_large_image","twitter_misc":{"Estimated reading time":"2 minutes"},"schema":{"@context":"https:\/\/schema.org","@graph":[{"@type":"WebPage","@id":"https:\/\/www.ipecon.sk\/product\/durma-plazma-pl-a-pl-c\/","url":"https:\/\/www.ipecon.sk\/product\/durma-plazma-pl-a-pl-c\/","name":"Durma Plazma PL a PL-C - IPECON","isPartOf":{"@id":"https:\/\/www.ipecon.sk\/#website"},"primaryImageOfPage":{"@id":"https:\/\/www.ipecon.sk\/product\/durma-plazma-pl-a-pl-c\/#primaryimage"},"image":{"@id":"https:\/\/www.ipecon.sk\/product\/durma-plazma-pl-a-pl-c\/#primaryimage"},"thumbnailUrl":"https:\/\/www.ipecon.sk\/wp-content\/uploads\/2023\/04\/PLC-2.jpg","datePublished":"2023-04-28T05:06:04+00:00","dateModified":"2024-11-18T14:40:25+00:00","breadcrumb":{"@id":"https:\/\/www.ipecon.sk\/product\/durma-plazma-pl-a-pl-c\/#breadcrumb"},"inLanguage":"en-GB","potentialAction":[{"@type":"ReadAction","target":["https:\/\/www.ipecon.sk\/product\/durma-plazma-pl-a-pl-c\/"]}]},{"@type":"ImageObject","inLanguage":"en-GB","@id":"https:\/\/www.ipecon.sk\/product\/durma-plazma-pl-a-pl-c\/#primaryimage","url":"https:\/\/www.ipecon.sk\/wp-content\/uploads\/2023\/04\/PLC-2.jpg","contentUrl":"https:\/\/www.ipecon.sk\/wp-content\/uploads\/2023\/04\/PLC-2.jpg","width":1297,"height":1297},{"@type":"BreadcrumbList","@id":"https:\/\/www.ipecon.sk\/product\/durma-plazma-pl-a-pl-c\/#breadcrumb","itemListElement":[{"@type":"ListItem","position":1,"name":"Home","item":"https:\/\/www.ipecon.sk\/"},{"@type":"ListItem","position":2,"name":"Shop","item":"https:\/\/www.ipecon.sk\/shop\/"},{"@type":"ListItem","position":3,"name":"Durma Plazma PL a PL-C"}]},{"@type":"WebSite","@id":"https:\/\/www.ipecon.sk\/#website","url":"https:\/\/www.ipecon.sk\/","name":"IPECON","description":"","potentialAction":[{"@type":"SearchAction","target":{"@type":"EntryPoint","urlTemplate":"https:\/\/www.ipecon.sk\/?s={search_term_string}"},"query-input":{"@type":"PropertyValueSpecification","valueRequired":true,"valueName":"search_term_string"}}],"inLanguage":"en-GB"}]}},"_links":{"self":[{"href":"https:\/\/www.ipecon.sk\/en\/wp-json\/wp\/v2\/product\/1983","targetHints":{"allow":["GET"]}}],"collection":[{"href":"https:\/\/www.ipecon.sk\/en\/wp-json\/wp\/v2\/product"}],"about":[{"href":"https:\/\/www.ipecon.sk\/en\/wp-json\/wp\/v2\/types\/product"}],"replies":[{"embeddable":true,"href":"https:\/\/www.ipecon.sk\/en\/wp-json\/wp\/v2\/comments?post=1983"}],"wp:featuredmedia":[{"embeddable":true,"href":"https:\/\/www.ipecon.sk\/en\/wp-json\/wp\/v2\/media\/5815"}],"wp:attachment":[{"href":"https:\/\/www.ipecon.sk\/en\/wp-json\/wp\/v2\/media?parent=1983"}],"wp:term":[{"taxonomy":"product_brand","embeddable":true,"href":"https:\/\/www.ipecon.sk\/en\/wp-json\/wp\/v2\/product_brand?post=1983"},{"taxonomy":"product_cat","embeddable":true,"href":"https:\/\/www.ipecon.sk\/en\/wp-json\/wp\/v2\/product_cat?post=1983"},{"taxonomy":"product_tag","embeddable":true,"href":"https:\/\/www.ipecon.sk\/en\/wp-json\/wp\/v2\/product_tag?post=1983"}],"curies":[{"name":"wp","href":"https:\/\/api.w.org\/{rel}","templated":true}]}}