{"id":1098,"date":"2023-03-03T11:25:57","date_gmt":"2023-03-03T11:25:57","guid":{"rendered":"https:\/\/www.ipecon.sk\/?post_type=product&#038;p=1098"},"modified":"2024-11-15T10:59:32","modified_gmt":"2024-11-15T10:59:32","slug":"fiber-laser-hd-f-hd-fl","status":"publish","type":"product","link":"https:\/\/www.ipecon.sk\/en\/product\/fiber-laser-hd-f-hd-fl\/","title":{"rendered":"Fiber laser HD-F (HD-FL)"},"content":{"rendered":"<p>2D vysokor\u00fdchlostn\u00fd laserov\u00fd rezac\u00ed stroj radu <strong>HD-F<\/strong> je v\u00fdkonn\u00fd stroj s\u00a0n\u00edzkou spotrebou elektrickej energie na\u00a0 r\u00fdchle, presn\u00e9 a kvalitn\u00e9 rezanie r\u00f4znych materi\u00e1lov r\u00f4znych hr\u00fabok. \u00a0Vysok\u00e1 tuhos\u0165 a\u00a0pevnos\u0165 kon\u0161trukcie stroja umo\u017e\u0148uje naplno uplatni\u0165 princ\u00edp \u201elietaj\u00facej optiky\u201c, t.j. rezan\u00fd materi\u00e1l je polo\u017een\u00fd na pracovnom stole a\u00a0laserov\u00e1 rezacia hlava sa pohybuje vysokou r\u00fdchlos\u0165ou v\u00a0smere os\u00ed X, Y a Z. Polohovanie rezacej hlavy je zabezpe\u010den\u00e9 servomotormi SIEMENS s\u00a0presnos\u0165ou polohovania a\u00a0opakovate\u013enosti polohovania \u00b1 0,05 mm. Vo vyhotoven\u00ed HD-FL je polohovanie hlavy zabezpe\u010den\u00e9 line\u00e1rnymi motormi SIEMENS (volite\u013en\u00e9 pr\u00edslu\u0161enstvo) s\u00a0 presnos\u0165ou polohovania a\u00a0opakovate\u013enosti polohovania \u00b1 0,03 mm. Dva v\u00fdmenn\u00e9 stoly umo\u017e\u0148uj\u00fa maximalizova\u0165 produktivitu a\u00a0minimalizova\u0165 manipula\u010dn\u00e9 \u010dasy. Automatick\u00fd dopravn\u00edk odpadu umo\u017e\u0148uje odstr\u00e1nenie odpadu bez preru\u0161enia rezacieho procesu.<\/p>\n<p><img decoding=\"async\" class=\"alignnone size-full wp-image-6425\" src=\"https:\/\/www.ipecon.sk\/wp-content\/uploads\/2023\/03\/HDFL3015-wide.jpg\" alt=\"\" width=\"2560\" height=\"501\" srcset=\"https:\/\/www.ipecon.sk\/wp-content\/uploads\/2023\/03\/HDFL3015-wide.jpg 2560w, https:\/\/www.ipecon.sk\/wp-content\/uploads\/2023\/03\/HDFL3015-wide-1280x251.jpg 1280w, https:\/\/www.ipecon.sk\/wp-content\/uploads\/2023\/03\/HDFL3015-wide-980x192.jpg 980w, https:\/\/www.ipecon.sk\/wp-content\/uploads\/2023\/03\/HDFL3015-wide-480x94.jpg 480w\" sizes=\"(min-width: 0px) and (max-width: 480px) 480px, (min-width: 481px) and (max-width: 980px) 980px, (min-width: 981px) and (max-width: 1280px) 1280px, (min-width: 1281px) 2560px, 100vw\" \/><\/p>\n<p>Riadiaci syst\u00e9m Sinumerik 840D od firmy <strong>SIEMENS<\/strong> je umiestnen\u00fd na mobilnom paneli.\u00a0 Datab\u00e1za obsahuje rezacie parametre \u00a0pre kon\u0161truk\u010dn\u00fa oce\u013e, nerezov\u00fa oce\u013e, hlin\u00edk, me\u010f a mosadz. CAD\/CAM softv\u00e9r umo\u017e\u0148uje pr\u00edpravu p\u00e1liacich programov z DWG\/DXF v\u00fdkresov. NC k\u00f3dy s\u00fa generovan\u00e9 s oh\u013eadom na optim\u00e1lne vyu\u017eitie plechu a pracovn\u00e9ho \u010dasu, prechod medzi produktmi je realizovan\u00fd najkrat\u0161ou cestou.<\/p>\n<p>Laserov\u00fd l\u00fa\u010d generuje Fiber (vl\u00e1knov\u00fd) zdroj laseru od firmy IPG. \u00a0Ako akt\u00edvne prostredie s\u00fa pou\u017eit\u00e9 optick\u00e9 vl\u00e1kna. \u00a0Energia je do vl\u00e1kna \u010derpan\u00e1 pomocou sady na vl\u00e1kno priamo naviazan\u00fdch polovodi\u010dov\u00fdch di\u00f3d.\u00a0 Vl\u00e1kna s\u00fa pomocou vl\u00e1knov\u00e9ho zlu\u010dova\u010da napojen\u00e9 do akt\u00edvneho prostredia, yterbiov\u00e9ho vl\u00e1kna. Vl\u00e1knov\u00e9 kontinu\u00e1lne lasery sa vyzna\u010duj\u00fa vysokou \u00fa\u010dinnos\u0165ou, pri n\u00edzkom pr\u00edkone. Spolo\u010dnos\u0165 IPG je l\u00eddrom na trhu.<\/p>\n<p>\u0160pi\u010dkov\u00e1 rezacia \u00a0hlava Precitec \u00a0je plne automatick\u00e1, je vybaven\u00e1 syst\u00e9mom senzorov, ktor\u00e9 monitoruj\u00fa rezac\u00ed proces. \u0160tyri LED di\u00f3dy umiestnen\u00e9 priamo na rezacej hlave nepretr\u017eite vizu\u00e1lne informuj\u00fa obsluhu o\u00a0tlaku, teplote, pohone a o \u010distote krycieho skla.\u00a0 Hlavu je cez Bluetooth mo\u017eno pripoji\u0165 na mobiln\u00fd telef\u00f3n s\u00a0aplik\u00e1ciou Precitec a\u00a0tak sledova\u0165 a\u00a0zaznamen\u00e1va\u0165 podrobnej\u0161ie stavy po\u010das prev\u00e1dzky hlavy. R\u00e1m stroja je kon\u0161truovan\u00fd tak, aby umo\u017e\u0148oval dokonale odv\u00e1dza\u0165 spaliny z\u00a0rezania z\u00a0jednotliv\u00fdch sekcii stola do v\u00fdkonn\u00e9ho vzduchov\u00e9ho filtra.<\/p>\n<p>Line\u00e1rne motory SIEMENS (volite\u013en\u00e9 pr\u00edslu\u0161enstvo) s\u00fa \u0161pi\u010dkovou modernou technol\u00f3giou vyu\u017e\u00edvanou pre pohyb os\u00ed modern\u00fdch, r\u00fdchlych a presn\u00fdch CNC strojov, kde je kladen\u00fd d\u00f4raz na vysok\u00fa dynamiku pohybu a presnos\u0165. Motory vykon\u00e1vaj\u00fa r\u00fdchly a\u00a0presn\u00fd pohyb os\u00ed bez mechanick\u00fdch prevodov. Jedna \u010das\u0165 line\u00e1rnych motorov (rotor) je in\u0161talovan\u00e1 na pohybliv\u00fdch \u010dastiach. Druh\u00e1 \u010das\u0165 (stator) je s\u00fa\u010das\u0165ou pohybov\u00fdch dr\u00e1h.<\/p>\n<p>Integrovan\u00fd diagnostick\u00fd koncept umo\u017e\u0148uje identifikova\u0165 pr\u00edpadn\u00fa poruchu na stroji na dia\u013eku. Pre aktivovanie tejto slu\u017eby je potrebn\u00e9 len pripoji\u0165 riadiaci syst\u00e9m na internet a\u00a0v\u00a0pr\u00edpade potreby konzult\u00e1cie, pr\u00edpadne poruchy stroja je servisn\u00fd technik schopn\u00fd stroj plne ovl\u00e1da\u0165 a\u00a0nastavova\u0165 na dia\u013eku.<\/p>","protected":false},"excerpt":{"rendered":"<div class=\"col-2\">\n<ul>\n<li><strong>certifik\u00e1t CE<\/strong><\/li>\n<li><strong>dva automaticky v\u00fdmenn\u00e9 pracovn\u00e9 stoly <\/strong>s\u00a0rozmermi 3000 x 1500, 4000 x 2000 alebo 6000 x 2000 mm<\/li>\n<li><strong>Fiber ( vl\u00e1knov\u00fd ) zdroj laseru IPG YLS\u00a0<\/strong>2 kW, 3 kW, 4 kW, 6 kW, 8 kW, 10 kW, 12 kW a 15 kW<\/li>\n<li><strong>CNC riadiaci syst\u00e9m SIEMENS Sinumerik 840D<\/strong><\/li>\n<li><strong>PC softv\u00e9r Lantek <\/strong>pre pr\u00edpravu p\u00e1liacich programov so syst\u00e9mom \u201eauto nesting\u201c<\/li>\n<li><strong>automatick\u00e1 rezacia hlava PRECITEC Procutter s diagnostikou<\/strong><\/li>\n<li><strong>\u00fa\u010dinn\u00fd syst\u00e9m ods\u00e1vania, v\u00fdkonn\u00fd filter, chladi\u010d<\/strong><\/li>\n<li><strong>centr\u00e1lny mazac\u00ed syst\u00e9m<\/strong><strong>,\u00a0\u00a0<\/strong><strong>klimatiz\u00e1cia elektrick\u00e9ho rozv\u00e1dza\u010da<\/strong><\/li>\n<\/ul>\n<\/div>","protected":false},"featured_media":5793,"comment_status":"open","ping_status":"closed","template":"","meta":{"_acf_changed":false,"_et_pb_use_builder":"off","_et_pb_old_content":"<ul>\r\n \t<li>certifik\u00e1t CE<\/li>\r\n \t<li>dva automaticky v\u00fdmenn\u00e9 pracovn\u00e9 stoly s rozmermi 3000 x 1500, 4000 x 2000 alebo 6000 x 2000 mm<\/li>\r\n \t<li>Fiber ( vl\u00e1knov\u00fd ) zdroj laseru IPG YLS 2 kW, 3 kW, 4 kW, 6 kW, 8 kW, 10 kW, 12 kW a 15 kW<\/li>\r\n \t<li>CNC riadiaci syst\u00e9m SIEMENS Sinumerik 840D<\/li>\r\n \t<li>PC softv\u00e9r Lantek pre pr\u00edpravu p\u00e1liacich programov so syst\u00e9mom \u201eauto nesting\u201c<\/li>\r\n \t<li>automatick\u00e1 rezacia hlava PRECITEC Procutter s diagnostikou<\/li>\r\n \t<li>\u00fa\u010dinn\u00fd syst\u00e9m ods\u00e1vania, v\u00fdkonn\u00fd filter, chladi\u010d<\/li>\r\n \t<li>centr\u00e1lny mazac\u00ed syst\u00e9m, klimatiz\u00e1cia elektrick\u00e9ho rozv\u00e1dza\u010da<\/li>\r\n<\/ul>","_et_gb_content_width":""},"product_brand":[],"product_cat":[29],"product_tag":[41],"class_list":{"0":"post-1098","1":"product","2":"type-product","3":"status-publish","4":"has-post-thumbnail","6":"product_cat-fiber-lasery","7":"product_tag-fiber-laser","9":"first","10":"instock","11":"shipping-taxable","12":"product-type-simple"},"acf":[],"yoast_head":"<!-- This site is optimized with the Yoast SEO plugin v27.4 - https:\/\/yoast.com\/product\/yoast-seo-wordpress\/ -->\n<title>Fiber laser HD-F (HD-FL) - IPECON<\/title>\n<meta name=\"robots\" content=\"index, follow, max-snippet:-1, max-image-preview:large, max-video-preview:-1\" \/>\n<link rel=\"canonical\" href=\"https:\/\/www.ipecon.sk\/en\/product\/fiber-laser-hd-f-hd-fl\/\" \/>\n<meta property=\"og:locale\" content=\"en_GB\" \/>\n<meta property=\"og:type\" content=\"article\" \/>\n<meta property=\"og:title\" content=\"Fiber laser HD-F (HD-FL) - IPECON\" \/>\n<meta property=\"og:description\" content=\"certifik\u00e1t CE  dva automaticky v\u00fdmenn\u00e9 pracovn\u00e9 stoly s\u00a0rozmermi 3000 x 1500, 4000 x 2000 alebo 6000 x 2000 mm  Fiber ( vl\u00e1knov\u00fd ) zdroj laseru IPG YLS\u00a02 kW, 3 kW, 4 kW, 6 kW, 8 kW, 10 kW, 12 kW a 15 kW  CNC riadiaci syst\u00e9m SIEMENS Sinumerik 840D  PC softv\u00e9r Lantek pre pr\u00edpravu p\u00e1liacich programov so syst\u00e9mom \u201eauto nesting\u201c  automatick\u00e1 rezacia hlava PRECITEC Procutter s diagnostikou  \u00fa\u010dinn\u00fd syst\u00e9m ods\u00e1vania, v\u00fdkonn\u00fd filter, chladi\u010d  centr\u00e1lny mazac\u00ed syst\u00e9m,\u00a0\u00a0klimatiz\u00e1cia elektrick\u00e9ho rozv\u00e1dza\u010da\" \/>\n<meta property=\"og:url\" content=\"https:\/\/www.ipecon.sk\/en\/product\/fiber-laser-hd-f-hd-fl\/\" \/>\n<meta property=\"og:site_name\" content=\"IPECON\" \/>\n<meta property=\"article:modified_time\" content=\"2024-11-15T10:59:32+00:00\" \/>\n<meta property=\"og:image\" content=\"https:\/\/www.ipecon.sk\/wp-content\/uploads\/2023\/03\/HD-F.jpg\" \/>\n\t<meta property=\"og:image:width\" content=\"1101\" \/>\n\t<meta property=\"og:image:height\" content=\"1100\" \/>\n\t<meta property=\"og:image:type\" content=\"image\/jpeg\" \/>\n<meta name=\"twitter:card\" content=\"summary_large_image\" \/>\n<meta name=\"twitter:label1\" content=\"Estimated reading time\" \/>\n\t<meta name=\"twitter:data1\" content=\"3 minutes\" \/>\n<script type=\"application\/ld+json\" class=\"yoast-schema-graph\">{\"@context\":\"https:\\\/\\\/schema.org\",\"@graph\":[{\"@type\":\"WebPage\",\"@id\":\"https:\\\/\\\/www.ipecon.sk\\\/product\\\/fiber-laser-hd-f-hd-fl\\\/\",\"url\":\"https:\\\/\\\/www.ipecon.sk\\\/product\\\/fiber-laser-hd-f-hd-fl\\\/\",\"name\":\"Fiber laser HD-F (HD-FL) - IPECON\",\"isPartOf\":{\"@id\":\"https:\\\/\\\/www.ipecon.sk\\\/#website\"},\"primaryImageOfPage\":{\"@id\":\"https:\\\/\\\/www.ipecon.sk\\\/product\\\/fiber-laser-hd-f-hd-fl\\\/#primaryimage\"},\"image\":{\"@id\":\"https:\\\/\\\/www.ipecon.sk\\\/product\\\/fiber-laser-hd-f-hd-fl\\\/#primaryimage\"},\"thumbnailUrl\":\"https:\\\/\\\/www.ipecon.sk\\\/wp-content\\\/uploads\\\/2023\\\/03\\\/HD-F.jpg\",\"datePublished\":\"2023-03-03T11:25:57+00:00\",\"dateModified\":\"2024-11-15T10:59:32+00:00\",\"breadcrumb\":{\"@id\":\"https:\\\/\\\/www.ipecon.sk\\\/product\\\/fiber-laser-hd-f-hd-fl\\\/#breadcrumb\"},\"inLanguage\":\"en-GB\",\"potentialAction\":[{\"@type\":\"ReadAction\",\"target\":[\"https:\\\/\\\/www.ipecon.sk\\\/product\\\/fiber-laser-hd-f-hd-fl\\\/\"]}]},{\"@type\":\"ImageObject\",\"inLanguage\":\"en-GB\",\"@id\":\"https:\\\/\\\/www.ipecon.sk\\\/product\\\/fiber-laser-hd-f-hd-fl\\\/#primaryimage\",\"url\":\"https:\\\/\\\/www.ipecon.sk\\\/wp-content\\\/uploads\\\/2023\\\/03\\\/HD-F.jpg\",\"contentUrl\":\"https:\\\/\\\/www.ipecon.sk\\\/wp-content\\\/uploads\\\/2023\\\/03\\\/HD-F.jpg\",\"width\":1101,\"height\":1100},{\"@type\":\"BreadcrumbList\",\"@id\":\"https:\\\/\\\/www.ipecon.sk\\\/product\\\/fiber-laser-hd-f-hd-fl\\\/#breadcrumb\",\"itemListElement\":[{\"@type\":\"ListItem\",\"position\":1,\"name\":\"Home\",\"item\":\"https:\\\/\\\/www.ipecon.sk\\\/\"},{\"@type\":\"ListItem\",\"position\":2,\"name\":\"Shop\",\"item\":\"https:\\\/\\\/www.ipecon.sk\\\/shop\\\/\"},{\"@type\":\"ListItem\",\"position\":3,\"name\":\"Fiber laser HD-F (HD-FL)\"}]},{\"@type\":\"WebSite\",\"@id\":\"https:\\\/\\\/www.ipecon.sk\\\/#website\",\"url\":\"https:\\\/\\\/www.ipecon.sk\\\/\",\"name\":\"IPECON\",\"description\":\"\",\"potentialAction\":[{\"@type\":\"SearchAction\",\"target\":{\"@type\":\"EntryPoint\",\"urlTemplate\":\"https:\\\/\\\/www.ipecon.sk\\\/?s={search_term_string}\"},\"query-input\":{\"@type\":\"PropertyValueSpecification\",\"valueRequired\":true,\"valueName\":\"search_term_string\"}}],\"inLanguage\":\"en-GB\"}]}<\/script>\n<!-- \/ Yoast SEO plugin. -->","yoast_head_json":{"title":"Fiber laser HD-F (HD-FL) - IPECON","robots":{"index":"index","follow":"follow","max-snippet":"max-snippet:-1","max-image-preview":"max-image-preview:large","max-video-preview":"max-video-preview:-1"},"canonical":"https:\/\/www.ipecon.sk\/en\/product\/fiber-laser-hd-f-hd-fl\/","og_locale":"en_GB","og_type":"article","og_title":"Fiber laser HD-F (HD-FL) - IPECON","og_description":"certifik\u00e1t CE  dva automaticky v\u00fdmenn\u00e9 pracovn\u00e9 stoly s\u00a0rozmermi 3000 x 1500, 4000 x 2000 alebo 6000 x 2000 mm  Fiber ( vl\u00e1knov\u00fd ) zdroj laseru IPG YLS\u00a02 kW, 3 kW, 4 kW, 6 kW, 8 kW, 10 kW, 12 kW a 15 kW  CNC riadiaci syst\u00e9m SIEMENS Sinumerik 840D  PC softv\u00e9r Lantek pre pr\u00edpravu p\u00e1liacich programov so syst\u00e9mom \u201eauto nesting\u201c  automatick\u00e1 rezacia hlava PRECITEC Procutter s diagnostikou  \u00fa\u010dinn\u00fd syst\u00e9m ods\u00e1vania, v\u00fdkonn\u00fd filter, chladi\u010d  centr\u00e1lny mazac\u00ed syst\u00e9m,\u00a0\u00a0klimatiz\u00e1cia elektrick\u00e9ho rozv\u00e1dza\u010da","og_url":"https:\/\/www.ipecon.sk\/en\/product\/fiber-laser-hd-f-hd-fl\/","og_site_name":"IPECON","article_modified_time":"2024-11-15T10:59:32+00:00","og_image":[{"width":1101,"height":1100,"url":"https:\/\/www.ipecon.sk\/wp-content\/uploads\/2023\/03\/HD-F.jpg","type":"image\/jpeg"}],"twitter_card":"summary_large_image","twitter_misc":{"Estimated reading time":"3 minutes"},"schema":{"@context":"https:\/\/schema.org","@graph":[{"@type":"WebPage","@id":"https:\/\/www.ipecon.sk\/product\/fiber-laser-hd-f-hd-fl\/","url":"https:\/\/www.ipecon.sk\/product\/fiber-laser-hd-f-hd-fl\/","name":"Fiber laser HD-F (HD-FL) - IPECON","isPartOf":{"@id":"https:\/\/www.ipecon.sk\/#website"},"primaryImageOfPage":{"@id":"https:\/\/www.ipecon.sk\/product\/fiber-laser-hd-f-hd-fl\/#primaryimage"},"image":{"@id":"https:\/\/www.ipecon.sk\/product\/fiber-laser-hd-f-hd-fl\/#primaryimage"},"thumbnailUrl":"https:\/\/www.ipecon.sk\/wp-content\/uploads\/2023\/03\/HD-F.jpg","datePublished":"2023-03-03T11:25:57+00:00","dateModified":"2024-11-15T10:59:32+00:00","breadcrumb":{"@id":"https:\/\/www.ipecon.sk\/product\/fiber-laser-hd-f-hd-fl\/#breadcrumb"},"inLanguage":"en-GB","potentialAction":[{"@type":"ReadAction","target":["https:\/\/www.ipecon.sk\/product\/fiber-laser-hd-f-hd-fl\/"]}]},{"@type":"ImageObject","inLanguage":"en-GB","@id":"https:\/\/www.ipecon.sk\/product\/fiber-laser-hd-f-hd-fl\/#primaryimage","url":"https:\/\/www.ipecon.sk\/wp-content\/uploads\/2023\/03\/HD-F.jpg","contentUrl":"https:\/\/www.ipecon.sk\/wp-content\/uploads\/2023\/03\/HD-F.jpg","width":1101,"height":1100},{"@type":"BreadcrumbList","@id":"https:\/\/www.ipecon.sk\/product\/fiber-laser-hd-f-hd-fl\/#breadcrumb","itemListElement":[{"@type":"ListItem","position":1,"name":"Home","item":"https:\/\/www.ipecon.sk\/"},{"@type":"ListItem","position":2,"name":"Shop","item":"https:\/\/www.ipecon.sk\/shop\/"},{"@type":"ListItem","position":3,"name":"Fiber laser HD-F (HD-FL)"}]},{"@type":"WebSite","@id":"https:\/\/www.ipecon.sk\/#website","url":"https:\/\/www.ipecon.sk\/","name":"IPECON","description":"","potentialAction":[{"@type":"SearchAction","target":{"@type":"EntryPoint","urlTemplate":"https:\/\/www.ipecon.sk\/?s={search_term_string}"},"query-input":{"@type":"PropertyValueSpecification","valueRequired":true,"valueName":"search_term_string"}}],"inLanguage":"en-GB"}]}},"_links":{"self":[{"href":"https:\/\/www.ipecon.sk\/en\/wp-json\/wp\/v2\/product\/1098","targetHints":{"allow":["GET"]}}],"collection":[{"href":"https:\/\/www.ipecon.sk\/en\/wp-json\/wp\/v2\/product"}],"about":[{"href":"https:\/\/www.ipecon.sk\/en\/wp-json\/wp\/v2\/types\/product"}],"replies":[{"embeddable":true,"href":"https:\/\/www.ipecon.sk\/en\/wp-json\/wp\/v2\/comments?post=1098"}],"wp:featuredmedia":[{"embeddable":true,"href":"https:\/\/www.ipecon.sk\/en\/wp-json\/wp\/v2\/media\/5793"}],"wp:attachment":[{"href":"https:\/\/www.ipecon.sk\/en\/wp-json\/wp\/v2\/media?parent=1098"}],"wp:term":[{"taxonomy":"product_brand","embeddable":true,"href":"https:\/\/www.ipecon.sk\/en\/wp-json\/wp\/v2\/product_brand?post=1098"},{"taxonomy":"product_cat","embeddable":true,"href":"https:\/\/www.ipecon.sk\/en\/wp-json\/wp\/v2\/product_cat?post=1098"},{"taxonomy":"product_tag","embeddable":true,"href":"https:\/\/www.ipecon.sk\/en\/wp-json\/wp\/v2\/product_tag?post=1098"}],"curies":[{"name":"wp","href":"https:\/\/api.w.org\/{rel}","templated":true}]}}