{"id":4542,"date":"2023-08-03T13:13:52","date_gmt":"2023-08-03T13:13:52","guid":{"rendered":"https:\/\/www.ipecon.sk\/?page_id=4542"},"modified":"2023-08-14T07:31:52","modified_gmt":"2023-08-14T07:31:52","slug":"idoeet-2","status":"publish","type":"page","link":"https:\/\/www.ipecon.sk\/en\/idoeet-2\/","title":{"rendered":"Idoeet"},"content":{"rendered":"<div class=\"wp-block-media-text alignwide is-stacked-on-mobile\" style=\"grid-template-columns:15% auto\"><figure class=\"wp-block-media-text__media\"><img decoding=\"async\" src=\"https:\/\/ps.ipecon.sk\/wp-content\/uploads\/2016\/10\/16_idoeetlogo.jpg\" alt=\"\" class=\"wp-image-1213 size-full\"\/><\/figure><div class=\"wp-block-media-text__content\">\n<h3 class=\"wp-block-heading\"><a href=\"http:\/\/www.eet.sk\/\" target=\"_blank\" rel=\"noreferrer noopener\">www.eet.sk<\/a><\/h3>\n\n\n\n<p>Firma IDO EET \u2013 Levick\u00e9 stroj\u00e1rne s.r.o. je \u010dlenom firemn\u00e9ho zoskupenia EET, ktor\u00e9 vytv\u00e1raj\u00fa \u0161tyri spolo\u010dnosti, dve so s\u00eddlom v Nemecku a dve so s\u00eddlom na Slovensku. Tieto spolo\u010dnosti sa pri vz\u00e1jomnej spolupr\u00e1ci podie\u013eaj\u00fa na n\u00e1vrhu, v\u00fdrobe, dod\u00e1vkach a mont\u00e1\u017ei technologick\u00fdch zariaden\u00ed, alebo ich \u010dast\u00ed v oblasti energetiky, priemyselnej vzduchotechniky, ods\u00e1vania, filtr\u00e1cie, pneumatickej a mechanickej dopravy.<\/p>\n\n\n\n<p>Spolo\u010dnos\u0165 IDO EET \u2013 Levick\u00e9 stroj\u00e1rne, s.r.o. je v\u00fdrobn\u00fd z\u00e1vod stroj\u00e1rskeho charakteru s\u00eddliaci na z\u00e1padnom Slovensku v Leviciach. \u0164a\u017eisko \u010dinnosti spolo\u010dnosti spo\u010d\u00edva vo v\u00fdrobe, dod\u00e1vkach a mont\u00e1\u017ei zariaden\u00ed.<\/p>\n<\/div><\/div>\n\n\n\n<h3 class=\"wp-block-heading\"><\/h3>\n\n\n\n<p><strong>Spolo\u010dnos\u0165 IDO EET pou\u017e\u00edva tieto stroje DURMA:<\/strong><\/p>\n\n\n\n<hr class=\"wp-block-separator has-alpha-channel-opacity\"\/>\n\n\n\n<p>Motorick\u00e1 zakru\u017eova\u010dka plechu&nbsp;<strong>DURMA MRB-S 1506&nbsp;<\/strong>(r. v. 2017)<\/p>\n\n\n\n<ul class=\"wp-block-list\">\n<li>Vybavenie: Digit\u00e1lne od\u010d\u00edtanie polohy spodn\u00e9ho a bo\u010dn\u00e9ho valca, valce induk\u010dne kalen\u00e9 a br\u00fasen\u00e9<\/li>\n<\/ul>\n\n\n\n<p>Hydraulick\u00e1 zakru\u017eova\u010dka plechov&nbsp;<strong>DURMA&nbsp;HRB-4 2008&nbsp;<\/strong>(r. v. 2014)<\/p>\n\n\n\n<ul class=\"wp-block-list\">\n<li>Vybavenie:&nbsp;Riadiaci panel s&nbsp;digit\u00e1lnym od\u010d\u00edtan\u00edm polohy valcov, s&nbsp;mo\u017enos\u0165ou zakru\u017eova\u0165 aj do ku\u017ee\u013eov, s&nbsp;nastavite\u013en\u00fdm hydraulick\u00fdm pr\u00edtlakom spodn\u00e9ho valca<\/li>\n<\/ul>","protected":false},"excerpt":{"rendered":"<p>www.eet.sk Firma IDO EET \u2013 Levick\u00e9 stroj\u00e1rne s.r.o. je \u010dlenom firemn\u00e9ho zoskupenia EET, ktor\u00e9 vytv\u00e1raj\u00fa \u0161tyri spolo\u010dnosti, dve so s\u00eddlom v Nemecku a dve so s\u00eddlom na Slovensku. Tieto spolo\u010dnosti sa pri vz\u00e1jomnej spolupr\u00e1ci podie\u013eaj\u00fa na n\u00e1vrhu, v\u00fdrobe, dod\u00e1vkach a mont\u00e1\u017ei technologick\u00fdch zariaden\u00ed, alebo ich \u010dast\u00ed v oblasti energetiky, priemyselnej vzduchotechniky, ods\u00e1vania, filtr\u00e1cie, pneumatickej a [&hellip;]<\/p>\n","protected":false},"author":1,"featured_media":0,"parent":0,"menu_order":0,"comment_status":"closed","ping_status":"closed","template":"","meta":{"_acf_changed":false,"_et_pb_use_builder":"off","_et_pb_old_content":"","_et_gb_content_width":"","footnotes":""},"class_list":["post-4542","page","type-page","status-publish","hentry"],"acf":[],"yoast_head":"<!-- This site is optimized with the Yoast SEO plugin v27.4 - https:\/\/yoast.com\/product\/yoast-seo-wordpress\/ -->\n<title>Idoeet - IPECON<\/title>\n<meta name=\"robots\" content=\"index, follow, max-snippet:-1, max-image-preview:large, max-video-preview:-1\" \/>\n<link rel=\"canonical\" href=\"https:\/\/www.ipecon.sk\/en\/idoeet-2\/\" \/>\n<meta property=\"og:locale\" content=\"en_GB\" \/>\n<meta property=\"og:type\" content=\"article\" \/>\n<meta property=\"og:title\" content=\"Idoeet - IPECON\" \/>\n<meta property=\"og:description\" content=\"www.eet.sk Firma IDO EET \u2013 Levick\u00e9 stroj\u00e1rne s.r.o. je \u010dlenom firemn\u00e9ho zoskupenia EET, ktor\u00e9 vytv\u00e1raj\u00fa \u0161tyri spolo\u010dnosti, dve so s\u00eddlom v Nemecku a dve so s\u00eddlom na Slovensku. Tieto spolo\u010dnosti sa pri vz\u00e1jomnej spolupr\u00e1ci podie\u013eaj\u00fa na n\u00e1vrhu, v\u00fdrobe, dod\u00e1vkach a mont\u00e1\u017ei technologick\u00fdch zariaden\u00ed, alebo ich \u010dast\u00ed v oblasti energetiky, priemyselnej vzduchotechniky, ods\u00e1vania, filtr\u00e1cie, pneumatickej a [&hellip;]\" \/>\n<meta property=\"og:url\" content=\"https:\/\/www.ipecon.sk\/en\/idoeet-2\/\" \/>\n<meta property=\"og:site_name\" content=\"IPECON\" \/>\n<meta property=\"article:modified_time\" content=\"2023-08-14T07:31:52+00:00\" \/>\n<meta property=\"og:image\" content=\"https:\/\/ps.ipecon.sk\/wp-content\/uploads\/2016\/10\/16_idoeetlogo.jpg\" \/>\n<meta name=\"twitter:card\" content=\"summary_large_image\" \/>\n<meta name=\"twitter:label1\" content=\"Estimated reading time\" \/>\n\t<meta name=\"twitter:data1\" content=\"1 minute\" \/>\n<script type=\"application\/ld+json\" class=\"yoast-schema-graph\">{\"@context\":\"https:\\\/\\\/schema.org\",\"@graph\":[{\"@type\":\"WebPage\",\"@id\":\"https:\\\/\\\/www.ipecon.sk\\\/idoeet-2\\\/\",\"url\":\"https:\\\/\\\/www.ipecon.sk\\\/idoeet-2\\\/\",\"name\":\"Idoeet - IPECON\",\"isPartOf\":{\"@id\":\"https:\\\/\\\/www.ipecon.sk\\\/#website\"},\"primaryImageOfPage\":{\"@id\":\"https:\\\/\\\/www.ipecon.sk\\\/idoeet-2\\\/#primaryimage\"},\"image\":{\"@id\":\"https:\\\/\\\/www.ipecon.sk\\\/idoeet-2\\\/#primaryimage\"},\"thumbnailUrl\":\"https:\\\/\\\/ps.ipecon.sk\\\/wp-content\\\/uploads\\\/2016\\\/10\\\/16_idoeetlogo.jpg\",\"datePublished\":\"2023-08-03T13:13:52+00:00\",\"dateModified\":\"2023-08-14T07:31:52+00:00\",\"breadcrumb\":{\"@id\":\"https:\\\/\\\/www.ipecon.sk\\\/idoeet-2\\\/#breadcrumb\"},\"inLanguage\":\"en-GB\",\"potentialAction\":[{\"@type\":\"ReadAction\",\"target\":[\"https:\\\/\\\/www.ipecon.sk\\\/idoeet-2\\\/\"]}]},{\"@type\":\"ImageObject\",\"inLanguage\":\"en-GB\",\"@id\":\"https:\\\/\\\/www.ipecon.sk\\\/idoeet-2\\\/#primaryimage\",\"url\":\"https:\\\/\\\/ps.ipecon.sk\\\/wp-content\\\/uploads\\\/2016\\\/10\\\/16_idoeetlogo.jpg\",\"contentUrl\":\"https:\\\/\\\/ps.ipecon.sk\\\/wp-content\\\/uploads\\\/2016\\\/10\\\/16_idoeetlogo.jpg\"},{\"@type\":\"BreadcrumbList\",\"@id\":\"https:\\\/\\\/www.ipecon.sk\\\/idoeet-2\\\/#breadcrumb\",\"itemListElement\":[{\"@type\":\"ListItem\",\"position\":1,\"name\":\"Home\",\"item\":\"https:\\\/\\\/www.ipecon.sk\\\/\"},{\"@type\":\"ListItem\",\"position\":2,\"name\":\"Idoeet\"}]},{\"@type\":\"WebSite\",\"@id\":\"https:\\\/\\\/www.ipecon.sk\\\/#website\",\"url\":\"https:\\\/\\\/www.ipecon.sk\\\/\",\"name\":\"IPECON\",\"description\":\"\",\"potentialAction\":[{\"@type\":\"SearchAction\",\"target\":{\"@type\":\"EntryPoint\",\"urlTemplate\":\"https:\\\/\\\/www.ipecon.sk\\\/?s={search_term_string}\"},\"query-input\":{\"@type\":\"PropertyValueSpecification\",\"valueRequired\":true,\"valueName\":\"search_term_string\"}}],\"inLanguage\":\"en-GB\"}]}<\/script>\n<!-- \/ Yoast SEO plugin. -->","yoast_head_json":{"title":"Idoeet - IPECON","robots":{"index":"index","follow":"follow","max-snippet":"max-snippet:-1","max-image-preview":"max-image-preview:large","max-video-preview":"max-video-preview:-1"},"canonical":"https:\/\/www.ipecon.sk\/en\/idoeet-2\/","og_locale":"en_GB","og_type":"article","og_title":"Idoeet - IPECON","og_description":"www.eet.sk Firma IDO EET \u2013 Levick\u00e9 stroj\u00e1rne s.r.o. je \u010dlenom firemn\u00e9ho zoskupenia EET, ktor\u00e9 vytv\u00e1raj\u00fa \u0161tyri spolo\u010dnosti, dve so s\u00eddlom v Nemecku a dve so s\u00eddlom na Slovensku. Tieto spolo\u010dnosti sa pri vz\u00e1jomnej spolupr\u00e1ci podie\u013eaj\u00fa na n\u00e1vrhu, v\u00fdrobe, dod\u00e1vkach a mont\u00e1\u017ei technologick\u00fdch zariaden\u00ed, alebo ich \u010dast\u00ed v oblasti energetiky, priemyselnej vzduchotechniky, ods\u00e1vania, filtr\u00e1cie, pneumatickej a [&hellip;]","og_url":"https:\/\/www.ipecon.sk\/en\/idoeet-2\/","og_site_name":"IPECON","article_modified_time":"2023-08-14T07:31:52+00:00","og_image":[{"url":"https:\/\/ps.ipecon.sk\/wp-content\/uploads\/2016\/10\/16_idoeetlogo.jpg","type":"","width":"","height":""}],"twitter_card":"summary_large_image","twitter_misc":{"Estimated reading time":"1 minute"},"schema":{"@context":"https:\/\/schema.org","@graph":[{"@type":"WebPage","@id":"https:\/\/www.ipecon.sk\/idoeet-2\/","url":"https:\/\/www.ipecon.sk\/idoeet-2\/","name":"Idoeet - IPECON","isPartOf":{"@id":"https:\/\/www.ipecon.sk\/#website"},"primaryImageOfPage":{"@id":"https:\/\/www.ipecon.sk\/idoeet-2\/#primaryimage"},"image":{"@id":"https:\/\/www.ipecon.sk\/idoeet-2\/#primaryimage"},"thumbnailUrl":"https:\/\/ps.ipecon.sk\/wp-content\/uploads\/2016\/10\/16_idoeetlogo.jpg","datePublished":"2023-08-03T13:13:52+00:00","dateModified":"2023-08-14T07:31:52+00:00","breadcrumb":{"@id":"https:\/\/www.ipecon.sk\/idoeet-2\/#breadcrumb"},"inLanguage":"en-GB","potentialAction":[{"@type":"ReadAction","target":["https:\/\/www.ipecon.sk\/idoeet-2\/"]}]},{"@type":"ImageObject","inLanguage":"en-GB","@id":"https:\/\/www.ipecon.sk\/idoeet-2\/#primaryimage","url":"https:\/\/ps.ipecon.sk\/wp-content\/uploads\/2016\/10\/16_idoeetlogo.jpg","contentUrl":"https:\/\/ps.ipecon.sk\/wp-content\/uploads\/2016\/10\/16_idoeetlogo.jpg"},{"@type":"BreadcrumbList","@id":"https:\/\/www.ipecon.sk\/idoeet-2\/#breadcrumb","itemListElement":[{"@type":"ListItem","position":1,"name":"Home","item":"https:\/\/www.ipecon.sk\/"},{"@type":"ListItem","position":2,"name":"Idoeet"}]},{"@type":"WebSite","@id":"https:\/\/www.ipecon.sk\/#website","url":"https:\/\/www.ipecon.sk\/","name":"IPECON","description":"","potentialAction":[{"@type":"SearchAction","target":{"@type":"EntryPoint","urlTemplate":"https:\/\/www.ipecon.sk\/?s={search_term_string}"},"query-input":{"@type":"PropertyValueSpecification","valueRequired":true,"valueName":"search_term_string"}}],"inLanguage":"en-GB"}]}},"_links":{"self":[{"href":"https:\/\/www.ipecon.sk\/en\/wp-json\/wp\/v2\/pages\/4542","targetHints":{"allow":["GET"]}}],"collection":[{"href":"https:\/\/www.ipecon.sk\/en\/wp-json\/wp\/v2\/pages"}],"about":[{"href":"https:\/\/www.ipecon.sk\/en\/wp-json\/wp\/v2\/types\/page"}],"author":[{"embeddable":true,"href":"https:\/\/www.ipecon.sk\/en\/wp-json\/wp\/v2\/users\/1"}],"replies":[{"embeddable":true,"href":"https:\/\/www.ipecon.sk\/en\/wp-json\/wp\/v2\/comments?post=4542"}],"version-history":[{"count":2,"href":"https:\/\/www.ipecon.sk\/en\/wp-json\/wp\/v2\/pages\/4542\/revisions"}],"predecessor-version":[{"id":5039,"href":"https:\/\/www.ipecon.sk\/en\/wp-json\/wp\/v2\/pages\/4542\/revisions\/5039"}],"wp:attachment":[{"href":"https:\/\/www.ipecon.sk\/en\/wp-json\/wp\/v2\/media?parent=4542"}],"curies":[{"name":"wp","href":"https:\/\/api.w.org\/{rel}","templated":true}]}}