{"id":4538,"date":"2023-08-03T13:13:16","date_gmt":"2023-08-03T13:13:16","guid":{"rendered":"https:\/\/www.ipecon.sk\/?page_id=4538"},"modified":"2023-08-14T07:35:41","modified_gmt":"2023-08-14T07:35:41","slug":"kovo-meta-2","status":"publish","type":"page","link":"https:\/\/www.ipecon.sk\/en\/kovo-meta-2\/","title":{"rendered":"Kovo meta"},"content":{"rendered":"<p><\/p>\n\n\n\n<div class=\"wp-block-media-text alignwide is-stacked-on-mobile\" style=\"grid-template-columns:15% auto\"><figure class=\"wp-block-media-text__media\"><a href=\"http:\/\/www.kovometa.sk\/\" target=\"_blank\" rel=\"noreferrer noopener\"><img decoding=\"async\" src=\"https:\/\/ps.ipecon.sk\/wp-content\/uploads\/2016\/10\/15_kovometa_logo.jpg\" alt=\"\" class=\"wp-image-1212 size-full\"\/><\/a><\/figure><div class=\"wp-block-media-text__content\">\n<h3 class=\"wp-block-heading\"><a href=\"http:\/\/www.kovometa.sk\/\" target=\"_blank\" rel=\"noreferrer noopener\">www.kovometa.sk<\/a><\/h3>\n\n\n\n<p>Kovometa, s.r.o. je spolo\u010dnos\u0165, ktor\u00e1 pon\u00faka \u0161irok\u00fd sortiment v\u00fdrobkov a slu\u017eieb orientovan\u00fdch preva\u017ene na stroj\u00e1rsky a automobilov\u00fd priemysel. Na\u0161e v\u00fdrobky s\u00fa v\u00fdsledkom \u0161pecifick\u00fdch po\u017eiadaviek na\u0161ich z\u00e1kazn\u00edkov. Na ich v\u00fdrobu pou\u017e\u00edvame materi\u00e1ly z be\u017enej ocele, antikoru, hlin\u00edka alebo plastov. Jedn\u00e1 sa o men\u0161ie v\u00fdrobky ako voz\u00edky, stojany, vane a\u017e po v\u00e4\u010d\u0161ie oce\u013eov\u00e9 kon\u0161trukcie, ktor\u00e9 si vy\u017eaduj\u00fa aj povrchov\u00fa \u00fapravu. Na\u0161e slu\u017eby s\u00fa zameran\u00e9 preva\u017ene na \u00fadr\u017ebu strojov a strojn\u00fdch zariaden\u00ed, dopravn\u00edkov\u00fdch syst\u00e9mov, mont\u00e1\u017ene a servisn\u00e9 pr\u00e1ce vzduchotechniky.<\/p>\n<\/div><\/div>\n\n\n\n<h3 class=\"wp-block-heading\"><\/h3>\n\n\n\n<p><strong>Spolo\u010dnos\u0165 KOVOMETA pou\u017e\u00edva tieto stroje DURMA:<\/strong><\/p>\n\n\n\n<hr class=\"wp-block-separator has-alpha-channel-opacity\"\/>\n\n\n\n<p>Hydraulick\u00fd ohra\u0148ovac\u00ed lis&nbsp;<strong>DURMA AD-R 30175&nbsp;<\/strong>(r. v. 2022)<\/p>\n\n\n\n<ul class=\"wp-block-list\">\n<li>Vybavenie: 2D Grafick\u00fd CNC riadiaci syst\u00e9m DT 15, CNC osi Y1, Y2, X, R, &nbsp;Manu\u00e1lne nastavenie priehybu stola, Laserov\u00e1 ochrana r\u00fak, P\u00e1\u010dkov\u00e9 r\u00fdchloup\u00ednanie<\/li>\n<\/ul>\n\n\n\n<p>Elektromechanick\u00e9 tabu\u013eov\u00e9 no\u017enice&nbsp;<strong>DURMA&nbsp;MS 1303&nbsp;<\/strong>(r. v. 2021)<\/p>\n\n\n\n<ul class=\"wp-block-list\">\n<li>Vybavenie: jedno\u00fa\u010delov\u00e9 no\u017enice s&nbsp;automatick\u00fdm nastaven\u00edm zadn\u00e9ho dorazu , s pevn\u00fdm uhlom strihu<\/li>\n<\/ul>\n\n\n\n<p>Hydraulick\u00e9 tabu\u013eov\u00e9 no\u017enice&nbsp;<strong>DURMA&nbsp;SBT 3006&nbsp;<\/strong>(r. v. 2016)<\/p>\n\n\n\n<ul class=\"wp-block-list\">\n<li>Vybavenie:&nbsp;NC no\u017enice s&nbsp;automatick\u00fdm nastaven\u00edm zadn\u00e9ho dorazu a d\u013a\u017eky strihu, s pevn\u00fdm uhlom strihu a&nbsp;manu\u00e1lnym nastaven\u00edm medzery medzi no\u017emi<\/li>\n<\/ul>\n\n\n\n<p>Motorick\u00e1 zakru\u017eova\u010dka plechov&nbsp;&nbsp;<strong>DURMA MRB-E 1003&nbsp;<\/strong>(r. v. 2015)<\/p>\n\n\n\n<ul class=\"wp-block-list\">\n<li>Vybavenie: Manu\u00e1lne nastavenie polohy spodn\u00e9ho a&nbsp;zadn\u00e9ho valca, bez od\u010d\u00edtania polohy valcov, s&nbsp;mo\u017enos\u0165ou zakru\u017eova\u0165 aj do ku\u017ee\u013eov<\/li>\n<\/ul>\n\n\n\n<p>Profilov\u00e9 no\u017enice s dierovan\u00edm&nbsp;&nbsp;<strong>DURMA IW 55\/110 BTD&nbsp;<\/strong>(r. v. 2014)<\/p>\n\n\n\n<ul class=\"wp-block-list\">\n<li>Vybavenie: Samostatn\u00e9 dierovacie pracovisko, Samostatn\u00e9 pracovisko pre strihanie L profilov a ty\u010dov\u00e9ho materi\u00e1lu<\/li>\n<\/ul>\n\n\n\n<p>Hydraulick\u00e1 zakru\u017eova\u010dka profilov&nbsp;&nbsp;<strong>DURMA PBH 60&nbsp;<\/strong>(r. v. 2014)<\/p>\n\n\n\n<ul class=\"wp-block-list\">\n<li>Vybavenie: Z\u00e1kladn\u00fd riadiaci panel s&nbsp;digit\u00e1lnym od\u010d\u00edtan\u00edm polohy valcov, z\u00e1kladn\u00e1 sada univerz\u00e1lnych kladiek, \u010fal\u0161ie dopl\u0148uj\u00face kladky.<\/li>\n<\/ul>","protected":false},"excerpt":{"rendered":"<p>www.kovometa.sk Kovometa, s.r.o. je spolo\u010dnos\u0165, ktor\u00e1 pon\u00faka \u0161irok\u00fd sortiment v\u00fdrobkov a slu\u017eieb orientovan\u00fdch preva\u017ene na stroj\u00e1rsky a automobilov\u00fd priemysel. Na\u0161e v\u00fdrobky s\u00fa v\u00fdsledkom \u0161pecifick\u00fdch po\u017eiadaviek na\u0161ich z\u00e1kazn\u00edkov. Na ich v\u00fdrobu pou\u017e\u00edvame materi\u00e1ly z be\u017enej ocele, antikoru, hlin\u00edka alebo plastov. Jedn\u00e1 sa o men\u0161ie v\u00fdrobky ako voz\u00edky, stojany, vane a\u017e po v\u00e4\u010d\u0161ie oce\u013eov\u00e9 kon\u0161trukcie, ktor\u00e9 si [&hellip;]<\/p>\n","protected":false},"author":1,"featured_media":0,"parent":0,"menu_order":0,"comment_status":"closed","ping_status":"closed","template":"","meta":{"_acf_changed":false,"_et_pb_use_builder":"off","_et_pb_old_content":"","_et_gb_content_width":"","footnotes":""},"class_list":["post-4538","page","type-page","status-publish","hentry"],"acf":[],"yoast_head":"<!-- This site is optimized with the Yoast SEO plugin v27.4 - https:\/\/yoast.com\/product\/yoast-seo-wordpress\/ -->\n<title>Kovo meta - IPECON<\/title>\n<meta name=\"robots\" content=\"index, follow, max-snippet:-1, max-image-preview:large, max-video-preview:-1\" \/>\n<link rel=\"canonical\" href=\"https:\/\/www.ipecon.sk\/en\/kovo-meta-2\/\" \/>\n<meta property=\"og:locale\" content=\"en_GB\" \/>\n<meta property=\"og:type\" content=\"article\" \/>\n<meta property=\"og:title\" content=\"Kovo meta - IPECON\" \/>\n<meta property=\"og:description\" content=\"www.kovometa.sk Kovometa, s.r.o. je spolo\u010dnos\u0165, ktor\u00e1 pon\u00faka \u0161irok\u00fd sortiment v\u00fdrobkov a slu\u017eieb orientovan\u00fdch preva\u017ene na stroj\u00e1rsky a automobilov\u00fd priemysel. Na\u0161e v\u00fdrobky s\u00fa v\u00fdsledkom \u0161pecifick\u00fdch po\u017eiadaviek na\u0161ich z\u00e1kazn\u00edkov. Na ich v\u00fdrobu pou\u017e\u00edvame materi\u00e1ly z be\u017enej ocele, antikoru, hlin\u00edka alebo plastov. Jedn\u00e1 sa o men\u0161ie v\u00fdrobky ako voz\u00edky, stojany, vane a\u017e po v\u00e4\u010d\u0161ie oce\u013eov\u00e9 kon\u0161trukcie, ktor\u00e9 si [&hellip;]\" \/>\n<meta property=\"og:url\" content=\"https:\/\/www.ipecon.sk\/en\/kovo-meta-2\/\" \/>\n<meta property=\"og:site_name\" content=\"IPECON\" \/>\n<meta property=\"article:modified_time\" content=\"2023-08-14T07:35:41+00:00\" \/>\n<meta property=\"og:image\" content=\"https:\/\/ps.ipecon.sk\/wp-content\/uploads\/2016\/10\/15_kovometa_logo.jpg\" \/>\n<meta name=\"twitter:card\" content=\"summary_large_image\" \/>\n<meta name=\"twitter:label1\" content=\"Estimated reading time\" \/>\n\t<meta name=\"twitter:data1\" content=\"2 minutes\" \/>\n<script type=\"application\/ld+json\" class=\"yoast-schema-graph\">{\"@context\":\"https:\\\/\\\/schema.org\",\"@graph\":[{\"@type\":\"WebPage\",\"@id\":\"https:\\\/\\\/www.ipecon.sk\\\/kovo-meta-2\\\/\",\"url\":\"https:\\\/\\\/www.ipecon.sk\\\/kovo-meta-2\\\/\",\"name\":\"Kovo meta - IPECON\",\"isPartOf\":{\"@id\":\"https:\\\/\\\/www.ipecon.sk\\\/#website\"},\"primaryImageOfPage\":{\"@id\":\"https:\\\/\\\/www.ipecon.sk\\\/kovo-meta-2\\\/#primaryimage\"},\"image\":{\"@id\":\"https:\\\/\\\/www.ipecon.sk\\\/kovo-meta-2\\\/#primaryimage\"},\"thumbnailUrl\":\"https:\\\/\\\/ps.ipecon.sk\\\/wp-content\\\/uploads\\\/2016\\\/10\\\/15_kovometa_logo.jpg\",\"datePublished\":\"2023-08-03T13:13:16+00:00\",\"dateModified\":\"2023-08-14T07:35:41+00:00\",\"breadcrumb\":{\"@id\":\"https:\\\/\\\/www.ipecon.sk\\\/kovo-meta-2\\\/#breadcrumb\"},\"inLanguage\":\"en-GB\",\"potentialAction\":[{\"@type\":\"ReadAction\",\"target\":[\"https:\\\/\\\/www.ipecon.sk\\\/kovo-meta-2\\\/\"]}]},{\"@type\":\"ImageObject\",\"inLanguage\":\"en-GB\",\"@id\":\"https:\\\/\\\/www.ipecon.sk\\\/kovo-meta-2\\\/#primaryimage\",\"url\":\"https:\\\/\\\/ps.ipecon.sk\\\/wp-content\\\/uploads\\\/2016\\\/10\\\/15_kovometa_logo.jpg\",\"contentUrl\":\"https:\\\/\\\/ps.ipecon.sk\\\/wp-content\\\/uploads\\\/2016\\\/10\\\/15_kovometa_logo.jpg\"},{\"@type\":\"BreadcrumbList\",\"@id\":\"https:\\\/\\\/www.ipecon.sk\\\/kovo-meta-2\\\/#breadcrumb\",\"itemListElement\":[{\"@type\":\"ListItem\",\"position\":1,\"name\":\"Home\",\"item\":\"https:\\\/\\\/www.ipecon.sk\\\/\"},{\"@type\":\"ListItem\",\"position\":2,\"name\":\"Kovo meta\"}]},{\"@type\":\"WebSite\",\"@id\":\"https:\\\/\\\/www.ipecon.sk\\\/#website\",\"url\":\"https:\\\/\\\/www.ipecon.sk\\\/\",\"name\":\"IPECON\",\"description\":\"\",\"potentialAction\":[{\"@type\":\"SearchAction\",\"target\":{\"@type\":\"EntryPoint\",\"urlTemplate\":\"https:\\\/\\\/www.ipecon.sk\\\/?s={search_term_string}\"},\"query-input\":{\"@type\":\"PropertyValueSpecification\",\"valueRequired\":true,\"valueName\":\"search_term_string\"}}],\"inLanguage\":\"en-GB\"}]}<\/script>\n<!-- \/ Yoast SEO plugin. -->","yoast_head_json":{"title":"Kovo meta - IPECON","robots":{"index":"index","follow":"follow","max-snippet":"max-snippet:-1","max-image-preview":"max-image-preview:large","max-video-preview":"max-video-preview:-1"},"canonical":"https:\/\/www.ipecon.sk\/en\/kovo-meta-2\/","og_locale":"en_GB","og_type":"article","og_title":"Kovo meta - IPECON","og_description":"www.kovometa.sk Kovometa, s.r.o. je spolo\u010dnos\u0165, ktor\u00e1 pon\u00faka \u0161irok\u00fd sortiment v\u00fdrobkov a slu\u017eieb orientovan\u00fdch preva\u017ene na stroj\u00e1rsky a automobilov\u00fd priemysel. Na\u0161e v\u00fdrobky s\u00fa v\u00fdsledkom \u0161pecifick\u00fdch po\u017eiadaviek na\u0161ich z\u00e1kazn\u00edkov. Na ich v\u00fdrobu pou\u017e\u00edvame materi\u00e1ly z be\u017enej ocele, antikoru, hlin\u00edka alebo plastov. Jedn\u00e1 sa o men\u0161ie v\u00fdrobky ako voz\u00edky, stojany, vane a\u017e po v\u00e4\u010d\u0161ie oce\u013eov\u00e9 kon\u0161trukcie, ktor\u00e9 si [&hellip;]","og_url":"https:\/\/www.ipecon.sk\/en\/kovo-meta-2\/","og_site_name":"IPECON","article_modified_time":"2023-08-14T07:35:41+00:00","og_image":[{"url":"https:\/\/ps.ipecon.sk\/wp-content\/uploads\/2016\/10\/15_kovometa_logo.jpg","type":"","width":"","height":""}],"twitter_card":"summary_large_image","twitter_misc":{"Estimated reading time":"2 minutes"},"schema":{"@context":"https:\/\/schema.org","@graph":[{"@type":"WebPage","@id":"https:\/\/www.ipecon.sk\/kovo-meta-2\/","url":"https:\/\/www.ipecon.sk\/kovo-meta-2\/","name":"Kovo meta - IPECON","isPartOf":{"@id":"https:\/\/www.ipecon.sk\/#website"},"primaryImageOfPage":{"@id":"https:\/\/www.ipecon.sk\/kovo-meta-2\/#primaryimage"},"image":{"@id":"https:\/\/www.ipecon.sk\/kovo-meta-2\/#primaryimage"},"thumbnailUrl":"https:\/\/ps.ipecon.sk\/wp-content\/uploads\/2016\/10\/15_kovometa_logo.jpg","datePublished":"2023-08-03T13:13:16+00:00","dateModified":"2023-08-14T07:35:41+00:00","breadcrumb":{"@id":"https:\/\/www.ipecon.sk\/kovo-meta-2\/#breadcrumb"},"inLanguage":"en-GB","potentialAction":[{"@type":"ReadAction","target":["https:\/\/www.ipecon.sk\/kovo-meta-2\/"]}]},{"@type":"ImageObject","inLanguage":"en-GB","@id":"https:\/\/www.ipecon.sk\/kovo-meta-2\/#primaryimage","url":"https:\/\/ps.ipecon.sk\/wp-content\/uploads\/2016\/10\/15_kovometa_logo.jpg","contentUrl":"https:\/\/ps.ipecon.sk\/wp-content\/uploads\/2016\/10\/15_kovometa_logo.jpg"},{"@type":"BreadcrumbList","@id":"https:\/\/www.ipecon.sk\/kovo-meta-2\/#breadcrumb","itemListElement":[{"@type":"ListItem","position":1,"name":"Home","item":"https:\/\/www.ipecon.sk\/"},{"@type":"ListItem","position":2,"name":"Kovo meta"}]},{"@type":"WebSite","@id":"https:\/\/www.ipecon.sk\/#website","url":"https:\/\/www.ipecon.sk\/","name":"IPECON","description":"","potentialAction":[{"@type":"SearchAction","target":{"@type":"EntryPoint","urlTemplate":"https:\/\/www.ipecon.sk\/?s={search_term_string}"},"query-input":{"@type":"PropertyValueSpecification","valueRequired":true,"valueName":"search_term_string"}}],"inLanguage":"en-GB"}]}},"_links":{"self":[{"href":"https:\/\/www.ipecon.sk\/en\/wp-json\/wp\/v2\/pages\/4538","targetHints":{"allow":["GET"]}}],"collection":[{"href":"https:\/\/www.ipecon.sk\/en\/wp-json\/wp\/v2\/pages"}],"about":[{"href":"https:\/\/www.ipecon.sk\/en\/wp-json\/wp\/v2\/types\/page"}],"author":[{"embeddable":true,"href":"https:\/\/www.ipecon.sk\/en\/wp-json\/wp\/v2\/users\/1"}],"replies":[{"embeddable":true,"href":"https:\/\/www.ipecon.sk\/en\/wp-json\/wp\/v2\/comments?post=4538"}],"version-history":[{"count":3,"href":"https:\/\/www.ipecon.sk\/en\/wp-json\/wp\/v2\/pages\/4538\/revisions"}],"predecessor-version":[{"id":5041,"href":"https:\/\/www.ipecon.sk\/en\/wp-json\/wp\/v2\/pages\/4538\/revisions\/5041"}],"wp:attachment":[{"href":"https:\/\/www.ipecon.sk\/en\/wp-json\/wp\/v2\/media?parent=4538"}],"curies":[{"name":"wp","href":"https:\/\/api.w.org\/{rel}","templated":true}]}}