{"id":4532,"date":"2023-08-03T13:12:28","date_gmt":"2023-08-03T13:12:28","guid":{"rendered":"https:\/\/www.ipecon.sk\/?page_id=4532"},"modified":"2023-08-14T07:12:42","modified_gmt":"2023-08-14T07:12:42","slug":"montirp-2","status":"publish","type":"page","link":"https:\/\/www.ipecon.sk\/en\/montirp-2\/","title":{"rendered":"Montirp"},"content":{"rendered":"<div class=\"wp-block-media-text alignwide is-stacked-on-mobile\" style=\"grid-template-columns:15% auto\"><figure class=\"wp-block-media-text__media\"><a href=\"http:\/\/www.montirp.com\/\" target=\"_blank\" rel=\"noreferrer noopener\"><img decoding=\"async\" src=\"https:\/\/ps.ipecon.sk\/wp-content\/uploads\/2016\/10\/08_montirplogo.jpg\" alt=\"\" class=\"wp-image-1205 size-full\"\/><\/a><\/figure><div class=\"wp-block-media-text__content\">\n<h3 class=\"wp-block-heading\"><a href=\"http:\/\/www.montirp.com\/\" target=\"_blank\" rel=\"noreferrer noopener\">www.montirp.com<\/a><\/h3>\n\n\n\n<p>MONT IRP s.r.o<strong>.<\/strong>&nbsp;je spolo\u010dnos\u0165 ktor\u00e1 vznikla v roku 1992 f\u00faziou spolo\u010dnosti MONT IRP s.r.o. a v\u00fdrobn\u00e9ho podniku MONTOSTROJ \u0161.p. \u017dilina. S\u00eddlo spolo\u010dnosti je vo vlastnom are\u00e1li na adrese Oceliarska 2, 010 01 \u017dILINA. Jedn\u00e1 sa o v\u00fdrobn\u00e9, skladov\u00e9 priestory o rozlohe cca 28 500 m&nbsp;<sup>2<\/sup><br>MONT IRP s.r.o. uzatv\u00e1ra a riadi v\u0161etky svoje obchodn\u00e9 pr\u00edpady a z\u00e1le\u017eitosti samostatne v r\u00e1mci rozsahu svojej \u010dinnosti . Spolo\u010dnos\u0165 zamestn\u00e1va 96 z toho vo v\u00fdrobnej sf\u00e9re 71 pracovn\u00edkov v profesnom zlo\u017een\u00ed sp\u013a\u0148aj\u00facom po\u017eiadavky STN EN ISO 3834 \u2026<\/p>\n<\/div><\/div>\n\n\n\n<h3 class=\"wp-block-heading\"><\/h3>\n\n\n\n<p><strong>Spolo\u010dnos\u0165 MONT IRP pou\u017e\u00edva tieto stroje DURMA:<\/strong><\/p>\n\n\n\n<hr class=\"wp-block-separator has-alpha-channel-opacity\"\/>\n\n\n\n<p>Hydraulick\u00e1 zakru\u017eova\u010dka plechov&nbsp;<strong>DURMA&nbsp;HRB-4 3016&nbsp;<\/strong>(r. v. 2019)<\/p>\n\n\n\n<ul class=\"wp-block-list\">\n<li>Vybavenie: grafick\u00fd farebn\u00fd riadiaci panel so \u0161tandardn\u00fdm ovl\u00e1dan\u00edm, s&nbsp;mo\u017enos\u0165ou zakru\u017eova\u0165 aj do ku\u017ee\u013eov, s&nbsp;nastavite\u013en\u00fdm hydraulick\u00fdm pr\u00edtlakom spodn\u00e9ho valca, hydraulick\u00e9 bo\u010dn\u00e9 podpery, hydraulick\u00e1 centr\u00e1lna podpera<\/li>\n<\/ul>\n\n\n\n<p>Motorick\u00e1 zakru\u017eova\u010dka plechov&nbsp;<strong>DURMA&nbsp;MRB-S 1506&nbsp;<\/strong>(r. v. 2019)<\/p>\n\n\n\n<ul class=\"wp-block-list\">\n<li>Vybavenie: Riadiaci panel s&nbsp;digit\u00e1lnym od\u010d\u00edtan\u00edm polohy valcov, s&nbsp;mo\u017enos\u0165ou zakru\u017eova\u0165 aj do ku\u017ee\u013eov<\/li>\n<\/ul>\n\n\n\n<p>Hydraulick\u00e1 zakru\u017eova\u010dka profilov&nbsp;<strong>DURMA&nbsp;PBH 125&nbsp;<\/strong>(r. v. 2019)<\/p>\n\n\n\n<ul class=\"wp-block-list\">\n<li>Vybavenie:&nbsp;Riadiaci panel s&nbsp;digit\u00e1lnym od\u010d\u00edtan\u00edm polohy valcov, so z\u00e1kladnou sadou univerz\u00e1lnych diskov, bo\u010dn\u00e9 podpery plne hydraulicky ovl\u00e1dan\u00e9<\/li>\n<\/ul>\n\n\n\n<p>Hydraulick\u00fd ohra\u0148ovac\u00ed lis&nbsp;<strong>DURMA AD-R 60400&nbsp;<\/strong>(r. v. 2017)<\/p>\n\n\n\n<ul class=\"wp-block-list\">\n<li>Vybavenie: Grafick\u00fd CNC riadiaci syst\u00e9m DT-10, CNC osi Y1, Y2, X, R, CNC automatick\u00e9 motorick\u00e9 nastavenie priehybu stola, Laserov\u00e1 ochrana r\u00fak, Elektro ohrev oleja, Dodato\u010dn\u00e9 bloky palcov zadn\u00e9ho dorazu<\/li>\n<\/ul>","protected":false},"excerpt":{"rendered":"<p>www.montirp.com MONT IRP s.r.o.&nbsp;je spolo\u010dnos\u0165 ktor\u00e1 vznikla v roku 1992 f\u00faziou spolo\u010dnosti MONT IRP s.r.o. a v\u00fdrobn\u00e9ho podniku MONTOSTROJ \u0161.p. \u017dilina. S\u00eddlo spolo\u010dnosti je vo vlastnom are\u00e1li na adrese Oceliarska 2, 010 01 \u017dILINA. Jedn\u00e1 sa o v\u00fdrobn\u00e9, skladov\u00e9 priestory o rozlohe cca 28 500 m&nbsp;2MONT IRP s.r.o. uzatv\u00e1ra a riadi v\u0161etky svoje obchodn\u00e9 pr\u00edpady [&hellip;]<\/p>\n","protected":false},"author":1,"featured_media":0,"parent":0,"menu_order":0,"comment_status":"closed","ping_status":"closed","template":"","meta":{"_acf_changed":false,"_et_pb_use_builder":"off","_et_pb_old_content":"","_et_gb_content_width":"","footnotes":""},"class_list":["post-4532","page","type-page","status-publish","hentry"],"acf":[],"yoast_head":"<!-- This site is optimized with the Yoast SEO plugin v27.4 - https:\/\/yoast.com\/product\/yoast-seo-wordpress\/ -->\n<title>Montirp - IPECON<\/title>\n<meta name=\"robots\" content=\"index, follow, max-snippet:-1, max-image-preview:large, max-video-preview:-1\" \/>\n<link rel=\"canonical\" href=\"https:\/\/www.ipecon.sk\/en\/montirp-2\/\" \/>\n<meta property=\"og:locale\" content=\"en_GB\" \/>\n<meta property=\"og:type\" content=\"article\" \/>\n<meta property=\"og:title\" content=\"Montirp - IPECON\" \/>\n<meta property=\"og:description\" content=\"www.montirp.com MONT IRP s.r.o.&nbsp;je spolo\u010dnos\u0165 ktor\u00e1 vznikla v roku 1992 f\u00faziou spolo\u010dnosti MONT IRP s.r.o. a v\u00fdrobn\u00e9ho podniku MONTOSTROJ \u0161.p. \u017dilina. S\u00eddlo spolo\u010dnosti je vo vlastnom are\u00e1li na adrese Oceliarska 2, 010 01 \u017dILINA. Jedn\u00e1 sa o v\u00fdrobn\u00e9, skladov\u00e9 priestory o rozlohe cca 28 500 m&nbsp;2MONT IRP s.r.o. uzatv\u00e1ra a riadi v\u0161etky svoje obchodn\u00e9 pr\u00edpady [&hellip;]\" \/>\n<meta property=\"og:url\" content=\"https:\/\/www.ipecon.sk\/en\/montirp-2\/\" \/>\n<meta property=\"og:site_name\" content=\"IPECON\" \/>\n<meta property=\"article:modified_time\" content=\"2023-08-14T07:12:42+00:00\" \/>\n<meta property=\"og:image\" content=\"https:\/\/ps.ipecon.sk\/wp-content\/uploads\/2016\/10\/08_montirplogo.jpg\" \/>\n<meta name=\"twitter:card\" content=\"summary_large_image\" \/>\n<meta name=\"twitter:label1\" content=\"Estimated reading time\" \/>\n\t<meta name=\"twitter:data1\" content=\"2 minutes\" \/>\n<script type=\"application\/ld+json\" class=\"yoast-schema-graph\">{\"@context\":\"https:\\\/\\\/schema.org\",\"@graph\":[{\"@type\":\"WebPage\",\"@id\":\"https:\\\/\\\/www.ipecon.sk\\\/montirp-2\\\/\",\"url\":\"https:\\\/\\\/www.ipecon.sk\\\/montirp-2\\\/\",\"name\":\"Montirp - IPECON\",\"isPartOf\":{\"@id\":\"https:\\\/\\\/www.ipecon.sk\\\/#website\"},\"primaryImageOfPage\":{\"@id\":\"https:\\\/\\\/www.ipecon.sk\\\/montirp-2\\\/#primaryimage\"},\"image\":{\"@id\":\"https:\\\/\\\/www.ipecon.sk\\\/montirp-2\\\/#primaryimage\"},\"thumbnailUrl\":\"https:\\\/\\\/ps.ipecon.sk\\\/wp-content\\\/uploads\\\/2016\\\/10\\\/08_montirplogo.jpg\",\"datePublished\":\"2023-08-03T13:12:28+00:00\",\"dateModified\":\"2023-08-14T07:12:42+00:00\",\"breadcrumb\":{\"@id\":\"https:\\\/\\\/www.ipecon.sk\\\/montirp-2\\\/#breadcrumb\"},\"inLanguage\":\"en-GB\",\"potentialAction\":[{\"@type\":\"ReadAction\",\"target\":[\"https:\\\/\\\/www.ipecon.sk\\\/montirp-2\\\/\"]}]},{\"@type\":\"ImageObject\",\"inLanguage\":\"en-GB\",\"@id\":\"https:\\\/\\\/www.ipecon.sk\\\/montirp-2\\\/#primaryimage\",\"url\":\"https:\\\/\\\/ps.ipecon.sk\\\/wp-content\\\/uploads\\\/2016\\\/10\\\/08_montirplogo.jpg\",\"contentUrl\":\"https:\\\/\\\/ps.ipecon.sk\\\/wp-content\\\/uploads\\\/2016\\\/10\\\/08_montirplogo.jpg\"},{\"@type\":\"BreadcrumbList\",\"@id\":\"https:\\\/\\\/www.ipecon.sk\\\/montirp-2\\\/#breadcrumb\",\"itemListElement\":[{\"@type\":\"ListItem\",\"position\":1,\"name\":\"Home\",\"item\":\"https:\\\/\\\/www.ipecon.sk\\\/\"},{\"@type\":\"ListItem\",\"position\":2,\"name\":\"Montirp\"}]},{\"@type\":\"WebSite\",\"@id\":\"https:\\\/\\\/www.ipecon.sk\\\/#website\",\"url\":\"https:\\\/\\\/www.ipecon.sk\\\/\",\"name\":\"IPECON\",\"description\":\"\",\"potentialAction\":[{\"@type\":\"SearchAction\",\"target\":{\"@type\":\"EntryPoint\",\"urlTemplate\":\"https:\\\/\\\/www.ipecon.sk\\\/?s={search_term_string}\"},\"query-input\":{\"@type\":\"PropertyValueSpecification\",\"valueRequired\":true,\"valueName\":\"search_term_string\"}}],\"inLanguage\":\"en-GB\"}]}<\/script>\n<!-- \/ Yoast SEO plugin. -->","yoast_head_json":{"title":"Montirp - IPECON","robots":{"index":"index","follow":"follow","max-snippet":"max-snippet:-1","max-image-preview":"max-image-preview:large","max-video-preview":"max-video-preview:-1"},"canonical":"https:\/\/www.ipecon.sk\/en\/montirp-2\/","og_locale":"en_GB","og_type":"article","og_title":"Montirp - IPECON","og_description":"www.montirp.com MONT IRP s.r.o.&nbsp;je spolo\u010dnos\u0165 ktor\u00e1 vznikla v roku 1992 f\u00faziou spolo\u010dnosti MONT IRP s.r.o. a v\u00fdrobn\u00e9ho podniku MONTOSTROJ \u0161.p. \u017dilina. S\u00eddlo spolo\u010dnosti je vo vlastnom are\u00e1li na adrese Oceliarska 2, 010 01 \u017dILINA. Jedn\u00e1 sa o v\u00fdrobn\u00e9, skladov\u00e9 priestory o rozlohe cca 28 500 m&nbsp;2MONT IRP s.r.o. uzatv\u00e1ra a riadi v\u0161etky svoje obchodn\u00e9 pr\u00edpady [&hellip;]","og_url":"https:\/\/www.ipecon.sk\/en\/montirp-2\/","og_site_name":"IPECON","article_modified_time":"2023-08-14T07:12:42+00:00","og_image":[{"url":"https:\/\/ps.ipecon.sk\/wp-content\/uploads\/2016\/10\/08_montirplogo.jpg","type":"","width":"","height":""}],"twitter_card":"summary_large_image","twitter_misc":{"Estimated reading time":"2 minutes"},"schema":{"@context":"https:\/\/schema.org","@graph":[{"@type":"WebPage","@id":"https:\/\/www.ipecon.sk\/montirp-2\/","url":"https:\/\/www.ipecon.sk\/montirp-2\/","name":"Montirp - IPECON","isPartOf":{"@id":"https:\/\/www.ipecon.sk\/#website"},"primaryImageOfPage":{"@id":"https:\/\/www.ipecon.sk\/montirp-2\/#primaryimage"},"image":{"@id":"https:\/\/www.ipecon.sk\/montirp-2\/#primaryimage"},"thumbnailUrl":"https:\/\/ps.ipecon.sk\/wp-content\/uploads\/2016\/10\/08_montirplogo.jpg","datePublished":"2023-08-03T13:12:28+00:00","dateModified":"2023-08-14T07:12:42+00:00","breadcrumb":{"@id":"https:\/\/www.ipecon.sk\/montirp-2\/#breadcrumb"},"inLanguage":"en-GB","potentialAction":[{"@type":"ReadAction","target":["https:\/\/www.ipecon.sk\/montirp-2\/"]}]},{"@type":"ImageObject","inLanguage":"en-GB","@id":"https:\/\/www.ipecon.sk\/montirp-2\/#primaryimage","url":"https:\/\/ps.ipecon.sk\/wp-content\/uploads\/2016\/10\/08_montirplogo.jpg","contentUrl":"https:\/\/ps.ipecon.sk\/wp-content\/uploads\/2016\/10\/08_montirplogo.jpg"},{"@type":"BreadcrumbList","@id":"https:\/\/www.ipecon.sk\/montirp-2\/#breadcrumb","itemListElement":[{"@type":"ListItem","position":1,"name":"Home","item":"https:\/\/www.ipecon.sk\/"},{"@type":"ListItem","position":2,"name":"Montirp"}]},{"@type":"WebSite","@id":"https:\/\/www.ipecon.sk\/#website","url":"https:\/\/www.ipecon.sk\/","name":"IPECON","description":"","potentialAction":[{"@type":"SearchAction","target":{"@type":"EntryPoint","urlTemplate":"https:\/\/www.ipecon.sk\/?s={search_term_string}"},"query-input":{"@type":"PropertyValueSpecification","valueRequired":true,"valueName":"search_term_string"}}],"inLanguage":"en-GB"}]}},"_links":{"self":[{"href":"https:\/\/www.ipecon.sk\/en\/wp-json\/wp\/v2\/pages\/4532","targetHints":{"allow":["GET"]}}],"collection":[{"href":"https:\/\/www.ipecon.sk\/en\/wp-json\/wp\/v2\/pages"}],"about":[{"href":"https:\/\/www.ipecon.sk\/en\/wp-json\/wp\/v2\/types\/page"}],"author":[{"embeddable":true,"href":"https:\/\/www.ipecon.sk\/en\/wp-json\/wp\/v2\/users\/1"}],"replies":[{"embeddable":true,"href":"https:\/\/www.ipecon.sk\/en\/wp-json\/wp\/v2\/comments?post=4532"}],"version-history":[{"count":2,"href":"https:\/\/www.ipecon.sk\/en\/wp-json\/wp\/v2\/pages\/4532\/revisions"}],"predecessor-version":[{"id":5032,"href":"https:\/\/www.ipecon.sk\/en\/wp-json\/wp\/v2\/pages\/4532\/revisions\/5032"}],"wp:attachment":[{"href":"https:\/\/www.ipecon.sk\/en\/wp-json\/wp\/v2\/media?parent=4532"}],"curies":[{"name":"wp","href":"https:\/\/api.w.org\/{rel}","templated":true}]}}