{"id":4522,"date":"2023-08-03T13:11:21","date_gmt":"2023-08-03T13:11:21","guid":{"rendered":"https:\/\/www.ipecon.sk\/?page_id=4522"},"modified":"2023-08-14T07:03:40","modified_gmt":"2023-08-14T07:03:40","slug":"tomark-2","status":"publish","type":"page","link":"https:\/\/www.ipecon.sk\/en\/tomark-2\/","title":{"rendered":"Tomark"},"content":{"rendered":"<div class=\"wp-block-media-text alignwide is-stacked-on-mobile\" style=\"grid-template-columns:15% auto\"><figure class=\"wp-block-media-text__media\"><a href=\"http:\/\/www.tomark.sk\/\" target=\"_blank\" rel=\"noreferrer noopener\"><img decoding=\"async\" src=\"https:\/\/ps.ipecon.sk\/wp-content\/uploads\/2017\/11\/19_tomarklogo.jpg\" alt=\"\" class=\"wp-image-2036 size-full\"\/><\/a><\/figure><div class=\"wp-block-media-text__content\">\n<h3 class=\"wp-block-heading\"><strong><a href=\"http:\/\/www.tomark.sk\/\" target=\"_blank\" rel=\"noreferrer noopener\">www.tomark.sk<\/a><\/strong><\/h3>\n\n\n\n<p>Spolo\u010dnos\u0165&nbsp;TOMARK, s.r.o. vznikla v auguste roku 1995. \u0160pecializuje sa na obr\u00e1banie, tv\u00e1rnenie, delenie hutn\u00e9ho materi\u00e1lu a v\u00fdrobu zv\u00e1ran\u00fdch kon\u0161trukci\u00ed a komponentov od pr\u00edpravy v\u00fdroby po finaliz\u00e1ciu. Produkty spolo\u010dnosti nach\u00e1dzaj\u00fa \u0161irok\u00e9 uplatnenie v automobilovom priemysle, v oblasti dopravn\u00fdch syst\u00e9mov, po\u013enohospod\u00e1rskej oblasti \u010di energetickom priemysle.<\/p>\n\n\n\n<p>Svojim z\u00e1kazn\u00edkom dod\u00e1vame produkty pod\u013ea ich po\u017eiadaviek a prian\u00ed,&nbsp;ktor\u00e9 neraz vy\u017eaduj\u00fa individu\u00e1lne \u201erie\u0161enie na mieru\u201c&nbsp;a v s\u00falade s ich v\u00fdkresovou dokument\u00e1ciou.&nbsp;Vieme v\u0161ak pon\u00faknu\u0165 aj vlastn\u00e9 kon\u0161truk\u010dn\u00e9 rie\u0161enia \u2026<\/p>\n\n\n\n<p><strong>Spolo\u010dnos\u0165 TOMARK pou\u017e\u00edva tieto stroje DURMA:<\/strong><\/p>\n<\/div><\/div>\n\n\n\n<h3 class=\"wp-block-heading\"><\/h3>\n\n\n\n<hr class=\"wp-block-separator has-alpha-channel-opacity\"\/>\n\n\n\n<p>Hydraulick\u00e1 zakru\u017eova\u010dka plechov&nbsp;<strong>DURMA&nbsp;HRB-4 2013&nbsp;&nbsp;<\/strong>(r. v. 2019)<\/p>\n\n\n\n<ul class=\"wp-block-list\">\n<li>Vybavenie:grafick\u00fd farebn\u00fd riadiaci panel so \u0161tandardn\u00fdm ovl\u00e1dan\u00edm, s&nbsp;mo\u017enos\u0165ou zakru\u017eova\u0165 aj do ku\u017ee\u013eov, s&nbsp;nastavite\u013en\u00fdm hydraulick\u00fdm pr\u00edtlakom spodn\u00e9ho valca<\/li>\n<\/ul>\n\n\n\n<p><strong>2 x<\/strong>&nbsp;Hydraulick\u00fd ohra\u0148ovac\u00ed lis&nbsp;<strong>DURMA AD-S 30320&nbsp;<\/strong>(r. v. 2014)<\/p>\n\n\n\n<ul class=\"wp-block-list\">\n<li>Vybavenie: Grafick\u00fd CNC riadiaci syst\u00e9m ModEva 10S, CNC osi Y1, Y2, X, R, CNC automatick\u00e9 motorick\u00e9 nastavenie priehybu stola, Laserov\u00e1 ochrana r\u00fak<\/li>\n<\/ul>\n\n\n\n<p>Hydraulick\u00fd ohra\u0148ovac\u00ed lis&nbsp;<strong>DURMA AD-S 40400&nbsp;<\/strong>(r. v. 2012)<\/p>\n\n\n\n<ul class=\"wp-block-list\">\n<li>Vybavenie: Grafick\u00fd CNC riadiaci syst\u00e9m ModEva 10S, CNC osi Y1, Y2, X, R, CNC automatick\u00e9 motorick\u00e9 nastavenie priehybu stola, Laserov\u00e1 ochrana r\u00fak<\/li>\n<\/ul>\n\n\n\n<p>Hydraulick\u00fd ohra\u0148ovac\u00ed lis&nbsp;<strong>DURMA E 30200&nbsp;<\/strong>(r. v. 2008)<\/p>\n\n\n\n<ul class=\"wp-block-list\">\n<li>Vybavenie: Grafick\u00fd CNC riadiaci syst\u00e9m ModEva DNC880S, CNC osi Y1, Y2, X, R, manu\u00e1lne nastavenie priehybu stola<\/li>\n<\/ul>\n\n\n\n<p>Hydraulick\u00fd ohra\u0148ovac\u00ed lis&nbsp;<strong>DURMA AD-S 45400&nbsp;<\/strong>(r. v. 2006)<\/p>\n\n\n\n<ul class=\"wp-block-list\">\n<li>Vybavenie: Grafick\u00fd CNC riadiaci syst\u00e9m ModEva ModEva 10, CNC osi Y1, Y2, X, R,&nbsp; nastavenie priehybu stola<\/li>\n<\/ul>\n\n\n\n<p>Hydraulick\u00fd ohra\u0148ovac\u00ed lis&nbsp;<strong>DURMA CNC HAP 30200&nbsp;<\/strong>(r. v. 2000)<\/p>\n\n\n\n<ul class=\"wp-block-list\">\n<li>Vybavenie: Grafick\u00fd CNC riadiaci syst\u00e9m ModEva DNC880S, CNC osi Y, X,&nbsp; nastavenie priehybu stola<\/li>\n<\/ul>","protected":false},"excerpt":{"rendered":"<p>www.tomark.sk Spolo\u010dnos\u0165&nbsp;TOMARK, s.r.o. vznikla v auguste roku 1995. \u0160pecializuje sa na obr\u00e1banie, tv\u00e1rnenie, delenie hutn\u00e9ho materi\u00e1lu a v\u00fdrobu zv\u00e1ran\u00fdch kon\u0161trukci\u00ed a komponentov od pr\u00edpravy v\u00fdroby po finaliz\u00e1ciu. Produkty spolo\u010dnosti nach\u00e1dzaj\u00fa \u0161irok\u00e9 uplatnenie v automobilovom priemysle, v oblasti dopravn\u00fdch syst\u00e9mov, po\u013enohospod\u00e1rskej oblasti \u010di energetickom priemysle. Svojim z\u00e1kazn\u00edkom dod\u00e1vame produkty pod\u013ea ich po\u017eiadaviek a prian\u00ed,&nbsp;ktor\u00e9 neraz vy\u017eaduj\u00fa [&hellip;]<\/p>\n","protected":false},"author":1,"featured_media":0,"parent":0,"menu_order":0,"comment_status":"closed","ping_status":"closed","template":"","meta":{"_acf_changed":false,"_et_pb_use_builder":"off","_et_pb_old_content":"","_et_gb_content_width":"","footnotes":""},"class_list":["post-4522","page","type-page","status-publish","hentry"],"acf":[],"yoast_head":"<!-- This site is optimized with the Yoast SEO plugin v27.4 - https:\/\/yoast.com\/product\/yoast-seo-wordpress\/ -->\n<title>Tomark - IPECON<\/title>\n<meta name=\"robots\" content=\"index, follow, max-snippet:-1, max-image-preview:large, max-video-preview:-1\" \/>\n<link rel=\"canonical\" href=\"https:\/\/www.ipecon.sk\/en\/tomark-2\/\" \/>\n<meta property=\"og:locale\" content=\"en_GB\" \/>\n<meta property=\"og:type\" content=\"article\" \/>\n<meta property=\"og:title\" content=\"Tomark - IPECON\" \/>\n<meta property=\"og:description\" content=\"www.tomark.sk Spolo\u010dnos\u0165&nbsp;TOMARK, s.r.o. vznikla v auguste roku 1995. \u0160pecializuje sa na obr\u00e1banie, tv\u00e1rnenie, delenie hutn\u00e9ho materi\u00e1lu a v\u00fdrobu zv\u00e1ran\u00fdch kon\u0161trukci\u00ed a komponentov od pr\u00edpravy v\u00fdroby po finaliz\u00e1ciu. Produkty spolo\u010dnosti nach\u00e1dzaj\u00fa \u0161irok\u00e9 uplatnenie v automobilovom priemysle, v oblasti dopravn\u00fdch syst\u00e9mov, po\u013enohospod\u00e1rskej oblasti \u010di energetickom priemysle. Svojim z\u00e1kazn\u00edkom dod\u00e1vame produkty pod\u013ea ich po\u017eiadaviek a prian\u00ed,&nbsp;ktor\u00e9 neraz vy\u017eaduj\u00fa [&hellip;]\" \/>\n<meta property=\"og:url\" content=\"https:\/\/www.ipecon.sk\/en\/tomark-2\/\" \/>\n<meta property=\"og:site_name\" content=\"IPECON\" \/>\n<meta property=\"article:modified_time\" content=\"2023-08-14T07:03:40+00:00\" \/>\n<meta property=\"og:image\" content=\"https:\/\/ps.ipecon.sk\/wp-content\/uploads\/2017\/11\/19_tomarklogo.jpg\" \/>\n<meta name=\"twitter:card\" content=\"summary_large_image\" \/>\n<meta name=\"twitter:label1\" content=\"Estimated reading time\" \/>\n\t<meta name=\"twitter:data1\" content=\"2 minutes\" \/>\n<script type=\"application\/ld+json\" class=\"yoast-schema-graph\">{\"@context\":\"https:\\\/\\\/schema.org\",\"@graph\":[{\"@type\":\"WebPage\",\"@id\":\"https:\\\/\\\/www.ipecon.sk\\\/tomark-2\\\/\",\"url\":\"https:\\\/\\\/www.ipecon.sk\\\/tomark-2\\\/\",\"name\":\"Tomark - IPECON\",\"isPartOf\":{\"@id\":\"https:\\\/\\\/www.ipecon.sk\\\/#website\"},\"primaryImageOfPage\":{\"@id\":\"https:\\\/\\\/www.ipecon.sk\\\/tomark-2\\\/#primaryimage\"},\"image\":{\"@id\":\"https:\\\/\\\/www.ipecon.sk\\\/tomark-2\\\/#primaryimage\"},\"thumbnailUrl\":\"https:\\\/\\\/ps.ipecon.sk\\\/wp-content\\\/uploads\\\/2017\\\/11\\\/19_tomarklogo.jpg\",\"datePublished\":\"2023-08-03T13:11:21+00:00\",\"dateModified\":\"2023-08-14T07:03:40+00:00\",\"breadcrumb\":{\"@id\":\"https:\\\/\\\/www.ipecon.sk\\\/tomark-2\\\/#breadcrumb\"},\"inLanguage\":\"en-GB\",\"potentialAction\":[{\"@type\":\"ReadAction\",\"target\":[\"https:\\\/\\\/www.ipecon.sk\\\/tomark-2\\\/\"]}]},{\"@type\":\"ImageObject\",\"inLanguage\":\"en-GB\",\"@id\":\"https:\\\/\\\/www.ipecon.sk\\\/tomark-2\\\/#primaryimage\",\"url\":\"https:\\\/\\\/ps.ipecon.sk\\\/wp-content\\\/uploads\\\/2017\\\/11\\\/19_tomarklogo.jpg\",\"contentUrl\":\"https:\\\/\\\/ps.ipecon.sk\\\/wp-content\\\/uploads\\\/2017\\\/11\\\/19_tomarklogo.jpg\"},{\"@type\":\"BreadcrumbList\",\"@id\":\"https:\\\/\\\/www.ipecon.sk\\\/tomark-2\\\/#breadcrumb\",\"itemListElement\":[{\"@type\":\"ListItem\",\"position\":1,\"name\":\"Home\",\"item\":\"https:\\\/\\\/www.ipecon.sk\\\/\"},{\"@type\":\"ListItem\",\"position\":2,\"name\":\"Tomark\"}]},{\"@type\":\"WebSite\",\"@id\":\"https:\\\/\\\/www.ipecon.sk\\\/#website\",\"url\":\"https:\\\/\\\/www.ipecon.sk\\\/\",\"name\":\"IPECON\",\"description\":\"\",\"potentialAction\":[{\"@type\":\"SearchAction\",\"target\":{\"@type\":\"EntryPoint\",\"urlTemplate\":\"https:\\\/\\\/www.ipecon.sk\\\/?s={search_term_string}\"},\"query-input\":{\"@type\":\"PropertyValueSpecification\",\"valueRequired\":true,\"valueName\":\"search_term_string\"}}],\"inLanguage\":\"en-GB\"}]}<\/script>\n<!-- \/ Yoast SEO plugin. -->","yoast_head_json":{"title":"Tomark - IPECON","robots":{"index":"index","follow":"follow","max-snippet":"max-snippet:-1","max-image-preview":"max-image-preview:large","max-video-preview":"max-video-preview:-1"},"canonical":"https:\/\/www.ipecon.sk\/en\/tomark-2\/","og_locale":"en_GB","og_type":"article","og_title":"Tomark - IPECON","og_description":"www.tomark.sk Spolo\u010dnos\u0165&nbsp;TOMARK, s.r.o. vznikla v auguste roku 1995. \u0160pecializuje sa na obr\u00e1banie, tv\u00e1rnenie, delenie hutn\u00e9ho materi\u00e1lu a v\u00fdrobu zv\u00e1ran\u00fdch kon\u0161trukci\u00ed a komponentov od pr\u00edpravy v\u00fdroby po finaliz\u00e1ciu. Produkty spolo\u010dnosti nach\u00e1dzaj\u00fa \u0161irok\u00e9 uplatnenie v automobilovom priemysle, v oblasti dopravn\u00fdch syst\u00e9mov, po\u013enohospod\u00e1rskej oblasti \u010di energetickom priemysle. Svojim z\u00e1kazn\u00edkom dod\u00e1vame produkty pod\u013ea ich po\u017eiadaviek a prian\u00ed,&nbsp;ktor\u00e9 neraz vy\u017eaduj\u00fa [&hellip;]","og_url":"https:\/\/www.ipecon.sk\/en\/tomark-2\/","og_site_name":"IPECON","article_modified_time":"2023-08-14T07:03:40+00:00","og_image":[{"url":"https:\/\/ps.ipecon.sk\/wp-content\/uploads\/2017\/11\/19_tomarklogo.jpg","type":"","width":"","height":""}],"twitter_card":"summary_large_image","twitter_misc":{"Estimated reading time":"2 minutes"},"schema":{"@context":"https:\/\/schema.org","@graph":[{"@type":"WebPage","@id":"https:\/\/www.ipecon.sk\/tomark-2\/","url":"https:\/\/www.ipecon.sk\/tomark-2\/","name":"Tomark - IPECON","isPartOf":{"@id":"https:\/\/www.ipecon.sk\/#website"},"primaryImageOfPage":{"@id":"https:\/\/www.ipecon.sk\/tomark-2\/#primaryimage"},"image":{"@id":"https:\/\/www.ipecon.sk\/tomark-2\/#primaryimage"},"thumbnailUrl":"https:\/\/ps.ipecon.sk\/wp-content\/uploads\/2017\/11\/19_tomarklogo.jpg","datePublished":"2023-08-03T13:11:21+00:00","dateModified":"2023-08-14T07:03:40+00:00","breadcrumb":{"@id":"https:\/\/www.ipecon.sk\/tomark-2\/#breadcrumb"},"inLanguage":"en-GB","potentialAction":[{"@type":"ReadAction","target":["https:\/\/www.ipecon.sk\/tomark-2\/"]}]},{"@type":"ImageObject","inLanguage":"en-GB","@id":"https:\/\/www.ipecon.sk\/tomark-2\/#primaryimage","url":"https:\/\/ps.ipecon.sk\/wp-content\/uploads\/2017\/11\/19_tomarklogo.jpg","contentUrl":"https:\/\/ps.ipecon.sk\/wp-content\/uploads\/2017\/11\/19_tomarklogo.jpg"},{"@type":"BreadcrumbList","@id":"https:\/\/www.ipecon.sk\/tomark-2\/#breadcrumb","itemListElement":[{"@type":"ListItem","position":1,"name":"Home","item":"https:\/\/www.ipecon.sk\/"},{"@type":"ListItem","position":2,"name":"Tomark"}]},{"@type":"WebSite","@id":"https:\/\/www.ipecon.sk\/#website","url":"https:\/\/www.ipecon.sk\/","name":"IPECON","description":"","potentialAction":[{"@type":"SearchAction","target":{"@type":"EntryPoint","urlTemplate":"https:\/\/www.ipecon.sk\/?s={search_term_string}"},"query-input":{"@type":"PropertyValueSpecification","valueRequired":true,"valueName":"search_term_string"}}],"inLanguage":"en-GB"}]}},"_links":{"self":[{"href":"https:\/\/www.ipecon.sk\/en\/wp-json\/wp\/v2\/pages\/4522","targetHints":{"allow":["GET"]}}],"collection":[{"href":"https:\/\/www.ipecon.sk\/en\/wp-json\/wp\/v2\/pages"}],"about":[{"href":"https:\/\/www.ipecon.sk\/en\/wp-json\/wp\/v2\/types\/page"}],"author":[{"embeddable":true,"href":"https:\/\/www.ipecon.sk\/en\/wp-json\/wp\/v2\/users\/1"}],"replies":[{"embeddable":true,"href":"https:\/\/www.ipecon.sk\/en\/wp-json\/wp\/v2\/comments?post=4522"}],"version-history":[{"count":2,"href":"https:\/\/www.ipecon.sk\/en\/wp-json\/wp\/v2\/pages\/4522\/revisions"}],"predecessor-version":[{"id":5026,"href":"https:\/\/www.ipecon.sk\/en\/wp-json\/wp\/v2\/pages\/4522\/revisions\/5026"}],"wp:attachment":[{"href":"https:\/\/www.ipecon.sk\/en\/wp-json\/wp\/v2\/media?parent=4522"}],"curies":[{"name":"wp","href":"https:\/\/api.w.org\/{rel}","templated":true}]}}