{"id":4520,"date":"2023-08-03T13:11:08","date_gmt":"2023-08-03T13:11:08","guid":{"rendered":"https:\/\/www.ipecon.sk\/?page_id=4520"},"modified":"2023-08-14T07:01:11","modified_gmt":"2023-08-14T07:01:11","slug":"vumat-2","status":"publish","type":"page","link":"https:\/\/www.ipecon.sk\/en\/vumat-2\/","title":{"rendered":"Vumat"},"content":{"rendered":"<div class=\"wp-block-media-text alignwide is-stacked-on-mobile\" style=\"grid-template-columns:15% auto\"><figure class=\"wp-block-media-text__media\"><img decoding=\"async\" src=\"https:\/\/ps.ipecon.sk\/wp-content\/uploads\/2016\/10\/09_vumat_logo.jpg\" alt=\"\" class=\"wp-image-1206 size-full\"\/><\/figure><div class=\"wp-block-media-text__content\">\n<h3 class=\"wp-block-heading\"><a href=\"http:\/\/www.vumat.sk\/\" target=\"_blank\" rel=\"noreferrer noopener\">www.vumat.sk<\/a><\/h3>\n\n\n\n<p>Firma VUMAT s.r.o. sa venuje preva\u017ene stavebnej \u010dinnosti, v\u00fdrobou a mont\u00e1\u017eou oce\u013eov\u00fdch kon\u0161trukci\u00ed. Medzi na\u0161e \u010dinnosti patr\u00ed hlavne: demol\u00e1cie, b\u00faracie pr\u00e1ce a pr\u00edpravn\u00e9 pr\u00e1ce pre stavbu, zv\u00e1ra\u010dsk\u00e9 pr\u00e1ce, stavbyved\u00faci s odborn\u00fdm zameran\u00edm pozemn\u00e9 stavby, in\u017einiersk\u00e9 stavby \u2013 dopravn\u00e9 stavby, vodohospod\u00e1rske stavby, potrubn\u00e9, energetick\u00e9 a in\u00e9 l\u00edniov\u00e9 stavby, vypracovanie dokument\u00e1cie a projektu jednoduch\u00fdch stavieb, drobn\u00fdch stavieb a zmien t\u00fdchto stavieb, v\u00fdroba kovov\u00fdch kon\u0161trukci\u00ed a ich \u010dast\u00ed, oprava a \u00fadr\u017eba, mont\u00e1\u017e, rekon\u0161trukcie vyhraden\u00fdch tlakov\u00fdch zariaden\u00ed, v\u00fdroba vyhraden\u00fdch tlakov\u00fdch zariaden\u00ed, opravy vyhraden\u00fdch technick\u00fdch zariaden\u00ed plynov\u00fdch \u2026<\/p>\n<\/div><\/div>\n\n\n\n<h3 class=\"wp-block-heading\"><\/h3>\n\n\n\n<p><strong>Spolo\u010dnos\u0165 VUMAT pou\u017e\u00edva tieto stroje DURMA:<\/strong><\/p>\n\n\n\n<hr class=\"wp-block-separator has-alpha-channel-opacity\"\/>\n\n\n\n<p>Hydraulick\u00e9 profilov\u00e9 no\u017enice s dierovan\u00edm&nbsp;<strong>DURMA&nbsp;IW 80\/150&nbsp;<\/strong>(r. v. 2015)<\/p>\n\n\n\n<ul class=\"wp-block-list\">\n<li>Vybavenie:&nbsp;P\u00e4\u0165 pracov\u00edsk: dierovanie, delenie profilovej ocele, delenie plochej ocele, delenie ty\u010dov\u00e9ho materi\u00e1lu a vystrihovanie. Dva nez\u00e1visl\u00e9 hydraulick\u00e9 valce umo\u017e\u0148uj\u00fa pracova\u0165 na dvoch pracovisk\u00e1ch s\u00fa\u010dasne<\/li>\n<\/ul>\n\n\n\n<p>Hydraulick\u00fd ohra\u0148ovac\u00ed lis&nbsp;<strong>DURMA AD-R 30175&nbsp;<\/strong>(r. v. 2012)<\/p>\n\n\n\n<ul class=\"wp-block-list\">\n<li>Vybavenie: Grafick\u00fd CNC riadiaci syst\u00e9m Cybelec DNC880, CNC osi Y1, Y2, X, Manu\u00e1lne nastavenie priehybu stola, Laserov\u00e1 ochrana r\u00fak<\/li>\n<\/ul>\n\n\n\n<p>Plazmov\u00fd CNC rezac\u00ed stroj&nbsp;<strong>DURMA&nbsp;PL-C 2040&nbsp;<\/strong>(r. v. 2012)<\/p>\n\n\n\n<ul class=\"wp-block-list\">\n<li>Vybavenie:&nbsp;Grafick\u00fd CNC riadiaci syst\u00e9m SIEMENS Sinumerik, zdroj Hypertherm 260 A, automatick\u00e9 mie\u0161anie plynov a rezacia hlava Hypertherm<\/li>\n<\/ul>\n\n\n\n<p>Hydraulick\u00e9 tabu\u013eov\u00e9 no\u017enice&nbsp;<strong>DURMA&nbsp;SBT 3006&nbsp;<\/strong>(r. v. 2012)<\/p>\n\n\n\n<ul class=\"wp-block-list\">\n<li>Vybavenie:&nbsp;NC no\u017enice s&nbsp;automatick\u00fdm nastaven\u00edm zadn\u00e9ho dorazu a d\u013a\u017eky strihu, s pevn\u00fdm uhlom strihu a&nbsp;manu\u00e1lnym nastaven\u00edm medzery medzi no\u017emi<\/li>\n<\/ul>\n\n\n\n<p>Hydraulick\u00e1 zakru\u017eova\u010dka plechov&nbsp;<strong>DURMA&nbsp;HRB-3 2010&nbsp;<\/strong>(r. v. 2012)<\/p>\n\n\n\n<ul class=\"wp-block-list\">\n<li>Vybavenie:&nbsp;Riadiaci panel s&nbsp;digit\u00e1lnym od\u010d\u00edtan\u00edm polohy valcov, s&nbsp;mo\u017enos\u0165ou zakru\u017eova\u0165 aj do ku\u017ee\u013eov<\/li>\n<\/ul>\n\n\n\n<p>Hydraulick\u00e1 zakru\u017eova\u010dka profilov&nbsp;<strong>DURMA&nbsp;PBH 60&nbsp;<\/strong>(r. v. 2012)<\/p>\n\n\n\n<ul class=\"wp-block-list\">\n<li>Vybavenie:&nbsp;Riadiaci panel s&nbsp;digit\u00e1lnym od\u010d\u00edtan\u00edm polohy valcov, so z\u00e1kladnou aj dopl\u0148uj\u00facou sadou diskov<\/li>\n<\/ul>","protected":false},"excerpt":{"rendered":"<p>www.vumat.sk Firma VUMAT s.r.o. sa venuje preva\u017ene stavebnej \u010dinnosti, v\u00fdrobou a mont\u00e1\u017eou oce\u013eov\u00fdch kon\u0161trukci\u00ed. Medzi na\u0161e \u010dinnosti patr\u00ed hlavne: demol\u00e1cie, b\u00faracie pr\u00e1ce a pr\u00edpravn\u00e9 pr\u00e1ce pre stavbu, zv\u00e1ra\u010dsk\u00e9 pr\u00e1ce, stavbyved\u00faci s odborn\u00fdm zameran\u00edm pozemn\u00e9 stavby, in\u017einiersk\u00e9 stavby \u2013 dopravn\u00e9 stavby, vodohospod\u00e1rske stavby, potrubn\u00e9, energetick\u00e9 a in\u00e9 l\u00edniov\u00e9 stavby, vypracovanie dokument\u00e1cie a projektu jednoduch\u00fdch stavieb, drobn\u00fdch [&hellip;]<\/p>\n","protected":false},"author":1,"featured_media":0,"parent":0,"menu_order":0,"comment_status":"closed","ping_status":"closed","template":"","meta":{"_acf_changed":false,"_et_pb_use_builder":"off","_et_pb_old_content":"","_et_gb_content_width":"","footnotes":""},"class_list":["post-4520","page","type-page","status-publish","hentry"],"acf":[],"yoast_head":"<!-- This site is optimized with the Yoast SEO plugin v27.4 - https:\/\/yoast.com\/product\/yoast-seo-wordpress\/ -->\n<title>Vumat - IPECON<\/title>\n<meta name=\"robots\" content=\"index, follow, max-snippet:-1, max-image-preview:large, max-video-preview:-1\" \/>\n<link rel=\"canonical\" href=\"https:\/\/www.ipecon.sk\/en\/vumat-2\/\" \/>\n<meta property=\"og:locale\" content=\"en_GB\" \/>\n<meta property=\"og:type\" content=\"article\" \/>\n<meta property=\"og:title\" content=\"Vumat - IPECON\" \/>\n<meta property=\"og:description\" content=\"www.vumat.sk Firma VUMAT s.r.o. sa venuje preva\u017ene stavebnej \u010dinnosti, v\u00fdrobou a mont\u00e1\u017eou oce\u013eov\u00fdch kon\u0161trukci\u00ed. Medzi na\u0161e \u010dinnosti patr\u00ed hlavne: demol\u00e1cie, b\u00faracie pr\u00e1ce a pr\u00edpravn\u00e9 pr\u00e1ce pre stavbu, zv\u00e1ra\u010dsk\u00e9 pr\u00e1ce, stavbyved\u00faci s odborn\u00fdm zameran\u00edm pozemn\u00e9 stavby, in\u017einiersk\u00e9 stavby \u2013 dopravn\u00e9 stavby, vodohospod\u00e1rske stavby, potrubn\u00e9, energetick\u00e9 a in\u00e9 l\u00edniov\u00e9 stavby, vypracovanie dokument\u00e1cie a projektu jednoduch\u00fdch stavieb, drobn\u00fdch [&hellip;]\" \/>\n<meta property=\"og:url\" content=\"https:\/\/www.ipecon.sk\/en\/vumat-2\/\" \/>\n<meta property=\"og:site_name\" content=\"IPECON\" \/>\n<meta property=\"article:modified_time\" content=\"2023-08-14T07:01:11+00:00\" \/>\n<meta property=\"og:image\" content=\"https:\/\/ps.ipecon.sk\/wp-content\/uploads\/2016\/10\/09_vumat_logo.jpg\" \/>\n<meta name=\"twitter:card\" content=\"summary_large_image\" \/>\n<meta name=\"twitter:label1\" content=\"Estimated reading time\" \/>\n\t<meta name=\"twitter:data1\" content=\"2 minutes\" \/>\n<script type=\"application\/ld+json\" class=\"yoast-schema-graph\">{\"@context\":\"https:\\\/\\\/schema.org\",\"@graph\":[{\"@type\":\"WebPage\",\"@id\":\"https:\\\/\\\/www.ipecon.sk\\\/vumat-2\\\/\",\"url\":\"https:\\\/\\\/www.ipecon.sk\\\/vumat-2\\\/\",\"name\":\"Vumat - IPECON\",\"isPartOf\":{\"@id\":\"https:\\\/\\\/www.ipecon.sk\\\/#website\"},\"primaryImageOfPage\":{\"@id\":\"https:\\\/\\\/www.ipecon.sk\\\/vumat-2\\\/#primaryimage\"},\"image\":{\"@id\":\"https:\\\/\\\/www.ipecon.sk\\\/vumat-2\\\/#primaryimage\"},\"thumbnailUrl\":\"https:\\\/\\\/ps.ipecon.sk\\\/wp-content\\\/uploads\\\/2016\\\/10\\\/09_vumat_logo.jpg\",\"datePublished\":\"2023-08-03T13:11:08+00:00\",\"dateModified\":\"2023-08-14T07:01:11+00:00\",\"breadcrumb\":{\"@id\":\"https:\\\/\\\/www.ipecon.sk\\\/vumat-2\\\/#breadcrumb\"},\"inLanguage\":\"en-GB\",\"potentialAction\":[{\"@type\":\"ReadAction\",\"target\":[\"https:\\\/\\\/www.ipecon.sk\\\/vumat-2\\\/\"]}]},{\"@type\":\"ImageObject\",\"inLanguage\":\"en-GB\",\"@id\":\"https:\\\/\\\/www.ipecon.sk\\\/vumat-2\\\/#primaryimage\",\"url\":\"https:\\\/\\\/ps.ipecon.sk\\\/wp-content\\\/uploads\\\/2016\\\/10\\\/09_vumat_logo.jpg\",\"contentUrl\":\"https:\\\/\\\/ps.ipecon.sk\\\/wp-content\\\/uploads\\\/2016\\\/10\\\/09_vumat_logo.jpg\"},{\"@type\":\"BreadcrumbList\",\"@id\":\"https:\\\/\\\/www.ipecon.sk\\\/vumat-2\\\/#breadcrumb\",\"itemListElement\":[{\"@type\":\"ListItem\",\"position\":1,\"name\":\"Home\",\"item\":\"https:\\\/\\\/www.ipecon.sk\\\/\"},{\"@type\":\"ListItem\",\"position\":2,\"name\":\"Vumat\"}]},{\"@type\":\"WebSite\",\"@id\":\"https:\\\/\\\/www.ipecon.sk\\\/#website\",\"url\":\"https:\\\/\\\/www.ipecon.sk\\\/\",\"name\":\"IPECON\",\"description\":\"\",\"potentialAction\":[{\"@type\":\"SearchAction\",\"target\":{\"@type\":\"EntryPoint\",\"urlTemplate\":\"https:\\\/\\\/www.ipecon.sk\\\/?s={search_term_string}\"},\"query-input\":{\"@type\":\"PropertyValueSpecification\",\"valueRequired\":true,\"valueName\":\"search_term_string\"}}],\"inLanguage\":\"en-GB\"}]}<\/script>\n<!-- \/ Yoast SEO plugin. -->","yoast_head_json":{"title":"Vumat - IPECON","robots":{"index":"index","follow":"follow","max-snippet":"max-snippet:-1","max-image-preview":"max-image-preview:large","max-video-preview":"max-video-preview:-1"},"canonical":"https:\/\/www.ipecon.sk\/en\/vumat-2\/","og_locale":"en_GB","og_type":"article","og_title":"Vumat - IPECON","og_description":"www.vumat.sk Firma VUMAT s.r.o. sa venuje preva\u017ene stavebnej \u010dinnosti, v\u00fdrobou a mont\u00e1\u017eou oce\u013eov\u00fdch kon\u0161trukci\u00ed. Medzi na\u0161e \u010dinnosti patr\u00ed hlavne: demol\u00e1cie, b\u00faracie pr\u00e1ce a pr\u00edpravn\u00e9 pr\u00e1ce pre stavbu, zv\u00e1ra\u010dsk\u00e9 pr\u00e1ce, stavbyved\u00faci s odborn\u00fdm zameran\u00edm pozemn\u00e9 stavby, in\u017einiersk\u00e9 stavby \u2013 dopravn\u00e9 stavby, vodohospod\u00e1rske stavby, potrubn\u00e9, energetick\u00e9 a in\u00e9 l\u00edniov\u00e9 stavby, vypracovanie dokument\u00e1cie a projektu jednoduch\u00fdch stavieb, drobn\u00fdch [&hellip;]","og_url":"https:\/\/www.ipecon.sk\/en\/vumat-2\/","og_site_name":"IPECON","article_modified_time":"2023-08-14T07:01:11+00:00","og_image":[{"url":"https:\/\/ps.ipecon.sk\/wp-content\/uploads\/2016\/10\/09_vumat_logo.jpg","type":"","width":"","height":""}],"twitter_card":"summary_large_image","twitter_misc":{"Estimated reading time":"2 minutes"},"schema":{"@context":"https:\/\/schema.org","@graph":[{"@type":"WebPage","@id":"https:\/\/www.ipecon.sk\/vumat-2\/","url":"https:\/\/www.ipecon.sk\/vumat-2\/","name":"Vumat - IPECON","isPartOf":{"@id":"https:\/\/www.ipecon.sk\/#website"},"primaryImageOfPage":{"@id":"https:\/\/www.ipecon.sk\/vumat-2\/#primaryimage"},"image":{"@id":"https:\/\/www.ipecon.sk\/vumat-2\/#primaryimage"},"thumbnailUrl":"https:\/\/ps.ipecon.sk\/wp-content\/uploads\/2016\/10\/09_vumat_logo.jpg","datePublished":"2023-08-03T13:11:08+00:00","dateModified":"2023-08-14T07:01:11+00:00","breadcrumb":{"@id":"https:\/\/www.ipecon.sk\/vumat-2\/#breadcrumb"},"inLanguage":"en-GB","potentialAction":[{"@type":"ReadAction","target":["https:\/\/www.ipecon.sk\/vumat-2\/"]}]},{"@type":"ImageObject","inLanguage":"en-GB","@id":"https:\/\/www.ipecon.sk\/vumat-2\/#primaryimage","url":"https:\/\/ps.ipecon.sk\/wp-content\/uploads\/2016\/10\/09_vumat_logo.jpg","contentUrl":"https:\/\/ps.ipecon.sk\/wp-content\/uploads\/2016\/10\/09_vumat_logo.jpg"},{"@type":"BreadcrumbList","@id":"https:\/\/www.ipecon.sk\/vumat-2\/#breadcrumb","itemListElement":[{"@type":"ListItem","position":1,"name":"Home","item":"https:\/\/www.ipecon.sk\/"},{"@type":"ListItem","position":2,"name":"Vumat"}]},{"@type":"WebSite","@id":"https:\/\/www.ipecon.sk\/#website","url":"https:\/\/www.ipecon.sk\/","name":"IPECON","description":"","potentialAction":[{"@type":"SearchAction","target":{"@type":"EntryPoint","urlTemplate":"https:\/\/www.ipecon.sk\/?s={search_term_string}"},"query-input":{"@type":"PropertyValueSpecification","valueRequired":true,"valueName":"search_term_string"}}],"inLanguage":"en-GB"}]}},"_links":{"self":[{"href":"https:\/\/www.ipecon.sk\/en\/wp-json\/wp\/v2\/pages\/4520","targetHints":{"allow":["GET"]}}],"collection":[{"href":"https:\/\/www.ipecon.sk\/en\/wp-json\/wp\/v2\/pages"}],"about":[{"href":"https:\/\/www.ipecon.sk\/en\/wp-json\/wp\/v2\/types\/page"}],"author":[{"embeddable":true,"href":"https:\/\/www.ipecon.sk\/en\/wp-json\/wp\/v2\/users\/1"}],"replies":[{"embeddable":true,"href":"https:\/\/www.ipecon.sk\/en\/wp-json\/wp\/v2\/comments?post=4520"}],"version-history":[{"count":2,"href":"https:\/\/www.ipecon.sk\/en\/wp-json\/wp\/v2\/pages\/4520\/revisions"}],"predecessor-version":[{"id":5024,"href":"https:\/\/www.ipecon.sk\/en\/wp-json\/wp\/v2\/pages\/4520\/revisions\/5024"}],"wp:attachment":[{"href":"https:\/\/www.ipecon.sk\/en\/wp-json\/wp\/v2\/media?parent=4520"}],"curies":[{"name":"wp","href":"https:\/\/api.w.org\/{rel}","templated":true}]}}