{"id":4509,"date":"2023-08-03T13:07:13","date_gmt":"2023-08-03T13:07:13","guid":{"rendered":"https:\/\/www.ipecon.sk\/?page_id=4509"},"modified":"2023-08-11T07:13:51","modified_gmt":"2023-08-11T07:13:51","slug":"bmz-3","status":"publish","type":"page","link":"https:\/\/www.ipecon.sk\/en\/bmz-3\/","title":{"rendered":""},"content":{"rendered":"<div class=\"wp-block-group alignwide is-nowrap is-layout-flex wp-container-core-group-is-layout-ad2f72ca wp-block-group-is-layout-flex\">\n<div class=\"wp-block-media-text alignwide is-stacked-on-mobile\" style=\"grid-template-columns:20% auto\"><figure class=\"wp-block-media-text__media\"><a href=\"http:\/\/www.bmz.sk\" target=\"_blank\" rel=\"noreferrer noopener\"><img decoding=\"async\" width=\"200\" height=\"200\" src=\"https:\/\/www.ipecon.sk\/wp-content\/uploads\/2023\/08\/02_logo_bmz.jpg\" alt=\"\" class=\"wp-image-4979 size-full\" srcset=\"https:\/\/www.ipecon.sk\/wp-content\/uploads\/2023\/08\/02_logo_bmz.jpg 200w, https:\/\/www.ipecon.sk\/wp-content\/uploads\/2023\/08\/02_logo_bmz-100x100.jpg 100w, https:\/\/www.ipecon.sk\/wp-content\/uploads\/2023\/08\/02_logo_bmz-150x150.jpg 150w\" sizes=\"(max-width: 200px) 100vw, 200px\" \/><\/a><\/figure><div class=\"wp-block-media-text__content\">\n<h3 class=\"wp-block-heading\"><a href=\"http:\/\/www.bmz.sk\" target=\"_blank\" rel=\"noreferrer noopener\">www.bmz.sk<\/a><\/h3>\n\n\n\n<p>Spolo\u010dnos\u0165 BMZ, a.s. p\u00f4sob\u00ed na stroj\u00e1renskom trhu od roku 1969. Jej produkty s\u00fa ur\u010den\u00e9 hlavne pre \u00faprav\u00e1rensk\u00fd priemysel a\u00a0spracovanie surov\u00edn. Spolo\u010dnos\u0165 disponuje \u0161irok\u00fdm spektrom stroj\u00e1renskej technol\u00f3gie umo\u017e\u0148uj\u00facej tie\u017e vyr\u00e1ba\u0165 opracovan\u00e9 zv\u00e1ran\u00e9 diely a\u00a0podskupiny pod\u013ea po\u017eiadaviek z\u00e1kazn\u00edka, spolo\u010dnos\u0165 taktie\u017e dod\u00e1va technologick\u00e9 a\u00a0stavebn\u00e9 oce\u013eov\u00e9 kon\u0161trukcie. V\u00a0oblasti zv\u00e1rania je spolo\u010dnos\u0165 certifikovan\u00e1 pod\u013ea DIN 18800-7, EN ISO 3834-2 a\u00a0DIN EN 15\u00a0085-2-zv\u00e1ranie ko\u013eajov\u00fdch vozidiel a\u00a0podskup\u00edn. Spolo\u010dnos\u0165 pon\u00faka v\u00a0oblasti slu\u017eieb CNC p\u00e1lenie tvarov\u00fdch v\u00fdpalkov technol\u00f3giou kysl\u00edk-acetyl\u00e9n resp. plazma \u2026<\/p>\n\n\n\n<p><\/p>\n<\/div><\/div>\n<\/div>\n\n\n\n<p><a href=\"http:\/\/www.bmz.sk\/\" target=\"_blank\" rel=\"noreferrer noopener\"><\/a><strong>Spolo\u010dnos\u0165 BMZ pou\u017e\u00edva tieto stroje DURMA:<\/strong><\/p>\n\n\n\n<hr class=\"wp-block-separator has-alpha-channel-opacity\"\/>\n\n\n\n<p>Hydraulick\u00fd ohra\u0148ovac\u00ed lis&nbsp;<strong>DURMA AD-R 30320&nbsp;<\/strong>(r. v. 2015)<\/p>\n\n\n\n<ul class=\"wp-block-list\">\n<li>Vybavenie: Grafick\u00fd CNC riadiaci syst\u00e9m DT 10, CNC osi Y1, Y2, X, R, &nbsp;Manu\u00e1lne nastavenie priehybu stola, Laserov\u00e1 ochrana r\u00fak<\/li>\n<\/ul>\n\n\n\n<p>Hydraulick\u00e1 zakru\u017eova\u010dka plechov&nbsp;<strong>DURMA&nbsp;HRB-4 2025 CNC&nbsp;<\/strong>(r. v. 2013)<\/p>\n\n\n\n<ul class=\"wp-block-list\">\n<li>Vybavenie: Grafick\u00fd CNC riadiaci syst\u00e9m s&nbsp;automatick\u00fdm vytv\u00e1ran\u00edm aj tvarovo n\u00e1ro\u010dn\u00fdch programov, s&nbsp;mo\u017enos\u0165ou zakru\u017eova\u0165 aj do ku\u017ee\u013eov, s&nbsp;nastavite\u013en\u00fdm hydraulick\u00fdm pr\u00edtlakom spodn\u00e9ho valca, s&nbsp;bo\u010dn\u00fdmi podperami a centr\u00e1lnou podperou<\/li>\n<\/ul>\n\n\n\n<p>Hydraulick\u00fd ohra\u0148ovac\u00ed lis&nbsp;<strong>DURMA AD-S 40400&nbsp;<\/strong>(r. v. 2007)<\/p>\n\n\n\n<ul class=\"wp-block-list\">\n<li>Vybavenie: Grafick\u00fd CNC riadiaci syst\u00e9m ModEva 10S, CNC osi Y1, Y2, X, R, Manu\u00e1lne nastavenie priehybu stola, Servopohon os\u00ed X, R<\/li>\n<\/ul>\n\n\n\n<p><\/p>","protected":false},"excerpt":{"rendered":"<p>www.bmz.sk Spolo\u010dnos\u0165 BMZ, a.s. p\u00f4sob\u00ed na stroj\u00e1renskom trhu od roku 1969. Jej produkty s\u00fa ur\u010den\u00e9 hlavne pre \u00faprav\u00e1rensk\u00fd priemysel a\u00a0spracovanie surov\u00edn. Spolo\u010dnos\u0165 disponuje \u0161irok\u00fdm spektrom stroj\u00e1renskej technol\u00f3gie umo\u017e\u0148uj\u00facej tie\u017e vyr\u00e1ba\u0165 opracovan\u00e9 zv\u00e1ran\u00e9 diely a\u00a0podskupiny pod\u013ea po\u017eiadaviek z\u00e1kazn\u00edka, spolo\u010dnos\u0165 taktie\u017e dod\u00e1va technologick\u00e9 a\u00a0stavebn\u00e9 oce\u013eov\u00e9 kon\u0161trukcie. V\u00a0oblasti zv\u00e1rania je spolo\u010dnos\u0165 certifikovan\u00e1 pod\u013ea DIN 18800-7, EN ISO 3834-2 [&hellip;]<\/p>\n","protected":false},"author":1,"featured_media":0,"parent":0,"menu_order":0,"comment_status":"closed","ping_status":"closed","template":"","meta":{"_acf_changed":false,"_et_pb_use_builder":"off","_et_pb_old_content":"","_et_gb_content_width":"","footnotes":""},"class_list":["post-4509","page","type-page","status-publish","hentry"],"acf":[],"yoast_head":"<!-- This site is optimized with the Yoast SEO plugin v27.4 - https:\/\/yoast.com\/product\/yoast-seo-wordpress\/ -->\n<title>- IPECON<\/title>\n<meta name=\"robots\" content=\"index, follow, max-snippet:-1, max-image-preview:large, max-video-preview:-1\" \/>\n<link rel=\"canonical\" href=\"https:\/\/www.ipecon.sk\/en\/bmz-3\/\" \/>\n<meta property=\"og:locale\" content=\"en_GB\" \/>\n<meta property=\"og:type\" content=\"article\" \/>\n<meta property=\"og:title\" content=\"- IPECON\" \/>\n<meta property=\"og:description\" content=\"www.bmz.sk Spolo\u010dnos\u0165 BMZ, a.s. p\u00f4sob\u00ed na stroj\u00e1renskom trhu od roku 1969. Jej produkty s\u00fa ur\u010den\u00e9 hlavne pre \u00faprav\u00e1rensk\u00fd priemysel a\u00a0spracovanie surov\u00edn. Spolo\u010dnos\u0165 disponuje \u0161irok\u00fdm spektrom stroj\u00e1renskej technol\u00f3gie umo\u017e\u0148uj\u00facej tie\u017e vyr\u00e1ba\u0165 opracovan\u00e9 zv\u00e1ran\u00e9 diely a\u00a0podskupiny pod\u013ea po\u017eiadaviek z\u00e1kazn\u00edka, spolo\u010dnos\u0165 taktie\u017e dod\u00e1va technologick\u00e9 a\u00a0stavebn\u00e9 oce\u013eov\u00e9 kon\u0161trukcie. V\u00a0oblasti zv\u00e1rania je spolo\u010dnos\u0165 certifikovan\u00e1 pod\u013ea DIN 18800-7, EN ISO 3834-2 [&hellip;]\" \/>\n<meta property=\"og:url\" content=\"https:\/\/www.ipecon.sk\/en\/bmz-3\/\" \/>\n<meta property=\"og:site_name\" content=\"IPECON\" \/>\n<meta property=\"article:modified_time\" content=\"2023-08-11T07:13:51+00:00\" \/>\n<meta property=\"og:image\" content=\"https:\/\/www.ipecon.sk\/wp-content\/uploads\/2023\/08\/02_logo_bmz.jpg\" \/>\n<meta name=\"twitter:card\" content=\"summary_large_image\" \/>\n<meta name=\"twitter:label1\" content=\"Estimated reading time\" \/>\n\t<meta name=\"twitter:data1\" content=\"2 minutes\" \/>\n<script type=\"application\/ld+json\" class=\"yoast-schema-graph\">{\"@context\":\"https:\\\/\\\/schema.org\",\"@graph\":[{\"@type\":\"WebPage\",\"@id\":\"https:\\\/\\\/www.ipecon.sk\\\/bmz-3\\\/\",\"url\":\"https:\\\/\\\/www.ipecon.sk\\\/bmz-3\\\/\",\"name\":\"- IPECON\",\"isPartOf\":{\"@id\":\"https:\\\/\\\/www.ipecon.sk\\\/#website\"},\"primaryImageOfPage\":{\"@id\":\"https:\\\/\\\/www.ipecon.sk\\\/bmz-3\\\/#primaryimage\"},\"image\":{\"@id\":\"https:\\\/\\\/www.ipecon.sk\\\/bmz-3\\\/#primaryimage\"},\"thumbnailUrl\":\"https:\\\/\\\/www.ipecon.sk\\\/wp-content\\\/uploads\\\/2023\\\/08\\\/02_logo_bmz.jpg\",\"datePublished\":\"2023-08-03T13:07:13+00:00\",\"dateModified\":\"2023-08-11T07:13:51+00:00\",\"inLanguage\":\"en-GB\",\"potentialAction\":[{\"@type\":\"ReadAction\",\"target\":[\"https:\\\/\\\/www.ipecon.sk\\\/bmz-3\\\/\"]}]},{\"@type\":\"ImageObject\",\"inLanguage\":\"en-GB\",\"@id\":\"https:\\\/\\\/www.ipecon.sk\\\/bmz-3\\\/#primaryimage\",\"url\":\"https:\\\/\\\/www.ipecon.sk\\\/wp-content\\\/uploads\\\/2023\\\/08\\\/02_logo_bmz.jpg\",\"contentUrl\":\"https:\\\/\\\/www.ipecon.sk\\\/wp-content\\\/uploads\\\/2023\\\/08\\\/02_logo_bmz.jpg\"},{\"@type\":\"WebSite\",\"@id\":\"https:\\\/\\\/www.ipecon.sk\\\/#website\",\"url\":\"https:\\\/\\\/www.ipecon.sk\\\/\",\"name\":\"IPECON\",\"description\":\"\",\"potentialAction\":[{\"@type\":\"SearchAction\",\"target\":{\"@type\":\"EntryPoint\",\"urlTemplate\":\"https:\\\/\\\/www.ipecon.sk\\\/?s={search_term_string}\"},\"query-input\":{\"@type\":\"PropertyValueSpecification\",\"valueRequired\":true,\"valueName\":\"search_term_string\"}}],\"inLanguage\":\"en-GB\"}]}<\/script>\n<!-- \/ Yoast SEO plugin. -->","yoast_head_json":{"title":"- IPECON","robots":{"index":"index","follow":"follow","max-snippet":"max-snippet:-1","max-image-preview":"max-image-preview:large","max-video-preview":"max-video-preview:-1"},"canonical":"https:\/\/www.ipecon.sk\/en\/bmz-3\/","og_locale":"en_GB","og_type":"article","og_title":"- IPECON","og_description":"www.bmz.sk Spolo\u010dnos\u0165 BMZ, a.s. p\u00f4sob\u00ed na stroj\u00e1renskom trhu od roku 1969. Jej produkty s\u00fa ur\u010den\u00e9 hlavne pre \u00faprav\u00e1rensk\u00fd priemysel a\u00a0spracovanie surov\u00edn. Spolo\u010dnos\u0165 disponuje \u0161irok\u00fdm spektrom stroj\u00e1renskej technol\u00f3gie umo\u017e\u0148uj\u00facej tie\u017e vyr\u00e1ba\u0165 opracovan\u00e9 zv\u00e1ran\u00e9 diely a\u00a0podskupiny pod\u013ea po\u017eiadaviek z\u00e1kazn\u00edka, spolo\u010dnos\u0165 taktie\u017e dod\u00e1va technologick\u00e9 a\u00a0stavebn\u00e9 oce\u013eov\u00e9 kon\u0161trukcie. V\u00a0oblasti zv\u00e1rania je spolo\u010dnos\u0165 certifikovan\u00e1 pod\u013ea DIN 18800-7, EN ISO 3834-2 [&hellip;]","og_url":"https:\/\/www.ipecon.sk\/en\/bmz-3\/","og_site_name":"IPECON","article_modified_time":"2023-08-11T07:13:51+00:00","og_image":[{"url":"https:\/\/www.ipecon.sk\/wp-content\/uploads\/2023\/08\/02_logo_bmz.jpg","type":"","width":"","height":""}],"twitter_card":"summary_large_image","twitter_misc":{"Estimated reading time":"2 minutes"},"schema":{"@context":"https:\/\/schema.org","@graph":[{"@type":"WebPage","@id":"https:\/\/www.ipecon.sk\/bmz-3\/","url":"https:\/\/www.ipecon.sk\/bmz-3\/","name":"- IPECON","isPartOf":{"@id":"https:\/\/www.ipecon.sk\/#website"},"primaryImageOfPage":{"@id":"https:\/\/www.ipecon.sk\/bmz-3\/#primaryimage"},"image":{"@id":"https:\/\/www.ipecon.sk\/bmz-3\/#primaryimage"},"thumbnailUrl":"https:\/\/www.ipecon.sk\/wp-content\/uploads\/2023\/08\/02_logo_bmz.jpg","datePublished":"2023-08-03T13:07:13+00:00","dateModified":"2023-08-11T07:13:51+00:00","inLanguage":"en-GB","potentialAction":[{"@type":"ReadAction","target":["https:\/\/www.ipecon.sk\/bmz-3\/"]}]},{"@type":"ImageObject","inLanguage":"en-GB","@id":"https:\/\/www.ipecon.sk\/bmz-3\/#primaryimage","url":"https:\/\/www.ipecon.sk\/wp-content\/uploads\/2023\/08\/02_logo_bmz.jpg","contentUrl":"https:\/\/www.ipecon.sk\/wp-content\/uploads\/2023\/08\/02_logo_bmz.jpg"},{"@type":"WebSite","@id":"https:\/\/www.ipecon.sk\/#website","url":"https:\/\/www.ipecon.sk\/","name":"IPECON","description":"","potentialAction":[{"@type":"SearchAction","target":{"@type":"EntryPoint","urlTemplate":"https:\/\/www.ipecon.sk\/?s={search_term_string}"},"query-input":{"@type":"PropertyValueSpecification","valueRequired":true,"valueName":"search_term_string"}}],"inLanguage":"en-GB"}]}},"_links":{"self":[{"href":"https:\/\/www.ipecon.sk\/en\/wp-json\/wp\/v2\/pages\/4509","targetHints":{"allow":["GET"]}}],"collection":[{"href":"https:\/\/www.ipecon.sk\/en\/wp-json\/wp\/v2\/pages"}],"about":[{"href":"https:\/\/www.ipecon.sk\/en\/wp-json\/wp\/v2\/types\/page"}],"author":[{"embeddable":true,"href":"https:\/\/www.ipecon.sk\/en\/wp-json\/wp\/v2\/users\/1"}],"replies":[{"embeddable":true,"href":"https:\/\/www.ipecon.sk\/en\/wp-json\/wp\/v2\/comments?post=4509"}],"version-history":[{"count":6,"href":"https:\/\/www.ipecon.sk\/en\/wp-json\/wp\/v2\/pages\/4509\/revisions"}],"predecessor-version":[{"id":4989,"href":"https:\/\/www.ipecon.sk\/en\/wp-json\/wp\/v2\/pages\/4509\/revisions\/4989"}],"wp:attachment":[{"href":"https:\/\/www.ipecon.sk\/en\/wp-json\/wp\/v2\/media?parent=4509"}],"curies":[{"name":"wp","href":"https:\/\/api.w.org\/{rel}","templated":true}]}}