{"id":3998,"date":"2023-08-02T08:54:21","date_gmt":"2023-08-02T08:54:21","guid":{"rendered":"https:\/\/www.ipecon.sk\/?page_id=3998"},"modified":"2023-08-10T11:27:52","modified_gmt":"2023-08-10T11:27:52","slug":"madora-2","status":"publish","type":"page","link":"https:\/\/www.ipecon.sk\/en\/madora-2\/","title":{"rendered":"Madora"},"content":{"rendered":"<figure class=\"wp-block-image aligncenter size-large is-resized\"><img decoding=\"async\" src=\"https:\/\/www.ipecon.sk\/wp-content\/uploads\/2023\/08\/madora-1024x171.png\" alt=\"\" class=\"wp-image-4881\" width=\"832\" height=\"138\"\/><\/figure>\n\n\n\n<p>Sme partnerom v\u00fdrobnej spolo\u010dnosti <strong>MADORA <\/strong>a autorizovan\u00fd predaj produktov <strong>MADORA <\/strong>v Slovenskej republike.&nbsp;Spolo\u010dnos\u0165 <strong><strong>MADORA <\/strong><\/strong>je prv\u00fdm a z\u00e1rove\u0148 jedin\u00fdm po\u013esk\u00fdm v\u00fdrobcom odihlovac\u00edch strojov. Spolo\u010dnos\u0165 bola zalo\u017een\u00e1 v roku 2013. Od za\u010diatku je obchodn\u00fd profil spolo\u010dnosti spojen\u00fd s n\u00e1vrhom a v\u00fdrobou vysokokvalitn\u00fdch strojov na odihlovanie a zabezpe\u010denie ich spo\u013eahlivej  prev\u00e1dzky. Za 10rokov sa \u010dinnos\u0165 spolo\u010dnosti <strong>MADORA <\/strong>postupne roz\u0161\u00edrila o v\u00fdrobu viacer\u00fdch typov strojov a predaj br\u00fasnych materi\u00e1lov pre odihlovacie stroje.<\/p>\n\n\n\n<p><\/p>\n\n\n\n<figure class=\"wp-block-image aligncenter size-full\"><img decoding=\"async\" width=\"600\" height=\"460\" src=\"https:\/\/www.ipecon.sk\/wp-content\/uploads\/2023\/08\/article-main-a.webp\" alt=\"\" class=\"wp-image-4836\" srcset=\"https:\/\/www.ipecon.sk\/wp-content\/uploads\/2023\/08\/article-main-a.webp 600w, https:\/\/www.ipecon.sk\/wp-content\/uploads\/2023\/08\/article-main-a-480x368.webp 480w\" sizes=\"(min-width: 0px) and (max-width: 480px) 480px, (min-width: 481px) 600px, 100vw\" \/><\/figure>\n\n\n\n<figure class=\"wp-block-image aligncenter size-full is-resized\"><img decoding=\"async\" src=\"https:\/\/www.ipecon.sk\/wp-content\/uploads\/2023\/08\/gratowarka-madora-gp1000zz-polski-producent-kotlin-562922384-1.jpg\" alt=\"\" class=\"wp-image-4841\" width=\"600\" srcset=\"https:\/\/www.ipecon.sk\/wp-content\/uploads\/2023\/08\/gratowarka-madora-gp1000zz-polski-producent-kotlin-562922384-1.jpg 960w, https:\/\/www.ipecon.sk\/wp-content\/uploads\/2023\/08\/gratowarka-madora-gp1000zz-polski-producent-kotlin-562922384-1-480x292.jpg 480w\" sizes=\"(min-width: 0px) and (max-width: 480px) 480px, (min-width: 481px) 960px, 100vw\" \/><\/figure>\n\n\n\n<p class=\"has-medium-font-size\"><strong><a href=\"https:\/\/www.madora.net.pl\/\" target=\"_blank\" rel=\"noreferrer noopener\">www.madora.net.pl<\/a><\/strong><\/p>\n\n\n\n<figure class=\"wp-block-image size-large\"><a href=\"https:\/\/www.madora.net.pl\/\" target=\"_blank\" rel=\"noreferrer noopener\"><img decoding=\"async\" width=\"1024\" height=\"500\" src=\"https:\/\/www.ipecon.sk\/wp-content\/uploads\/2023\/08\/madora-web-1024x500.jpg\" alt=\"\" class=\"wp-image-4887\" srcset=\"https:\/\/www.ipecon.sk\/wp-content\/uploads\/2023\/08\/madora-web-980x478.jpg 980w, https:\/\/www.ipecon.sk\/wp-content\/uploads\/2023\/08\/madora-web-480x234.jpg 480w\" sizes=\"(min-width: 0px) and (max-width: 480px) 480px, (min-width: 481px) and (max-width: 980px) 980px, (min-width: 981px) 1024px, 100vw\" \/><\/a><figcaption class=\"wp-element-caption\"><br><\/figcaption><\/figure>\n\n\n\n<p><\/p>\n\n\n\n<p><\/p>\n\n\n\n<p><\/p>\n\n\n\n<p><\/p>","protected":false},"excerpt":{"rendered":"<p>Sme partnerom v\u00fdrobnej spolo\u010dnosti MADORA a autorizovan\u00fd predaj produktov MADORA v Slovenskej republike.&nbsp;Spolo\u010dnos\u0165 MADORA je prv\u00fdm a z\u00e1rove\u0148 jedin\u00fdm po\u013esk\u00fdm v\u00fdrobcom odihlovac\u00edch strojov. Spolo\u010dnos\u0165 bola zalo\u017een\u00e1 v roku 2013. Od za\u010diatku je obchodn\u00fd profil spolo\u010dnosti spojen\u00fd s n\u00e1vrhom a v\u00fdrobou vysokokvalitn\u00fdch strojov na odihlovanie a zabezpe\u010denie ich spo\u013eahlivej prev\u00e1dzky. Za 10rokov sa \u010dinnos\u0165 spolo\u010dnosti MADORA [&hellip;]<\/p>\n","protected":false},"author":1,"featured_media":0,"parent":0,"menu_order":0,"comment_status":"closed","ping_status":"closed","template":"","meta":{"_acf_changed":false,"_et_pb_use_builder":"off","_et_pb_old_content":"","_et_gb_content_width":"","footnotes":""},"class_list":["post-3998","page","type-page","status-publish","hentry"],"acf":[],"yoast_head":"<!-- This site is optimized with the Yoast SEO plugin v27.4 - https:\/\/yoast.com\/product\/yoast-seo-wordpress\/ -->\n<title>Madora - IPECON<\/title>\n<meta name=\"robots\" content=\"index, follow, max-snippet:-1, max-image-preview:large, max-video-preview:-1\" \/>\n<link rel=\"canonical\" href=\"https:\/\/www.ipecon.sk\/en\/madora-2\/\" \/>\n<meta property=\"og:locale\" content=\"en_GB\" \/>\n<meta property=\"og:type\" content=\"article\" \/>\n<meta property=\"og:title\" content=\"Madora - IPECON\" \/>\n<meta property=\"og:description\" content=\"Sme partnerom v\u00fdrobnej spolo\u010dnosti MADORA a autorizovan\u00fd predaj produktov MADORA v Slovenskej republike.&nbsp;Spolo\u010dnos\u0165 MADORA je prv\u00fdm a z\u00e1rove\u0148 jedin\u00fdm po\u013esk\u00fdm v\u00fdrobcom odihlovac\u00edch strojov. Spolo\u010dnos\u0165 bola zalo\u017een\u00e1 v roku 2013. Od za\u010diatku je obchodn\u00fd profil spolo\u010dnosti spojen\u00fd s n\u00e1vrhom a v\u00fdrobou vysokokvalitn\u00fdch strojov na odihlovanie a zabezpe\u010denie ich spo\u013eahlivej prev\u00e1dzky. Za 10rokov sa \u010dinnos\u0165 spolo\u010dnosti MADORA [&hellip;]\" \/>\n<meta property=\"og:url\" content=\"https:\/\/www.ipecon.sk\/en\/madora-2\/\" \/>\n<meta property=\"og:site_name\" content=\"IPECON\" \/>\n<meta property=\"article:modified_time\" content=\"2023-08-10T11:27:52+00:00\" \/>\n<meta property=\"og:image\" content=\"https:\/\/www.ipecon.sk\/wp-content\/uploads\/2023\/08\/madora-1024x171.png\" \/>\n<meta name=\"twitter:card\" content=\"summary_large_image\" \/>\n<meta name=\"twitter:label1\" content=\"Estimated reading time\" \/>\n\t<meta name=\"twitter:data1\" content=\"2 minutes\" \/>\n<script type=\"application\/ld+json\" class=\"yoast-schema-graph\">{\"@context\":\"https:\\\/\\\/schema.org\",\"@graph\":[{\"@type\":\"WebPage\",\"@id\":\"https:\\\/\\\/www.ipecon.sk\\\/madora-2\\\/\",\"url\":\"https:\\\/\\\/www.ipecon.sk\\\/madora-2\\\/\",\"name\":\"Madora - IPECON\",\"isPartOf\":{\"@id\":\"https:\\\/\\\/www.ipecon.sk\\\/#website\"},\"primaryImageOfPage\":{\"@id\":\"https:\\\/\\\/www.ipecon.sk\\\/madora-2\\\/#primaryimage\"},\"image\":{\"@id\":\"https:\\\/\\\/www.ipecon.sk\\\/madora-2\\\/#primaryimage\"},\"thumbnailUrl\":\"https:\\\/\\\/www.ipecon.sk\\\/wp-content\\\/uploads\\\/2023\\\/08\\\/madora-1024x171.png\",\"datePublished\":\"2023-08-02T08:54:21+00:00\",\"dateModified\":\"2023-08-10T11:27:52+00:00\",\"breadcrumb\":{\"@id\":\"https:\\\/\\\/www.ipecon.sk\\\/madora-2\\\/#breadcrumb\"},\"inLanguage\":\"en-GB\",\"potentialAction\":[{\"@type\":\"ReadAction\",\"target\":[\"https:\\\/\\\/www.ipecon.sk\\\/madora-2\\\/\"]}]},{\"@type\":\"ImageObject\",\"inLanguage\":\"en-GB\",\"@id\":\"https:\\\/\\\/www.ipecon.sk\\\/madora-2\\\/#primaryimage\",\"url\":\"https:\\\/\\\/www.ipecon.sk\\\/wp-content\\\/uploads\\\/2023\\\/08\\\/madora-1024x171.png\",\"contentUrl\":\"https:\\\/\\\/www.ipecon.sk\\\/wp-content\\\/uploads\\\/2023\\\/08\\\/madora-1024x171.png\"},{\"@type\":\"BreadcrumbList\",\"@id\":\"https:\\\/\\\/www.ipecon.sk\\\/madora-2\\\/#breadcrumb\",\"itemListElement\":[{\"@type\":\"ListItem\",\"position\":1,\"name\":\"Home\",\"item\":\"https:\\\/\\\/www.ipecon.sk\\\/\"},{\"@type\":\"ListItem\",\"position\":2,\"name\":\"Madora\"}]},{\"@type\":\"WebSite\",\"@id\":\"https:\\\/\\\/www.ipecon.sk\\\/#website\",\"url\":\"https:\\\/\\\/www.ipecon.sk\\\/\",\"name\":\"IPECON\",\"description\":\"\",\"potentialAction\":[{\"@type\":\"SearchAction\",\"target\":{\"@type\":\"EntryPoint\",\"urlTemplate\":\"https:\\\/\\\/www.ipecon.sk\\\/?s={search_term_string}\"},\"query-input\":{\"@type\":\"PropertyValueSpecification\",\"valueRequired\":true,\"valueName\":\"search_term_string\"}}],\"inLanguage\":\"en-GB\"}]}<\/script>\n<!-- \/ Yoast SEO plugin. -->","yoast_head_json":{"title":"Madora - IPECON","robots":{"index":"index","follow":"follow","max-snippet":"max-snippet:-1","max-image-preview":"max-image-preview:large","max-video-preview":"max-video-preview:-1"},"canonical":"https:\/\/www.ipecon.sk\/en\/madora-2\/","og_locale":"en_GB","og_type":"article","og_title":"Madora - IPECON","og_description":"Sme partnerom v\u00fdrobnej spolo\u010dnosti MADORA a autorizovan\u00fd predaj produktov MADORA v Slovenskej republike.&nbsp;Spolo\u010dnos\u0165 MADORA je prv\u00fdm a z\u00e1rove\u0148 jedin\u00fdm po\u013esk\u00fdm v\u00fdrobcom odihlovac\u00edch strojov. Spolo\u010dnos\u0165 bola zalo\u017een\u00e1 v roku 2013. Od za\u010diatku je obchodn\u00fd profil spolo\u010dnosti spojen\u00fd s n\u00e1vrhom a v\u00fdrobou vysokokvalitn\u00fdch strojov na odihlovanie a zabezpe\u010denie ich spo\u013eahlivej prev\u00e1dzky. Za 10rokov sa \u010dinnos\u0165 spolo\u010dnosti MADORA [&hellip;]","og_url":"https:\/\/www.ipecon.sk\/en\/madora-2\/","og_site_name":"IPECON","article_modified_time":"2023-08-10T11:27:52+00:00","og_image":[{"url":"https:\/\/www.ipecon.sk\/wp-content\/uploads\/2023\/08\/madora-1024x171.png","type":"","width":"","height":""}],"twitter_card":"summary_large_image","twitter_misc":{"Estimated reading time":"2 minutes"},"schema":{"@context":"https:\/\/schema.org","@graph":[{"@type":"WebPage","@id":"https:\/\/www.ipecon.sk\/madora-2\/","url":"https:\/\/www.ipecon.sk\/madora-2\/","name":"Madora - IPECON","isPartOf":{"@id":"https:\/\/www.ipecon.sk\/#website"},"primaryImageOfPage":{"@id":"https:\/\/www.ipecon.sk\/madora-2\/#primaryimage"},"image":{"@id":"https:\/\/www.ipecon.sk\/madora-2\/#primaryimage"},"thumbnailUrl":"https:\/\/www.ipecon.sk\/wp-content\/uploads\/2023\/08\/madora-1024x171.png","datePublished":"2023-08-02T08:54:21+00:00","dateModified":"2023-08-10T11:27:52+00:00","breadcrumb":{"@id":"https:\/\/www.ipecon.sk\/madora-2\/#breadcrumb"},"inLanguage":"en-GB","potentialAction":[{"@type":"ReadAction","target":["https:\/\/www.ipecon.sk\/madora-2\/"]}]},{"@type":"ImageObject","inLanguage":"en-GB","@id":"https:\/\/www.ipecon.sk\/madora-2\/#primaryimage","url":"https:\/\/www.ipecon.sk\/wp-content\/uploads\/2023\/08\/madora-1024x171.png","contentUrl":"https:\/\/www.ipecon.sk\/wp-content\/uploads\/2023\/08\/madora-1024x171.png"},{"@type":"BreadcrumbList","@id":"https:\/\/www.ipecon.sk\/madora-2\/#breadcrumb","itemListElement":[{"@type":"ListItem","position":1,"name":"Home","item":"https:\/\/www.ipecon.sk\/"},{"@type":"ListItem","position":2,"name":"Madora"}]},{"@type":"WebSite","@id":"https:\/\/www.ipecon.sk\/#website","url":"https:\/\/www.ipecon.sk\/","name":"IPECON","description":"","potentialAction":[{"@type":"SearchAction","target":{"@type":"EntryPoint","urlTemplate":"https:\/\/www.ipecon.sk\/?s={search_term_string}"},"query-input":{"@type":"PropertyValueSpecification","valueRequired":true,"valueName":"search_term_string"}}],"inLanguage":"en-GB"}]}},"_links":{"self":[{"href":"https:\/\/www.ipecon.sk\/en\/wp-json\/wp\/v2\/pages\/3998","targetHints":{"allow":["GET"]}}],"collection":[{"href":"https:\/\/www.ipecon.sk\/en\/wp-json\/wp\/v2\/pages"}],"about":[{"href":"https:\/\/www.ipecon.sk\/en\/wp-json\/wp\/v2\/types\/page"}],"author":[{"embeddable":true,"href":"https:\/\/www.ipecon.sk\/en\/wp-json\/wp\/v2\/users\/1"}],"replies":[{"embeddable":true,"href":"https:\/\/www.ipecon.sk\/en\/wp-json\/wp\/v2\/comments?post=3998"}],"version-history":[{"count":6,"href":"https:\/\/www.ipecon.sk\/en\/wp-json\/wp\/v2\/pages\/3998\/revisions"}],"predecessor-version":[{"id":4927,"href":"https:\/\/www.ipecon.sk\/en\/wp-json\/wp\/v2\/pages\/3998\/revisions\/4927"}],"wp:attachment":[{"href":"https:\/\/www.ipecon.sk\/en\/wp-json\/wp\/v2\/media?parent=3998"}],"curies":[{"name":"wp","href":"https:\/\/api.w.org\/{rel}","templated":true}]}}