{"id":3927,"date":"2023-08-01T08:20:57","date_gmt":"2023-08-01T08:20:57","guid":{"rendered":"https:\/\/www.ipecon.sk\/?page_id=3927"},"modified":"2023-08-14T07:07:29","modified_gmt":"2023-08-14T07:07:29","slug":"promont-2","status":"publish","type":"page","link":"https:\/\/www.ipecon.sk\/en\/promont-2\/","title":{"rendered":"PROMONT"},"content":{"rendered":"<div class=\"wp-block-media-text alignwide is-stacked-on-mobile\" style=\"grid-template-columns:15% auto\"><figure class=\"wp-block-media-text__media\"><a href=\"http:\/\/www.promontsro.sk\/\"><img decoding=\"async\" src=\"https:\/\/ps.ipecon.sk\/wp-content\/uploads\/2016\/10\/11_logopromont.jpg\" alt=\"\" class=\"wp-image-1208 size-full\"\/><\/a><\/figure><div class=\"wp-block-media-text__content\">\n<h3 class=\"wp-block-heading\"><a href=\"http:\/\/www.promontsro.sk\/\" target=\"_blank\" rel=\"noreferrer noopener\">www.promontsro.sk<\/a><\/h3>\n\n\n\n<p>Pre Promont, s. r. o. je charakteristick\u00e1 komplexnos\u0165 dod\u00e1vky a mont\u00e1\u017ee oce\u013eov\u00fdch kon\u0161trukci\u00ed a technologick\u00fdch zariaden\u00ed. Dok\u00e1\u017eeme projekt navrhn\u00fa\u0165 po statickej str\u00e1nke, pripravi\u0165 v\u00fdrobn\u00fa dokument\u00e1ciu pre diel\u0148u vybaven\u00fa deliacim strediskom, pieskov\u0148ou a lakov\u0148ou. Prevoz hotovej kon\u0161trukcie a nadrozmern\u00fdch n\u00e1kladov na stavenisko, vr\u00e1tane kone\u010dnej mont\u00e1\u017ee auto\u017eeriavmi a mont\u00e1\u017enymi plo\u0161inami, dok\u00e1\u017ee spolo\u010dnos\u0165 takisto realizova\u0165 vlastn\u00fdm dopravn\u00fdm parkom\u2026<\/p>\n<\/div><\/div>\n\n\n\n<h3 class=\"wp-block-heading\"><\/h3>\n\n\n\n<p><strong>Spolo\u010dnos\u0165 PROMONT pou\u017e\u00edva tieto stroje DURMA:<\/strong><\/p>\n\n\n\n<hr class=\"wp-block-separator has-alpha-channel-opacity\"\/>\n\n\n\n<p>Hydraulick\u00fd ohra\u0148ovac\u00ed lis&nbsp;<strong>DURMA AD-R 40400&nbsp;<\/strong>(r. v. 2014)<\/p>\n\n\n\n<ul class=\"wp-block-list\">\n<li>Vybavenie: Grafick\u00fd CNC riadiaci syst\u00e9m Cybelec DNC880, CNC osi Y1, Y2, X,&nbsp; R, Manu\u00e1lne nastavenie priehybu stola, Laserov\u00e1 ochrana r\u00fak<\/li>\n<\/ul>\n\n\n\n<p>Hydraulick\u00e9 tabu\u013eov\u00e9 CNC no\u017enice&nbsp;<strong>DURMA VS 4013&nbsp;<\/strong>(r. v. 2014)<\/p>\n\n\n\n<ul class=\"wp-block-list\">\n<li>Vybavenie: CNC syst\u00e9m s&nbsp;automatick\u00fdm nastaven\u00edm zadn\u00e9ho dorazu, medzery medzi no\u017emi, uhlu strihu a d\u013a\u017eky strihu pod\u013ea zadan\u00e9ho materi\u00e1lu<\/li>\n<\/ul>","protected":false},"excerpt":{"rendered":"<p>www.promontsro.sk Pre Promont, s. r. o. je charakteristick\u00e1 komplexnos\u0165 dod\u00e1vky a mont\u00e1\u017ee oce\u013eov\u00fdch kon\u0161trukci\u00ed a technologick\u00fdch zariaden\u00ed. Dok\u00e1\u017eeme projekt navrhn\u00fa\u0165 po statickej str\u00e1nke, pripravi\u0165 v\u00fdrobn\u00fa dokument\u00e1ciu pre diel\u0148u vybaven\u00fa deliacim strediskom, pieskov\u0148ou a lakov\u0148ou. Prevoz hotovej kon\u0161trukcie a nadrozmern\u00fdch n\u00e1kladov na stavenisko, vr\u00e1tane kone\u010dnej mont\u00e1\u017ee auto\u017eeriavmi a mont\u00e1\u017enymi plo\u0161inami, dok\u00e1\u017ee spolo\u010dnos\u0165 takisto realizova\u0165 vlastn\u00fdm dopravn\u00fdm [&hellip;]<\/p>\n","protected":false},"author":1,"featured_media":0,"parent":0,"menu_order":0,"comment_status":"closed","ping_status":"closed","template":"","meta":{"_acf_changed":false,"_et_pb_use_builder":"off","_et_pb_old_content":"","_et_gb_content_width":"","footnotes":""},"class_list":["post-3927","page","type-page","status-publish","hentry"],"acf":[],"yoast_head":"<!-- This site is optimized with the Yoast SEO plugin v27.4 - https:\/\/yoast.com\/product\/yoast-seo-wordpress\/ -->\n<title>PROMONT - IPECON<\/title>\n<meta name=\"robots\" content=\"index, follow, max-snippet:-1, max-image-preview:large, max-video-preview:-1\" \/>\n<link rel=\"canonical\" href=\"https:\/\/www.ipecon.sk\/en\/promont-2\/\" \/>\n<meta property=\"og:locale\" content=\"en_GB\" \/>\n<meta property=\"og:type\" content=\"article\" \/>\n<meta property=\"og:title\" content=\"PROMONT - IPECON\" \/>\n<meta property=\"og:description\" content=\"www.promontsro.sk Pre Promont, s. r. o. je charakteristick\u00e1 komplexnos\u0165 dod\u00e1vky a mont\u00e1\u017ee oce\u013eov\u00fdch kon\u0161trukci\u00ed a technologick\u00fdch zariaden\u00ed. Dok\u00e1\u017eeme projekt navrhn\u00fa\u0165 po statickej str\u00e1nke, pripravi\u0165 v\u00fdrobn\u00fa dokument\u00e1ciu pre diel\u0148u vybaven\u00fa deliacim strediskom, pieskov\u0148ou a lakov\u0148ou. Prevoz hotovej kon\u0161trukcie a nadrozmern\u00fdch n\u00e1kladov na stavenisko, vr\u00e1tane kone\u010dnej mont\u00e1\u017ee auto\u017eeriavmi a mont\u00e1\u017enymi plo\u0161inami, dok\u00e1\u017ee spolo\u010dnos\u0165 takisto realizova\u0165 vlastn\u00fdm dopravn\u00fdm [&hellip;]\" \/>\n<meta property=\"og:url\" content=\"https:\/\/www.ipecon.sk\/en\/promont-2\/\" \/>\n<meta property=\"og:site_name\" content=\"IPECON\" \/>\n<meta property=\"article:modified_time\" content=\"2023-08-14T07:07:29+00:00\" \/>\n<meta property=\"og:image\" content=\"https:\/\/ps.ipecon.sk\/wp-content\/uploads\/2016\/10\/11_logopromont.jpg\" \/>\n<meta name=\"twitter:card\" content=\"summary_large_image\" \/>\n<meta name=\"twitter:label1\" content=\"Estimated reading time\" \/>\n\t<meta name=\"twitter:data1\" content=\"1 minute\" \/>\n<script type=\"application\/ld+json\" class=\"yoast-schema-graph\">{\"@context\":\"https:\\\/\\\/schema.org\",\"@graph\":[{\"@type\":\"WebPage\",\"@id\":\"https:\\\/\\\/www.ipecon.sk\\\/promont-2\\\/\",\"url\":\"https:\\\/\\\/www.ipecon.sk\\\/promont-2\\\/\",\"name\":\"PROMONT - IPECON\",\"isPartOf\":{\"@id\":\"https:\\\/\\\/www.ipecon.sk\\\/#website\"},\"primaryImageOfPage\":{\"@id\":\"https:\\\/\\\/www.ipecon.sk\\\/promont-2\\\/#primaryimage\"},\"image\":{\"@id\":\"https:\\\/\\\/www.ipecon.sk\\\/promont-2\\\/#primaryimage\"},\"thumbnailUrl\":\"https:\\\/\\\/ps.ipecon.sk\\\/wp-content\\\/uploads\\\/2016\\\/10\\\/11_logopromont.jpg\",\"datePublished\":\"2023-08-01T08:20:57+00:00\",\"dateModified\":\"2023-08-14T07:07:29+00:00\",\"breadcrumb\":{\"@id\":\"https:\\\/\\\/www.ipecon.sk\\\/promont-2\\\/#breadcrumb\"},\"inLanguage\":\"en-GB\",\"potentialAction\":[{\"@type\":\"ReadAction\",\"target\":[\"https:\\\/\\\/www.ipecon.sk\\\/promont-2\\\/\"]}]},{\"@type\":\"ImageObject\",\"inLanguage\":\"en-GB\",\"@id\":\"https:\\\/\\\/www.ipecon.sk\\\/promont-2\\\/#primaryimage\",\"url\":\"https:\\\/\\\/ps.ipecon.sk\\\/wp-content\\\/uploads\\\/2016\\\/10\\\/11_logopromont.jpg\",\"contentUrl\":\"https:\\\/\\\/ps.ipecon.sk\\\/wp-content\\\/uploads\\\/2016\\\/10\\\/11_logopromont.jpg\"},{\"@type\":\"BreadcrumbList\",\"@id\":\"https:\\\/\\\/www.ipecon.sk\\\/promont-2\\\/#breadcrumb\",\"itemListElement\":[{\"@type\":\"ListItem\",\"position\":1,\"name\":\"Home\",\"item\":\"https:\\\/\\\/www.ipecon.sk\\\/\"},{\"@type\":\"ListItem\",\"position\":2,\"name\":\"PROMONT\"}]},{\"@type\":\"WebSite\",\"@id\":\"https:\\\/\\\/www.ipecon.sk\\\/#website\",\"url\":\"https:\\\/\\\/www.ipecon.sk\\\/\",\"name\":\"IPECON\",\"description\":\"\",\"potentialAction\":[{\"@type\":\"SearchAction\",\"target\":{\"@type\":\"EntryPoint\",\"urlTemplate\":\"https:\\\/\\\/www.ipecon.sk\\\/?s={search_term_string}\"},\"query-input\":{\"@type\":\"PropertyValueSpecification\",\"valueRequired\":true,\"valueName\":\"search_term_string\"}}],\"inLanguage\":\"en-GB\"}]}<\/script>\n<!-- \/ Yoast SEO plugin. -->","yoast_head_json":{"title":"PROMONT - IPECON","robots":{"index":"index","follow":"follow","max-snippet":"max-snippet:-1","max-image-preview":"max-image-preview:large","max-video-preview":"max-video-preview:-1"},"canonical":"https:\/\/www.ipecon.sk\/en\/promont-2\/","og_locale":"en_GB","og_type":"article","og_title":"PROMONT - IPECON","og_description":"www.promontsro.sk Pre Promont, s. r. o. je charakteristick\u00e1 komplexnos\u0165 dod\u00e1vky a mont\u00e1\u017ee oce\u013eov\u00fdch kon\u0161trukci\u00ed a technologick\u00fdch zariaden\u00ed. Dok\u00e1\u017eeme projekt navrhn\u00fa\u0165 po statickej str\u00e1nke, pripravi\u0165 v\u00fdrobn\u00fa dokument\u00e1ciu pre diel\u0148u vybaven\u00fa deliacim strediskom, pieskov\u0148ou a lakov\u0148ou. Prevoz hotovej kon\u0161trukcie a nadrozmern\u00fdch n\u00e1kladov na stavenisko, vr\u00e1tane kone\u010dnej mont\u00e1\u017ee auto\u017eeriavmi a mont\u00e1\u017enymi plo\u0161inami, dok\u00e1\u017ee spolo\u010dnos\u0165 takisto realizova\u0165 vlastn\u00fdm dopravn\u00fdm [&hellip;]","og_url":"https:\/\/www.ipecon.sk\/en\/promont-2\/","og_site_name":"IPECON","article_modified_time":"2023-08-14T07:07:29+00:00","og_image":[{"url":"https:\/\/ps.ipecon.sk\/wp-content\/uploads\/2016\/10\/11_logopromont.jpg","type":"","width":"","height":""}],"twitter_card":"summary_large_image","twitter_misc":{"Estimated reading time":"1 minute"},"schema":{"@context":"https:\/\/schema.org","@graph":[{"@type":"WebPage","@id":"https:\/\/www.ipecon.sk\/promont-2\/","url":"https:\/\/www.ipecon.sk\/promont-2\/","name":"PROMONT - IPECON","isPartOf":{"@id":"https:\/\/www.ipecon.sk\/#website"},"primaryImageOfPage":{"@id":"https:\/\/www.ipecon.sk\/promont-2\/#primaryimage"},"image":{"@id":"https:\/\/www.ipecon.sk\/promont-2\/#primaryimage"},"thumbnailUrl":"https:\/\/ps.ipecon.sk\/wp-content\/uploads\/2016\/10\/11_logopromont.jpg","datePublished":"2023-08-01T08:20:57+00:00","dateModified":"2023-08-14T07:07:29+00:00","breadcrumb":{"@id":"https:\/\/www.ipecon.sk\/promont-2\/#breadcrumb"},"inLanguage":"en-GB","potentialAction":[{"@type":"ReadAction","target":["https:\/\/www.ipecon.sk\/promont-2\/"]}]},{"@type":"ImageObject","inLanguage":"en-GB","@id":"https:\/\/www.ipecon.sk\/promont-2\/#primaryimage","url":"https:\/\/ps.ipecon.sk\/wp-content\/uploads\/2016\/10\/11_logopromont.jpg","contentUrl":"https:\/\/ps.ipecon.sk\/wp-content\/uploads\/2016\/10\/11_logopromont.jpg"},{"@type":"BreadcrumbList","@id":"https:\/\/www.ipecon.sk\/promont-2\/#breadcrumb","itemListElement":[{"@type":"ListItem","position":1,"name":"Home","item":"https:\/\/www.ipecon.sk\/"},{"@type":"ListItem","position":2,"name":"PROMONT"}]},{"@type":"WebSite","@id":"https:\/\/www.ipecon.sk\/#website","url":"https:\/\/www.ipecon.sk\/","name":"IPECON","description":"","potentialAction":[{"@type":"SearchAction","target":{"@type":"EntryPoint","urlTemplate":"https:\/\/www.ipecon.sk\/?s={search_term_string}"},"query-input":{"@type":"PropertyValueSpecification","valueRequired":true,"valueName":"search_term_string"}}],"inLanguage":"en-GB"}]}},"_links":{"self":[{"href":"https:\/\/www.ipecon.sk\/en\/wp-json\/wp\/v2\/pages\/3927","targetHints":{"allow":["GET"]}}],"collection":[{"href":"https:\/\/www.ipecon.sk\/en\/wp-json\/wp\/v2\/pages"}],"about":[{"href":"https:\/\/www.ipecon.sk\/en\/wp-json\/wp\/v2\/types\/page"}],"author":[{"embeddable":true,"href":"https:\/\/www.ipecon.sk\/en\/wp-json\/wp\/v2\/users\/1"}],"replies":[{"embeddable":true,"href":"https:\/\/www.ipecon.sk\/en\/wp-json\/wp\/v2\/comments?post=3927"}],"version-history":[{"count":2,"href":"https:\/\/www.ipecon.sk\/en\/wp-json\/wp\/v2\/pages\/3927\/revisions"}],"predecessor-version":[{"id":5029,"href":"https:\/\/www.ipecon.sk\/en\/wp-json\/wp\/v2\/pages\/3927\/revisions\/5029"}],"wp:attachment":[{"href":"https:\/\/www.ipecon.sk\/en\/wp-json\/wp\/v2\/media?parent=3927"}],"curies":[{"name":"wp","href":"https:\/\/api.w.org\/{rel}","templated":true}]}}