{"id":3920,"date":"2023-08-01T08:10:51","date_gmt":"2023-08-01T08:10:51","guid":{"rendered":"https:\/\/www.ipecon.sk\/?page_id=3920"},"modified":"2023-08-10T13:04:59","modified_gmt":"2023-08-10T13:04:59","slug":"durma-3","status":"publish","type":"page","link":"https:\/\/www.ipecon.sk\/en\/durma-3\/","title":{"rendered":""},"content":{"rendered":"<figure class=\"wp-block-image aligncenter size-large is-resized\"><img decoding=\"async\" src=\"https:\/\/www.ipecon.sk\/wp-content\/uploads\/2023\/08\/Durma-Logo-CMYK-1024x178.png\" alt=\"\" class=\"wp-image-4846\" width=\"788\" height=\"136\"\/><\/figure>\n\n\n\n<p class=\"has-text-align-center\">Sme partnerom v\u00fdrobnej spolo\u010dnosti <strong>DURMAZLAR <\/strong>a autorizovan\u00fd predaj a servis strojov&nbsp;<em><strong><mark style=\"background-color:rgba(0, 0, 0, 0)\" class=\"has-inline-color has-vivid-red-color\">DURMA <\/mark><\/strong><\/em>v Slovenskej republike. Pon\u00fakame komplexn\u00e9 slu\u017eby a dod\u00e1vky strojov a technol\u00f3gi\u00ed pre spracovanie v\u00fdrobkov z plechu ohra\u0148ovan\u00edm, rezan\u00edm laserom a plazmou, strihan\u00edm,&nbsp;zakru\u017eovan\u00edm, dierovan\u00edm, delen\u00edm a vysek\u00e1van\u00edm so sp\u00e4tnou v\u00e4zbou na v\u00fdvoj, v\u00fdrobu a implement\u00e1ciu z\u00e1kazn\u00edkov\u00fdch pripomienok a postrehov.<\/p>\n\n\n\n<p><\/p>\n\n\n\n<figure class=\"wp-block-embed is-type-video is-provider-youtube wp-block-embed-youtube wp-embed-aspect-16-9 wp-has-aspect-ratio\"><div class=\"wp-block-embed__wrapper\">\n<iframe title=\"Durmazlar - prezent\u00e1cia spolo\u010dnosti\" width=\"1080\" height=\"608\" src=\"https:\/\/www.youtube.com\/embed\/de3NJypiyBM?feature=oembed\"  allow=\"accelerometer; autoplay; clipboard-write; encrypted-media; gyroscope; picture-in-picture; web-share\" allowfullscreen><\/iframe>\n<\/div><\/figure>\n\n\n\n<figure class=\"wp-block-embed aligncenter is-type-video is-provider-youtube wp-block-embed-youtube wp-embed-aspect-16-9 wp-has-aspect-ratio\"><div class=\"wp-block-embed__wrapper\">\n<iframe title=\"We are stronger, when we are together\" width=\"1080\" height=\"608\" src=\"https:\/\/www.youtube.com\/embed\/w0buHjlcIxg?feature=oembed\"  allow=\"accelerometer; autoplay; clipboard-write; encrypted-media; gyroscope; picture-in-picture; web-share\" allowfullscreen><\/iframe>\n<\/div><\/figure>\n\n\n\n<h2 class=\"wp-block-heading\">HIST\u00d3RIA DURMAZLAR<\/h2>\n\n\n\n<figure class=\"wp-block-image aligncenter size-full is-resized\"><img decoding=\"async\" src=\"https:\/\/www.ipecon.sk\/wp-content\/uploads\/2023\/08\/Durmazlar.png\" alt=\"\" class=\"wp-image-4852\" width=\"571\" height=\"332\" srcset=\"https:\/\/www.ipecon.sk\/wp-content\/uploads\/2023\/08\/Durmazlar.png 571w, https:\/\/www.ipecon.sk\/wp-content\/uploads\/2023\/08\/Durmazlar-480x279.png 480w\" sizes=\"(min-width: 0px) and (max-width: 480px) 480px, (min-width: 481px) 571px, 100vw\" \/><\/figure>\n\n\n\n<p>Spolo\u010dnos\u0165 Durmazlar Makine&nbsp;<strong>bola zalo\u017een\u00e1 v r. 1956<\/strong>&nbsp;ako prv\u00fd v\u00fdrobca plechotv\u00e1rniacich strojov v Turecku. Prv\u00fdmi v\u00fdrobkami boli manu\u00e1lne tabu\u013eov\u00e9 no\u017enice. Zakladate\u013eom spolo\u010dnosti bol&nbsp;<strong>p\u00e1n Ali Durmaz<\/strong>. Kombin\u00e1cia jeho v\u00edzii do bud\u00facnosti, energie dosahova\u0165 st\u00e1le lep\u0161ie v\u00fdsledky a mana\u017e\u00e9rskych schopnosti bola z\u00e1kladom \u00faspechov predstavuj\u00facich spolo\u010dn\u00fd v\u00fdsledok v\u0161etk\u00fdch jeho spolupracovn\u00edkov.<\/p>\n\n\n\n<p>Jeho schopnosti a nad\u0161enie pracovn\u00edkov postupne d\u00e1vali spolo\u010dnosti Durmazlar Makine mana\u017e\u00e9rske ch\u00e1panie riadenia cel\u00e9ho procesu, ktor\u00e9 ich postupne viedlo a vedie k cie\u013eu obst\u00e1\u0165 natrvalo v konkuren\u010dnom prostred\u00ed. Ich prednostn\u00fdm cie\u013eom je vyr\u00e1ba\u0165 pre svojich z\u00e1kazn\u00edkov v\u00fdrobky v \u010do najlep\u0161ej kvalite, v dostupnej cene a pripomienky z\u00e1kazn\u00edkov zakomponov\u00e1va\u0165 do svojich v\u00fdrobkov.<\/p>\n\n\n\n<p>Nekompromisn\u00fdm d\u00f4razom na kvalitu v kombin\u00e1cii s invest\u00edciami do syst\u00e9mu CAD\/CAM a do strojn\u00e9ho vybavenia svojho technologick\u00e9ho parku sa spolo\u010dnos\u0165 Durmazlar postupne zaradila medzi najv\u00e4\u010d\u0161\u00edch producentov plechotv\u00e1rniacich strojov na svete.<\/p>\n\n\n\n<h2 class=\"wp-block-heading\"><\/h2>\n\n\n\n<h2 class=\"wp-block-heading\">DURMAZLAR DNES<\/h2>\n\n\n\n<figure class=\"wp-block-image aligncenter is-resized\"><img decoding=\"async\" src=\"https:\/\/ps.ipecon.sk\/wp-content\/uploads\/2017\/05\/IpsD.jpg\" alt=\"IpsD\" class=\"wp-image-508\" width=\"397\" height=\"197\"\/><\/figure>\n\n\n\n<figure class=\"wp-block-image aligncenter is-resized\"><img decoding=\"async\" src=\"https:\/\/ps.ipecon.sk\/wp-content\/uploads\/2017\/05\/durmazlarmakina.jpg\" alt=\"durmazlar-makina\" class=\"wp-image-509\" width=\"718\" height=\"136\"\/><\/figure>\n\n\n\n<p>V s\u00fa\u010dasnosti m\u00e1 spolo\u010dnos\u0165 cca 1000&nbsp; zamestnancov a v troch v\u00fdrobn\u00fdch z\u00e1vodoch na ploche 150000 m<sup>2<\/sup>&nbsp;vyr\u00e1ba viac ako 6000 strojov ro\u010dne. Je dr\u017eite\u013eom certifik\u00e1tu kvality pod\u013ea&nbsp;<strong>ISO 9002<\/strong>&nbsp;a ozna\u010duje svoje v\u00fdrobky znakom&nbsp;<strong>CE<\/strong>, ktor\u00fd z\u00edskala od akreditovanej holandskej firmy&nbsp;<strong>KEMA<\/strong>. V\u0161etky v\u00fdrobky zodpovedaj\u00fa norm\u00e1m EEC, UL, CE, ISO a EMC.<\/p>\n\n\n\n<h3 class=\"has-vivid-cyan-blue-color has-text-color has-medium-font-size wp-block-heading\"><a href=\"http:\/\/durmazlar.com.tr\/\" target=\"_blank\" rel=\"noreferrer noopener\"><strong>www.durmazlar.com.tr<\/strong><\/a><\/h3>\n\n\n\n<figure class=\"wp-block-image aligncenter size-large\"><a href=\"https:\/\/www.durmazlar.com.tr\/en\/\" target=\"_blank\" rel=\"noreferrer noopener\"><img decoding=\"async\" width=\"1024\" height=\"500\" src=\"https:\/\/www.ipecon.sk\/wp-content\/uploads\/2023\/08\/Durmazlar-web-1024x500.jpg\" alt=\"\" class=\"wp-image-4849\" srcset=\"https:\/\/www.ipecon.sk\/wp-content\/uploads\/2023\/08\/Durmazlar-web-980x478.jpg 980w, https:\/\/www.ipecon.sk\/wp-content\/uploads\/2023\/08\/Durmazlar-web-480x234.jpg 480w\" sizes=\"(min-width: 0px) and (max-width: 480px) 480px, (min-width: 481px) and (max-width: 980px) 980px, (min-width: 981px) 1024px, 100vw\" \/><\/a><\/figure>","protected":false},"excerpt":{"rendered":"<p>Sme partnerom v\u00fdrobnej spolo\u010dnosti DURMAZLAR a autorizovan\u00fd predaj a servis strojov&nbsp;DURMA v Slovenskej republike. Pon\u00fakame komplexn\u00e9 slu\u017eby a dod\u00e1vky strojov a technol\u00f3gi\u00ed pre spracovanie v\u00fdrobkov z plechu ohra\u0148ovan\u00edm, rezan\u00edm laserom a plazmou, strihan\u00edm,&nbsp;zakru\u017eovan\u00edm, dierovan\u00edm, delen\u00edm a vysek\u00e1van\u00edm so sp\u00e4tnou v\u00e4zbou na v\u00fdvoj, v\u00fdrobu a implement\u00e1ciu z\u00e1kazn\u00edkov\u00fdch pripomienok a postrehov. HIST\u00d3RIA DURMAZLAR Spolo\u010dnos\u0165 Durmazlar Makine&nbsp;bola zalo\u017een\u00e1 [&hellip;]<\/p>\n","protected":false},"author":1,"featured_media":0,"parent":0,"menu_order":0,"comment_status":"closed","ping_status":"closed","template":"","meta":{"_acf_changed":false,"_et_pb_use_builder":"off","_et_pb_old_content":"<!-- wp:image {\"align\":\"center\",\"id\":4846,\"width\":788,\"height\":136,\"sizeSlug\":\"large\",\"linkDestination\":\"none\"} -->\n<figure class=\"wp-block-image aligncenter size-large is-resized\"><img src=\"https:\/\/www.ipecon.sk\/wp-content\/uploads\/2023\/08\/Durma-Logo-CMYK-1024x178.png\" alt=\"\" class=\"wp-image-4846\" width=\"788\" height=\"136\"\/><\/figure>\n<!-- \/wp:image -->\n\n<!-- wp:paragraph {\"align\":\"center\"} -->\n<p class=\"has-text-align-center\">Sme partnerom v\u00fdrobnej spolo\u010dnosti <strong>DURMAZLAR <\/strong>a autorizovan\u00fd predaj a servis strojov&nbsp;<em><strong><mark style=\"background-color:rgba(0, 0, 0, 0)\" class=\"has-inline-color has-vivid-red-color\">DURMA <\/mark><\/strong><\/em>v Slovenskej republike. Pon\u00fakame komplexn\u00e9 slu\u017eby a dod\u00e1vky strojov a technol\u00f3gi\u00ed pre spracovanie v\u00fdrobkov z plechu ohra\u0148ovan\u00edm, rezan\u00edm laserom a plazmou, strihan\u00edm,&nbsp;zakru\u017eovan\u00edm, dierovan\u00edm, delen\u00edm a vysek\u00e1van\u00edm so sp\u00e4tnou v\u00e4zbou na v\u00fdvoj, v\u00fdrobu a implement\u00e1ciu z\u00e1kazn\u00edkov\u00fdch pripomienok a postrehov.<\/p>\n<!-- \/wp:paragraph -->\n\n<!-- wp:paragraph -->\n<p><\/p>\n<!-- \/wp:paragraph -->\n\n<!-- wp:embed {\"url\":\"https:\/\/www.youtube.com\/watch?v=de3NJypiyBM\",\"type\":\"video\",\"providerNameSlug\":\"youtube\",\"responsive\":true,\"className\":\"wp-embed-aspect-16-9 wp-has-aspect-ratio\"} -->\n<figure class=\"wp-block-embed is-type-video is-provider-youtube wp-block-embed-youtube wp-embed-aspect-16-9 wp-has-aspect-ratio\"><div class=\"wp-block-embed__wrapper\">\nhttps:\/\/www.youtube.com\/watch?v=de3NJypiyBM\n<\/div><\/figure>\n<!-- \/wp:embed -->\n\n<!-- wp:embed {\"url\":\"https:\/\/www.youtube.com\/watch?v=w0buHjlcIxg\",\"type\":\"video\",\"providerNameSlug\":\"youtube\",\"responsive\":true,\"align\":\"center\",\"className\":\"wp-embed-aspect-16-9 wp-has-aspect-ratio\"} -->\n<figure class=\"wp-block-embed aligncenter is-type-video is-provider-youtube wp-block-embed-youtube wp-embed-aspect-16-9 wp-has-aspect-ratio\"><div class=\"wp-block-embed__wrapper\">\nhttps:\/\/www.youtube.com\/watch?v=w0buHjlcIxg\n<\/div><\/figure>\n<!-- \/wp:embed -->\n\n<!-- wp:heading -->\n<h2>HIST\u00d3RIA DURMAZLAR<\/h2>\n<!-- \/wp:heading -->\n\n<!-- wp:image {\"align\":\"center\",\"id\":4852,\"width\":571,\"height\":332,\"sizeSlug\":\"full\",\"linkDestination\":\"none\"} -->\n<figure class=\"wp-block-image aligncenter size-full is-resized\"><img src=\"https:\/\/www.ipecon.sk\/wp-content\/uploads\/2023\/08\/Durmazlar.png\" alt=\"\" class=\"wp-image-4852\" width=\"571\" height=\"332\"\/><\/figure>\n<!-- \/wp:image -->\n\n<!-- wp:paragraph -->\n<p>Spolo\u010dnos\u0165 Durmazlar Makine&nbsp;<strong>bola zalo\u017een\u00e1 v r. 1956<\/strong>&nbsp;ako prv\u00fd v\u00fdrobca plechotv\u00e1rniacich strojov v Turecku. Prv\u00fdmi v\u00fdrobkami boli manu\u00e1lne tabu\u013eov\u00e9 no\u017enice. Zakladate\u013eom spolo\u010dnosti bol&nbsp;<strong>p\u00e1n Ali Durmaz<\/strong>. Kombin\u00e1cia jeho v\u00edzii do bud\u00facnosti, energie dosahova\u0165 st\u00e1le lep\u0161ie v\u00fdsledky a mana\u017e\u00e9rskych schopnosti bola z\u00e1kladom \u00faspechov predstavuj\u00facich spolo\u010dn\u00fd v\u00fdsledok v\u0161etk\u00fdch jeho spolupracovn\u00edkov.<\/p>\n<!-- \/wp:paragraph -->\n\n<!-- wp:paragraph -->\n<p>Jeho schopnosti a nad\u0161enie pracovn\u00edkov postupne d\u00e1vali spolo\u010dnosti Durmazlar Makine mana\u017e\u00e9rske ch\u00e1panie riadenia cel\u00e9ho procesu, ktor\u00e9 ich postupne viedlo a vedie k cie\u013eu obst\u00e1\u0165 natrvalo v konkuren\u010dnom prostred\u00ed. Ich prednostn\u00fdm cie\u013eom je vyr\u00e1ba\u0165 pre svojich z\u00e1kazn\u00edkov v\u00fdrobky v \u010do najlep\u0161ej kvalite, v dostupnej cene a pripomienky z\u00e1kazn\u00edkov zakomponov\u00e1va\u0165 do svojich v\u00fdrobkov.<\/p>\n<!-- \/wp:paragraph -->\n\n<!-- wp:paragraph -->\n<p>Nekompromisn\u00fdm d\u00f4razom na kvalitu v kombin\u00e1cii s invest\u00edciami do syst\u00e9mu CAD\/CAM a do strojn\u00e9ho vybavenia svojho technologick\u00e9ho parku sa spolo\u010dnos\u0165 Durmazlar postupne zaradila medzi najv\u00e4\u010d\u0161\u00edch producentov plechotv\u00e1rniacich strojov na svete.<\/p>\n<!-- \/wp:paragraph -->\n\n<!-- wp:heading -->\n<h2><\/h2>\n<!-- \/wp:heading -->\n\n<!-- wp:heading -->\n<h2>DURMAZLAR DNES<\/h2>\n<!-- \/wp:heading -->\n\n<!-- wp:image {\"align\":\"center\",\"id\":508,\"width\":397,\"height\":197} -->\n<figure class=\"wp-block-image aligncenter is-resized\"><img src=\"https:\/\/ps.ipecon.sk\/wp-content\/uploads\/2017\/05\/IpsD.jpg\" alt=\"IpsD\" class=\"wp-image-508\" width=\"397\" height=\"197\"\/><\/figure>\n<!-- \/wp:image -->\n\n<!-- wp:image {\"align\":\"center\",\"id\":509,\"width\":718,\"height\":136} -->\n<figure class=\"wp-block-image aligncenter is-resized\"><img src=\"https:\/\/ps.ipecon.sk\/wp-content\/uploads\/2017\/05\/durmazlarmakina.jpg\" alt=\"durmazlar-makina\" class=\"wp-image-509\" width=\"718\" height=\"136\"\/><\/figure>\n<!-- \/wp:image -->\n\n<!-- wp:paragraph -->\n<p>V s\u00fa\u010dasnosti m\u00e1 spolo\u010dnos\u0165 cca 1000&nbsp; zamestnancov a v troch v\u00fdrobn\u00fdch z\u00e1vodoch na ploche 150000 m<sup>2<\/sup>&nbsp;vyr\u00e1ba viac ako 6000 strojov ro\u010dne. Je dr\u017eite\u013eom certifik\u00e1tu kvality pod\u013ea&nbsp;<strong>ISO 9002<\/strong>&nbsp;a ozna\u010duje svoje v\u00fdrobky znakom&nbsp;<strong>CE<\/strong>, ktor\u00fd z\u00edskala od akreditovanej holandskej firmy&nbsp;<strong>KEMA<\/strong>. V\u0161etky v\u00fdrobky zodpovedaj\u00fa norm\u00e1m EEC, UL, CE, ISO a EMC.<\/p>\n<!-- \/wp:paragraph -->\n\n<!-- wp:heading {\"level\":3,\"textColor\":\"vivid-cyan-blue\",\"fontSize\":\"medium\"} -->\n<h3 class=\"has-vivid-cyan-blue-color has-text-color has-medium-font-size\"><a href=\"http:\/\/durmazlar.com.tr\/\" target=\"_blank\" rel=\"noreferrer noopener\"><strong>www.durmazlar.com.tr<\/strong><\/a><\/h3>\n<!-- \/wp:heading -->\n\n<!-- wp:image {\"align\":\"center\",\"id\":4849,\"sizeSlug\":\"large\",\"linkDestination\":\"custom\"} -->\n<figure class=\"wp-block-image aligncenter size-large\"><a href=\"https:\/\/www.durmazlar.com.tr\/en\/\" target=\"_blank\" rel=\"noreferrer noopener\"><img src=\"https:\/\/www.ipecon.sk\/wp-content\/uploads\/2023\/08\/Durmazlar-web-1024x500.jpg\" alt=\"\" class=\"wp-image-4849\"\/><\/a><\/figure>\n<!-- \/wp:image -->","_et_gb_content_width":"","footnotes":""},"class_list":["post-3920","page","type-page","status-publish","hentry"],"acf":[],"yoast_head":"<!-- This site is optimized with the Yoast SEO plugin v27.4 - https:\/\/yoast.com\/product\/yoast-seo-wordpress\/ -->\n<title>- IPECON<\/title>\n<meta name=\"robots\" content=\"index, follow, max-snippet:-1, max-image-preview:large, max-video-preview:-1\" \/>\n<link rel=\"canonical\" href=\"https:\/\/www.ipecon.sk\/en\/durma-3\/\" \/>\n<meta property=\"og:locale\" content=\"en_GB\" \/>\n<meta property=\"og:type\" content=\"article\" \/>\n<meta property=\"og:title\" content=\"- IPECON\" \/>\n<meta property=\"og:description\" content=\"Sme partnerom v\u00fdrobnej spolo\u010dnosti DURMAZLAR a autorizovan\u00fd predaj a servis strojov&nbsp;DURMA v Slovenskej republike. Pon\u00fakame komplexn\u00e9 slu\u017eby a dod\u00e1vky strojov a technol\u00f3gi\u00ed pre spracovanie v\u00fdrobkov z plechu ohra\u0148ovan\u00edm, rezan\u00edm laserom a plazmou, strihan\u00edm,&nbsp;zakru\u017eovan\u00edm, dierovan\u00edm, delen\u00edm a vysek\u00e1van\u00edm so sp\u00e4tnou v\u00e4zbou na v\u00fdvoj, v\u00fdrobu a implement\u00e1ciu z\u00e1kazn\u00edkov\u00fdch pripomienok a postrehov. HIST\u00d3RIA DURMAZLAR Spolo\u010dnos\u0165 Durmazlar Makine&nbsp;bola zalo\u017een\u00e1 [&hellip;]\" \/>\n<meta property=\"og:url\" content=\"https:\/\/www.ipecon.sk\/en\/durma-3\/\" \/>\n<meta property=\"og:site_name\" content=\"IPECON\" \/>\n<meta property=\"article:modified_time\" content=\"2023-08-10T13:04:59+00:00\" \/>\n<meta property=\"og:image\" content=\"https:\/\/www.ipecon.sk\/wp-content\/uploads\/2023\/08\/Durma-Logo-CMYK-1024x178.png\" \/>\n<meta name=\"twitter:card\" content=\"summary_large_image\" \/>\n<meta name=\"twitter:label1\" content=\"Estimated reading time\" \/>\n\t<meta name=\"twitter:data1\" content=\"3 minutes\" \/>\n<script type=\"application\/ld+json\" class=\"yoast-schema-graph\">{\"@context\":\"https:\\\/\\\/schema.org\",\"@graph\":[{\"@type\":\"WebPage\",\"@id\":\"https:\\\/\\\/www.ipecon.sk\\\/durma-3\\\/\",\"url\":\"https:\\\/\\\/www.ipecon.sk\\\/durma-3\\\/\",\"name\":\"- IPECON\",\"isPartOf\":{\"@id\":\"https:\\\/\\\/www.ipecon.sk\\\/#website\"},\"primaryImageOfPage\":{\"@id\":\"https:\\\/\\\/www.ipecon.sk\\\/durma-3\\\/#primaryimage\"},\"image\":{\"@id\":\"https:\\\/\\\/www.ipecon.sk\\\/durma-3\\\/#primaryimage\"},\"thumbnailUrl\":\"https:\\\/\\\/www.ipecon.sk\\\/wp-content\\\/uploads\\\/2023\\\/08\\\/Durma-Logo-CMYK-1024x178.png\",\"datePublished\":\"2023-08-01T08:10:51+00:00\",\"dateModified\":\"2023-08-10T13:04:59+00:00\",\"inLanguage\":\"en-GB\",\"potentialAction\":[{\"@type\":\"ReadAction\",\"target\":[\"https:\\\/\\\/www.ipecon.sk\\\/durma-3\\\/\"]}]},{\"@type\":\"ImageObject\",\"inLanguage\":\"en-GB\",\"@id\":\"https:\\\/\\\/www.ipecon.sk\\\/durma-3\\\/#primaryimage\",\"url\":\"https:\\\/\\\/www.ipecon.sk\\\/wp-content\\\/uploads\\\/2023\\\/08\\\/Durma-Logo-CMYK-1024x178.png\",\"contentUrl\":\"https:\\\/\\\/www.ipecon.sk\\\/wp-content\\\/uploads\\\/2023\\\/08\\\/Durma-Logo-CMYK-1024x178.png\"},{\"@type\":\"WebSite\",\"@id\":\"https:\\\/\\\/www.ipecon.sk\\\/#website\",\"url\":\"https:\\\/\\\/www.ipecon.sk\\\/\",\"name\":\"IPECON\",\"description\":\"\",\"potentialAction\":[{\"@type\":\"SearchAction\",\"target\":{\"@type\":\"EntryPoint\",\"urlTemplate\":\"https:\\\/\\\/www.ipecon.sk\\\/?s={search_term_string}\"},\"query-input\":{\"@type\":\"PropertyValueSpecification\",\"valueRequired\":true,\"valueName\":\"search_term_string\"}}],\"inLanguage\":\"en-GB\"}]}<\/script>\n<!-- \/ Yoast SEO plugin. -->","yoast_head_json":{"title":"- IPECON","robots":{"index":"index","follow":"follow","max-snippet":"max-snippet:-1","max-image-preview":"max-image-preview:large","max-video-preview":"max-video-preview:-1"},"canonical":"https:\/\/www.ipecon.sk\/en\/durma-3\/","og_locale":"en_GB","og_type":"article","og_title":"- IPECON","og_description":"Sme partnerom v\u00fdrobnej spolo\u010dnosti DURMAZLAR a autorizovan\u00fd predaj a servis strojov&nbsp;DURMA v Slovenskej republike. Pon\u00fakame komplexn\u00e9 slu\u017eby a dod\u00e1vky strojov a technol\u00f3gi\u00ed pre spracovanie v\u00fdrobkov z plechu ohra\u0148ovan\u00edm, rezan\u00edm laserom a plazmou, strihan\u00edm,&nbsp;zakru\u017eovan\u00edm, dierovan\u00edm, delen\u00edm a vysek\u00e1van\u00edm so sp\u00e4tnou v\u00e4zbou na v\u00fdvoj, v\u00fdrobu a implement\u00e1ciu z\u00e1kazn\u00edkov\u00fdch pripomienok a postrehov. HIST\u00d3RIA DURMAZLAR Spolo\u010dnos\u0165 Durmazlar Makine&nbsp;bola zalo\u017een\u00e1 [&hellip;]","og_url":"https:\/\/www.ipecon.sk\/en\/durma-3\/","og_site_name":"IPECON","article_modified_time":"2023-08-10T13:04:59+00:00","og_image":[{"url":"https:\/\/www.ipecon.sk\/wp-content\/uploads\/2023\/08\/Durma-Logo-CMYK-1024x178.png","type":"","width":"","height":""}],"twitter_card":"summary_large_image","twitter_misc":{"Estimated reading time":"3 minutes"},"schema":{"@context":"https:\/\/schema.org","@graph":[{"@type":"WebPage","@id":"https:\/\/www.ipecon.sk\/durma-3\/","url":"https:\/\/www.ipecon.sk\/durma-3\/","name":"- IPECON","isPartOf":{"@id":"https:\/\/www.ipecon.sk\/#website"},"primaryImageOfPage":{"@id":"https:\/\/www.ipecon.sk\/durma-3\/#primaryimage"},"image":{"@id":"https:\/\/www.ipecon.sk\/durma-3\/#primaryimage"},"thumbnailUrl":"https:\/\/www.ipecon.sk\/wp-content\/uploads\/2023\/08\/Durma-Logo-CMYK-1024x178.png","datePublished":"2023-08-01T08:10:51+00:00","dateModified":"2023-08-10T13:04:59+00:00","inLanguage":"en-GB","potentialAction":[{"@type":"ReadAction","target":["https:\/\/www.ipecon.sk\/durma-3\/"]}]},{"@type":"ImageObject","inLanguage":"en-GB","@id":"https:\/\/www.ipecon.sk\/durma-3\/#primaryimage","url":"https:\/\/www.ipecon.sk\/wp-content\/uploads\/2023\/08\/Durma-Logo-CMYK-1024x178.png","contentUrl":"https:\/\/www.ipecon.sk\/wp-content\/uploads\/2023\/08\/Durma-Logo-CMYK-1024x178.png"},{"@type":"WebSite","@id":"https:\/\/www.ipecon.sk\/#website","url":"https:\/\/www.ipecon.sk\/","name":"IPECON","description":"","potentialAction":[{"@type":"SearchAction","target":{"@type":"EntryPoint","urlTemplate":"https:\/\/www.ipecon.sk\/?s={search_term_string}"},"query-input":{"@type":"PropertyValueSpecification","valueRequired":true,"valueName":"search_term_string"}}],"inLanguage":"en-GB"}]}},"_links":{"self":[{"href":"https:\/\/www.ipecon.sk\/en\/wp-json\/wp\/v2\/pages\/3920","targetHints":{"allow":["GET"]}}],"collection":[{"href":"https:\/\/www.ipecon.sk\/en\/wp-json\/wp\/v2\/pages"}],"about":[{"href":"https:\/\/www.ipecon.sk\/en\/wp-json\/wp\/v2\/types\/page"}],"author":[{"embeddable":true,"href":"https:\/\/www.ipecon.sk\/en\/wp-json\/wp\/v2\/users\/1"}],"replies":[{"embeddable":true,"href":"https:\/\/www.ipecon.sk\/en\/wp-json\/wp\/v2\/comments?post=3920"}],"version-history":[{"count":5,"href":"https:\/\/www.ipecon.sk\/en\/wp-json\/wp\/v2\/pages\/3920\/revisions"}],"predecessor-version":[{"id":4965,"href":"https:\/\/www.ipecon.sk\/en\/wp-json\/wp\/v2\/pages\/3920\/revisions\/4965"}],"wp:attachment":[{"href":"https:\/\/www.ipecon.sk\/en\/wp-json\/wp\/v2\/media?parent=3920"}],"curies":[{"name":"wp","href":"https:\/\/api.w.org\/{rel}","templated":true}]}}