{"id":2687,"date":"2023-05-18T08:21:52","date_gmt":"2023-05-18T08:21:52","guid":{"rendered":"https:\/\/www.ipecon.sk\/?page_id=2687"},"modified":"2023-05-18T08:57:58","modified_gmt":"2023-05-18T08:57:58","slug":"na-stiahnutie","status":"publish","type":"page","link":"https:\/\/www.ipecon.sk\/en\/na-stiahnutie\/","title":{"rendered":"Na stiahnutie"},"content":{"rendered":"<p>[et_pb_section fb_built=&#8220;1&#8243; _builder_version=&#8220;4.19.4&#8243; _module_preset=&#8220;default&#8220; background_color=&#8220;RGBA(255,255,255,0)&#8220; background_image=&#8220;https:\/\/www.ipecon.sk\/wp-content\/uploads\/2023\/03\/PS-bg.png&#8220; background_blend=&#8220;overlay&#8220; background_last_edited=&#8220;on|desktop&#8220; global_colors_info=&#8220;{}&#8220; theme_builder_area=&#8220;post_content&#8220;][et_pb_row _builder_version=&#8220;4.19.4&#8243; _module_preset=&#8220;default&#8220; global_colors_info=&#8220;{}&#8220; theme_builder_area=&#8220;post_content&#8220;][et_pb_column type=&#8220;4_4&#8243; _builder_version=&#8220;4.19.4&#8243; _module_preset=&#8220;default&#8220; global_colors_info=&#8220;{}&#8220; theme_builder_area=&#8220;post_content&#8220;][et_pb_text _builder_version=&#8220;4.19.4&#8243; _module_preset=&#8220;default&#8220; header_font=&#8220;|700||on|||||&#8220; header_text_align=&#8220;center&#8220; header_text_color=&#8220;#FFFFFF&#8220; header_font_size=&#8220;43px&#8220; hover_enabled=&#8220;0&#8243; header_font_size_tablet=&#8220;35px&#8220; header_font_size_phone=&#8220;25px&#8220; header_font_size_last_edited=&#8220;on|tablet&#8220; header_line_height_tablet=&#8220;&#8220; header_line_height_phone=&#8220;30px&#8220; header_line_height_last_edited=&#8220;on|phone&#8220; global_colors_info=&#8220;{}&#8220; theme_builder_area=&#8220;post_content&#8220; sticky_enabled=&#8220;0&#8243;]<\/p>\n<h1>Na stiahnutie<\/h1>\n<p>[\/et_pb_text][\/et_pb_column][\/et_pb_row][\/et_pb_section][et_pb_section fb_built=&#8220;1&#8243; theme_builder_area=&#8220;post_content&#8220; _builder_version=&#8220;4.19.4&#8243; _module_preset=&#8220;default&#8220;][et_pb_row _builder_version=&#8220;4.19.4&#8243; _module_preset=&#8220;default&#8220; theme_builder_area=&#8220;post_content&#8220;][et_pb_column _builder_version=&#8220;4.19.4&#8243; _module_preset=&#8220;default&#8220; type=&#8220;4_4&#8243; theme_builder_area=&#8220;post_content&#8220;][et_pb_text _builder_version=&#8220;4.19.4&#8243; _module_preset=&#8220;default&#8220; theme_builder_area=&#8220;post_content&#8220; hover_enabled=&#8220;0&#8243; sticky_enabled=&#8220;0&#8243; text_orientation=&#8220;center&#8220; text_font_size=&#8220;30px&#8220; header_2_font_size=&#8220;30px&#8220; header_2_font=&#8220;|700|||||||&#8220;]<\/p>\n<h2>Servo-hydraulick\u00fd ohra\u0148ovac\u00ed lis Ad-Servo<\/h2>\n<p>[\/et_pb_text][\/et_pb_column][\/et_pb_row][et_pb_row _builder_version=&#8220;4.19.4&#8243; _module_preset=&#8220;default&#8220; theme_builder_area=&#8220;post_content&#8220; column_structure=&#8220;1_3,1_3,1_3&#8243; hover_enabled=&#8220;0&#8243; sticky_enabled=&#8220;0&#8243; use_custom_gutter=&#8220;on&#8220; gutter_width=&#8220;1&#8243;][et_pb_column _builder_version=&#8220;4.19.4&#8243; _module_preset=&#8220;default&#8220; type=&#8220;1_3&#8243; theme_builder_area=&#8220;post_content&#8220;][et_pb_text _builder_version=&#8220;4.19.4&#8243; _module_preset=&#8220;default&#8220; theme_builder_area=&#8220;post_content&#8220; hover_enabled=&#8220;0&#8243; sticky_enabled=&#8220;0&#8243;]<\/p>\n<h3>PDF dokumenty<\/h3>\n<p><a href=\"https:\/\/ps.ipecon.sk\/wp-content\/uploads\/2016\/12\/ADS_katalogovy_list_IPECON.pdf\" target=\"_blank\" rel=\"noopener\"><img decoding=\"async\" class=\"alignnone wp-image-2685\" src=\"https:\/\/www.ipecon.sk\/wp-content\/uploads\/2023\/04\/stiahnut-1-150x150.png\" alt=\"\" width=\"38\" height=\"38\" srcset=\"https:\/\/www.ipecon.sk\/wp-content\/uploads\/2023\/04\/stiahnut-1-150x150.png 150w, https:\/\/www.ipecon.sk\/wp-content\/uploads\/2023\/04\/stiahnut-1-100x100.png 100w, https:\/\/www.ipecon.sk\/wp-content\/uploads\/2023\/04\/stiahnut-1.png 225w\" sizes=\"(max-width: 38px) 100vw, 38px\" \/>\u00a0AD-S_katalogovy_list_IPECON.pdf<\/a><\/p>\n<p><a href=\"https:\/\/ps.ipecon.sk\/wp-content\/uploads\/2017\/05\/ADR_katalogovy_list_IPECON.pdf\" target=\"_blank\" rel=\"noopener\"><img decoding=\"async\" class=\"alignnone wp-image-2685\" src=\"https:\/\/www.ipecon.sk\/wp-content\/uploads\/2023\/04\/stiahnut-1-150x150.png\" alt=\"\" width=\"38\" height=\"38\" srcset=\"https:\/\/www.ipecon.sk\/wp-content\/uploads\/2023\/04\/stiahnut-1-150x150.png 150w, https:\/\/www.ipecon.sk\/wp-content\/uploads\/2023\/04\/stiahnut-1-100x100.png 100w, https:\/\/www.ipecon.sk\/wp-content\/uploads\/2023\/04\/stiahnut-1.png 225w\" sizes=\"(max-width: 38px) 100vw, 38px\" \/> AD-R_katalogovy_list_IPECON.pdf<\/a><\/p>\n<p><a href=\"https:\/\/ps.ipecon.sk\/wp-content\/uploads\/2016\/12\/ADS_ENG.pdf\" target=\"_blank\" rel=\"noopener\"><img decoding=\"async\" class=\"alignnone wp-image-2685\" src=\"https:\/\/www.ipecon.sk\/wp-content\/uploads\/2023\/04\/stiahnut-1-150x150.png\" alt=\"\" width=\"38\" height=\"38\" srcset=\"https:\/\/www.ipecon.sk\/wp-content\/uploads\/2023\/04\/stiahnut-1-150x150.png 150w, https:\/\/www.ipecon.sk\/wp-content\/uploads\/2023\/04\/stiahnut-1-100x100.png 100w, https:\/\/www.ipecon.sk\/wp-content\/uploads\/2023\/04\/stiahnut-1.png 225w\" sizes=\"(max-width: 38px) 100vw, 38px\" \/> AD-S_ENG.PDF<\/a><\/p>\n<p><a href=\"https:\/\/ps.ipecon.sk\/wp-content\/uploads\/2017\/05\/ADSERVO_ENG.pdf\" target=\"_blank\" rel=\"noopener\"><img decoding=\"async\" class=\"alignnone wp-image-2685\" src=\"https:\/\/www.ipecon.sk\/wp-content\/uploads\/2023\/04\/stiahnut-1-150x150.png\" alt=\"\" width=\"38\" height=\"38\" srcset=\"https:\/\/www.ipecon.sk\/wp-content\/uploads\/2023\/04\/stiahnut-1-150x150.png 150w, https:\/\/www.ipecon.sk\/wp-content\/uploads\/2023\/04\/stiahnut-1-100x100.png 100w, https:\/\/www.ipecon.sk\/wp-content\/uploads\/2023\/04\/stiahnut-1.png 225w\" sizes=\"(max-width: 38px) 100vw, 38px\" \/> AD-Servo_ENG.PDF<\/a><\/p>\n<p><a href=\"https:\/\/ps.ipecon.sk\/wp-content\/uploads\/2017\/05\/ADES_ENG.pdf\" target=\"_blank\" rel=\"noopener\"><img decoding=\"async\" class=\"alignnone wp-image-2685\" src=\"https:\/\/www.ipecon.sk\/wp-content\/uploads\/2023\/04\/stiahnut-1-150x150.png\" alt=\"\" width=\"38\" height=\"38\" srcset=\"https:\/\/www.ipecon.sk\/wp-content\/uploads\/2023\/04\/stiahnut-1-150x150.png 150w, https:\/\/www.ipecon.sk\/wp-content\/uploads\/2023\/04\/stiahnut-1-100x100.png 100w, https:\/\/www.ipecon.sk\/wp-content\/uploads\/2023\/04\/stiahnut-1.png 225w\" sizes=\"(max-width: 38px) 100vw, 38px\" \/> AD-ES_ENG.PDF<\/a><\/p>\n<p><a href=\"https:\/\/ps.ipecon.sk\/wp-content\/uploads\/2016\/12\/ADR_ENG.pdf\" target=\"_blank\" rel=\"noopener\"><img decoding=\"async\" class=\"alignnone wp-image-2685\" src=\"https:\/\/www.ipecon.sk\/wp-content\/uploads\/2023\/04\/stiahnut-1-150x150.png\" alt=\"\" width=\"38\" height=\"38\" srcset=\"https:\/\/www.ipecon.sk\/wp-content\/uploads\/2023\/04\/stiahnut-1-150x150.png 150w, https:\/\/www.ipecon.sk\/wp-content\/uploads\/2023\/04\/stiahnut-1-100x100.png 100w, https:\/\/www.ipecon.sk\/wp-content\/uploads\/2023\/04\/stiahnut-1.png 225w\" sizes=\"(max-width: 38px) 100vw, 38px\" \/> AD-R_ENG.pdf<\/a><\/p>\n<p><a href=\"https:\/\/ps.ipecon.sk\/wp-content\/uploads\/2017\/05\/PBF_ENG.pdf\" target=\"_blank\" rel=\"noopener\"><img decoding=\"async\" class=\"alignnone wp-image-2685\" src=\"https:\/\/www.ipecon.sk\/wp-content\/uploads\/2023\/04\/stiahnut-1-150x150.png\" alt=\"\" width=\"38\" height=\"38\" srcset=\"https:\/\/www.ipecon.sk\/wp-content\/uploads\/2023\/04\/stiahnut-1-150x150.png 150w, https:\/\/www.ipecon.sk\/wp-content\/uploads\/2023\/04\/stiahnut-1-100x100.png 100w, https:\/\/www.ipecon.sk\/wp-content\/uploads\/2023\/04\/stiahnut-1.png 225w\" sizes=\"(max-width: 38px) 100vw, 38px\" \/> PBF_ENG.pdf<\/a><\/p>\n<p>[\/et_pb_text][\/et_pb_column][et_pb_column _builder_version=&#8220;4.19.4&#8243; _module_preset=&#8220;default&#8220; type=&#8220;1_3&#8243; theme_builder_area=&#8220;post_content&#8220;][et_pb_text _builder_version=&#8220;4.19.4&#8243; _module_preset=&#8220;default&#8220; theme_builder_area=&#8220;post_content&#8220; hover_enabled=&#8220;0&#8243; sticky_enabled=&#8220;0&#8243;]<\/p>\n<h3>Obr\u00e1zky<\/h3>\n<p><a href=\"https:\/\/www.ipecon.sk\/wp-content\/uploads\/2023\/05\/ADServo25100_2-1024x768-1.jpg\" target=\"_blank\" rel=\"noopener\"><img decoding=\"async\" src=\"https:\/\/www.ipecon.sk\/wp-content\/uploads\/2023\/05\/ADServo25100_2-1024x768-1-150x150.jpg\" width=\"150\" height=\"150\" alt=\"\" class=\"wp-image-2693 alignnone size-thumbnail\" \/><\/a><\/p>\n<p><a href=\"https:\/\/www.ipecon.sk\/wp-content\/uploads\/2023\/05\/IMG_3774-1024x768-1.jpg\" target=\"_blank\" rel=\"noopener\"><img decoding=\"async\" src=\"https:\/\/www.ipecon.sk\/wp-content\/uploads\/2023\/05\/IMG_3774-1024x768-1-150x150.jpg\" width=\"150\" height=\"150\" alt=\"\" class=\"wp-image-2696 alignnone size-thumbnail\" \/><\/a><br \/>Kliknite na obr\u00e1zok, obr\u00e1zok sa otvor\u00ed v novej karte. N\u00e1sledne kliknite prav\u00fdm tla\u010didlom my\u0161i a vyberte mo\u017enos\u0165 &#8222;Ulo\u017ei\u0165 obr\u00e1zok ako&#8230;&#8220;<\/p>\n<p>[\/et_pb_text][\/et_pb_column][et_pb_column _builder_version=&#8220;4.19.4&#8243; _module_preset=&#8220;default&#8220; type=&#8220;1_3&#8243; theme_builder_area=&#8220;post_content&#8220;][et_pb_text _builder_version=&#8220;4.19.4&#8243; _module_preset=&#8220;default&#8220; theme_builder_area=&#8220;post_content&#8220; hover_enabled=&#8220;0&#8243; sticky_enabled=&#8220;0&#8243;]<\/p>\n<h3>Video<\/h3>\n<p>[\/et_pb_text][et_pb_video src=&#8220;https:\/\/www.ipecon.sk\/wp-content\/uploads\/2023\/05\/DURMA-AD-SERVO-30100-PRESSBRAKE-YouTube-Google-Chrome-2023-05-18-10-41-15.mp4&#8243; _builder_version=&#8220;4.19.4&#8243; _module_preset=&#8220;default&#8220; theme_builder_area=&#8220;post_content&#8220; title_text=&#8220;DURMA AD-SERVO 30100 PRESSBRAKE &#8211; YouTube &#8211; Google Chrome 2023-05-18 10-41-15&#8243; hover_enabled=&#8220;0&#8243; sticky_enabled=&#8220;0&#8243;][\/et_pb_video][et_pb_text _builder_version=&#8220;4.19.4&#8243; _module_preset=&#8220;default&#8220; theme_builder_area=&#8220;post_content&#8220; hover_enabled=&#8220;0&#8243; sticky_enabled=&#8220;0&#8243;]<\/p>\n<p>Vo videu, vpravo dole, n\u00e1jdite 3 bodky a stla\u010dte tla\u010didlo \u201cStiahn\u00fa\u0165\u201d.<\/p>\n<p>[\/et_pb_text][\/et_pb_column][\/et_pb_row][\/et_pb_section]<\/p>\n","protected":false},"excerpt":{"rendered":"<p>Na stiahnutieServo-hydraulick\u00fd ohra\u0148ovac\u00ed lis Ad-ServoPDF dokumenty \u00a0AD-S_katalogovy_list_IPECON.pdf AD-R_katalogovy_list_IPECON.pdf AD-S_ENG.PDF AD-Servo_ENG.PDF AD-ES_ENG.PDF AD-R_ENG.pdf PBF_ENG.pdfObr\u00e1zky Kliknite na obr\u00e1zok, obr\u00e1zok sa otvor\u00ed v novej karte. N\u00e1sledne kliknite prav\u00fdm tla\u010didlom my\u0161i a vyberte mo\u017enos\u0165 &#8222;Ulo\u017ei\u0165 obr\u00e1zok ako&#8230;&#8220;VideoVo videu, vpravo dole, n\u00e1jdite 3 bodky a stla\u010dte tla\u010didlo \u201cStiahn\u00fa\u0165\u201d.<\/p>","protected":false},"author":1,"featured_media":0,"parent":0,"menu_order":0,"comment_status":"closed","ping_status":"closed","template":"","meta":{"_acf_changed":false,"_et_pb_use_builder":"on","_et_pb_old_content":"<!-- wp:divi\/placeholder \/-->","_et_gb_content_width":"","footnotes":""},"class_list":["post-2687","page","type-page","status-publish","hentry"],"acf":[],"yoast_head":"<!-- This site is optimized with the Yoast SEO plugin v27.4 - https:\/\/yoast.com\/product\/yoast-seo-wordpress\/ -->\n<title>Na stiahnutie - IPECON<\/title>\n<meta name=\"robots\" content=\"index, follow, max-snippet:-1, max-image-preview:large, max-video-preview:-1\" \/>\n<link rel=\"canonical\" href=\"https:\/\/www.ipecon.sk\/en\/na-stiahnutie\/\" \/>\n<meta property=\"og:locale\" content=\"en_GB\" \/>\n<meta property=\"og:type\" content=\"article\" \/>\n<meta property=\"og:title\" content=\"Na stiahnutie - IPECON\" \/>\n<meta property=\"og:description\" content=\"Na stiahnutieServo-hydraulick\u00fd ohra\u0148ovac\u00ed lis Ad-ServoPDF dokumenty \u00a0AD-S_katalogovy_list_IPECON.pdf AD-R_katalogovy_list_IPECON.pdf AD-S_ENG.PDF AD-Servo_ENG.PDF AD-ES_ENG.PDF AD-R_ENG.pdf PBF_ENG.pdfObr\u00e1zky Kliknite na obr\u00e1zok, obr\u00e1zok sa otvor\u00ed v novej karte. N\u00e1sledne kliknite prav\u00fdm tla\u010didlom my\u0161i a vyberte mo\u017enos\u0165 &quot;Ulo\u017ei\u0165 obr\u00e1zok ako...&quot;VideoVo videu, vpravo dole, n\u00e1jdite 3 bodky a stla\u010dte tla\u010didlo \u201cStiahn\u00fa\u0165\u201d.\" \/>\n<meta property=\"og:url\" content=\"https:\/\/www.ipecon.sk\/en\/na-stiahnutie\/\" \/>\n<meta property=\"og:site_name\" content=\"IPECON\" \/>\n<meta property=\"article:modified_time\" content=\"2023-05-18T08:57:58+00:00\" \/>\n<meta property=\"og:image\" content=\"https:\/\/www.ipecon.sk\/wp-content\/uploads\/2023\/04\/stiahnut-1-150x150.png\" \/>\n<meta name=\"twitter:card\" content=\"summary_large_image\" \/>\n<script type=\"application\/ld+json\" class=\"yoast-schema-graph\">{\"@context\":\"https:\\\/\\\/schema.org\",\"@graph\":[{\"@type\":\"WebPage\",\"@id\":\"https:\\\/\\\/www.ipecon.sk\\\/na-stiahnutie\\\/\",\"url\":\"https:\\\/\\\/www.ipecon.sk\\\/na-stiahnutie\\\/\",\"name\":\"Na stiahnutie - IPECON\",\"isPartOf\":{\"@id\":\"https:\\\/\\\/www.ipecon.sk\\\/#website\"},\"primaryImageOfPage\":{\"@id\":\"https:\\\/\\\/www.ipecon.sk\\\/na-stiahnutie\\\/#primaryimage\"},\"image\":{\"@id\":\"https:\\\/\\\/www.ipecon.sk\\\/na-stiahnutie\\\/#primaryimage\"},\"thumbnailUrl\":\"https:\\\/\\\/www.ipecon.sk\\\/wp-content\\\/uploads\\\/2023\\\/04\\\/stiahnut-1-150x150.png\",\"datePublished\":\"2023-05-18T08:21:52+00:00\",\"dateModified\":\"2023-05-18T08:57:58+00:00\",\"breadcrumb\":{\"@id\":\"https:\\\/\\\/www.ipecon.sk\\\/na-stiahnutie\\\/#breadcrumb\"},\"inLanguage\":\"en-GB\",\"potentialAction\":[{\"@type\":\"ReadAction\",\"target\":[\"https:\\\/\\\/www.ipecon.sk\\\/na-stiahnutie\\\/\"]}]},{\"@type\":\"ImageObject\",\"inLanguage\":\"en-GB\",\"@id\":\"https:\\\/\\\/www.ipecon.sk\\\/na-stiahnutie\\\/#primaryimage\",\"url\":\"https:\\\/\\\/www.ipecon.sk\\\/wp-content\\\/uploads\\\/2023\\\/04\\\/stiahnut-1-150x150.png\",\"contentUrl\":\"https:\\\/\\\/www.ipecon.sk\\\/wp-content\\\/uploads\\\/2023\\\/04\\\/stiahnut-1-150x150.png\"},{\"@type\":\"BreadcrumbList\",\"@id\":\"https:\\\/\\\/www.ipecon.sk\\\/na-stiahnutie\\\/#breadcrumb\",\"itemListElement\":[{\"@type\":\"ListItem\",\"position\":1,\"name\":\"Home\",\"item\":\"https:\\\/\\\/www.ipecon.sk\\\/\"},{\"@type\":\"ListItem\",\"position\":2,\"name\":\"Na stiahnutie\"}]},{\"@type\":\"WebSite\",\"@id\":\"https:\\\/\\\/www.ipecon.sk\\\/#website\",\"url\":\"https:\\\/\\\/www.ipecon.sk\\\/\",\"name\":\"IPECON\",\"description\":\"\",\"potentialAction\":[{\"@type\":\"SearchAction\",\"target\":{\"@type\":\"EntryPoint\",\"urlTemplate\":\"https:\\\/\\\/www.ipecon.sk\\\/?s={search_term_string}\"},\"query-input\":{\"@type\":\"PropertyValueSpecification\",\"valueRequired\":true,\"valueName\":\"search_term_string\"}}],\"inLanguage\":\"en-GB\"}]}<\/script>\n<!-- \/ Yoast SEO plugin. -->","yoast_head_json":{"title":"Na stiahnutie - IPECON","robots":{"index":"index","follow":"follow","max-snippet":"max-snippet:-1","max-image-preview":"max-image-preview:large","max-video-preview":"max-video-preview:-1"},"canonical":"https:\/\/www.ipecon.sk\/en\/na-stiahnutie\/","og_locale":"en_GB","og_type":"article","og_title":"Na stiahnutie - IPECON","og_description":"Na stiahnutieServo-hydraulick\u00fd ohra\u0148ovac\u00ed lis Ad-ServoPDF dokumenty \u00a0AD-S_katalogovy_list_IPECON.pdf AD-R_katalogovy_list_IPECON.pdf AD-S_ENG.PDF AD-Servo_ENG.PDF AD-ES_ENG.PDF AD-R_ENG.pdf PBF_ENG.pdfObr\u00e1zky Kliknite na obr\u00e1zok, obr\u00e1zok sa otvor\u00ed v novej karte. N\u00e1sledne kliknite prav\u00fdm tla\u010didlom my\u0161i a vyberte mo\u017enos\u0165 \"Ulo\u017ei\u0165 obr\u00e1zok ako...\"VideoVo videu, vpravo dole, n\u00e1jdite 3 bodky a stla\u010dte tla\u010didlo \u201cStiahn\u00fa\u0165\u201d.","og_url":"https:\/\/www.ipecon.sk\/en\/na-stiahnutie\/","og_site_name":"IPECON","article_modified_time":"2023-05-18T08:57:58+00:00","og_image":[{"url":"https:\/\/www.ipecon.sk\/wp-content\/uploads\/2023\/04\/stiahnut-1-150x150.png","type":"","width":"","height":""}],"twitter_card":"summary_large_image","schema":{"@context":"https:\/\/schema.org","@graph":[{"@type":"WebPage","@id":"https:\/\/www.ipecon.sk\/na-stiahnutie\/","url":"https:\/\/www.ipecon.sk\/na-stiahnutie\/","name":"Na stiahnutie - IPECON","isPartOf":{"@id":"https:\/\/www.ipecon.sk\/#website"},"primaryImageOfPage":{"@id":"https:\/\/www.ipecon.sk\/na-stiahnutie\/#primaryimage"},"image":{"@id":"https:\/\/www.ipecon.sk\/na-stiahnutie\/#primaryimage"},"thumbnailUrl":"https:\/\/www.ipecon.sk\/wp-content\/uploads\/2023\/04\/stiahnut-1-150x150.png","datePublished":"2023-05-18T08:21:52+00:00","dateModified":"2023-05-18T08:57:58+00:00","breadcrumb":{"@id":"https:\/\/www.ipecon.sk\/na-stiahnutie\/#breadcrumb"},"inLanguage":"en-GB","potentialAction":[{"@type":"ReadAction","target":["https:\/\/www.ipecon.sk\/na-stiahnutie\/"]}]},{"@type":"ImageObject","inLanguage":"en-GB","@id":"https:\/\/www.ipecon.sk\/na-stiahnutie\/#primaryimage","url":"https:\/\/www.ipecon.sk\/wp-content\/uploads\/2023\/04\/stiahnut-1-150x150.png","contentUrl":"https:\/\/www.ipecon.sk\/wp-content\/uploads\/2023\/04\/stiahnut-1-150x150.png"},{"@type":"BreadcrumbList","@id":"https:\/\/www.ipecon.sk\/na-stiahnutie\/#breadcrumb","itemListElement":[{"@type":"ListItem","position":1,"name":"Home","item":"https:\/\/www.ipecon.sk\/"},{"@type":"ListItem","position":2,"name":"Na stiahnutie"}]},{"@type":"WebSite","@id":"https:\/\/www.ipecon.sk\/#website","url":"https:\/\/www.ipecon.sk\/","name":"IPECON","description":"","potentialAction":[{"@type":"SearchAction","target":{"@type":"EntryPoint","urlTemplate":"https:\/\/www.ipecon.sk\/?s={search_term_string}"},"query-input":{"@type":"PropertyValueSpecification","valueRequired":true,"valueName":"search_term_string"}}],"inLanguage":"en-GB"}]}},"_links":{"self":[{"href":"https:\/\/www.ipecon.sk\/en\/wp-json\/wp\/v2\/pages\/2687","targetHints":{"allow":["GET"]}}],"collection":[{"href":"https:\/\/www.ipecon.sk\/en\/wp-json\/wp\/v2\/pages"}],"about":[{"href":"https:\/\/www.ipecon.sk\/en\/wp-json\/wp\/v2\/types\/page"}],"author":[{"embeddable":true,"href":"https:\/\/www.ipecon.sk\/en\/wp-json\/wp\/v2\/users\/1"}],"replies":[{"embeddable":true,"href":"https:\/\/www.ipecon.sk\/en\/wp-json\/wp\/v2\/comments?post=2687"}],"version-history":[{"count":0,"href":"https:\/\/www.ipecon.sk\/en\/wp-json\/wp\/v2\/pages\/2687\/revisions"}],"wp:attachment":[{"href":"https:\/\/www.ipecon.sk\/en\/wp-json\/wp\/v2\/media?parent=2687"}],"curies":[{"name":"wp","href":"https:\/\/api.w.org\/{rel}","templated":true}]}}