{"id":2062,"date":"2023-05-05T09:17:24","date_gmt":"2023-05-05T09:17:24","guid":{"rendered":"https:\/\/www.ipecon.sk\/?page_id=2062"},"modified":"2023-05-18T11:05:17","modified_gmt":"2023-05-18T11:05:17","slug":"servis","status":"publish","type":"page","link":"https:\/\/www.ipecon.sk\/en\/servis\/","title":{"rendered":"Servis"},"content":{"rendered":"<p>[et_pb_section fb_built=&#8220;1&#8243; _builder_version=&#8220;4.19.4&#8243; _module_preset=&#8220;default&#8220; background_color=&#8220;RGBA(255,255,255,0)&#8220; background_image=&#8220;https:\/\/www.ipecon.sk\/wp-content\/uploads\/2023\/03\/PS-bg.png&#8220; background_blend=&#8220;overlay&#8220; background_last_edited=&#8220;on|desktop&#8220; global_colors_info=&#8220;{}&#8220;][et_pb_row _builder_version=&#8220;4.19.4&#8243; _module_preset=&#8220;default&#8220; global_colors_info=&#8220;{}&#8220;][et_pb_column type=&#8220;4_4&#8243; _builder_version=&#8220;4.19.4&#8243; _module_preset=&#8220;default&#8220; global_colors_info=&#8220;{}&#8220;][et_pb_text _builder_version=&#8220;4.19.4&#8243; _module_preset=&#8220;default&#8220; header_font=&#8220;|700||on|||||&#8220; header_text_align=&#8220;center&#8220; header_text_color=&#8220;#FFFFFF&#8220; header_font_size=&#8220;43px&#8220; header_font_size_tablet=&#8220;35px&#8220; header_font_size_phone=&#8220;25px&#8220; header_font_size_last_edited=&#8220;on|tablet&#8220; header_line_height_tablet=&#8220;&#8220; header_line_height_phone=&#8220;30px&#8220; header_line_height_last_edited=&#8220;on|phone&#8220; global_colors_info=&#8220;{}&#8220;]<\/p>\n<h1>Servis<\/h1>\n<p>[\/et_pb_text][et_pb_text _builder_version=&#8220;4.19.4&#8243; _module_preset=&#8220;default&#8220; text_font=&#8220;|300||on|||||&#8220; text_text_color=&#8220;#FFFFFF&#8220; text_font_size=&#8220;15px&#8220; text_line_height=&#8220;30px&#8220; header_font=&#8220;|700||on|||||&#8220; header_text_align=&#8220;center&#8220; header_text_color=&#8220;#FFFFFF&#8220; header_font_size=&#8220;43px&#8220; text_orientation=&#8220;center&#8220; custom_margin=&#8220;-40px||||false|false&#8220; custom_margin_tablet=&#8220;-40px||||false|false&#8220; custom_margin_phone=&#8220;0px||||false|false&#8220; custom_margin_last_edited=&#8220;on|tablet&#8220; custom_padding=&#8220;||||false|false&#8220; text_font_size_tablet=&#8220;15px&#8220; text_font_size_phone=&#8220;15px&#8220; text_font_size_last_edited=&#8220;on|desktop&#8220; text_line_height_tablet=&#8220;30px&#8220; text_line_height_phone=&#8220;30px&#8220; text_line_height_last_edited=&#8220;on|desktop&#8220; header_font_size_tablet=&#8220;25px&#8220; header_font_size_phone=&#8220;25px&#8220; header_font_size_last_edited=&#8220;on|tablet&#8220; header_line_height_tablet=&#8220;25px&#8220; header_line_height_phone=&#8220;30px&#8220; header_line_height_last_edited=&#8220;on|phone&#8220; global_colors_info=&#8220;{}&#8220;]<\/p>\n<p>Domov\u00a0 \/\u00a0 Servis<\/p>\n<p>[\/et_pb_text][\/et_pb_column][\/et_pb_row][\/et_pb_section][et_pb_section fb_built=&#8220;1&#8243; _builder_version=&#8220;4.19.4&#8243; _module_preset=&#8220;default&#8220; background_color=&#8220;#FFFFFF&#8220; custom_padding=&#8220;||||false|false&#8220; collapsed=&#8220;on&#8220; global_colors_info=&#8220;{}&#8220;][et_pb_row column_structure=&#8220;1_2,1_2&#8243; use_custom_gutter=&#8220;on&#8220; gutter_width=&#8220;2&#8243; _builder_version=&#8220;4.19.4&#8243; _module_preset=&#8220;default&#8220; global_colors_info=&#8220;{}&#8220;][et_pb_column type=&#8220;1_2&#8243; _builder_version=&#8220;4.19.4&#8243; _module_preset=&#8220;default&#8220; background_enable_color=&#8220;off&#8220; background_image=&#8220;https:\/\/www.ipecon.sk\/wp-content\/uploads\/2023\/03\/servisne-oddelenie.png&#8220; background_size=&#8220;contain&#8220; custom_padding=&#8220;50px|32px|50px|30px|true|false&#8220; custom_padding_tablet=&#8220;50px|32px|50px|30px|true|false&#8220; custom_padding_phone=&#8220;50px|32px|50px|30px|true|false&#8220; custom_padding_last_edited=&#8220;on|desktop&#8220; background_last_edited=&#8220;on|desktop&#8220; background_size_tablet=&#8220;cover&#8220; background_size_phone=&#8220;cover&#8220; global_colors_info=&#8220;{}&#8220;][et_pb_text _builder_version=&#8220;4.19.4&#8243; _module_preset=&#8220;default&#8220; text_font=&#8220;|300|||||||&#8220; text_text_color=&#8220;#FFFFFF&#8220; text_line_height=&#8220;25px&#8220; header_3_font=&#8220;|700|||||||&#8220; header_3_text_color=&#8220;#FFFFFF&#8220; header_3_font_size=&#8220;23px&#8220; header_3_line_height=&#8220;35px&#8220; background_color=&#8220;RGBA(255,255,255,0)&#8220; custom_padding=&#8220;|||30px|false|false&#8220; custom_padding_tablet=&#8220;|||30px|false|false&#8220; custom_padding_phone=&#8220;|||30px|false|false&#8220; custom_padding_last_edited=&#8220;on|desktop&#8220; text_font_size_tablet=&#8220;&#8220; text_font_size_phone=&#8220;&#8220; text_font_size_last_edited=&#8220;on|desktop&#8220; text_line_height_tablet=&#8220;25px&#8220; text_line_height_phone=&#8220;25px&#8220; text_line_height_last_edited=&#8220;on|desktop&#8220; header_3_font_size_tablet=&#8220;23px&#8220; header_3_font_size_phone=&#8220;23px&#8220; header_3_font_size_last_edited=&#8220;on|desktop&#8220; header_3_line_height_tablet=&#8220;35px&#8220; header_3_line_height_phone=&#8220;35px&#8220; header_3_line_height_last_edited=&#8220;on|desktop&#8220; global_colors_info=&#8220;{}&#8220;]<\/p>\n<p><img decoding=\"async\" src=\"https:\/\/www.ipecon.sk\/wp-content\/uploads\/2023\/03\/Servisne-oddelenie-a-dokumentacia.png\" width=\"73\" height=\"73\" alt=\"Servisn\u00e9 oddelenie a dokument\u00e1cia\" class=\"wp-image-1080 alignnone size-full\" \/><\/p>\n<p>[\/et_pb_text][et_pb_text _builder_version=&#8220;4.19.4&#8243; _module_preset=&#8220;default&#8220; text_font=&#8220;|300|||||||&#8220; text_text_color=&#8220;#FFFFFF&#8220; text_line_height=&#8220;25px&#8220; header_3_font=&#8220;|700|||||||&#8220; header_3_text_color=&#8220;#FFFFFF&#8220; header_3_font_size=&#8220;23px&#8220; header_3_line_height=&#8220;35px&#8220; background_color=&#8220;RGBA(255,255,255,0)&#8220; custom_padding=&#8220;|||30px|false|false&#8220; custom_padding_tablet=&#8220;|||30px|false|false&#8220; custom_padding_phone=&#8220;|||30px|false|false&#8220; custom_padding_last_edited=&#8220;on|desktop&#8220; text_font_size_tablet=&#8220;&#8220; text_font_size_phone=&#8220;&#8220; text_font_size_last_edited=&#8220;on|desktop&#8220; text_line_height_tablet=&#8220;25px&#8220; text_line_height_phone=&#8220;25px&#8220; text_line_height_last_edited=&#8220;on|desktop&#8220; header_3_font_size_tablet=&#8220;23px&#8220; header_3_font_size_phone=&#8220;23px&#8220; header_3_font_size_last_edited=&#8220;on|desktop&#8220; header_3_line_height_tablet=&#8220;35px&#8220; header_3_line_height_phone=&#8220;35px&#8220; header_3_line_height_last_edited=&#8220;on|desktop&#8220; global_colors_info=&#8220;{}&#8220;]<\/p>\n<h3>Servisn\u00e9 oddelenie a in\u0161tal\u00e1cie<\/h3>\n<p>[\/et_pb_text][et_pb_text _builder_version=&#8220;4.19.4&#8243; _module_preset=&#8220;default&#8220; text_font=&#8220;|300|||||||&#8220; text_text_color=&#8220;#FFFFFF&#8220; text_line_height=&#8220;25px&#8220; header_3_font=&#8220;|700|||||||&#8220; header_3_text_color=&#8220;#FFFFFF&#8220; header_3_font_size=&#8220;23px&#8220; header_3_line_height=&#8220;35px&#8220; background_color=&#8220;RGBA(255,255,255,0)&#8220; custom_margin_tablet=&#8220;&#8220; custom_margin_phone=&#8220;&#8220; custom_margin_last_edited=&#8220;on|desktop&#8220; custom_padding=&#8220;|40px||30px|false|false&#8220; custom_padding_tablet=&#8220;|40px||30px|false|false&#8220; custom_padding_phone=&#8220;|40px||30px|false|false&#8220; custom_padding_last_edited=&#8220;on|desktop&#8220; text_font_size_tablet=&#8220;&#8220; text_font_size_phone=&#8220;&#8220; text_font_size_last_edited=&#8220;on|desktop&#8220; text_line_height_tablet=&#8220;25px&#8220; text_line_height_phone=&#8220;25px&#8220; text_line_height_last_edited=&#8220;on|desktop&#8220; header_3_font_size_tablet=&#8220;23px&#8220; header_3_font_size_phone=&#8220;23px&#8220; header_3_font_size_last_edited=&#8220;on|desktop&#8220; header_3_line_height_tablet=&#8220;35px&#8220; header_3_line_height_phone=&#8220;35px&#8220; header_3_line_height_last_edited=&#8220;on|desktop&#8220; global_colors_info=&#8220;{}&#8220;]<\/p>\n<p style=\"text-align: justify;\"><span>Na\u0161i technici a in\u017einieri s\u00fa pripraven\u00ed vycestova\u0165 na miesto in\u0161tal\u00e1cie. Sme kompetentn\u00ed a v\u00fdrobcom vy\u0161kolen\u00ed stroje odborne nain\u0161talova\u0165, spusti\u0165 do prev\u00e1dzky a za\u0161koli\u0165 pre spr\u00e1vne pou\u017e\u00edvanie.\u00a0<\/span><\/p>\n<p>[\/et_pb_text][\/et_pb_column][et_pb_column type=&#8220;1_2&#8243; _builder_version=&#8220;4.19.4&#8243; _module_preset=&#8220;default&#8220; background_color=&#8220;RGBA(255,255,255,0)&#8220; custom_padding=&#8220;38px|32px|38px|30px|true|false&#8220; custom_padding_tablet=&#8220;38px|32px|38px|30px|true|false&#8220; custom_padding_phone=&#8220;38px|32px|38px|30px|true|false&#8220; custom_padding_last_edited=&#8220;on|desktop&#8220; global_colors_info=&#8220;{}&#8220;][et_pb_text _builder_version=&#8220;4.19.4&#8243; _module_preset=&#8220;default&#8220; text_font=&#8220;|300|||||||&#8220; text_text_color=&#8220;#FFFFFF&#8220; text_line_height=&#8220;25px&#8220; header_3_font=&#8220;|700|||||||&#8220; header_3_text_color=&#8220;#FFFFFF&#8220; header_3_font_size=&#8220;23px&#8220; header_3_line_height=&#8220;35px&#8220; background_color=&#8220;RGBA(255,255,255,0)&#8220; custom_padding=&#8220;|||15px|false|false&#8220; custom_padding_tablet=&#8220;|||15px|false|false&#8220; custom_padding_phone=&#8220;|||15px|false|false&#8220; custom_padding_last_edited=&#8220;on|desktop&#8220; text_font_size_tablet=&#8220;&#8220; text_font_size_phone=&#8220;&#8220; text_font_size_last_edited=&#8220;on|desktop&#8220; text_line_height_tablet=&#8220;25px&#8220; text_line_height_phone=&#8220;25px&#8220; text_line_height_last_edited=&#8220;on|desktop&#8220; header_3_font_size_tablet=&#8220;23px&#8220; header_3_font_size_phone=&#8220;23px&#8220; header_3_font_size_last_edited=&#8220;on|desktop&#8220; header_3_line_height_tablet=&#8220;35px&#8220; header_3_line_height_phone=&#8220;35px&#8220; header_3_line_height_last_edited=&#8220;on|desktop&#8220; global_colors_info=&#8220;{}&#8220;]<\/p>\n<p><img decoding=\"async\" src=\"https:\/\/www.ipecon.sk\/wp-content\/uploads\/2023\/03\/nahradne-diely.png\" width=\"74\" height=\"84\" alt=\"\" class=\"wp-image-1079 alignnone size-full\" \/><\/p>\n<p>[\/et_pb_text][et_pb_text _builder_version=&#8220;4.19.4&#8243; _module_preset=&#8220;default&#8220; text_font=&#8220;|300|||||||&#8220; text_text_color=&#8220;#FFFFFF&#8220; text_line_height=&#8220;25px&#8220; header_3_font=&#8220;|700|||||||&#8220; header_3_text_color=&#8220;#000000&#8243; header_3_font_size=&#8220;23px&#8220; header_3_line_height=&#8220;35px&#8220; background_color=&#8220;RGBA(255,255,255,0)&#8220; custom_padding=&#8220;|||15px|false|false&#8220; custom_padding_tablet=&#8220;|||15px|false|false&#8220; custom_padding_phone=&#8220;|||15px|false|false&#8220; custom_padding_last_edited=&#8220;on|desktop&#8220; text_font_size_tablet=&#8220;&#8220; text_font_size_phone=&#8220;&#8220; text_font_size_last_edited=&#8220;on|desktop&#8220; text_line_height_tablet=&#8220;25px&#8220; text_line_height_phone=&#8220;25px&#8220; text_line_height_last_edited=&#8220;on|desktop&#8220; header_3_font_size_tablet=&#8220;23px&#8220; header_3_font_size_phone=&#8220;23px&#8220; header_3_font_size_last_edited=&#8220;on|desktop&#8220; header_3_line_height_tablet=&#8220;35px&#8220; header_3_line_height_phone=&#8220;35px&#8220; header_3_line_height_last_edited=&#8220;on|desktop&#8220; global_colors_info=&#8220;{}&#8220;]<\/p>\n<h3>N\u00e1hradn\u00e9 diely a servis<\/h3>\n<p>[\/et_pb_text][et_pb_text _builder_version=&#8220;4.19.4&#8243; _module_preset=&#8220;default&#8220; text_font=&#8220;|300|||||||&#8220; text_text_color=&#8220;#000000&#8243; text_line_height=&#8220;25px&#8220; header_3_font=&#8220;|700|||||||&#8220; header_3_text_color=&#8220;#FFFFFF&#8220; header_3_font_size=&#8220;23px&#8220; header_3_line_height=&#8220;35px&#8220; background_color=&#8220;RGBA(255,255,255,0)&#8220; custom_margin_tablet=&#8220;&#8220; custom_margin_phone=&#8220;&#8220; custom_margin_last_edited=&#8220;on|desktop&#8220; custom_padding=&#8220;|40px||15px|false|false&#8220; custom_padding_tablet=&#8220;|40px||15px|false|false&#8220; custom_padding_phone=&#8220;|40px||15px|false|false&#8220; custom_padding_last_edited=&#8220;on|desktop&#8220; text_font_size_tablet=&#8220;&#8220; text_font_size_phone=&#8220;&#8220; text_font_size_last_edited=&#8220;on|desktop&#8220; text_line_height_tablet=&#8220;25px&#8220; text_line_height_phone=&#8220;25px&#8220; text_line_height_last_edited=&#8220;on|desktop&#8220; header_3_font_size_tablet=&#8220;23px&#8220; header_3_font_size_phone=&#8220;23px&#8220; header_3_font_size_last_edited=&#8220;on|desktop&#8220; header_3_line_height_tablet=&#8220;35px&#8220; header_3_line_height_phone=&#8220;35px&#8220; header_3_line_height_last_edited=&#8220;on|desktop&#8220; global_colors_info=&#8220;{}&#8220;]<\/p>\n<p style=\"text-align: justify;\">Z d\u00f4vodu minimaliz\u00e1cie \u010dasu odst\u00e1vky stroja m\u00e1me sklad vybaven\u00fd z\u00e1kladn\u00fdmi hydraulick\u00fdmi, pneumatick\u00fdmi, elektrick\u00fdmi a \u0161peci\u00e1lnymi strojn\u00fdmi komponentami. Ak\u00e9ko\u013evek n\u00e1hradn\u00e9 diely sme schopn\u00ed v primeranom \u010dase zabezpe\u010di\u0165 priamo od v\u00fdrobcu.<\/p>\n<p>[\/et_pb_text][\/et_pb_column][\/et_pb_row][\/et_pb_section][et_pb_section fb_built=&#8220;1&#8243; _builder_version=&#8220;4.19.4&#8243; _module_preset=&#8220;default&#8220; background_color=&#8220;#F5F5F5&#8243; custom_padding=&#8220;||100px||false|false&#8220; global_colors_info=&#8220;{}&#8220; theme_builder_area=&#8220;post_content&#8220;][et_pb_row _builder_version=&#8220;4.19.4&#8243; _module_preset=&#8220;default&#8220; background_image=&#8220;https:\/\/www.ipecon.sk\/wp-content\/uploads\/2023\/05\/banner-na-dopyt.png&#8220; background_position=&#8220;center_right&#8220; background_color_tablet=&#8220;#FFD100&#8243; background_color_phone=&#8220;#FFD100&#8243; background_last_edited=&#8220;on|desktop&#8220; background_enable_color_tablet=&#8220;on&#8220; background_enable_color_phone=&#8220;on&#8220; background_enable_image_tablet=&#8220;off&#8220; background_enable_image_phone=&#8220;off&#8220; background_position_phone=&#8220;center_left&#8220; global_colors_info=&#8220;{}&#8220; theme_builder_area=&#8220;post_content&#8220;][et_pb_column type=&#8220;4_4&#8243; _builder_version=&#8220;4.19.4&#8243; _module_preset=&#8220;default&#8220; global_colors_info=&#8220;{}&#8220; theme_builder_area=&#8220;post_content&#8220;][et_pb_text _builder_version=&#8220;4.19.4&#8243; _module_preset=&#8220;default&#8220; text_font=&#8220;|700|||||||&#8220; text_font_size=&#8220;30px&#8220; custom_margin=&#8220;||9px|||&#8220; custom_padding=&#8220;30px|||80px|false|false&#8220; custom_padding_tablet=&#8220;30px|||80px|false|false&#8220; custom_padding_phone=&#8220;30px|||0px|false|false&#8220; custom_padding_last_edited=&#8220;on|phone&#8220; text_orientation_tablet=&#8220;&#8220; text_orientation_phone=&#8220;center&#8220; text_orientation_last_edited=&#8220;on|phone&#8220; global_colors_info=&#8220;{}&#8220; theme_builder_area=&#8220;post_content&#8220;]<\/p>\n<p>Dopyt na servis<\/p>\n<p>[\/et_pb_text][et_pb_text _builder_version=&#8220;4.19.4&#8243; _module_preset=&#8220;default&#8220; text_font=&#8220;||||||||&#8220; custom_padding=&#8220;0px|||80px|false|false&#8220; custom_padding_tablet=&#8220;0px|||80px|false|false&#8220; custom_padding_phone=&#8220;10px|20px||20px|false|true&#8220; custom_padding_last_edited=&#8220;on|phone&#8220; text_line_height_tablet=&#8220;&#8220; text_line_height_phone=&#8220;2em&#8220; text_line_height_last_edited=&#8220;on|desktop&#8220; text_orientation_tablet=&#8220;&#8220; text_orientation_phone=&#8220;center&#8220; text_orientation_last_edited=&#8220;on|phone&#8220; global_colors_info=&#8220;{}&#8220; theme_builder_area=&#8220;post_content&#8220;]<\/p>\n<p>Vyplnenie n\u00e1\u0161ho formul\u00e1ra je najr\u00fdchlej\u0161ia cesta k vybaveniu Va\u0161ej po\u017eiadavky.<\/p>\n<p>[\/et_pb_text][et_pb_button button_url=&#8220;\/dopyt-na-servis\/&#8220; button_text=&#8220;Objedna\u0165 servis&#8220; button_alignment=&#8220;left&#8220; button_alignment_tablet=&#8220;left&#8220; button_alignment_phone=&#8220;center&#8220; button_alignment_last_edited=&#8220;on|phone&#8220; _builder_version=&#8220;4.19.4&#8243; _module_preset=&#8220;default&#8220; custom_button=&#8220;on&#8220; button_text_size=&#8220;16px&#8220; button_text_color=&#8220;#000000&#8243; button_bg_color=&#8220;#FFFFFF&#8220; button_border_width=&#8220;0px&#8220; button_border_radius=&#8220;0px&#8220; button_letter_spacing=&#8220;0px&#8220; button_font=&#8220;|600||on|||||&#8220; button_use_icon=&#8220;off&#8220; background_layout=&#8220;dark&#8220; custom_margin=&#8220;||20px|80px|false|false&#8220; custom_margin_tablet=&#8220;||20px|80px|false|false&#8220; custom_margin_phone=&#8220;|||0px|false|false&#8220; custom_margin_last_edited=&#8220;on|phone&#8220; custom_padding=&#8220;15px|49px|15px|49px|false|true&#8220; global_colors_info=&#8220;{}&#8220; button_bg_color__hover_enabled=&#8220;on|hover&#8220; button_bg_color__hover=&#8220;#ededed&#8220; button_bg_enable_color__hover=&#8220;on&#8220; theme_builder_area=&#8220;post_content&#8220;][\/et_pb_button][\/et_pb_column][\/et_pb_row][\/et_pb_section]<\/p>\n","protected":false},"excerpt":{"rendered":"<p>ServisDomov\u00a0 \/\u00a0 ServisServisn\u00e9 oddelenie a in\u0161tal\u00e1cieNa\u0161i technici a in\u017einieri s\u00fa pripraven\u00ed vycestova\u0165 na miesto in\u0161tal\u00e1cie. Sme kompetentn\u00ed a v\u00fdrobcom vy\u0161kolen\u00ed stroje odborne nain\u0161talova\u0165, spusti\u0165 do prev\u00e1dzky a za\u0161koli\u0165 pre spr\u00e1vne pou\u017e\u00edvanie.\u00a0N\u00e1hradn\u00e9 diely a servisZ d\u00f4vodu minimaliz\u00e1cie \u010dasu odst\u00e1vky stroja m\u00e1me sklad vybaven\u00fd z\u00e1kladn\u00fdmi hydraulick\u00fdmi, pneumatick\u00fdmi, elektrick\u00fdmi a \u0161peci\u00e1lnymi strojn\u00fdmi komponentami. Ak\u00e9ko\u013evek n\u00e1hradn\u00e9 diely sme schopn\u00ed [&hellip;]<\/p>\n","protected":false},"author":1,"featured_media":0,"parent":0,"menu_order":0,"comment_status":"closed","ping_status":"closed","template":"","meta":{"_acf_changed":false,"_et_pb_use_builder":"on","_et_pb_old_content":"","_et_gb_content_width":"","footnotes":""},"class_list":["post-2062","page","type-page","status-publish","hentry"],"acf":[],"yoast_head":"<!-- This site is optimized with the Yoast SEO plugin v27.4 - https:\/\/yoast.com\/product\/yoast-seo-wordpress\/ -->\n<title>Servis - IPECON<\/title>\n<meta name=\"robots\" content=\"index, follow, max-snippet:-1, max-image-preview:large, max-video-preview:-1\" \/>\n<link rel=\"canonical\" href=\"https:\/\/www.ipecon.sk\/en\/servis\/\" \/>\n<meta property=\"og:locale\" content=\"en_GB\" \/>\n<meta property=\"og:type\" content=\"article\" \/>\n<meta property=\"og:title\" content=\"Servis - IPECON\" \/>\n<meta property=\"og:description\" content=\"ServisDomov\u00a0 \/\u00a0 ServisServisn\u00e9 oddelenie a in\u0161tal\u00e1cieNa\u0161i technici a in\u017einieri s\u00fa pripraven\u00ed vycestova\u0165 na miesto in\u0161tal\u00e1cie. Sme kompetentn\u00ed a v\u00fdrobcom vy\u0161kolen\u00ed stroje odborne nain\u0161talova\u0165, spusti\u0165 do prev\u00e1dzky a za\u0161koli\u0165 pre spr\u00e1vne pou\u017e\u00edvanie.\u00a0N\u00e1hradn\u00e9 diely a servisZ d\u00f4vodu minimaliz\u00e1cie \u010dasu odst\u00e1vky stroja m\u00e1me sklad vybaven\u00fd z\u00e1kladn\u00fdmi hydraulick\u00fdmi, pneumatick\u00fdmi, elektrick\u00fdmi a \u0161peci\u00e1lnymi strojn\u00fdmi komponentami. Ak\u00e9ko\u013evek n\u00e1hradn\u00e9 diely sme schopn\u00ed [&hellip;]\" \/>\n<meta property=\"og:url\" content=\"https:\/\/www.ipecon.sk\/en\/servis\/\" \/>\n<meta property=\"og:site_name\" content=\"IPECON\" \/>\n<meta property=\"article:modified_time\" content=\"2023-05-18T11:05:17+00:00\" \/>\n<meta property=\"og:image\" content=\"https:\/\/www.ipecon.sk\/wp-content\/uploads\/2023\/03\/Servisne-oddelenie-a-dokumentacia.png\" \/>\n<meta name=\"twitter:card\" content=\"summary_large_image\" \/>\n<script type=\"application\/ld+json\" class=\"yoast-schema-graph\">{\"@context\":\"https:\\\/\\\/schema.org\",\"@graph\":[{\"@type\":\"WebPage\",\"@id\":\"https:\\\/\\\/www.ipecon.sk\\\/servis\\\/\",\"url\":\"https:\\\/\\\/www.ipecon.sk\\\/servis\\\/\",\"name\":\"Servis - IPECON\",\"isPartOf\":{\"@id\":\"https:\\\/\\\/www.ipecon.sk\\\/#website\"},\"primaryImageOfPage\":{\"@id\":\"https:\\\/\\\/www.ipecon.sk\\\/servis\\\/#primaryimage\"},\"image\":{\"@id\":\"https:\\\/\\\/www.ipecon.sk\\\/servis\\\/#primaryimage\"},\"thumbnailUrl\":\"https:\\\/\\\/www.ipecon.sk\\\/wp-content\\\/uploads\\\/2023\\\/03\\\/Servisne-oddelenie-a-dokumentacia.png\",\"datePublished\":\"2023-05-05T09:17:24+00:00\",\"dateModified\":\"2023-05-18T11:05:17+00:00\",\"breadcrumb\":{\"@id\":\"https:\\\/\\\/www.ipecon.sk\\\/servis\\\/#breadcrumb\"},\"inLanguage\":\"en-GB\",\"potentialAction\":[{\"@type\":\"ReadAction\",\"target\":[\"https:\\\/\\\/www.ipecon.sk\\\/servis\\\/\"]}]},{\"@type\":\"ImageObject\",\"inLanguage\":\"en-GB\",\"@id\":\"https:\\\/\\\/www.ipecon.sk\\\/servis\\\/#primaryimage\",\"url\":\"https:\\\/\\\/www.ipecon.sk\\\/wp-content\\\/uploads\\\/2023\\\/03\\\/Servisne-oddelenie-a-dokumentacia.png\",\"contentUrl\":\"https:\\\/\\\/www.ipecon.sk\\\/wp-content\\\/uploads\\\/2023\\\/03\\\/Servisne-oddelenie-a-dokumentacia.png\"},{\"@type\":\"BreadcrumbList\",\"@id\":\"https:\\\/\\\/www.ipecon.sk\\\/servis\\\/#breadcrumb\",\"itemListElement\":[{\"@type\":\"ListItem\",\"position\":1,\"name\":\"Home\",\"item\":\"https:\\\/\\\/www.ipecon.sk\\\/\"},{\"@type\":\"ListItem\",\"position\":2,\"name\":\"Servis\"}]},{\"@type\":\"WebSite\",\"@id\":\"https:\\\/\\\/www.ipecon.sk\\\/#website\",\"url\":\"https:\\\/\\\/www.ipecon.sk\\\/\",\"name\":\"IPECON\",\"description\":\"\",\"potentialAction\":[{\"@type\":\"SearchAction\",\"target\":{\"@type\":\"EntryPoint\",\"urlTemplate\":\"https:\\\/\\\/www.ipecon.sk\\\/?s={search_term_string}\"},\"query-input\":{\"@type\":\"PropertyValueSpecification\",\"valueRequired\":true,\"valueName\":\"search_term_string\"}}],\"inLanguage\":\"en-GB\"}]}<\/script>\n<!-- \/ Yoast SEO plugin. -->","yoast_head_json":{"title":"Servis - IPECON","robots":{"index":"index","follow":"follow","max-snippet":"max-snippet:-1","max-image-preview":"max-image-preview:large","max-video-preview":"max-video-preview:-1"},"canonical":"https:\/\/www.ipecon.sk\/en\/servis\/","og_locale":"en_GB","og_type":"article","og_title":"Servis - IPECON","og_description":"ServisDomov\u00a0 \/\u00a0 ServisServisn\u00e9 oddelenie a in\u0161tal\u00e1cieNa\u0161i technici a in\u017einieri s\u00fa pripraven\u00ed vycestova\u0165 na miesto in\u0161tal\u00e1cie. Sme kompetentn\u00ed a v\u00fdrobcom vy\u0161kolen\u00ed stroje odborne nain\u0161talova\u0165, spusti\u0165 do prev\u00e1dzky a za\u0161koli\u0165 pre spr\u00e1vne pou\u017e\u00edvanie.\u00a0N\u00e1hradn\u00e9 diely a servisZ d\u00f4vodu minimaliz\u00e1cie \u010dasu odst\u00e1vky stroja m\u00e1me sklad vybaven\u00fd z\u00e1kladn\u00fdmi hydraulick\u00fdmi, pneumatick\u00fdmi, elektrick\u00fdmi a \u0161peci\u00e1lnymi strojn\u00fdmi komponentami. Ak\u00e9ko\u013evek n\u00e1hradn\u00e9 diely sme schopn\u00ed [&hellip;]","og_url":"https:\/\/www.ipecon.sk\/en\/servis\/","og_site_name":"IPECON","article_modified_time":"2023-05-18T11:05:17+00:00","og_image":[{"url":"https:\/\/www.ipecon.sk\/wp-content\/uploads\/2023\/03\/Servisne-oddelenie-a-dokumentacia.png","type":"","width":"","height":""}],"twitter_card":"summary_large_image","schema":{"@context":"https:\/\/schema.org","@graph":[{"@type":"WebPage","@id":"https:\/\/www.ipecon.sk\/servis\/","url":"https:\/\/www.ipecon.sk\/servis\/","name":"Servis - IPECON","isPartOf":{"@id":"https:\/\/www.ipecon.sk\/#website"},"primaryImageOfPage":{"@id":"https:\/\/www.ipecon.sk\/servis\/#primaryimage"},"image":{"@id":"https:\/\/www.ipecon.sk\/servis\/#primaryimage"},"thumbnailUrl":"https:\/\/www.ipecon.sk\/wp-content\/uploads\/2023\/03\/Servisne-oddelenie-a-dokumentacia.png","datePublished":"2023-05-05T09:17:24+00:00","dateModified":"2023-05-18T11:05:17+00:00","breadcrumb":{"@id":"https:\/\/www.ipecon.sk\/servis\/#breadcrumb"},"inLanguage":"en-GB","potentialAction":[{"@type":"ReadAction","target":["https:\/\/www.ipecon.sk\/servis\/"]}]},{"@type":"ImageObject","inLanguage":"en-GB","@id":"https:\/\/www.ipecon.sk\/servis\/#primaryimage","url":"https:\/\/www.ipecon.sk\/wp-content\/uploads\/2023\/03\/Servisne-oddelenie-a-dokumentacia.png","contentUrl":"https:\/\/www.ipecon.sk\/wp-content\/uploads\/2023\/03\/Servisne-oddelenie-a-dokumentacia.png"},{"@type":"BreadcrumbList","@id":"https:\/\/www.ipecon.sk\/servis\/#breadcrumb","itemListElement":[{"@type":"ListItem","position":1,"name":"Home","item":"https:\/\/www.ipecon.sk\/"},{"@type":"ListItem","position":2,"name":"Servis"}]},{"@type":"WebSite","@id":"https:\/\/www.ipecon.sk\/#website","url":"https:\/\/www.ipecon.sk\/","name":"IPECON","description":"","potentialAction":[{"@type":"SearchAction","target":{"@type":"EntryPoint","urlTemplate":"https:\/\/www.ipecon.sk\/?s={search_term_string}"},"query-input":{"@type":"PropertyValueSpecification","valueRequired":true,"valueName":"search_term_string"}}],"inLanguage":"en-GB"}]}},"_links":{"self":[{"href":"https:\/\/www.ipecon.sk\/en\/wp-json\/wp\/v2\/pages\/2062","targetHints":{"allow":["GET"]}}],"collection":[{"href":"https:\/\/www.ipecon.sk\/en\/wp-json\/wp\/v2\/pages"}],"about":[{"href":"https:\/\/www.ipecon.sk\/en\/wp-json\/wp\/v2\/types\/page"}],"author":[{"embeddable":true,"href":"https:\/\/www.ipecon.sk\/en\/wp-json\/wp\/v2\/users\/1"}],"replies":[{"embeddable":true,"href":"https:\/\/www.ipecon.sk\/en\/wp-json\/wp\/v2\/comments?post=2062"}],"version-history":[{"count":0,"href":"https:\/\/www.ipecon.sk\/en\/wp-json\/wp\/v2\/pages\/2062\/revisions"}],"wp:attachment":[{"href":"https:\/\/www.ipecon.sk\/en\/wp-json\/wp\/v2\/media?parent=2062"}],"curies":[{"name":"wp","href":"https:\/\/api.w.org\/{rel}","templated":true}]}}